{"id":98,"date":"2016-09-28T10:25:10","date_gmt":"2016-09-28T08:25:10","guid":{"rendered":"http:\/\/sovamm.synology.me\/wordpress\/?page_id=98"},"modified":"2025-03-13T11:39:47","modified_gmt":"2025-03-13T10:39:47","slug":"pracovni-prostor","status":"publish","type":"page","link":"https:\/\/sovamm.cz\/wordpress\/sovpis\/pracovni-prostor\/","title":{"rendered":"Pracovn\u00ed prostor"},"content":{"rendered":"<p>Pracovn\u00ed prostor projektu je ur\u010den p\u0159isp\u011bvatel\u016fm SOVPIS.\u00a0 Postupn\u011b zde najdou odkazy na \u00falo\u017ei\u0161t\u011b s&nbsp;dokumenty postupn\u011b zve\u0159ej\u0148ovan\u00fdmi pomoc\u00ed <a href=\"https:\/\/archiv.sovamm.cz\/photo\/?t=Albums\/album_534f56504953\/album_534f565049532f435a45#Albums\/album_534f56504953\/album_534f565049532f435a45\" target=\"_blank\" rel=\"noopener\">PhotoStation<\/a>, jednotliv\u00e9 aplikace, <a href=\"http:\/\/sovamm.cz\/wordpress\/navody\/\">n\u00e1vody<\/a>, <a href=\"http:\/\/sovamm.cz\/wordpress\/events\/\">kalend\u00e1\u0159 akc\u00ed SOVPIS<\/a>, zkr\u00e1tka v\u0161e pot\u0159ebn\u00e9 pro pr\u00e1ci na SOVPISu.<\/p>\n<p>N\u011bkter\u00e9 str\u00e1nky a&nbsp;p\u0159\u00edsp\u011bvky vy\u017eaduj\u00ed <a href=\"https:\/\/sovamm.cz\/wordpress\/prihlaseni\/\">p\u0159ihl\u00e1\u0161en\u00ed<\/a>!!!<\/p>\n<p>&nbsp;<\/p>\n<p>Aktualizov\u00e1no: <span class=\"last-modified-timestamp\">13\/03\/2025 11:39<\/span><\/p>\n","protected":false},"excerpt":{"rendered":"<p>Pracovn\u00ed prostor projektu je ur\u010den p\u0159isp\u011bvatel\u016fm SOVPIS.\u00a0 Postupn\u011b zde najdou odkazy na \u00falo\u017ei\u0161t\u011b s&nbsp;dokumenty postupn\u011b zve\u0159ej\u0148ovan\u00fdmi pomoc\u00ed PhotoStation, jednotliv\u00e9 aplikace, n\u00e1vody, kalend\u00e1\u0159 akc\u00ed SOVPIS, zkr\u00e1tka v\u0161e pot\u0159ebn\u00e9 pro pr\u00e1ci na &hellip; <a href=\"https:\/\/sovamm.cz\/wordpress\/sovpis\/pracovni-prostor\/\" class=\"more-link\">Pokra\u010dov\u00e1n\u00ed textu <span class=\"screen-reader-text\">Pracovn\u00ed prostor<\/span> <span class=\"meta-nav\">&rarr;<\/span><\/a><\/p>\n","protected":false},"author":2,"featured_media":115,"parent":7,"menu_order":2,"comment_status":"closed","ping_status":"closed","template":"","meta":{"jetpack_post_was_ever_published":false,"footnotes":""},"class_list":["post-98","page","type-page","status-publish","has-post-thumbnail","hentry"],"jetpack_shortlink":"https:\/\/wp.me\/P8dB8l-1A","jetpack_sharing_enabled":true,"_links":{"self":[{"href":"https:\/\/sovamm.cz\/wordpress\/wp-json\/wp\/v2\/pages\/98","targetHints":{"allow":["GET"]}}],"collection":[{"href":"https:\/\/sovamm.cz\/wordpress\/wp-json\/wp\/v2\/pages"}],"about":[{"href":"https:\/\/sovamm.cz\/wordpress\/wp-json\/wp\/v2\/types\/page"}],"author":[{"embeddable":true,"href":"https:\/\/sovamm.cz\/wordpress\/wp-json\/wp\/v2\/users\/2"}],"replies":[{"embeddable":true,"href":"https:\/\/sovamm.cz\/wordpress\/wp-json\/wp\/v2\/comments?post=98"}],"version-history":[{"count":3,"href":"https:\/\/sovamm.cz\/wordpress\/wp-json\/wp\/v2\/pages\/98\/revisions"}],"predecessor-version":[{"id":5941,"href":"https:\/\/sovamm.cz\/wordpress\/wp-json\/wp\/v2\/pages\/98\/revisions\/5941"}],"up":[{"embeddable":true,"href":"https:\/\/sovamm.cz\/wordpress\/wp-json\/wp\/v2\/pages\/7"}],"wp:featuredmedia":[{"embeddable":true,"href":"https:\/\/sovamm.cz\/wordpress\/wp-json\/wp\/v2\/media\/115"}],"wp:attachment":[{"href":"https:\/\/sovamm.cz\/wordpress\/wp-json\/wp\/v2\/media?parent=98"}],"curies":[{"name":"wp","href":"https:\/\/api.w.org\/{rel}","templated":true}]}}