{"id":878,"date":"2017-01-08T15:52:21","date_gmt":"2017-01-08T14:52:21","guid":{"rendered":"http:\/\/sovamm.cz\/wordpress\/?page_id=878"},"modified":"2025-03-13T11:40:36","modified_gmt":"2025-03-13T10:40:36","slug":"iispp","status":"publish","type":"page","link":"https:\/\/sovamm.cz\/wordpress\/sovpis\/iispp\/","title":{"rendered":"IISPP"},"content":{"rendered":"<p>Ulo\u017een\u00ed a\u00a0zp\u0159\u00edstupn\u011bn\u00ed dokumentace a\u00a0datab\u00e1ze SOVPIS po\u010d\u00edt\u00e1 s\u00a0napojen\u00edm na <a href=\"https:\/\/iispp.npu.cz\/\" target=\"_blank\" rel=\"noopener noreferrer\"><strong>Integrovan\u00fd informa\u010dn\u00ed syst\u00e9m pam\u00e1tkov\u00e9 p\u00e9\u010de<\/strong><\/a> (IISPP) prost\u0159ednictv\u00edm sd\u00edlen\u00ed spole\u010dn\u011b vyv\u00edjen\u00fdch <strong>prostorov\u00fdch identifika\u010dn\u00edch prvk\u016f paGIS<\/strong> a\u00a0sd\u00edlen\u00ed centr\u00e1ln\u00ed popisn\u00e9 datab\u00e1ze dokument\u016f <a href=\"http:\/\/iispp.npu.cz\/mis_public\/\" target=\"_blank\" rel=\"noopener noreferrer\"><strong>MIS<\/strong><\/a> s\u00a0vybudov\u00e1n\u00edm lok\u00e1ln\u00edho \u00falo\u017ei\u0161t\u011b pro archiv SOVAMM.<\/p>\n<p>V MIS je ulo\u017eena \u0159ada dokument\u016f SOVAMM i&nbsp;z&nbsp;obdob\u00ed spolupr\u00e1ce SOVAMM a&nbsp;NP\u00da na n\u011bkter\u00fdch projektech p\u0159edch\u00e1zej\u00edc\u00edch SOVPIS, p\u0159edev\u0161\u00edm <a title=\"LoCloud\" href=\"https:\/\/pro.europeana.eu\/project\/locloud\" target=\"_blank\" rel=\"noopener noreferrer\">projektu LoCloud<\/a>, j\u00edm\u017e byla mj.&nbsp;data z&nbsp;fondu SOVAMM publikov\u00e1na na port\u00e1le Europeana.<\/p>\n<ul>\n<li><a href=\"https:\/\/sovamm.cz\/PDFs\/SOVAMM\/SOVPIS\/SMLOUVA_NPU_ec172131012017.pdf\" target=\"_blank\" rel=\"noopener noreferrer\">Smlouva o\u00a0spolupr\u00e1ci na vytv\u00e1\u0159en\u00ed IISPP a\u00a0SOVPIS<\/a> byla uzav\u0159ena 14.7.2017. Lok\u00e1ln\u00ed \u00falo\u017ei\u0161t\u011b MIS \u2013 SOVAMM bylo n\u00e1sledn\u011b zprovozn\u011bno 6.10.2017.<\/li>\n<\/ul>\n<p>&nbsp;<\/p>\n<p>Aktualizov\u00e1no: <span class=\"last-modified-timestamp\">13\/03\/2025 11:40<\/span><\/p>\n","protected":false},"excerpt":{"rendered":"<p>Ulo\u017een\u00ed a\u00a0zp\u0159\u00edstupn\u011bn\u00ed dokumentace a\u00a0datab\u00e1ze SOVPIS po\u010d\u00edt\u00e1 s\u00a0napojen\u00edm na Integrovan\u00fd informa\u010dn\u00ed syst\u00e9m pam\u00e1tkov\u00e9 p\u00e9\u010de (IISPP) prost\u0159ednictv\u00edm sd\u00edlen\u00ed spole\u010dn\u011b vyv\u00edjen\u00fdch prostorov\u00fdch identifika\u010dn\u00edch prvk\u016f paGIS a\u00a0sd\u00edlen\u00ed centr\u00e1ln\u00ed popisn\u00e9 datab\u00e1ze dokument\u016f MIS s\u00a0vybudov\u00e1n\u00edm lok\u00e1ln\u00edho &hellip; <a href=\"https:\/\/sovamm.cz\/wordpress\/sovpis\/iispp\/\" class=\"more-link\">Pokra\u010dov\u00e1n\u00ed textu <span class=\"screen-reader-text\">IISPP<\/span> <span class=\"meta-nav\">&rarr;<\/span><\/a><\/p>\n","protected":false},"author":2,"featured_media":0,"parent":7,"menu_order":3,"comment_status":"closed","ping_status":"closed","template":"","meta":{"jetpack_post_was_ever_published":false,"footnotes":""},"class_list":["post-878","page","type-page","status-publish","hentry"],"jetpack_shortlink":"https:\/\/wp.me\/P8dB8l-ea","jetpack_sharing_enabled":true,"_links":{"self":[{"href":"https:\/\/sovamm.cz\/wordpress\/wp-json\/wp\/v2\/pages\/878","targetHints":{"allow":["GET"]}}],"collection":[{"href":"https:\/\/sovamm.cz\/wordpress\/wp-json\/wp\/v2\/pages"}],"about":[{"href":"https:\/\/sovamm.cz\/wordpress\/wp-json\/wp\/v2\/types\/page"}],"author":[{"embeddable":true,"href":"https:\/\/sovamm.cz\/wordpress\/wp-json\/wp\/v2\/users\/2"}],"replies":[{"embeddable":true,"href":"https:\/\/sovamm.cz\/wordpress\/wp-json\/wp\/v2\/comments?post=878"}],"version-history":[{"count":4,"href":"https:\/\/sovamm.cz\/wordpress\/wp-json\/wp\/v2\/pages\/878\/revisions"}],"predecessor-version":[{"id":6492,"href":"https:\/\/sovamm.cz\/wordpress\/wp-json\/wp\/v2\/pages\/878\/revisions\/6492"}],"up":[{"embeddable":true,"href":"https:\/\/sovamm.cz\/wordpress\/wp-json\/wp\/v2\/pages\/7"}],"wp:attachment":[{"href":"https:\/\/sovamm.cz\/wordpress\/wp-json\/wp\/v2\/media?parent=878"}],"curies":[{"name":"wp","href":"https:\/\/api.w.org\/{rel}","templated":true}]}}