{"id":7737,"date":"2026-02-22T22:07:35","date_gmt":"2026-02-22T21:07:35","guid":{"rendered":"https:\/\/sovamm.cz\/wordpress\/?page_id=7737"},"modified":"2026-02-22T22:09:01","modified_gmt":"2026-02-22T21:09:01","slug":"historical-architecture-not-only-vernacular","status":"publish","type":"page","link":"https:\/\/sovamm.cz\/wordpress\/en\/exhibitions\/historical-architecture-not-only-vernacular\/","title":{"rendered":"Historical architecture not only vernacular"},"content":{"rendered":"<p style=\"text-align: center;\">Exhibition on the anniversary of the birth of<br \/>\narchitect Ji\u0159\u00ed \u0160kabrada (*1946)<\/p>\n<p style=\"text-align: center;\">and his teacher and collaborator<br \/>\nSvatopluk Vod\u011bra (16.2.1936\u201324.1.2001).<\/p>\n<p style=\"text-align: center;\">M\u011bstsk\u00e9 muzeum, 17.&nbsp;listopadu 72, 562&nbsp;01 \u00dast\u00ed nad Orlic\u00ed<br \/>\n26.2.2026\u201317.5.2026<br \/>\nBlatsk\u00e9 muzeum, Petra Voka 152, 392\u00a001 Sob\u011bslav<br \/>\n23.8.2026\u201330.9.2026<\/p>\n<p>&nbsp;<\/p>\n<p style=\"text-align: center;\">Media partner:<a href=\"https:\/\/www.propamatky.cz\/\" target=\"_blank\" rel=\"noopener\"><img loading=\"lazy\" decoding=\"async\" data-attachment-id=\"7411\" data-permalink=\"https:\/\/sovamm.cz\/wordpress\/vystavy\/historicka-architektura-nejen-lidova\/logo-propamatky_seda-cerna_rgb\/\" data-orig-file=\"https:\/\/i0.wp.com\/sovamm.cz\/wordpress\/wp-content\/uploads\/2026\/02\/Logo-propamatky_seda-cerna_RGB-scaled.png?fit=2560%2C641&amp;ssl=1\" data-orig-size=\"2560,641\" data-comments-opened=\"1\" data-image-meta=\"{&quot;aperture&quot;:&quot;0&quot;,&quot;credit&quot;:&quot;&quot;,&quot;camera&quot;:&quot;&quot;,&quot;caption&quot;:&quot;&quot;,&quot;created_timestamp&quot;:&quot;0&quot;,&quot;copyright&quot;:&quot;&quot;,&quot;focal_length&quot;:&quot;0&quot;,&quot;iso&quot;:&quot;0&quot;,&quot;shutter_speed&quot;:&quot;0&quot;,&quot;title&quot;:&quot;&quot;,&quot;orientation&quot;:&quot;0&quot;}\" data-image-title=\"Logo-propamatky_seda-cerna_RGB\" data-image-description=\"\" data-image-caption=\"\" data-large-file=\"https:\/\/i0.wp.com\/sovamm.cz\/wordpress\/wp-content\/uploads\/2026\/02\/Logo-propamatky_seda-cerna_RGB-scaled.png?fit=474%2C119&amp;ssl=1\" class=\"aligncenter wp-image-7411\" src=\"https:\/\/i0.wp.com\/sovamm.cz\/wordpress\/wp-content\/uploads\/2026\/02\/Logo-propamatky_seda-cerna_RGB.png?resize=200%2C50&amp;ssl=1\" sizes=\"auto, (max-width: 200px) 100vw, 200px\" srcset=\"https:\/\/i0.wp.com\/sovamm.cz\/wordpress\/wp-content\/uploads\/2026\/02\/Logo-propamatky_seda-cerna_RGB-scaled.png?resize=300%2C75&amp;ssl=1 300w, https:\/\/i0.wp.com\/sovamm.cz\/wordpress\/wp-content\/uploads\/2026\/02\/Logo-propamatky_seda-cerna_RGB-scaled.png?resize=1024%2C256&amp;ssl=1 1024w, https:\/\/i0.wp.com\/sovamm.cz\/wordpress\/wp-content\/uploads\/2026\/02\/Logo-propamatky_seda-cerna_RGB-scaled.png?resize=768%2C192&amp;ssl=1 768w, https:\/\/i0.wp.com\/sovamm.cz\/wordpress\/wp-content\/uploads\/2026\/02\/Logo-propamatky_seda-cerna_RGB-scaled.png?resize=1536%2C384&amp;ssl=1 1536w, https:\/\/i0.wp.com\/sovamm.cz\/wordpress\/wp-content\/uploads\/2026\/02\/Logo-propamatky_seda-cerna_RGB-scaled.png?resize=2048%2C512&amp;ssl=1 2048w, https:\/\/i0.wp.com\/sovamm.cz\/wordpress\/wp-content\/uploads\/2026\/02\/Logo-propamatky_seda-cerna_RGB-scaled.png?resize=133%2C33&amp;ssl=1 133w, https:\/\/i0.wp.com\/sovamm.cz\/wordpress\/wp-content\/uploads\/2026\/02\/Logo-propamatky_seda-cerna_RGB-scaled.png?w=948&amp;ssl=1 948w, https:\/\/i0.wp.com\/sovamm.cz\/wordpress\/wp-content\/uploads\/2026\/02\/Logo-propamatky_seda-cerna_RGB-scaled.png?w=1422&amp;ssl=1 1422w\" alt=\"\" width=\"200\" height=\"50\" data-recalc-dims=\"1\" \/><\/a><\/p>\n<hr \/>\n<a href=\"https:\/\/sovamm.cz\/wordpress\/wp-content\/uploads\/2026\/02\/leaflet-V2.pdf\" class=\"pdfemb-viewer\" style=\"\" data-width=\"max\" data-height=\"max\" data-toolbar=\"bottom\" data-toolbar-fixed=\"off\">leaflet-V2<\/a>\n<hr \/>\n<ul>\n<li><a href=\"https:\/\/sovamm.cz\/wordpress\/wp-content\/uploads\/2026\/02\/leaflet-V2.pdf\" target=\"_blank\" rel=\"noopener\">Leaflet download (in Czech)<\/a><\/li>\n<\/ul>\n","protected":false},"excerpt":{"rendered":"<p>Exhibition on the anniversary of the birth of architect Ji\u0159\u00ed \u0160kabrada (*1946) and his teacher and collaborator Svatopluk Vod\u011bra (16.2.1936\u201324.1.2001). M\u011bstsk\u00e9 muzeum, 17.&nbsp;listopadu 72, 562&nbsp;01 \u00dast\u00ed nad Orlic\u00ed 26.2.2026\u201317.5.2026 Blatsk\u00e9 &hellip; <a href=\"https:\/\/sovamm.cz\/wordpress\/en\/exhibitions\/historical-architecture-not-only-vernacular\/\" class=\"more-link\">Pokra\u010dov\u00e1n\u00ed textu <span class=\"screen-reader-text\">Historical architecture not only vernacular<\/span> <span class=\"meta-nav\">&rarr;<\/span><\/a><\/p>\n","protected":false},"author":2,"featured_media":7335,"parent":6810,"menu_order":4,"comment_status":"closed","ping_status":"closed","template":"","meta":{"jetpack_post_was_ever_published":false,"footnotes":""},"class_list":["post-7737","page","type-page","status-publish","has-post-thumbnail","hentry"],"jetpack_shortlink":"https:\/\/wp.me\/P8dB8l-20N","jetpack_sharing_enabled":true,"_links":{"self":[{"href":"https:\/\/sovamm.cz\/wordpress\/wp-json\/wp\/v2\/pages\/7737","targetHints":{"allow":["GET"]}}],"collection":[{"href":"https:\/\/sovamm.cz\/wordpress\/wp-json\/wp\/v2\/pages"}],"about":[{"href":"https:\/\/sovamm.cz\/wordpress\/wp-json\/wp\/v2\/types\/page"}],"author":[{"embeddable":true,"href":"https:\/\/sovamm.cz\/wordpress\/wp-json\/wp\/v2\/users\/2"}],"replies":[{"embeddable":true,"href":"https:\/\/sovamm.cz\/wordpress\/wp-json\/wp\/v2\/comments?post=7737"}],"version-history":[{"count":3,"href":"https:\/\/sovamm.cz\/wordpress\/wp-json\/wp\/v2\/pages\/7737\/revisions"}],"predecessor-version":[{"id":7740,"href":"https:\/\/sovamm.cz\/wordpress\/wp-json\/wp\/v2\/pages\/7737\/revisions\/7740"}],"up":[{"embeddable":true,"href":"https:\/\/sovamm.cz\/wordpress\/wp-json\/wp\/v2\/pages\/6810"}],"wp:featuredmedia":[{"embeddable":true,"href":"https:\/\/sovamm.cz\/wordpress\/wp-json\/wp\/v2\/media\/7335"}],"wp:attachment":[{"href":"https:\/\/sovamm.cz\/wordpress\/wp-json\/wp\/v2\/media?parent=7737"}],"curies":[{"name":"wp","href":"https:\/\/api.w.org\/{rel}","templated":true}]}}