{"id":7460,"date":"2026-02-14T15:10:49","date_gmt":"2026-02-14T14:10:49","guid":{"rendered":"https:\/\/sovamm.cz\/wordpress\/?page_id=7460"},"modified":"2026-02-14T15:17:49","modified_gmt":"2026-02-14T14:17:49","slug":"jihoceska-lidova-architektura-1986","status":"publish","type":"page","link":"https:\/\/sovamm.cz\/wordpress\/publikace-2\/publikovano-se-sovpis\/lidova-architektura-v-jiznich-cechach\/jihoceska-lidova-architektura-1986\/","title":{"rendered":"Jiho\u010desk\u00e1 lidov\u00e1 architektura 1986"},"content":{"rendered":"<p>CD p\u0159\u00edloha knihy \u0160KABRADA, Ji\u0159\u00ed\u00a0a\u00a0kol.\u00a0<em>Lidov\u00e1 architektura v\u00a0ji\u017en\u00edch \u010cech\u00e1ch<\/em>. Brno: Spole\u010dnost pro obnovu vesnice a&nbsp;mal\u00e9ho m\u011bsta, z. s., 2021.<\/p>\n<p>P\u0159\u00edloha\u00a0 obsahuje <strong>sken p\u016fvodn\u00ed knihy <em>Jiho\u010desk\u00e1 lidov\u00e1 architektura<\/em>, vydan\u00e9 v&nbsp;roce 1986<\/strong>. Digitalizovan\u00fd \u201ereprint\u201c ve form\u00e1tu PDF je vybaven z\u00e1lo\u017ekami kapitol a&nbsp;umo\u017e\u0148uje vyhled\u00e1v\u00e1n\u00ed v&nbsp;textu. Dopln\u011bn byl i&nbsp;nov\u011b zpracovan\u00fd rejst\u0159\u00edk, kompatibiln\u00ed s&nbsp;rejst\u0159\u00edkem nov\u00e9 knihy. Heslo rejst\u0159\u00edku obsahuje jm\u00e9no lokality, historick\u00fd mikroregion a&nbsp;\u010d\u00edsla str\u00e1nek textu. Neobsahuje odkazy na vyobrazen\u00ed, jejich\u017e velk\u00e1 \u010d\u00e1st je um\u00edst\u011bna na vlo\u017een\u00fdch obrazov\u00fdch p\u0159\u00edloh\u00e1ch, jejich\u017e str\u00e1nky nejsou \u010d\u00edslov\u00e1ny. Zpracov\u00e1n byl rovn\u011b\u017e seznam ilustrac\u00ed, kter\u00e9 nebyly p\u0159evzaty do nov\u00e9 knihy. Jejich dokument\u00e1rn\u00ed hodnota p\u0159irozen\u011b trv\u00e1. Ilustrace z&nbsp;textov\u00e9 \u010d\u00e1sti knihy jsou ozna\u010deny \u010d\u00edslem strany, ilustrace z&nbsp;obrazov\u00fdch p\u0159\u00edloh po\u0159adov\u00fdm \u010d\u00edslem obr\u00e1zku.<\/p>\n<p><a href=\"https:\/\/sovamm.cz\/wordpress\/wp-content\/uploads\/2026\/02\/JC_LA_1986.pdf\" target=\"_blank\" rel=\"noopener\"><img data-recalc-dims=\"1\" loading=\"lazy\" decoding=\"async\" data-attachment-id=\"7448\" data-permalink=\"https:\/\/sovamm.cz\/wordpress\/vystavy\/historicka-architektura-nejen-lidova\/svatopluk-vodera\/jihoceskalidova\/\" data-orig-file=\"https:\/\/i0.wp.com\/sovamm.cz\/wordpress\/wp-content\/uploads\/2026\/02\/JihoceskaLidova.jpg?fit=510%2C706&amp;ssl=1\" data-orig-size=\"510,706\" data-comments-opened=\"1\" data-image-meta=\"{&quot;aperture&quot;:&quot;0&quot;,&quot;credit&quot;:&quot;&quot;,&quot;camera&quot;:&quot;&quot;,&quot;caption&quot;:&quot;&quot;,&quot;created_timestamp&quot;:&quot;0&quot;,&quot;copyright&quot;:&quot;&quot;,&quot;focal_length&quot;:&quot;0&quot;,&quot;iso&quot;:&quot;0&quot;,&quot;shutter_speed&quot;:&quot;0&quot;,&quot;title&quot;:&quot;&quot;,&quot;orientation&quot;:&quot;0&quot;}\" data-image-title=\"JihoceskaLidova\" data-image-description=\"\" data-image-caption=\"\" data-large-file=\"https:\/\/i0.wp.com\/sovamm.cz\/wordpress\/wp-content\/uploads\/2026\/02\/JihoceskaLidova.jpg?fit=474%2C656&amp;ssl=1\" class=\"aligncenter wp-image-7448 size-medium\" src=\"https:\/\/i0.wp.com\/sovamm.cz\/wordpress\/wp-content\/uploads\/2026\/02\/JihoceskaLidova.jpg?resize=217%2C300&#038;ssl=1\" alt=\"\" width=\"217\" height=\"300\" srcset=\"https:\/\/i0.wp.com\/sovamm.cz\/wordpress\/wp-content\/uploads\/2026\/02\/JihoceskaLidova.jpg?resize=217%2C300&amp;ssl=1 217w, https:\/\/i0.wp.com\/sovamm.cz\/wordpress\/wp-content\/uploads\/2026\/02\/JihoceskaLidova.jpg?resize=133%2C184&amp;ssl=1 133w, https:\/\/i0.wp.com\/sovamm.cz\/wordpress\/wp-content\/uploads\/2026\/02\/JihoceskaLidova.jpg?w=510&amp;ssl=1 510w\" sizes=\"auto, (max-width: 217px) 100vw, 217px\" \/><\/a><\/p>\n<p style=\"text-align: center;\">&#8211;<\/p>\n<ul>\n<li><a href=\"https:\/\/sovamm.cz\/wordpress\/wp-content\/uploads\/2026\/02\/JC_LA_1986.pdf\" target=\"_blank\" rel=\"noopener\">VOD\u011aRA, Svatopluk a\u00a0Ji\u0159\u00ed \u0160KABRADA. <em>Jiho\u010desk\u00e1 lidov\u00e1 architektura<\/em>. \u010cesk\u00e9 Bud\u011bjovice: Jiho\u010desk\u00e9 nakladatelstv\u00ed, 1986<\/a>.<\/li>\n<li><a href=\"https:\/\/sovamm.cz\/wordpress\/wp-content\/uploads\/2026\/02\/JC_LA_1986-rejstrik.pdf\" target=\"_blank\" rel=\"noopener\">Rejst\u0159\u00edk<\/a><\/li>\n<li><a href=\"https:\/\/sovamm.cz\/wordpress\/wp-content\/uploads\/2026\/02\/JC_LA_1986-il.pdf\" target=\"_blank\" rel=\"noopener\">Seznam ilustrac\u00ed, kter\u00e9 do nov\u00e9 knihy nebyly za\u0159azen<\/a>y<\/li>\n<\/ul>\n","protected":false},"excerpt":{"rendered":"<p>CD p\u0159\u00edloha knihy \u0160KABRADA, Ji\u0159\u00ed\u00a0a\u00a0kol.\u00a0Lidov\u00e1 architektura v\u00a0ji\u017en\u00edch \u010cech\u00e1ch. Brno: Spole\u010dnost pro obnovu vesnice a&nbsp;mal\u00e9ho m\u011bsta, z. s., 2021. P\u0159\u00edloha\u00a0 obsahuje sken p\u016fvodn\u00ed knihy Jiho\u010desk\u00e1 lidov\u00e1 architektura, vydan\u00e9 v&nbsp;roce 1986. Digitalizovan\u00fd &hellip; <a href=\"https:\/\/sovamm.cz\/wordpress\/publikace-2\/publikovano-se-sovpis\/lidova-architektura-v-jiznich-cechach\/jihoceska-lidova-architektura-1986\/\" class=\"more-link\">Pokra\u010dov\u00e1n\u00ed textu <span class=\"screen-reader-text\">Jiho\u010desk\u00e1 lidov\u00e1 architektura 1986<\/span> <span class=\"meta-nav\">&rarr;<\/span><\/a><\/p>\n","protected":false},"author":2,"featured_media":7463,"parent":3479,"menu_order":0,"comment_status":"closed","ping_status":"closed","template":"","meta":{"jetpack_post_was_ever_published":false,"footnotes":""},"class_list":["post-7460","page","type-page","status-publish","has-post-thumbnail","hentry"],"jetpack_shortlink":"https:\/\/wp.me\/P8dB8l-1Wk","jetpack_sharing_enabled":true,"_links":{"self":[{"href":"https:\/\/sovamm.cz\/wordpress\/wp-json\/wp\/v2\/pages\/7460","targetHints":{"allow":["GET"]}}],"collection":[{"href":"https:\/\/sovamm.cz\/wordpress\/wp-json\/wp\/v2\/pages"}],"about":[{"href":"https:\/\/sovamm.cz\/wordpress\/wp-json\/wp\/v2\/types\/page"}],"author":[{"embeddable":true,"href":"https:\/\/sovamm.cz\/wordpress\/wp-json\/wp\/v2\/users\/2"}],"replies":[{"embeddable":true,"href":"https:\/\/sovamm.cz\/wordpress\/wp-json\/wp\/v2\/comments?post=7460"}],"version-history":[{"count":2,"href":"https:\/\/sovamm.cz\/wordpress\/wp-json\/wp\/v2\/pages\/7460\/revisions"}],"predecessor-version":[{"id":7462,"href":"https:\/\/sovamm.cz\/wordpress\/wp-json\/wp\/v2\/pages\/7460\/revisions\/7462"}],"up":[{"embeddable":true,"href":"https:\/\/sovamm.cz\/wordpress\/wp-json\/wp\/v2\/pages\/3479"}],"wp:featuredmedia":[{"embeddable":true,"href":"https:\/\/sovamm.cz\/wordpress\/wp-json\/wp\/v2\/media\/7463"}],"wp:attachment":[{"href":"https:\/\/sovamm.cz\/wordpress\/wp-json\/wp\/v2\/media?parent=7460"}],"curies":[{"name":"wp","href":"https:\/\/api.w.org\/{rel}","templated":true}]}}