{"id":7334,"date":"2026-01-20T19:09:22","date_gmt":"2026-01-20T18:09:22","guid":{"rendered":"https:\/\/sovamm.cz\/wordpress\/?page_id=7334"},"modified":"2026-03-02T17:45:03","modified_gmt":"2026-03-02T16:45:03","slug":"historicka-architektura-nejen-lidova","status":"publish","type":"page","link":"https:\/\/sovamm.cz\/wordpress\/vystavy\/historicka-architektura-nejen-lidova\/","title":{"rendered":"Historick\u00e1 architektura nejen lidov\u00e1"},"content":{"rendered":"<p><strong>v\u00fdstava k&nbsp;v\u00fdznamn\u00e9mu \u017eivotn\u00edmu jubileu architekta a&nbsp;stavebn\u00edho historika Ji\u0159\u00edho \u0160kabrady\u00a0<\/strong>(* 20.2.1946)<\/p>\n<p>V\u00fdstavou p\u0159ipom\u00edn\u00e1me i&nbsp;nedo\u017eit\u00e9 90.&nbsp;narozeniny jeho u\u010ditele a&nbsp;spolupracovn\u00edka Svatopluka Vod\u011bry (16.2.1936\u201324.1.2001).<\/p>\n<p style=\"text-align: center;\">M\u011bstsk\u00e9 muzeum v&nbsp;\u00dast\u00ed nad Orlic\u00ed, 17.&nbsp;listopadu 72, 562&nbsp;01<br \/>\n26.2.2026\u201317.5.2026<br \/>\nBlatsk\u00e9 muzeum, Petra Voka 152, 392&nbsp;01 Sob\u011bslav<br \/>\n23.8.2026\u201330.9.2026<\/p>\n<p>&nbsp;<\/p>\n<p style=\"text-align: center;\">Medi\u00e1ln\u00ed partner:<a href=\"https:\/\/www.propamatky.cz\/\" target=\"_blank\" rel=\"noopener\"><img data-recalc-dims=\"1\" loading=\"lazy\" decoding=\"async\" data-attachment-id=\"7411\" data-permalink=\"https:\/\/sovamm.cz\/wordpress\/vystavy\/historicka-architektura-nejen-lidova\/logo-propamatky_seda-cerna_rgb\/\" data-orig-file=\"https:\/\/i0.wp.com\/sovamm.cz\/wordpress\/wp-content\/uploads\/2026\/02\/Logo-propamatky_seda-cerna_RGB-scaled.png?fit=2560%2C641&amp;ssl=1\" data-orig-size=\"2560,641\" data-comments-opened=\"1\" data-image-meta=\"{&quot;aperture&quot;:&quot;0&quot;,&quot;credit&quot;:&quot;&quot;,&quot;camera&quot;:&quot;&quot;,&quot;caption&quot;:&quot;&quot;,&quot;created_timestamp&quot;:&quot;0&quot;,&quot;copyright&quot;:&quot;&quot;,&quot;focal_length&quot;:&quot;0&quot;,&quot;iso&quot;:&quot;0&quot;,&quot;shutter_speed&quot;:&quot;0&quot;,&quot;title&quot;:&quot;&quot;,&quot;orientation&quot;:&quot;0&quot;}\" data-image-title=\"Logo-propamatky_seda-cerna_RGB\" data-image-description=\"\" data-image-caption=\"\" data-large-file=\"https:\/\/i0.wp.com\/sovamm.cz\/wordpress\/wp-content\/uploads\/2026\/02\/Logo-propamatky_seda-cerna_RGB-scaled.png?fit=474%2C119&amp;ssl=1\" class=\"aligncenter wp-image-7411\" src=\"https:\/\/i0.wp.com\/sovamm.cz\/wordpress\/wp-content\/uploads\/2026\/02\/Logo-propamatky_seda-cerna_RGB.png?resize=200%2C50&#038;ssl=1\" alt=\"\" width=\"200\" height=\"50\" srcset=\"https:\/\/i0.wp.com\/sovamm.cz\/wordpress\/wp-content\/uploads\/2026\/02\/Logo-propamatky_seda-cerna_RGB-scaled.png?resize=300%2C75&amp;ssl=1 300w, https:\/\/i0.wp.com\/sovamm.cz\/wordpress\/wp-content\/uploads\/2026\/02\/Logo-propamatky_seda-cerna_RGB-scaled.png?resize=1024%2C256&amp;ssl=1 1024w, https:\/\/i0.wp.com\/sovamm.cz\/wordpress\/wp-content\/uploads\/2026\/02\/Logo-propamatky_seda-cerna_RGB-scaled.png?resize=768%2C192&amp;ssl=1 768w, https:\/\/i0.wp.com\/sovamm.cz\/wordpress\/wp-content\/uploads\/2026\/02\/Logo-propamatky_seda-cerna_RGB-scaled.png?resize=1536%2C384&amp;ssl=1 1536w, https:\/\/i0.wp.com\/sovamm.cz\/wordpress\/wp-content\/uploads\/2026\/02\/Logo-propamatky_seda-cerna_RGB-scaled.png?resize=2048%2C512&amp;ssl=1 2048w, https:\/\/i0.wp.com\/sovamm.cz\/wordpress\/wp-content\/uploads\/2026\/02\/Logo-propamatky_seda-cerna_RGB-scaled.png?resize=133%2C33&amp;ssl=1 133w, https:\/\/i0.wp.com\/sovamm.cz\/wordpress\/wp-content\/uploads\/2026\/02\/Logo-propamatky_seda-cerna_RGB-scaled.png?w=948&amp;ssl=1 948w, https:\/\/i0.wp.com\/sovamm.cz\/wordpress\/wp-content\/uploads\/2026\/02\/Logo-propamatky_seda-cerna_RGB-scaled.png?w=1422&amp;ssl=1 1422w\" sizes=\"auto, (max-width: 200px) 100vw, 200px\" \/><\/a><\/p>\n<hr \/>\n<p><span style=\"color: #008000;\"><strong>Prof. Ing. arch. Svatopluk Vod\u011bra, CSc. (16.&nbsp;2.&nbsp;1936 \u2013 24.&nbsp;1.&nbsp;2001)<\/strong><\/span> vystudoval v&nbsp;letech 1954\u20131960 v&nbsp;Praze na Fakult\u011b architektury a&nbsp;pozemn\u00edho stavitelstv\u00ed \u010cVUT. Ji\u017e v&nbsp;dob\u011b studia pracoval jako pomocn\u00e1 v\u011bdeck\u00e1 s\u00edla, n\u00e1vazn\u011b spolupracoval s&nbsp;prof. O. Dost\u00e1lem p\u0159i&nbsp;v\u00fdzkumu lidov\u00e9 architektury. Tento start p\u0159edur\u010dil jeho zam\u011b\u0159en\u00ed na t\u00e9mata spojen\u00e1 se stavebn\u00edm d\u011bdictv\u00edm a&nbsp;lidovou architekturou. J\u00e1drem jeho p\u016fsobnosti byla pedagogick\u00e1 \u010dinnost na \u010cVUT, dopl\u0148ovan\u00e1 \u010dinnost\u00ed v\u011bdeckou, projek\u010dn\u00ed i&nbsp;teoretickou. P\u0159isp\u011bl k&nbsp;etablov\u00e1n\u00ed p\u0159edm\u011btu Rekonstrukce a&nbsp;ochrana pam\u00e1tek a&nbsp;prvn\u00edho postgradu\u00e1ln\u00edho kurzu s&nbsp;n\u00e1zvem Historie architektury a&nbsp;pam\u00e1tkov\u00e1 p\u00e9\u010de na \u010cVUT. Po&nbsp;zm\u011bn\u011b re\u017eimu byl v&nbsp;prosinci 1989 zvolen d\u011bkanem Fakulty architektury, od \u00fanora 1990 vedouc\u00edm katedry teorie, v\u00fdvoje a&nbsp;rekonstrukc\u00ed architektury, od roku 1991 p\u016fsobil jako prorektor \u010cVUT. Ve slo\u017eit\u00e9 situaci 90.&nbsp;let 20.&nbsp;stolet\u00ed zalo\u017eil na Fakult\u011b stavebn\u00ed katedru z\u00e1klad\u016f architektury, na kterou p\u0159e\u0161la postupn\u011b \u0159ada v\u00fdznamn\u00fdch pedagog\u016f tehdej\u0161\u00ed FA&nbsp;a&nbsp;postupn\u011b se rozvinul samostatn\u00fd obor Pozemn\u00ed stavby a&nbsp;architektura.<\/p>\n<p>&nbsp;<\/p>\n<p><span style=\"color: #008000;\"><strong>Prof. Ing. arch. Ji\u0159\u00ed \u0160kabrada, CSc. (*20.&nbsp;2.&nbsp;1946)<\/strong><\/span> vystudoval na Fakult\u011b stavebn\u00ed \u010cVUT obor architektura (1969). Pokra\u010doval zde v&nbsp;aspirantsk\u00e9m studiu, v&nbsp;n\u011bm\u017e se zam\u011b\u0159il na lidovou architekturu jako odraz a&nbsp;pramen pozn\u00e1n\u00ed stavebn\u00ed tvorby st\u0159edov\u011bku. Jeho prvn\u00edm kr\u00e1tkodob\u00fdm p\u016fsobi\u0161t\u011bm se stal Archeologick\u00fd \u00fastav \u010cSAV. V&nbsp;letech 1974\u20131986 pracoval v&nbsp;pr\u016fzkumov\u00e9m st\u0159edisku St\u00e1tn\u00edho \u00fastavu pro rekonstrukci pam\u00e1tkov\u00fdch m\u011bst a&nbsp;objekt\u016f, v&nbsp;ateli\u00e9ru lidov\u00e9 architektury. N\u00e1sledovala p\u0159\u00edprava prohla\u0161ov\u00e1n\u00ed vesnick\u00fdch pam\u00e1tkov\u00fdch rezervac\u00ed a&nbsp;z\u00f3n v&nbsp;tehdej\u0161\u00edm St\u00e1tn\u00edm \u00fastavu pam\u00e1tkov\u00e9 p\u00e9\u010de a&nbsp;ochrany p\u0159\u00edrody v&nbsp;letech 1986\u20131989, kde vedl odd\u011blen\u00ed lidov\u00e9 architektury, archeologick\u00fdch a&nbsp;technick\u00fdch pam\u00e1tek. N\u00e1sledn\u011b p\u016fsobil (do r. 2012) na Fakult\u011b architektury \u010cVUT v&nbsp;Praze, kde na \u00fastavech d\u011bjin architektury a&nbsp;pam\u00e1tkov\u00e9 p\u00e9\u010de zalo\u017eil zejm\u00e9na v\u00fduku p\u0159edm\u011bt\u016f Lidov\u00e1 architektura a&nbsp;Historick\u00e9 konstrukce. Zv\u00e1n byl i&nbsp;na dal\u0161\u00ed univerzity, kter\u00e9 roz\u0161i\u0159ovaly z\u00e1b\u011br sv\u00e9 \u010dinnosti o&nbsp;obor stavebn\u00ed historie; v&nbsp;letech 2003\u20132020 takto p\u016fsobil na Filozofick\u00e9 fakult\u011b Univerzity Pardubice.<\/p>\n<p>&nbsp;<\/p>\n<a href=\"https:\/\/sovamm.cz\/wordpress\/wp-content\/uploads\/2026\/02\/leaflet-V2.pdf\" class=\"pdfemb-viewer\" style=\"\" data-width=\"max\" data-height=\"max\" data-toolbar=\"bottom\" data-toolbar-fixed=\"off\">leaflet-V2<\/a>\n<hr \/>\n<ul>\n<li>V\u00edce o&nbsp;\u017eivot\u011b a&nbsp;d\u00edle <a href=\"https:\/\/sovamm.cz\/wordpress\/vystavy\/historicka-architektura-nejen-lidova\/jiri-skabrada\/\" rel=\"noopener\">Ji\u0159\u00edho \u0160kabrady<\/a> a&nbsp;<a href=\"https:\/\/sovamm.cz\/wordpress\/vystavy\/historicka-architektura-nejen-lidova\/svatopluk-vodera\/\" rel=\"noopener\">Svatopluka Vod\u011bry<\/a><\/li>\n<li><a href=\"https:\/\/sovamm.cz\/wordpress\/wp-content\/uploads\/2026\/02\/leaflet-V2.pdf\" target=\"_blank\" rel=\"noopener\">Leaflet k&nbsp;v\u00fdstav\u011b<\/a><\/li>\n<li><a href=\"https:\/\/sovamm.cz\/wordpress\/wp-content\/uploads\/2026\/02\/SkVo_vernissage_20260226o.pdf\" target=\"_blank\" rel=\"noopener\">Pozv\u00e1nka na vernis\u00e1\u017e v&nbsp;M\u011bstsk\u00e9m muzeu v&nbsp;\u00dast\u00ed nad Orlic\u00ed<\/a><\/li>\n<li><a href=\"https:\/\/sovamm.wordpress.com\/2026\/03\/01\/z-vernisaze-v-hernychove-vile\/\" target=\"_blank\" rel=\"noopener\">Z vernis\u00e1\u017ee v&nbsp;Hernychov\u011b\u00a0vile<\/a><\/li>\n<\/ul>\n<p>Aktualizov\u00e1no: <span class=\"last-modified-timestamp\">02\/03\/2026 17:45<\/span><\/p>\n","protected":false},"excerpt":{"rendered":"<p>v\u00fdstava k&nbsp;v\u00fdznamn\u00e9mu \u017eivotn\u00edmu jubileu architekta a&nbsp;stavebn\u00edho historika Ji\u0159\u00edho \u0160kabrady\u00a0(* 20.2.1946) V\u00fdstavou p\u0159ipom\u00edn\u00e1me i&nbsp;nedo\u017eit\u00e9 90.&nbsp;narozeniny jeho u\u010ditele a&nbsp;spolupracovn\u00edka Svatopluka Vod\u011bry (16.2.1936\u201324.1.2001). M\u011bstsk\u00e9 muzeum v&nbsp;\u00dast\u00ed nad Orlic\u00ed, 17.&nbsp;listopadu 72, 562&nbsp;01&nbsp;26.2.2026\u201317.5.2026 Blatsk\u00e9 &hellip; <a href=\"https:\/\/sovamm.cz\/wordpress\/vystavy\/historicka-architektura-nejen-lidova\/\" class=\"more-link\">Pokra\u010dov\u00e1n\u00ed textu <span class=\"screen-reader-text\">Historick\u00e1 architektura nejen lidov\u00e1<\/span> <span class=\"meta-nav\">&rarr;<\/span><\/a><\/p>\n","protected":false},"author":2,"featured_media":7335,"parent":6780,"menu_order":4,"comment_status":"closed","ping_status":"closed","template":"","meta":{"jetpack_post_was_ever_published":false,"footnotes":""},"class_list":["post-7334","page","type-page","status-publish","has-post-thumbnail","hentry"],"jetpack_shortlink":"https:\/\/wp.me\/P8dB8l-1Ui","jetpack_sharing_enabled":true,"_links":{"self":[{"href":"https:\/\/sovamm.cz\/wordpress\/wp-json\/wp\/v2\/pages\/7334","targetHints":{"allow":["GET"]}}],"collection":[{"href":"https:\/\/sovamm.cz\/wordpress\/wp-json\/wp\/v2\/pages"}],"about":[{"href":"https:\/\/sovamm.cz\/wordpress\/wp-json\/wp\/v2\/types\/page"}],"author":[{"embeddable":true,"href":"https:\/\/sovamm.cz\/wordpress\/wp-json\/wp\/v2\/users\/2"}],"replies":[{"embeddable":true,"href":"https:\/\/sovamm.cz\/wordpress\/wp-json\/wp\/v2\/comments?post=7334"}],"version-history":[{"count":26,"href":"https:\/\/sovamm.cz\/wordpress\/wp-json\/wp\/v2\/pages\/7334\/revisions"}],"predecessor-version":[{"id":7767,"href":"https:\/\/sovamm.cz\/wordpress\/wp-json\/wp\/v2\/pages\/7334\/revisions\/7767"}],"up":[{"embeddable":true,"href":"https:\/\/sovamm.cz\/wordpress\/wp-json\/wp\/v2\/pages\/6780"}],"wp:featuredmedia":[{"embeddable":true,"href":"https:\/\/sovamm.cz\/wordpress\/wp-json\/wp\/v2\/media\/7335"}],"wp:attachment":[{"href":"https:\/\/sovamm.cz\/wordpress\/wp-json\/wp\/v2\/media?parent=7334"}],"curies":[{"name":"wp","href":"https:\/\/api.w.org\/{rel}","templated":true}]}}