{"id":7081,"date":"2025-06-08T06:43:08","date_gmt":"2025-06-08T04:43:08","guid":{"rendered":"https:\/\/sovamm.cz\/wordpress\/?page_id=7081"},"modified":"2025-06-08T06:46:18","modified_gmt":"2025-06-08T04:46:18","slug":"bohumil-vavrousek-publikace","status":"publish","type":"page","link":"https:\/\/sovamm.cz\/wordpress\/vystavy\/vystava-bohumil-vavrousek-fotograf\/bohumil-vavrousek\/bohumil-vavrousek-publikace\/","title":{"rendered":"Bohumil Vavrou\u0161ek: Publikace"},"content":{"rendered":"<h5 id=\"publikace-bohumila-vavrou\u0161ka:\">Publikace Bohumila Vavrou\u0161ka:<\/h5>\n<ul>\n<li><em>Krakov, Lvov, V\u011bli\u010dka, Zakopan\u00e9, Var\u0161ava, \u010censtochov\u00e1: s&nbsp;12 ilustracemi a&nbsp;s&nbsp;pl\u00e1ny Krakova a&nbsp;Lvova<\/em>. Praha: Nakladatelsk\u00e9 Dru\u017estvo M\u00e1je, [1910].<\/li>\n<li>(s&nbsp;J. F. Chaloupeck\u00fdm). <em>Ben\u00e1tky<\/em>. Praha: \u010cen\u011bk \u0160ulc, [1911]. \u0160ulc\u016fv stru\u010dn\u00fd pr\u016fvodce hlavn\u00edch m\u011bst v&nbsp;Evrop\u011b 2.<\/li>\n<li><em>Br\u00e9my<\/em>. Praha: \u010cen\u011bk \u0160ulc, [1911]. \u0160ulc\u016fv stru\u010dn\u00fd pr\u016fvodce hlavn\u00edch m\u011bst v&nbsp;Evrop\u011b 3.<\/li>\n<li><em>Antverpy<\/em>. Praha: \u010cen\u011bk \u0160ulc, [1912]. \u0160ulc\u016fv stru\u010dn\u00fd pr\u016fvodce hlavn\u00edch m\u011bst v&nbsp;Evrop\u011b 1.<\/li>\n<li><em>Brusel<\/em>. Praha: \u010cen\u011bk \u0160ulc, [1912]. \u0160ulc\u016fv stru\u010dn\u00fd pr\u016fvodce hlavn\u00edch m\u011bst v&nbsp;Evrop\u011b 4.<\/li>\n<li><em>C\u00e1chy<\/em>. Praha: \u010cen\u011bk \u0160ulc a&nbsp;spol., [1912]. \u0160ulc\u016fv stru\u010dn\u00fd pr\u016fvodce hlavn\u00edch m\u011bst v&nbsp;Evrop\u011b 5.<\/li>\n<li><em>Hamburk<\/em>. V&nbsp;Praze: \u010cen\u011bk \u0160ulc a&nbsp;spol., [1912]. \u0160ulc\u016fv stru\u010dn\u00fd pr\u016fvodce hlavn\u00edch m\u011bst v&nbsp;Evrop\u011b 7.<\/li>\n<li><em>Kol\u00edn nad R\u00fdnem<\/em>. V&nbsp;Praze: \u010cen\u011bk \u0160ulc, [1912]. \u0160ulc\u016fv stru\u010dn\u00fd pr\u016fvodce hlavn\u00edch m\u011bst v&nbsp;Evrop\u011b 8.<\/li>\n<li><em>Ostende<\/em>. V&nbsp;Praze: \u010cen\u011bk \u0160ulc, [1912]. \u0160ulc\u016fv stru\u010dn\u00fd pr\u016fvodce hlavn\u00edch m\u011bst v&nbsp;Evrop\u011b 9.<\/li>\n<li><em>Terst<\/em>. V&nbsp;Praze: \u010cen\u011bk \u0160ulc, [1912]. \u0160ulc\u016fv stru\u010dn\u00fd pr\u016fvodce hlavn\u00edch m\u011bst v&nbsp;Evrop\u011b 11.<\/li>\n<li><em>Vzpom\u00ednky ze slovansk\u00fdch kraj\u016f<\/em>. [Praha: s. n.], 1916.<\/li>\n<li><em>Pra\u017esk\u00e9 pomn\u00edky<\/em> I., 10 sv\u011btlotiskov\u00fdch pohlednic. Praha: B. Ko\u010d\u00ed, 1917.<\/li>\n<li><em>Sv\u00e9r\u00e1zov\u00e9 velikono\u010dn\u00ed gratulace<\/em>. Z\u00e1ti\u0161\u00ed lidov\u00e9ho um\u011bn\u00ed. (Kraslice moravsk\u00e9, slov\u00e1ck\u00e9, rus\u00ednsk\u00e9 a&nbsp;j.), 10 sv\u011btlotiskov\u00fdch dopisnic. Praha: B. Ko\u010d\u00ed, 1917.<\/li>\n<li><em>\u010c\u00edtanka pre \u013eudov\u00e9 \u0161koly s&nbsp;pomocou \u010d\u00edtankovej komisie za red. St. Kl\u00edmy a&nbsp;Kamila Such\u00e9ho. I., pre 2.&nbsp;a&nbsp;3.&nbsp;\u0161kol. rok<\/em>. Praha: Slov. oddel. min. \u0161kolstva a&nbsp;n\u00e1r. osvety, 1919.<\/li>\n<li><em>\u0160labik\u00e1r pre \u013eudov\u00e9 \u0161koly<\/em>. V&nbsp;Prahe: \u0160t\u00e1tny kn\u00edhosklad, 1919.<\/li>\n<li><em> \u010cesk\u00e9 album I. Spisovatel\u00e9<\/em>. V&nbsp;Praze: \u010cesk\u00e1 grafick\u00e1 akciov\u00e1 spole\u010dnost Unie, 1919.<\/li>\n<li><em>\u010cesk\u00e9 album II. Politikov\u00e9<\/em> [grafika]. V&nbsp;Praze: n\u00e1kladem \u010cesk\u00e9 grafick\u00e9 akciov\u00e9 spole\u010dnosti \u201eUnie\u201c, 1919.<\/li>\n<li><em>Malebn\u00e9 Slovensko: pam\u00e1tky historick\u00e9 a&nbsp;stavitelsk\u00e9, uk\u00e1zky r\u00e1zovit\u00fdch kroj\u016f, staveb, um\u011bn\u00ed a&nbsp;\u017eivota lidu slovensk\u00e9ho, kr\u00e1sy p\u0159\u00edrodn\u00ed = Malebn\u00e9 Slovensko: historick\u00e9 a&nbsp;stavite\u013esk\u00e9 pamiatky, uk\u00e1\u017eky r\u00e1zovit\u00fdch krojov, stavieb, umenia a&nbsp;\u017eivota \u013eudu slovensk\u00e9ho a&nbsp;pr\u00edrodnej kr\u00e1sy<\/em>. V&nbsp;Praze: n\u00e1kladem B. Ko\u010d\u00edho, [1920]. 8 svazk\u016f.<\/li>\n<li><em>Malebn\u00e9 poh\u013eady zo Slovenska. Sv\u00e4zok I. VYSOK\u00c9 TATRY \u2013 I., 10 neotypick\u00fdch poh\u013eadn\u00edc s&nbsp;kr\u00e1tkym popisom<\/em>. Praha: B. Ko\u010d\u00ed, 1920.<\/li>\n<li><em>Malebn\u00e9 poh\u013eady zo Slovenska. Sv\u00e4zok II. VYSOK\u00c9 TATRY \u2013 II., 10 neotypick\u00fdch poh\u013eadn\u00edc s&nbsp;kr\u00e1tkym popisom<\/em>. Praha: B. Ko\u010d\u00ed, 1920.<\/li>\n<li><em>Malebn\u00e9 poh\u013eady zo Slovenska. Sv\u00e4zok III. TREN\u010cIANSK\u00c9 TEPLICE, 10 neotypick\u00fdch poh\u013eadn\u00edc s&nbsp;kr\u00e1tkym popisom<\/em>. Praha: B. Ko\u010d\u00ed, 1920.<\/li>\n<li><em>Malebn\u00e9 poh\u013eady zo Slovenska. Sv\u00e4zok IV. S\u00da\u013dOVSKE SKALY. POVA\u017dIE, 10 neotypick\u00fdch poh\u013eadn\u00edc s&nbsp;kr\u00e1tkym popisom.<\/em> Praha: B. Ko\u010d\u00ed, 1920.<\/li>\n<li><em>BRATISLAVA, hlavn\u00e9 mesto osloboden\u00e9ho Slovenska, 10 poh\u013eadov s&nbsp;kr\u00e1tkym popisom.<\/em> Praha: Hejda &amp; Tu\u010dek, 1920.<\/li>\n<li><em> SVETOV\u00c9 K\u00daPELE PIE\u0160\u0164ANY<\/em>, 10 poh\u013eadov s&nbsp;kr\u00e1tkym popisom. Praha: Hejda &amp; Tu\u010dek, 1920.<\/li>\n<li><em>TREN\u010c\u00cdN, 10 poh\u013eadov s&nbsp;kr\u00e1tkym popisom<\/em>. Praha: Hejda &amp; Tu\u010dek, 1920.<\/li>\n<li>(ed.) <em>Album na pam\u00e1tku st\u00fdch narozenin Karla Havl\u00ed\u010dka Borovsk\u00e9ho.<\/em> V&nbsp;Praze: Kratochv\u00edl, 1921.<\/li>\n<li>(ed.) <em>Karel Havl\u00ed\u010dek Borovsk\u00fd, buditel n\u00e1roda, jeho politick\u00fd u\u010ditel a&nbsp;bojovn\u00edk za jeho pr\u00e1va a&nbsp;svobodu<\/em>. V&nbsp;Praze: Kratochv\u00edl a&nbsp;spol., [1921?].<\/li>\n<li>(ed.) <em>Pam\u00e1tn\u00edk Karla Havl\u00ed\u010dka Borovsk\u00e9ho: k&nbsp;stolet\u00fdm narozenin\u00e1m neohro\u017een\u00e9ho politick\u00e9ho v\u016fdce, prav\u00e9ho politick\u00e9ho buditele a&nbsp;n\u00e1rodn\u00edho mu\u010dedn\u00edka<\/em>. V&nbsp;Praze: Kratochv\u00edl a&nbsp;spol., 1921.<\/li>\n<li>(ed.) <em>\u010c\u00edtanka pre \u013eudov\u00e9 \u0161koly. Diel II, (pre 4., 5.&nbsp;a&nbsp;6.&nbsp;\u0161kolsk\u00fd rok)<\/em>. Praha: Slov. oddel. min. \u0161kolstva a&nbsp;n\u00e1r. osvety, 1921.<\/li>\n<li><em> SV\u00c9R\u00c1ZOV\u00c9 VELIKONO\u010cN\u00cd GRATULACE. 10 barevn\u00fdch dopisnic dle fotografi\u00ed B. Vavrou\u0161ka. Z\u00e1ti\u0161\u00ed lidov\u00e9ho um\u011bn\u00ed r\u016fzn\u00fdch slovansk\u00fdch n\u00e1rod\u016f<\/em>. II. vyd\u00e1n\u00ed. Praha: B. Ko\u010d\u00ed, 1922.<\/li>\n<li><em> \u010c\u00edtanka pre \u013eudov\u00e9 \u0161koly. Diel II, (pre 4., 5.&nbsp;a&nbsp;6.&nbsp;\u0161kolsk\u00fd rok). 2.&nbsp;skr\u00e1t. a&nbsp;oprav. vyd<\/em>. Praha: \u0160t\u00e1tne nakladatelstvo, 1923.<\/li>\n<li>(s&nbsp;S. Kl\u00edmou a&nbsp;K. Such\u00fdm eds.) <em>\u010c\u00edtanka pre \u013eudov\u00e9 \u0161koly. Diel I, pre 2.&nbsp;a&nbsp;3.&nbsp;\u0161kolsk\u00fd rok. 3.&nbsp;opraven\u00e9 a&nbsp;rozmno\u017een\u00e9 vyd<\/em>. Praha: \u0160t\u00e1tne nakladatelstvo, 1924.<\/li>\n<li><em>D\u011bdina: 516 fotografi\u00ed lidov\u00fdch staveb v&nbsp;republice \u010ceskoslovensk\u00e9<\/em>. Praha: Vesm\u00edr, 1925.<\/li>\n<li>(ed.) <em>Josef Kajet\u00e1n Tyl: \u010desk\u00fd buditel, spisovatel, herec a&nbsp;spolutv\u016frce n\u00e1rodn\u00ed hymny Kde domov m\u016fj: k&nbsp;sedmdes\u00e1t\u00e9mu v\u00fdro\u010d\u00ed jeho smrti<\/em>. V&nbsp;Praze: J. Otto, 1926.<\/li>\n<li>(s&nbsp;S. Kl\u00edmou a&nbsp;K. Such\u00fdm eds.) <em>\u010c\u00edtanka pre \u013eudov\u00e9 \u0161koly. Diel II, (pre 4., 5.&nbsp;a&nbsp;6.&nbsp;\u0161kolsk\u00fd rok)<\/em>. Tretie, v&nbsp;podstate nezmenen\u00e9 vydanie. V&nbsp;Prahe: St\u00e1tnie nakladate\u013estvo, 1926.<\/li>\n<li>(s&nbsp;S. Kl\u00edmou a&nbsp;K. Such\u00fdm eds.) <em>\u010c\u00edtanka pre \u013eudov\u00e9 \u0161koly. Diel I, (Pre 2.&nbsp;a&nbsp;3.&nbsp;\u0161kolsk\u00fd rok). 4., v&nbsp;podstate nezmen. vyd<\/em>. Praha: \u0160t\u00e1tne nakladate\u013estvo, 1927.<\/li>\n<li>(s&nbsp;M. Novotn\u00fdm) eds. <em>Almanach Jindy a&nbsp;nyn\u00ed na jubilejn\u00ed svatov\u00e1clavsk\u00fd rok<\/em> 1929. V&nbsp;Praze: Zden\u011bk No\u017ei\u010dka, [1928].<\/li>\n<li>(ed.) <em>Franti\u0161ek T\u00e1borsk\u00fd: hrst stat\u00ed a&nbsp;p\u0159\u00e1telsk\u00fdch vzpom\u00ednek k&nbsp;jeho sedmdes\u00e1tce<\/em>. V&nbsp;Praze: Bohumil Vavrou\u0161ek, 1928.<\/li>\n<li><em>Kostel na d\u011bdin\u011b a&nbsp;v&nbsp;m\u011bste\u010dku: 615 fotografi\u00ed c\u00edrkevn\u00edch lidov\u00fdch staveb v&nbsp;republice \u010deskoslovensk\u00e9<\/em>. Praha: Kvasni\u010dka a&nbsp;Hampl, 1929.<\/li>\n<li><em>C\u00edrkevn\u00ed pam\u00e1tky na Podkarpatsk\u00e9 Rusi<\/em>. V&nbsp;Praze: Kvasni\u010dka a&nbsp;Hampl, 1929.<\/li>\n<li>(ed.) <em>Pamiatke Milana Rast. \u0160tef\u00e1nika<\/em>. V&nbsp;Prahe: \u0160tef\u00e1nikova kolej pre slovensk\u00e9 \u0161tudentstvo vysoko\u0161kolsk\u00e9, 1929.<\/li>\n<li>s liter\u00e1rn\u00edm p\u0159isp\u011bn\u00edm Arna Nov\u00e1ka: <em>Liter\u00e1rn\u00ed atlas \u010deskoslovensk\u00fd I<\/em>. Praha: J. Otto, 1932.<\/li>\n<li>(ed.) <em>Album Karla Hynka M\u00e1chy k&nbsp;st\u00e9mu v\u00fdro\u010d\u00ed b\u00e1sn\u00edkova \u00famrt\u00ed a&nbsp;I. vyd\u00e1n\u00ed \u201eM\u00e1je\u201c sebral a&nbsp;uspo\u0159\u00e1dal Bohumil Vavrou\u0161ek. \u00davodn\u00ed studii napsal Arne Nov\u00e1k<\/em>. V&nbsp;Praze: Prometheus, [asi 1936].<\/li>\n<li>(s&nbsp;F. P\u00e1tou a&nbsp;J. Vesel\u00fdm) eds. <em>\u010ctvrtky: vzpom\u00ednky a&nbsp;\u017eert\u00edky Krou\u017eku p\u0159\u00e1tel prof. Jana Voborn\u00edka a&nbsp;mal\u00ed\u0159e Adolfa Ka\u0161para<\/em>. 4. Choce\u0148: Loutk\u00e1\u0159, 1936.<\/li>\n<li>(s&nbsp;A. Nov\u00e1kem a&nbsp;O. V. Hyke\u0161em eds.) <em>Album Jana Ev. Purkyn\u011b. Studie napsali O. V. Hyke\u0161 a&nbsp;Arne Nov\u00e1k<\/em>. V&nbsp;Praze: Prometheus, 1937.<\/li>\n<li>(ed.) <em>Dr. Josef Ko\u0159ensk\u00fd: \u017eivotopisn\u00e1 sta\u0165 a&nbsp;hrst p\u0159\u00e1telsk\u00fdch vzpom\u00ednek k&nbsp;jeho devades\u00e1tce<\/em>. Praha: B. Vavrou\u0161ek, 1937.<\/li>\n<li>s liter\u00e1rn\u00edm p\u0159isp\u011bn\u00edm a&nbsp;s&nbsp;\u00favodem Arna Nov\u00e1ka. <em>Liter\u00e1rn\u00ed atlas \u010deskoslovensk\u00fd II<\/em>. Praha: Prometheus, 1938.<\/li>\n<li><em>Josef Tulka: rom\u00e1n \u017eivota a&nbsp;d\u00edlo<\/em>. V&nbsp;Praze: Topi\u010dova edice, 1940. Topi\u010dovy knihy \u010desk\u00fdch osud\u016f.<\/li>\n<li><em>Pohlednice \u2013 Kroje ze Zem. Podhrad\u00ed, Kroj trnavsk\u00fd, Kroje z&nbsp;Brezov\u00e9 a&nbsp;Hradi\u0161te, Mikol\u00e1\u0161 Ale\u0161<\/em> \u2013 N\u00e1kladem B. Vavrou\u0161ka na Kr. Vinohradech \u010d.&nbsp;1154. M\u00edsto vyd\u00e1n\u00ed a&nbsp;datum neuvedeny.<\/li>\n<li><em> M\u011bste\u010dko<\/em> [P\u0159ipraveno k tisku, nevy\u0161lo.]<\/li>\n<li><em>Emp\u00edr v&nbsp;\u010cech\u00e1ch<\/em> [P\u0159ipraveno k tisku, nevy\u0161lo.]<\/li>\n<\/ul>\n<h5 id=\"\">Periodika \u2013 v\u00fdb\u011br \u010dl\u00e1nk\u016f Bohumila Vavrou\u0161ka:<\/h5>\n<ul>\n<li>Bukovina. Cestopisn\u00fd \u010dl\u00e1nek s\u00a0vlastn\u00edmi fotografiemi a&nbsp;fotografiemi npor. L. Vychodila. <em>Zlat\u00e1 Praha XXX<\/em>. 1913, s. 501\u2013502, 509\u2013510, 520\u2013522.<\/li>\n<li>B\u00fdval\u00fd panensk\u00fd kl\u00e1\u0161ter v&nbsp;Doksanech. <em>Zlat\u00e1 Praha XXXIII<\/em>. 1916, s. 201\u2013202.<\/li>\n<li>Hrad Per\u0161t\u00fdn. <em>Zlat\u00e1 Praha XXXIII<\/em>. 1916, s. 502\u2013504.<\/li>\n<li>Starobyl\u00fd d\u0159ev\u011bn\u00fd kostel\u00edk ve Slavo\u0148ov\u011b. <em>Zlat\u00e1 Praha XXXIV<\/em>. 1917, s. 201\u2013202.<\/li>\n<li>V\u011btrn\u00e9 ml\u00fdny <em>Zlat\u00e1 Praha XXXIV<\/em>. 1917, s. 322, 348, 420.<\/li>\n<li>D\u0159ev\u011bn\u00e9 stavby na\u0161eho lidu. <em>Zlat\u00e1 Praha XXXIV<\/em>. 1917, s. 576.<\/li>\n<li>D\u0159ev\u011bn\u00e9 stavby lidov\u00e9 v&nbsp;\u010cech\u00e1ch. <em>Zlat\u00e1 Praha XXXV<\/em>. 1918, s. 48, 120.<\/li>\n<li>D\u0159ev\u011bn\u00e9 stavby na\u0161eho lidu v&nbsp;\u010cech\u00e1ch. <em>Zlat\u00e1 Praha XXXV<\/em>. 1918, s. 456<\/li>\n<li>Rom\u00e1nsk\u00fd kostel\u00edk ve Sv.&nbsp;Jakub\u011b. <em>Zlat\u00e1 Praha XXXV<\/em>. 1918, s. 166\u2013167.<\/li>\n<li>Bo\u017e\u00ed muka. <em>Zlat\u00e1 Praha XXXVI<\/em>. 1919, s. 14\u201316, 30\u201331.<\/li>\n<li>D\u0159ev\u011bn\u00e9 stavby lidov\u00e9 v&nbsp;\u010cech\u00e1ch. <em>Zlat\u00e1 Praha XXXVI<\/em>. 1919, s. 176, 208.<\/li>\n<li>D\u0159ev\u011bn\u00e9 stavby na\u0161eho lidu. <em>Zlat\u00e1 Praha XXXVI<\/em>. 1919, s. 384.<\/li>\n<li>Obr\u00e1zky z&nbsp;na\u0161eho Hlu\u010d\u00ednska. <em>Sv\u011btozor XXVI<\/em>. 25, 1926, s. 489\u00a0 <em>Sv\u011btozor XXVI<\/em>, 25, 1926, s. 489<\/li>\n<li>Typy, kroje a&nbsp;stavby z&nbsp;\u010ci\u010dman v&nbsp;\u017eup\u011b Tren\u010dansk\u00e9. <em>Sv\u011btozor XXVII<\/em>. 5, 1926, s. 99<\/li>\n<li>Obr\u00e1zky z&nbsp;Ke\u017emarku. <em>Sv\u011btozor XXVIII<\/em>. 31, 1928, s. 603\u2013605<\/li>\n<li>Evangelick\u00fd kostel v&nbsp;Rimavsk\u00e9 Bani. <em>Sv\u011btozor XXVIII<\/em>. 45, 1928, s&nbsp;893\u2013894.<\/li>\n<li>Z\u00e1mek v&nbsp;Humenn\u00e9m v&nbsp;b\u00fdv. Zempl\u00ednsk\u00e9 \u017eup\u011b na Slovensku. <em>Sv\u011btozor XXIX<\/em>. 50, 1929, s. 1124.<\/li>\n<li>Lidov\u00e9 um\u011bn\u00ed ve slu\u017eb\u00e1ch pietn\u00ed vzpom\u00ednky. <em>Sv\u011btozor XXX<\/em>. 4, 1929, s. 72.<\/li>\n<li>D\u0159ev\u011bn\u00e9 cerkve na Podkarpatsk\u00e9 Rusi. <em>Zlat\u00e1 Praha XLVI<\/em>. 1929, s. 76\u201378, 80, 96\u201398, 100.<\/li>\n<li>Starobyl\u00fd evangelick\u00fd kostel ve \u0160t\u00edtniku. <em>Zlat\u00e1 Praha XLVI.<\/em> 1929, s. 516\u2013518, 520.<\/li>\n<\/ul>\n","protected":false},"excerpt":{"rendered":"<p>Publikace Bohumila Vavrou\u0161ka: Krakov, Lvov, V\u011bli\u010dka, Zakopan\u00e9, Var\u0161ava, \u010censtochov\u00e1: s&nbsp;12 ilustracemi a&nbsp;s&nbsp;pl\u00e1ny Krakova a&nbsp;Lvova. Praha: Nakladatelsk\u00e9 Dru\u017estvo M\u00e1je, [1910]. (s&nbsp;J. F. Chaloupeck\u00fdm). Ben\u00e1tky. Praha: \u010cen\u011bk \u0160ulc, [1911]. \u0160ulc\u016fv stru\u010dn\u00fd pr\u016fvodce &hellip; <a href=\"https:\/\/sovamm.cz\/wordpress\/vystavy\/vystava-bohumil-vavrousek-fotograf\/bohumil-vavrousek\/bohumil-vavrousek-publikace\/\" class=\"more-link\">Pokra\u010dov\u00e1n\u00ed textu <span class=\"screen-reader-text\">Bohumil Vavrou\u0161ek: Publikace<\/span> <span class=\"meta-nav\">&rarr;<\/span><\/a><\/p>\n","protected":false},"author":2,"featured_media":0,"parent":5601,"menu_order":0,"comment_status":"closed","ping_status":"closed","template":"","meta":{"jetpack_post_was_ever_published":false,"footnotes":""},"class_list":["post-7081","page","type-page","status-publish","hentry"],"jetpack_shortlink":"https:\/\/wp.me\/P8dB8l-1Qd","jetpack_sharing_enabled":true,"_links":{"self":[{"href":"https:\/\/sovamm.cz\/wordpress\/wp-json\/wp\/v2\/pages\/7081","targetHints":{"allow":["GET"]}}],"collection":[{"href":"https:\/\/sovamm.cz\/wordpress\/wp-json\/wp\/v2\/pages"}],"about":[{"href":"https:\/\/sovamm.cz\/wordpress\/wp-json\/wp\/v2\/types\/page"}],"author":[{"embeddable":true,"href":"https:\/\/sovamm.cz\/wordpress\/wp-json\/wp\/v2\/users\/2"}],"replies":[{"embeddable":true,"href":"https:\/\/sovamm.cz\/wordpress\/wp-json\/wp\/v2\/comments?post=7081"}],"version-history":[{"count":5,"href":"https:\/\/sovamm.cz\/wordpress\/wp-json\/wp\/v2\/pages\/7081\/revisions"}],"predecessor-version":[{"id":7086,"href":"https:\/\/sovamm.cz\/wordpress\/wp-json\/wp\/v2\/pages\/7081\/revisions\/7086"}],"up":[{"embeddable":true,"href":"https:\/\/sovamm.cz\/wordpress\/wp-json\/wp\/v2\/pages\/5601"}],"wp:attachment":[{"href":"https:\/\/sovamm.cz\/wordpress\/wp-json\/wp\/v2\/media?parent=7081"}],"curies":[{"name":"wp","href":"https:\/\/api.w.org\/{rel}","templated":true}]}}