{"id":7,"date":"2016-09-26T22:52:53","date_gmt":"2016-09-26T20:52:53","guid":{"rendered":"http:\/\/sovamm.synology.me\/wordpress\/?page_id=7"},"modified":"2025-03-13T11:38:13","modified_gmt":"2025-03-13T10:38:13","slug":"sovpis","status":"publish","type":"page","link":"https:\/\/sovamm.cz\/wordpress\/sovpis\/","title":{"rendered":"SOVPIS"},"content":{"rendered":"<h3 id=\"\">Prostorov\u00fd informa\u010dn\u00ed syst\u00e9m<br \/>\nvernakul\u00e1rn\u00ed architektury a&nbsp;s\u00eddel<\/h3>\n<p>C\u00edlem projektu je vytvo\u0159en\u00ed prostorov\u00e9ho informa\u010dn\u00edho syst\u00e9mu (d\u00e1le jen PIS) vernakul\u00e1rn\u00ed architektury v\u010detn\u011b technick\u00fdch pam\u00e1tek a&nbsp;s\u00eddel, zalo\u017een\u00e9ho na principu jednozna\u010dn\u00e9 prostorov\u00e9 identifikace dokumentace v&nbsp;soupisov\u00e9 datab\u00e1z\u00ed a&nbsp;jej\u00ed prov\u00e1z\u00e1n\u00ed s&nbsp;GIS. Datov\u00fd z\u00e1klad syst\u00e9mu tvo\u0159\u00ed archiv digit\u00e1ln\u00ed a&nbsp;digitalizovan\u00e9 dokumentace Spole\u010dnosti pro obnovu vesnice a&nbsp;mal\u00e9ho m\u011bsta, z.s. (d\u00e1le jen SOVAMM). Tato informa\u010dn\u00ed b\u00e1ze je dopl\u0148ov\u00e1na stavebn\u011b historick\u00fdmi pr\u016fzkumy v&nbsp;podrobnostech od inventariza\u010dn\u00edch a\u00a0s\u00eddeln\u00edch pr\u016fzkum\u016f po&nbsp;stavebn\u011b historick\u00e9 pr\u016fzkumy jednotliv\u00fdch vytipovan\u00fdch nejhodnotn\u011bj\u0161\u00edch a&nbsp;ohro\u017een\u00fdch objekt\u016f.<\/p>\n<p>Hlavn\u00edm p\u0159edm\u011btem projektu je vernakul\u00e1rn\u00ed (lidov\u00e1 a&nbsp;stavitelsk\u00e1) architektura, kter\u00e1 pat\u0159\u00ed mezi nejohro\u017een\u011bj\u0161\u00ed typologick\u00e9 druhy nemovit\u00e9ho d\u011bdictv\u00ed. P\u0159ev\u00e1\u017en\u011b jde o&nbsp;pam\u00e1tky region\u00e1ln\u00edho v\u00fdznamu, spoluvytv\u00e1\u0159ej\u00edc\u00ed kulturn\u00ed identitu jednotliv\u00fdch m\u00edst. Jejich pozn\u00e1n\u00ed a\u00a0prezentace je jedn\u00edm z&nbsp;kl\u00ed\u010dov\u00fdch p\u0159edpoklad\u016f uchov\u00e1n\u00ed hodnot d\u011bdictv\u00ed venkova pro p\u0159\u00ed\u0161t\u00ed generace.<\/p>\n<p>\u010clenov\u00e9 t\u00fdmu se pod\u00edlej\u00ed od roku 1964 na systematick\u00e9m soupisu, dokumentaci a&nbsp;pr\u016fzkumech vernakul\u00e1rn\u00ed architektury, od roku 1988 na n\u00e1vrhu m\u011bstsk\u00fdch a&nbsp;vesnick\u00fdch pam\u00e1tkov\u00fdch rezervac\u00ed a&nbsp;z\u00f3n a&nbsp;od roku 2008 na v\u00fdvoji pl\u00e1n\u016f ochrany plo\u0161n\u011b chr\u00e1n\u011bn\u00fdch \u00fazem\u00ed. Od roku 1992 vyv\u00edjej\u00ed datab\u00e1zi historick\u00fdch lokalit a&nbsp;region\u016f CZ_RETRO, od roku 2001 se v\u00fdznamn\u011b pod\u00edlej\u00ed na budov\u00e1n\u00ed oborov\u00e9ho GIS S\u00daPP\/ NP\u00da (d\u00e1le jen PaGIS) a&nbsp;od roku 2008 se pod\u00edlej\u00ed na rozvoji metainforma\u010dn\u00edho syst\u00e9mu NP\u00da (d\u00e1le jen MIS), kter\u00fd je stejn\u011b jako PaGIS sou\u010d\u00e1st\u00ed IISPP.<\/p>\n<p>Hlavn\u00ed c\u00edle projektu SOVPIS jsou:<\/p>\n<ul>\n<li>ut\u0159\u00edd\u011bn\u00ed a&nbsp;archivace rozs\u00e1hl\u00e9 dokumentace SOVAMM (fotodokumentace, inventarizace, zam\u011b\u0159en\u00ed a&nbsp;SHP) a&nbsp;jej\u00ed zp\u0159\u00edstupn\u011bn\u00ed.<\/li>\n<li>vytvo\u0159en\u00ed PIS vernakul\u00e1rn\u00ed architektury, preindustri\u00e1ln\u00edch technick\u00fdch pam\u00e1tek a&nbsp;s\u00eddel, zalo\u017een\u00e9ho na principu jednotn\u00e9 datab\u00e1ze a&nbsp;jednozna\u010dn\u00e9 prostorov\u00e9 identifikace dokument\u016f a&nbsp;jejich prov\u00e1z\u00e1n\u00ed s&nbsp;PaGIS.<\/li>\n<li>aktualizace (po&nbsp;str\u00e1nce obsahov\u00e9 i&nbsp;technologick\u00e9) datab\u00e1ze Atlasu lidov\u00e9 architektury vznikl\u00e9 v&nbsp;p\u0159edchoz\u00edch grantov\u00fdch projektech SOVAMM a&nbsp;jej\u00ed integrace do SOVPISu<\/li>\n<li>zp\u0159\u00edstupn\u011bn\u00ed SOVPIS prost\u0159ednictv\u00edm webov\u00e9ho port\u00e1lu<\/li>\n<li>interoperabilita SOVPIS s&nbsp;IISPP a&nbsp;datab\u00e1z\u00ed N\u00e1rodn\u00edch jmenn\u00fdch a&nbsp;v\u011bcn\u00fdch autorit \u010cR<\/li>\n<li>v\u00fdvoj dal\u0161\u00edch temat SOVPIS \u2013 p\u0159edev\u0161\u00edm vzorov\u00fdch p\u0159\u00edklad\u016f obnovy lidov\u00e9 architektury umo\u017enuj\u00edc\u00ed vyhled\u00e1v\u00e1n\u00ed p\u0159\u00edklad\u016f dobr\u00e9 praxe oprav staveb, jejich \u010d\u00e1st\u00ed i&nbsp;jednotliv\u00fdch konstrukc\u00ed<\/li>\n<\/ul>\n<p>Pro ulo\u017een\u00ed a&nbsp;zp\u0159\u00edstupn\u011bn\u00ed dokumentace a&nbsp;datab\u00e1ze SOVPIS jsme od po\u010d\u00e1tku projektu po\u010d\u00edtali s&nbsp;napojen\u00edm na IISPP NP\u00da prost\u0159ednictv\u00edm sd\u00edlen\u00ed spole\u010dn\u011b vyv\u00edjen\u00fdch prostorov\u00fdch identifika\u010dn\u00edch prvk\u016f paGIS a&nbsp;sd\u00edlen\u00ed centr\u00e1ln\u00ed popisn\u00e9 datab\u00e1ze dokument\u016f MIS s&nbsp;vybudov\u00e1n\u00edm lok\u00e1ln\u00edho \u00falo\u017ei\u0161t\u011b pro archiv SOVAMM.<br \/>\n<a href=\"http:\/\/sovamm.cz\/PDFs\/SOVAMM\/SOVPIS\/SMLOUVA_NPU_ec172131012017.pdf\" target=\"_blank\" rel=\"noopener noreferrer\">Smlouva o&nbsp;spolupr\u00e1ci na vytv\u00e1\u0159en\u00ed IISPP a&nbsp;SOVPIS<\/a> byla uzav\u0159ena 14.7.2017. Lok\u00e1ln\u00ed \u00falo\u017ei\u0161t\u011b MIS &#8211; SOVAMM bylo n\u00e1sledn\u011b zprovozn\u011bno 6.10.2017.<\/p>\n<p>&nbsp;<\/p>\n<ul>\n<li><a href=\"https:\/\/sovamm.cz\/wordpress\/verejny-prostor\/\">Ve\u0159ejn\u00e1 \u010d\u00e1st projektu SOVPIS<\/a><\/li>\n<li><a href=\"https:\/\/sovamm.cz\/wordpress\/pracovni-prostor\/\">Pracovn\u00ed prostor projektu SOVPIS<\/a><\/li>\n<\/ul>\n<p>&nbsp;<\/p>\n<ul>\n<li><a href=\"https:\/\/sovamm.wordpress.com\/jak-podporit-cinnost-a-projekty-sovamm\/\" target=\"_blank\" rel=\"noopener\">Jak podpo\u0159it projekty SOVAMM<\/a><\/li>\n<\/ul>\n<p>&nbsp;<\/p>\n<p>Aktualizov\u00e1no: <span class=\"last-modified-timestamp\">13\/03\/2025 11:38<\/span><\/p>\n","protected":false},"excerpt":{"rendered":"<p>Prostorov\u00fd informa\u010dn\u00ed syst\u00e9m vernakul\u00e1rn\u00ed architektury a&nbsp;s\u00eddel C\u00edlem projektu je vytvo\u0159en\u00ed prostorov\u00e9ho informa\u010dn\u00edho syst\u00e9mu (d\u00e1le jen PIS) vernakul\u00e1rn\u00ed architektury v\u010detn\u011b technick\u00fdch pam\u00e1tek a&nbsp;s\u00eddel, zalo\u017een\u00e9ho na principu jednozna\u010dn\u00e9 prostorov\u00e9 identifikace dokumentace v&nbsp;soupisov\u00e9 &hellip; <a href=\"https:\/\/sovamm.cz\/wordpress\/sovpis\/\" class=\"more-link\">Pokra\u010dov\u00e1n\u00ed textu <span class=\"screen-reader-text\">SOVPIS<\/span> <span class=\"meta-nav\">&rarr;<\/span><\/a><\/p>\n","protected":false},"author":2,"featured_media":67,"parent":0,"menu_order":1,"comment_status":"closed","ping_status":"closed","template":"","meta":{"jetpack_post_was_ever_published":false,"footnotes":""},"class_list":["post-7","page","type-page","status-publish","has-post-thumbnail","hentry"],"jetpack_shortlink":"https:\/\/wp.me\/P8dB8l-7","jetpack_sharing_enabled":true,"_links":{"self":[{"href":"https:\/\/sovamm.cz\/wordpress\/wp-json\/wp\/v2\/pages\/7","targetHints":{"allow":["GET"]}}],"collection":[{"href":"https:\/\/sovamm.cz\/wordpress\/wp-json\/wp\/v2\/pages"}],"about":[{"href":"https:\/\/sovamm.cz\/wordpress\/wp-json\/wp\/v2\/types\/page"}],"author":[{"embeddable":true,"href":"https:\/\/sovamm.cz\/wordpress\/wp-json\/wp\/v2\/users\/2"}],"replies":[{"embeddable":true,"href":"https:\/\/sovamm.cz\/wordpress\/wp-json\/wp\/v2\/comments?post=7"}],"version-history":[{"count":7,"href":"https:\/\/sovamm.cz\/wordpress\/wp-json\/wp\/v2\/pages\/7\/revisions"}],"predecessor-version":[{"id":6477,"href":"https:\/\/sovamm.cz\/wordpress\/wp-json\/wp\/v2\/pages\/7\/revisions\/6477"}],"wp:featuredmedia":[{"embeddable":true,"href":"https:\/\/sovamm.cz\/wordpress\/wp-json\/wp\/v2\/media\/67"}],"wp:attachment":[{"href":"https:\/\/sovamm.cz\/wordpress\/wp-json\/wp\/v2\/media?parent=7"}],"curies":[{"name":"wp","href":"https:\/\/api.w.org\/{rel}","templated":true}]}}