{"id":6913,"date":"2025-03-15T17:20:52","date_gmt":"2025-03-15T16:20:52","guid":{"rendered":"https:\/\/sovamm.cz\/wordpress\/?page_id=6913"},"modified":"2025-03-15T17:20:52","modified_gmt":"2025-03-15T16:20:52","slug":"exhibition-josef-suta-master-builder-1863-1941","status":"publish","type":"page","link":"https:\/\/sovamm.cz\/wordpress\/en\/exhibitions\/exhibition-josef-suta-master-builder-1863-1941\/","title":{"rendered":"Exhibition Josef \u0160uta, master builder (1863-1941)"},"content":{"rendered":"<p>The exhibition <strong>Stavitel Josef \u0160uta (1863-1941), projekty a&nbsp;realizace \u2013 minulost a&nbsp;sou\u010dasnost \/ Josef \u0160uta, mastrer builder (1863-1941), projects and realizations \u2013 past and present<\/strong> took place in the Castle Gallery in Uhersk\u00fd Ostroh from September 16 to November 19, 2017. Through plans from 1895 to 1933 from the State District Archive in Uhersk\u00fd Hradi\u0161t\u011b and the fates of the realized buildings, the city commemorated the work of the builder, who significantly entered the building history not only of Uhersk\u00fd Ostroh, but also of Ostro\u017esk\u00fd P\u0159edm\u011bst\u00ed and Kva\u010dice. With the author of the exhibition, <a href=\"https:\/\/sovamm.wordpress.com\/who-is-who\/helena-berankova\/\" target=\"_blank\" rel=\"noopener\">PhDr. Helena Ber\u00e1nkov\u00e1<\/a>, an ethnologist and curator of the collection of photographs and graphics of the Ethnographic Institute of the Moravian Museum, who &#8211; like other SOVAMM members Zuzana and JI\u0159\u00ed Syrov\u00ed &#8211; has been dealing with the personality and work of the builder Josef \u0160uta and Uhersk\u00fd Ostroh for a&nbsp;long time, we decided to make the exhibition available at least virtually after its end:<\/p>\n<p>&nbsp;<\/p>\n<a href=\"https:\/\/sovamm.cz\/wordpress\/wp-content\/uploads\/2025\/03\/Josef-Suta_1863-1941.pdf\" class=\"pdfemb-viewer\" style=\"\" data-width=\"max\" data-height=\"max\" data-toolbar=\"bottom\" data-toolbar-fixed=\"off\">Josef-Suta_1863-1941<\/a>\n<hr \/>\n<p><a href=\"https:\/\/sovamm.cz\/wordpress\/wp-content\/uploads\/2025\/03\/Josef-Suta_1863-1941.pdf\" target=\"_blank\" rel=\"noopener\">Download<\/a><\/p>\n<p><a href=\"https:\/\/sovamm.cz\/wordpress\/wp-content\/uploads\/2025\/03\/Josef-Suta_1863-1941.pdf#pagemode=bookmarks&amp;page=16\" target=\"_blank\" rel=\"noopener\"><img data-recalc-dims=\"1\" loading=\"lazy\" decoding=\"async\" data-attachment-id=\"6888\" data-permalink=\"https:\/\/sovamm.cz\/wordpress\/vystavy\/vystava-stavitel-josef-suta-1863-1941\/credits\/\" data-orig-file=\"https:\/\/i0.wp.com\/sovamm.cz\/wordpress\/wp-content\/uploads\/2025\/03\/credits-scaled-e1742047751531.jpg?fit=733%2C1038&amp;ssl=1\" data-orig-size=\"733,1038\" data-comments-opened=\"1\" data-image-meta=\"{&quot;aperture&quot;:&quot;0&quot;,&quot;credit&quot;:&quot;&quot;,&quot;camera&quot;:&quot;&quot;,&quot;caption&quot;:&quot;&quot;,&quot;created_timestamp&quot;:&quot;0&quot;,&quot;copyright&quot;:&quot;&quot;,&quot;focal_length&quot;:&quot;0&quot;,&quot;iso&quot;:&quot;0&quot;,&quot;shutter_speed&quot;:&quot;0&quot;,&quot;title&quot;:&quot;&quot;,&quot;orientation&quot;:&quot;1&quot;}\" data-image-title=\"credits\" data-image-description=\"\" data-image-caption=\"\" data-large-file=\"https:\/\/i0.wp.com\/sovamm.cz\/wordpress\/wp-content\/uploads\/2025\/03\/credits-scaled-e1742047751531.jpg?fit=474%2C671&amp;ssl=1\" class=\"aligncenter wp-image-6888\" src=\"https:\/\/i0.wp.com\/sovamm.cz\/wordpress\/wp-content\/uploads\/2025\/03\/credits.jpg?resize=300%2C425&#038;ssl=1\" alt=\"\" width=\"300\" height=\"425\" \/><\/a><\/p>\n<p>&nbsp;<\/p>\n<p>&nbsp;<\/p>\n<hr \/>\n<ul>\n<li>Syrov\u00e1, Z. &amp; Syrov\u00fd, J. 2015. Moravian master builders and their contribution to sustainability. In Mileto, C., Vegas, F., Garc\u00eda Soriano, L., &amp; Cristini, V. (eds) <em>Vernacular Architecture: Towards a\u00a0Sustainable Future<\/em>. 685\u2013690. Leiden: CRC Press\/Balkema.\u00a0<a href=\"https:\/\/sovamm.cz\/PDFs\/Biblio\/VerSUS2014_116.pdf#pagemode=bookmarks&amp;page=1\" target=\"_blank\" rel=\"noopener noreferrer\">PDF<\/a><\/li>\n<li><a href=\"https:\/\/blog.sy-sy.cz\/index.php\/o-nas\/projekty-a-pruzkumy\/shp-uhersky-ostroh\/\" target=\"_blank\" rel=\"noopener\">Eli\u00e1\u0161, J.O., Syrov\u00e1 Z. &amp; Syrov\u00fd J. 1994: <em>Uhersk\u00fd Ostroh, <\/em><em>stavebn\u011b historick\u00fd pr\u016fzkum pam\u00e1tkov\u00e9 z\u00f3ny<\/em>. Brno<\/a><\/li>\n<\/ul>\n","protected":false},"excerpt":{"rendered":"<p>The exhibition Stavitel Josef \u0160uta (1863-1941), projekty a&nbsp;realizace \u2013 minulost a&nbsp;sou\u010dasnost \/ Josef \u0160uta, mastrer builder (1863-1941), projects and realizations \u2013 past and present took place in the Castle Gallery &hellip; <a href=\"https:\/\/sovamm.cz\/wordpress\/en\/exhibitions\/exhibition-josef-suta-master-builder-1863-1941\/\" class=\"more-link\">Pokra\u010dov\u00e1n\u00ed textu <span class=\"screen-reader-text\">Exhibition Josef \u0160uta, master builder (1863-1941)<\/span> <span class=\"meta-nav\">&rarr;<\/span><\/a><\/p>\n","protected":false},"author":2,"featured_media":6892,"parent":6810,"menu_order":100,"comment_status":"closed","ping_status":"closed","template":"","meta":{"jetpack_post_was_ever_published":false,"footnotes":""},"class_list":["post-6913","page","type-page","status-publish","has-post-thumbnail","hentry"],"jetpack_shortlink":"https:\/\/wp.me\/P8dB8l-1Nv","jetpack_sharing_enabled":true,"_links":{"self":[{"href":"https:\/\/sovamm.cz\/wordpress\/wp-json\/wp\/v2\/pages\/6913","targetHints":{"allow":["GET"]}}],"collection":[{"href":"https:\/\/sovamm.cz\/wordpress\/wp-json\/wp\/v2\/pages"}],"about":[{"href":"https:\/\/sovamm.cz\/wordpress\/wp-json\/wp\/v2\/types\/page"}],"author":[{"embeddable":true,"href":"https:\/\/sovamm.cz\/wordpress\/wp-json\/wp\/v2\/users\/2"}],"replies":[{"embeddable":true,"href":"https:\/\/sovamm.cz\/wordpress\/wp-json\/wp\/v2\/comments?post=6913"}],"version-history":[{"count":2,"href":"https:\/\/sovamm.cz\/wordpress\/wp-json\/wp\/v2\/pages\/6913\/revisions"}],"predecessor-version":[{"id":6915,"href":"https:\/\/sovamm.cz\/wordpress\/wp-json\/wp\/v2\/pages\/6913\/revisions\/6915"}],"up":[{"embeddable":true,"href":"https:\/\/sovamm.cz\/wordpress\/wp-json\/wp\/v2\/pages\/6810"}],"wp:featuredmedia":[{"embeddable":true,"href":"https:\/\/sovamm.cz\/wordpress\/wp-json\/wp\/v2\/media\/6892"}],"wp:attachment":[{"href":"https:\/\/sovamm.cz\/wordpress\/wp-json\/wp\/v2\/media?parent=6913"}],"curies":[{"name":"wp","href":"https:\/\/api.w.org\/{rel}","templated":true}]}}