{"id":6884,"date":"2025-03-15T15:56:12","date_gmt":"2025-03-15T14:56:12","guid":{"rendered":"https:\/\/sovamm.cz\/wordpress\/?page_id=6884"},"modified":"2025-03-15T15:56:12","modified_gmt":"2025-03-15T14:56:12","slug":"vystava-stavitel-josef-suta-1863-1941","status":"publish","type":"page","link":"https:\/\/sovamm.cz\/wordpress\/vystavy\/vystava-stavitel-josef-suta-1863-1941\/","title":{"rendered":"V\u00fdstava Stavitel Josef \u0160uta (1863-1941)"},"content":{"rendered":"<p>V\u00fdstava<strong> Stavitel Josef \u0160uta (1863-1941), projekty a&nbsp;realizace \u2013 minulost a&nbsp;sou\u010dasnost <\/strong>se konala v&nbsp;Z\u00e1meck\u00e9 galerii v&nbsp;Uhersk\u00e9m Ostrohu ve dnech 16.&nbsp;z\u00e1\u0159\u00ed &#8211; 19.&nbsp;listopadu 2017.\u00a0 Prost\u0159ednictv\u00edm pl\u00e1n\u016f z&nbsp;let 1895 \u2013 1933 ze St\u00e1tn\u00edho okresn\u00edho archivu v&nbsp;Uhersk\u00e9m Hradi\u0161ti a&nbsp;osud\u016f realizovan\u00fdch staveb si m\u011bsto p\u0159ipomn\u011blo d\u00edlo stavitele, kter\u00fd se v\u00fdznamn\u00fdm zp\u016fsobem zapsal do stavebn\u00ed historie nejen Uhersk\u00e9ho Ostrohu, ale i&nbsp;Ostro\u017esk\u00e9ho P\u0159edm\u011bst\u00ed a&nbsp;Kva\u010dic. S&nbsp;autorkou v\u00fdstavy <a href=\"https:\/\/sovamm.wordpress.com\/who-is-who\/helena-berankova\/\" target=\"_blank\" rel=\"noopener\">PhDr. Helenou Ber\u00e1nkovou<\/a>, etnolo\u017ekou a&nbsp;kur\u00e1torkou sb\u00edrky fotografi\u00ed a&nbsp;grafiky Etnografick\u00e9ho \u00fastavu Moravsk\u00e9ho zemsk\u00e9ho muzea, kter\u00e1 se &#8211; podobn\u011b jako dal\u0161\u00ed \u010dlenov\u00e9 SOVAMM Zuzana a&nbsp;JI\u0159\u00ed Syrov\u00ed &#8211; dlouhodob\u011b osobnost\u00ed a&nbsp;d\u00edlem stavitele Josefa \u0160uty a&nbsp;Uhersk\u00fdm Ostrohem zab\u00fdv\u00e1, jsme se rozhodli v\u00fdstavu zp\u0159\u00edstupnit po&nbsp;jej\u00edm skon\u010den\u00ed alespo\u0148 virtu\u00e1ln\u011b:<\/p>\n<p>&nbsp;<\/p>\n<a href=\"https:\/\/sovamm.cz\/wordpress\/wp-content\/uploads\/2025\/03\/Josef-Suta_1863-1941.pdf\" class=\"pdfemb-viewer\" style=\"\" data-width=\"max\" data-height=\"max\" data-toolbar=\"bottom\" data-toolbar-fixed=\"off\">Josef-Suta_1863-1941<\/a>\n<p>&nbsp;<\/p>\n<ul>\n<li><a href=\"https:\/\/sovamm.cz\/wordpress\/wp-content\/uploads\/2025\/03\/Josef-Suta_1863-1941.pdf\" target=\"_blank\" rel=\"noopener\">JOSEF \u0160UTA (1863\u20131941)<\/a><\/li>\n<li><a href=\"https:\/\/sovamm.cz\/wordpress\/wp-content\/uploads\/2025\/03\/Josef-Suta_1863-1941.pdf#pagemode=bookmarks&amp;page=2\" target=\"_blank\" rel=\"noopener\">PROJEKTOV\u00c1 A&nbsp;STAVITELSK\u00c1 \u010cINNOST JOSEFA \u0160UTY<\/a><\/li>\n<li>Projekty a&nbsp;realizace:\n<ul>\n<li><a href=\"https:\/\/sovamm.cz\/wordpress\/wp-content\/uploads\/2025\/03\/Josef-Suta_1863-1941.pdf#pagemode=bookmarks&amp;page=3\" target=\"_blank\" rel=\"noopener\">\u201eN\u00c1KRES NA P\u0158ISTAV\u011aN\u00cd D\u00cdLNY A&nbsp;CHL\u00c9VA PRO PANA JANA STRAKU Z\u00c1ME\u010cN\u00cdKA NA P\u0158EDM\u011aST\u00cd V&nbsp;UH. OSTROHU. 1895.\u201c OSTRO\u017dSK\u00c9 P\u0158EDM\u011aST\u00cd, RYB\u00c1\u0158E \u010c. 201<\/a><\/li>\n<li><a href=\"https:\/\/sovamm.cz\/wordpress\/wp-content\/uploads\/2025\/03\/Josef-Suta_1863-1941.pdf#pagemode=bookmarks&amp;page=4\" target=\"_blank\" rel=\"noopener\">N\u00c1KRES NA VYSTAV\u011aN\u00cd NOV\u00c9HO DOMKU PRO PANA JANA KUS\u00c1KA V&nbsp;P\u0158EDM\u011aST\u00cd UH. OSTROHU. 1895. OSTRO\u017dSK\u00c9 P\u0158EDM\u011aST\u00cd, SVOBODOVA<\/a><\/li>\n<li><a href=\"https:\/\/sovamm.cz\/wordpress\/wp-content\/uploads\/2025\/03\/Josef-Suta_1863-1941.pdf#pagemode=bookmarks&amp;page=5\" target=\"_blank\" rel=\"noopener\">\u201eN\u00c1KRES NA P\u0158ISTAVEN\u00cd DOMU PRO PANA ADOLFA HAHNA V&nbsp;UH. OSTROHU. 1898.\u201c UHERSK\u00dd OSTROH, SVATOPLUKA \u010cECHA 92.<\/a><\/li>\n<li><a href=\"https:\/\/sovamm.cz\/wordpress\/wp-content\/uploads\/2025\/03\/Josef-Suta_1863-1941.pdf#pagemode=bookmarks&amp;page=6\" target=\"_blank\" rel=\"noopener\">NOV\u00dd D\u016eM PRO PANA KUKULI\u0160E. 1902 OSTRO\u017dSK\u00c9 P\u0158EDM\u011aST\u00cd, DRAHOV\u00c1 \u010c. 467<\/a><\/li>\n<li><a href=\"https:\/\/sovamm.cz\/wordpress\/wp-content\/uploads\/2025\/03\/Josef-Suta_1863-1941.pdf#pagemode=bookmarks&amp;page=7\" target=\"_blank\" rel=\"noopener\">\u201eN\u00c1KRES NA POSTAVEN\u00cd NOV\u00c9HO DOMKU PANU \u0160EBESTOVI, KREJ\u010c\u00cdMU V&nbsp;UH. OSTROHU. 1906.\u201c UHERSK\u00dd OSTROH, NERUDOVA 2<\/a><\/li>\n<li><a href=\"https:\/\/sovamm.cz\/wordpress\/wp-content\/uploads\/2025\/03\/Josef-Suta_1863-1941.pdf#pagemode=bookmarks&amp;page=8\" target=\"_blank\" rel=\"noopener\">\u201eN\u00c1VRH NA POSTAVENI DOMU PRO PANI MARII PA\u0158\u00cdZKOVOU V&nbsp;UH. OSTROHU. 1907.\u201c UHERSK\u00dd OSTROH, BART\u00c1KOVA 7.<\/a><\/li>\n<li><a href=\"https:\/\/sovamm.cz\/wordpress\/wp-content\/uploads\/2025\/03\/Josef-Suta_1863-1941.pdf#pagemode=bookmarks&amp;page=9\" target=\"_blank\" rel=\"noopener\">ADAPTACE DVOU ZEM\u011aD\u011aLSK\u00ddCH USEDLOST\u00cd, 1910 OSTRO\u017dSK\u00c9 P\u0158EDM\u011aST\u00cd, SVOBODOVA 30<\/a><\/li>\n<li><a href=\"https:\/\/sovamm.cz\/wordpress\/wp-content\/uploads\/2025\/03\/Josef-Suta_1863-1941.pdf#pagemode=bookmarks&amp;page=10\" target=\"_blank\" rel=\"noopener\">\u201eN\u00c1KRES NA STAVBU DOMU JOS. \u0160UTOVI, STAVITELI V&nbsp;P\u0158EDM\u011aST\u00cd UH. OSTROHA. 1911\u201c OSTRO\u017dSK\u00c9 P\u0158EDM\u011aST\u00cd, HRADI\u0160\u0164SK\u00c1 566.<\/a><\/li>\n<li><a href=\"https:\/\/sovamm.cz\/wordpress\/wp-content\/uploads\/2025\/03\/Josef-Suta_1863-1941.pdf#pagemode=bookmarks&amp;page=11\" target=\"_blank\" rel=\"noopener\">\u201eN\u00c1KRES NA STAVBU RODINN\u00c9HO DOMU NA M\u00cdST\u011a ST\u00c1VAJ\u00cdC\u00cdHO DOMU PANA DOKTORA PROCH\u00c1ZKY, 1914,\u201c UHERSK\u00dd OSTROH, BART\u00c1KOVA 9<\/a><\/li>\n<li><a href=\"https:\/\/sovamm.cz\/wordpress\/wp-content\/uploads\/2025\/03\/Josef-Suta_1863-1941.pdf#pagemode=bookmarks&amp;page=12\" target=\"_blank\" rel=\"noopener\">\u201e\u010c\u00c1ST PL\u00c1NU NA P\u0158ESTAVBU P\u016eVODN\u00cd LEDOVNY PRO POT\u0158EBY T\u011aLOV\u00ddCHOVN\u00c9 JEDNOTY SOKOL, PO&nbsp;ROCE 1918.\u201c<\/a><\/li>\n<li><a href=\"https:\/\/sovamm.cz\/wordpress\/wp-content\/uploads\/2025\/03\/Josef-Suta_1863-1941.pdf#pagemode=bookmarks&amp;page=13\" target=\"_blank\" rel=\"noopener\">\u201eN\u00c1KRES NA POSTAVEN\u00cd OBYTN\u00c9HO DOMU NA POZEMKU \u010cP. [\u2026] PANU JOSEFU DURNOVI V&nbsp;KVA\u010cIC\u00cdCH. 1921.\u201c KVA\u010cICE, LU\u010cN\u00cd 192.<\/a><\/li>\n<li><a href=\"https:\/\/sovamm.cz\/wordpress\/wp-content\/uploads\/2025\/03\/Josef-Suta_1863-1941.pdf#pagemode=bookmarks&amp;page=12\" target=\"_blank\" rel=\"noopener\">\u201eN\u00c1KRES NA ADAPTACI DOMU \u010c. 28 A&nbsp;P\u0158\u00cdSTAVBU CHL\u00c9VA A&nbsp;KOMORY P.&nbsp;Z\u00c1PA\u0158KY, \u0158EZN\u00cdKA V&nbsp;UH. OSTROHU.\u201c 1922. UHERSK\u00dd OSTROH, KOMENSK\u00c9HO 28.<\/a><\/li>\n<li><a href=\"https:\/\/sovamm.cz\/wordpress\/wp-content\/uploads\/2025\/03\/Josef-Suta_1863-1941.pdf#pagemode=bookmarks&amp;page=10\" target=\"_blank\" rel=\"noopener\">\u201eN\u00c1KRES NA POSTAVEN\u00cd DOMU PRO PANU LUDV\u00cdKU DRGO\u0160OVI NA P\u0158EDM\u011aST\u00cd UH. OSTROU. 1925.\u201c OSTRO\u017dSK\u00c9 P\u0158EDM\u011aST\u00cd, SPODN\u00cd 618.<\/a><\/li>\n<li><a href=\"https:\/\/sovamm.cz\/wordpress\/wp-content\/uploads\/2025\/03\/Josef-Suta_1863-1941.pdf#pagemode=bookmarks&amp;page=4\" target=\"_blank\" rel=\"noopener\">\u201eN\u00c1KRES NA ADAPTACI DOMU \u010c. 36. P.&nbsp;JANA BUBEN\u00cdKA V&nbsp;OSTRO\u017dSK\u00c9M P\u0158EDM\u011aST\u00cd. 1926.\u201c OSTRO\u017dSK\u00c9 P\u0158EDM\u011aST\u00cd, SVOBODOVA 36<\/a><\/li>\n<li><a href=\"https:\/\/sovamm.cz\/wordpress\/wp-content\/uploads\/2025\/03\/Josef-Suta_1863-1941.pdf#pagemode=bookmarks&amp;page=14\" target=\"_blank\" rel=\"noopener\">\u201eN\u00c1KRES NA Z\u0158\u00cdZEN\u00cd 1. PATRA NAD P\u0158\u00cdZEMN\u00cdM DOMEM \u010c. 57 P.&nbsp;JIND\u0158. KUPKY, PEKA\u0158E V&nbsp;UH. OSTROHU. 1926.\u201c UHERSK\u00dd OSTROH, NERUDOVA 7<\/a><\/li>\n<li><a href=\"https:\/\/sovamm.cz\/wordpress\/wp-content\/uploads\/2025\/03\/Josef-Suta_1863-1941.pdf#pagemode=bookmarks&amp;page=5\" target=\"_blank\" rel=\"noopener\">\u201eN\u00c1KRES NA POSTAVEN\u00cd DOMU PRO PANA LUK\u00c1\u0160E HLIBU V&nbsp;UHERSK\u00c9M OSTROHU. 1928.\u201c UHERSK\u00dd OSTROH, V&nbsp;ZAHRAD\u00c1CH.<\/a><\/li>\n<li><a href=\"https:\/\/sovamm.cz\/wordpress\/wp-content\/uploads\/2025\/03\/Josef-Suta_1863-1941.pdf#pagemode=bookmarks&amp;page=15\" target=\"_blank\" rel=\"noopener\">\u201eN\u00c1KRES NA POSTAVEN\u00cd RODINN\u00c9HO DOMKU PRO JI\u0158\u00cdHO A&nbsp;TEREZII JACYNOVU V&nbsp;KVA\u010cIC\u00cdCH NA PARC. \u010c\u00cdS. [\u2026]. 1933.\u201c KVA\u010cICE, LU\u010cN\u00cd \u010c. 218<\/a><\/li>\n<\/ul>\n<\/li>\n<\/ul>\n<p><a href=\"https:\/\/sovamm.cz\/wordpress\/wp-content\/uploads\/2025\/03\/Josef-Suta_1863-1941.pdf#pagemode=bookmarks&amp;page=16\" target=\"_blank\" rel=\"noopener\"><img data-recalc-dims=\"1\" loading=\"lazy\" decoding=\"async\" data-attachment-id=\"6888\" data-permalink=\"https:\/\/sovamm.cz\/wordpress\/vystavy\/vystava-stavitel-josef-suta-1863-1941\/credits\/\" data-orig-file=\"https:\/\/i0.wp.com\/sovamm.cz\/wordpress\/wp-content\/uploads\/2025\/03\/credits-scaled-e1742047751531.jpg?fit=733%2C1038&amp;ssl=1\" data-orig-size=\"733,1038\" data-comments-opened=\"1\" data-image-meta=\"{&quot;aperture&quot;:&quot;0&quot;,&quot;credit&quot;:&quot;&quot;,&quot;camera&quot;:&quot;&quot;,&quot;caption&quot;:&quot;&quot;,&quot;created_timestamp&quot;:&quot;0&quot;,&quot;copyright&quot;:&quot;&quot;,&quot;focal_length&quot;:&quot;0&quot;,&quot;iso&quot;:&quot;0&quot;,&quot;shutter_speed&quot;:&quot;0&quot;,&quot;title&quot;:&quot;&quot;,&quot;orientation&quot;:&quot;1&quot;}\" data-image-title=\"credits\" data-image-description=\"\" data-image-caption=\"\" data-large-file=\"https:\/\/i0.wp.com\/sovamm.cz\/wordpress\/wp-content\/uploads\/2025\/03\/credits-scaled-e1742047751531.jpg?fit=474%2C671&amp;ssl=1\" class=\"aligncenter wp-image-6888\" src=\"https:\/\/i0.wp.com\/sovamm.cz\/wordpress\/wp-content\/uploads\/2025\/03\/credits.jpg?resize=300%2C425&#038;ssl=1\" alt=\"\" width=\"300\" height=\"425\" \/><\/a><\/p>\n<p>&nbsp;<\/p>\n<p>&nbsp;<\/p>\n<ul>\n<li><a href=\"https:\/\/blog.sy-sy.cz\/index.php\/event\/stavitel-josef-suta\/\" target=\"_blank\" rel=\"noopener\">V\u00fdstava Stavitel Josef \u0160uta<\/a><\/li>\n<li><a href=\"https:\/\/blog.sy-sy.cz\/index.php\/2017\/02\/12\/tak-uz-konecne-zname-autora\/\" target=\"_blank\" rel=\"noopener noreferrer\">Neslavn\u00e1 nevila<\/a><\/li>\n<li><a href=\"https:\/\/blog.sy-sy.cz\/index.php\/2018\/03\/02\/obrazky-z-vystavy\/\" target=\"_blank\" rel=\"noopener\">Obr\u00e1zky z&nbsp;v\u00fdstavy<\/a><br \/>\n<hr \/>\n<\/li>\n<\/ul>\n<ul>\n<li>Syrov\u00e1, Z. &amp; Syrov\u00fd, J. 2015. Moravian master builders and their contribution to sustainability. In Mileto, C., Vegas, F., Garc\u00eda Soriano, L., &amp; Cristini, V. (eds) <em>Vernacular Architecture: Towards a\u00a0Sustainable Future<\/em>. 685\u2013690. Leiden: CRC Press\/Balkema.\u00a0<a href=\"https:\/\/sovamm.cz\/PDFs\/Biblio\/VerSUS2014_116.pdf#pagemode=bookmarks&amp;page=1\" target=\"_blank\" rel=\"noopener noreferrer\">PDF<\/a><\/li>\n<li><a href=\"https:\/\/blog.sy-sy.cz\/index.php\/o-nas\/projekty-a-pruzkumy\/shp-uhersky-ostroh\/\" target=\"_blank\" rel=\"noopener\">Eli\u00e1\u0161, J.O., Syrov\u00e1 Z. &amp; Syrov\u00fd J. 1994: <em>Uhersk\u00fd Ostroh, <\/em><em>stavebn\u011b historick\u00fd pr\u016fzkum pam\u00e1tkov\u00e9 z\u00f3ny<\/em>. Brno<\/a><\/li>\n<\/ul>\n","protected":false},"excerpt":{"rendered":"<p>V\u00fdstava Stavitel Josef \u0160uta (1863-1941), projekty a&nbsp;realizace \u2013 minulost a&nbsp;sou\u010dasnost se konala v&nbsp;Z\u00e1meck\u00e9 galerii v&nbsp;Uhersk\u00e9m Ostrohu ve dnech 16.&nbsp;z\u00e1\u0159\u00ed &#8211; 19.&nbsp;listopadu 2017.\u00a0 Prost\u0159ednictv\u00edm pl\u00e1n\u016f z&nbsp;let 1895 \u2013 1933 ze St\u00e1tn\u00edho &hellip; <a href=\"https:\/\/sovamm.cz\/wordpress\/vystavy\/vystava-stavitel-josef-suta-1863-1941\/\" class=\"more-link\">Pokra\u010dov\u00e1n\u00ed textu <span class=\"screen-reader-text\">V\u00fdstava Stavitel Josef \u0160uta (1863-1941)<\/span> <span class=\"meta-nav\">&rarr;<\/span><\/a><\/p>\n","protected":false},"author":2,"featured_media":6892,"parent":6780,"menu_order":100,"comment_status":"closed","ping_status":"closed","template":"","meta":{"jetpack_post_was_ever_published":false,"footnotes":""},"class_list":["post-6884","page","type-page","status-publish","has-post-thumbnail","hentry"],"jetpack_shortlink":"https:\/\/wp.me\/P8dB8l-1N2","jetpack_sharing_enabled":true,"_links":{"self":[{"href":"https:\/\/sovamm.cz\/wordpress\/wp-json\/wp\/v2\/pages\/6884","targetHints":{"allow":["GET"]}}],"collection":[{"href":"https:\/\/sovamm.cz\/wordpress\/wp-json\/wp\/v2\/pages"}],"about":[{"href":"https:\/\/sovamm.cz\/wordpress\/wp-json\/wp\/v2\/types\/page"}],"author":[{"embeddable":true,"href":"https:\/\/sovamm.cz\/wordpress\/wp-json\/wp\/v2\/users\/2"}],"replies":[{"embeddable":true,"href":"https:\/\/sovamm.cz\/wordpress\/wp-json\/wp\/v2\/comments?post=6884"}],"version-history":[{"count":4,"href":"https:\/\/sovamm.cz\/wordpress\/wp-json\/wp\/v2\/pages\/6884\/revisions"}],"predecessor-version":[{"id":6894,"href":"https:\/\/sovamm.cz\/wordpress\/wp-json\/wp\/v2\/pages\/6884\/revisions\/6894"}],"up":[{"embeddable":true,"href":"https:\/\/sovamm.cz\/wordpress\/wp-json\/wp\/v2\/pages\/6780"}],"wp:featuredmedia":[{"embeddable":true,"href":"https:\/\/sovamm.cz\/wordpress\/wp-json\/wp\/v2\/media\/6892"}],"wp:attachment":[{"href":"https:\/\/sovamm.cz\/wordpress\/wp-json\/wp\/v2\/media?parent=6884"}],"curies":[{"name":"wp","href":"https:\/\/api.w.org\/{rel}","templated":true}]}}