{"id":6841,"date":"2025-03-14T09:55:35","date_gmt":"2025-03-14T08:55:35","guid":{"rendered":"https:\/\/sovamm.cz\/wordpress\/?page_id=6841"},"modified":"2026-02-22T20:10:04","modified_gmt":"2026-02-22T19:10:04","slug":"exhibition-bohumil-vavrousek-photographer","status":"publish","type":"page","link":"https:\/\/sovamm.cz\/wordpress\/en\/exhibitions\/exhibition-bohumil-vavrousek-photographer\/","title":{"rendered":"Exhibition &#8211; Bohumil Vavrou\u0161ek, photographer"},"content":{"rendered":"\n<p>Exhibition on the anniversary of the birth of Bohumil Vavrou\u0161ek (1875\u20141939) and the publication of his <em>D\u011bdina<\/em> (1925)<\/p>\n\n\n\n<p>Conference Building in Villa Stiassni, Hroznov\u00e1 82\/14, 603&nbsp;00 Brno.<br>Opening on 17 May 2025 \u2014 running until 31 August 2025.<\/p>\n\n\n\n<!--more-->\n\n\n\n<p>Castle Ka\u010dina, Svat\u00fd Mikul\u00e1\u0161 51,\u00a0284\u00a001 Kutn\u00e1 Hora.<br>Opening on 23 March\u00a02026 \u2014 running until 31 December\u00a02026.<\/p>\n\n\n\n<p>Exhibition on the occasion of the 150th anniversary of the birth of Bohumil Vavrou\u0161ek (1875-1939) and the 100th anniversary of the publication of his book D\u011bdina [The Village]. The documentation of the countryside created by Bohumil Vavrou\u0161ek in the interwar period is a&nbsp;very valuable part of the documentation archive of vernacular architecture. The aim of the exhibition is to present the circumstances of its creation and to place it in the context of Vavrou\u0161ek\u2018s photographic work. The selection of photographs in the exhibition includes ancient rural buildings from Bohemia, Moravia, Silesia, Slovakia and Subcarpathian Ruthenia, sacred buildings, photographs from the unpublished publications <em>M\u011bste\u010dko<\/em> [The Small Town] and <em>Emp\u00edr v&nbsp;\u010cech\u00e1ch<\/em> [The Empire Style in Bohemia], and photographs for <em>Liter\u00e1rn\u00ed atlas \u010ceskoslovensk\u00fd<\/em> [The Literary Atlas of Czechoslovakia] and <em>Atlas \u010deskoslovensk\u00fdch v\u00fdtvarn\u00fdch um\u011blc\u016f<\/em> [The Atlas of Czechoslovak Visual Artists]. \u25cf The exhibition was prepared by the Association for the Renewal of the Village and the Small Town (SOVAMM) and the Masaryk Institute and Archives of the Czech Academy of Sciences.<\/p>\n\n\n\n<div class=\"wp-block-jetpack-slideshow aligncenter\" data-effect=\"slide\"><div class=\"wp-block-jetpack-slideshow_container swiper\"><ul class=\"wp-block-jetpack-slideshow_swiper-wrapper swiper-wrapper\"><li class=\"wp-block-jetpack-slideshow_slide swiper-slide\"><figure><img data-recalc-dims=\"1\" loading=\"lazy\" decoding=\"async\" width=\"474\" height=\"316\" alt=\"\" class=\"wp-block-jetpack-slideshow_image wp-image-6970\" data-id=\"6970\" src=\"https:\/\/i0.wp.com\/sovamm.cz\/wordpress\/wp-content\/uploads\/2025\/05\/vavrousek-fotograf01.jpg?resize=474%2C316&#038;ssl=1\" srcset=\"https:\/\/i0.wp.com\/sovamm.cz\/wordpress\/wp-content\/uploads\/2025\/05\/vavrousek-fotograf01.jpg?w=720&amp;ssl=1 720w, https:\/\/i0.wp.com\/sovamm.cz\/wordpress\/wp-content\/uploads\/2025\/05\/vavrousek-fotograf01.jpg?resize=300%2C200&amp;ssl=1 300w, https:\/\/i0.wp.com\/sovamm.cz\/wordpress\/wp-content\/uploads\/2025\/05\/vavrousek-fotograf01.jpg?resize=133%2C89&amp;ssl=1 133w\" sizes=\"(max-width: 474px) 100vw, 474px\" \/><\/figure><\/li><li class=\"wp-block-jetpack-slideshow_slide swiper-slide\"><figure><img data-recalc-dims=\"1\" loading=\"lazy\" decoding=\"async\" width=\"474\" height=\"316\" alt=\"\" class=\"wp-block-jetpack-slideshow_image wp-image-6971\" data-id=\"6971\" src=\"https:\/\/i0.wp.com\/sovamm.cz\/wordpress\/wp-content\/uploads\/2025\/05\/vavrousek-fotograf02.jpg?resize=474%2C316&#038;ssl=1\" srcset=\"https:\/\/i0.wp.com\/sovamm.cz\/wordpress\/wp-content\/uploads\/2025\/05\/vavrousek-fotograf02.jpg?w=720&amp;ssl=1 720w, https:\/\/i0.wp.com\/sovamm.cz\/wordpress\/wp-content\/uploads\/2025\/05\/vavrousek-fotograf02.jpg?resize=300%2C200&amp;ssl=1 300w, https:\/\/i0.wp.com\/sovamm.cz\/wordpress\/wp-content\/uploads\/2025\/05\/vavrousek-fotograf02.jpg?resize=133%2C89&amp;ssl=1 133w\" sizes=\"(max-width: 474px) 100vw, 474px\" \/><\/figure><\/li><li class=\"wp-block-jetpack-slideshow_slide swiper-slide\"><figure><img data-recalc-dims=\"1\" loading=\"lazy\" decoding=\"async\" width=\"474\" height=\"316\" alt=\"\" class=\"wp-block-jetpack-slideshow_image wp-image-6972\" data-id=\"6972\" src=\"https:\/\/i0.wp.com\/sovamm.cz\/wordpress\/wp-content\/uploads\/2025\/05\/vavrousek-fotograf03.jpg?resize=474%2C316&#038;ssl=1\" srcset=\"https:\/\/i0.wp.com\/sovamm.cz\/wordpress\/wp-content\/uploads\/2025\/05\/vavrousek-fotograf03.jpg?w=720&amp;ssl=1 720w, https:\/\/i0.wp.com\/sovamm.cz\/wordpress\/wp-content\/uploads\/2025\/05\/vavrousek-fotograf03.jpg?resize=300%2C200&amp;ssl=1 300w, https:\/\/i0.wp.com\/sovamm.cz\/wordpress\/wp-content\/uploads\/2025\/05\/vavrousek-fotograf03.jpg?resize=133%2C89&amp;ssl=1 133w\" sizes=\"(max-width: 474px) 100vw, 474px\" \/><\/figure><\/li><li class=\"wp-block-jetpack-slideshow_slide swiper-slide\"><figure><img data-recalc-dims=\"1\" loading=\"lazy\" decoding=\"async\" width=\"474\" height=\"316\" alt=\"\" class=\"wp-block-jetpack-slideshow_image wp-image-6973\" data-id=\"6973\" src=\"https:\/\/i0.wp.com\/sovamm.cz\/wordpress\/wp-content\/uploads\/2025\/05\/vavrousek-fotograf04.jpg?resize=474%2C316&#038;ssl=1\" srcset=\"https:\/\/i0.wp.com\/sovamm.cz\/wordpress\/wp-content\/uploads\/2025\/05\/vavrousek-fotograf04.jpg?w=720&amp;ssl=1 720w, https:\/\/i0.wp.com\/sovamm.cz\/wordpress\/wp-content\/uploads\/2025\/05\/vavrousek-fotograf04.jpg?resize=300%2C200&amp;ssl=1 300w, https:\/\/i0.wp.com\/sovamm.cz\/wordpress\/wp-content\/uploads\/2025\/05\/vavrousek-fotograf04.jpg?resize=133%2C89&amp;ssl=1 133w\" sizes=\"(max-width: 474px) 100vw, 474px\" \/><\/figure><\/li><li class=\"wp-block-jetpack-slideshow_slide swiper-slide\"><figure><img data-recalc-dims=\"1\" loading=\"lazy\" decoding=\"async\" width=\"474\" height=\"316\" alt=\"\" class=\"wp-block-jetpack-slideshow_image wp-image-6974\" data-id=\"6974\" src=\"https:\/\/i0.wp.com\/sovamm.cz\/wordpress\/wp-content\/uploads\/2025\/05\/vavrousek-fotograf05.jpg?resize=474%2C316&#038;ssl=1\" srcset=\"https:\/\/i0.wp.com\/sovamm.cz\/wordpress\/wp-content\/uploads\/2025\/05\/vavrousek-fotograf05.jpg?w=720&amp;ssl=1 720w, https:\/\/i0.wp.com\/sovamm.cz\/wordpress\/wp-content\/uploads\/2025\/05\/vavrousek-fotograf05.jpg?resize=300%2C200&amp;ssl=1 300w, https:\/\/i0.wp.com\/sovamm.cz\/wordpress\/wp-content\/uploads\/2025\/05\/vavrousek-fotograf05.jpg?resize=133%2C89&amp;ssl=1 133w\" sizes=\"(max-width: 474px) 100vw, 474px\" \/><\/figure><\/li><li class=\"wp-block-jetpack-slideshow_slide swiper-slide\"><figure><img data-recalc-dims=\"1\" loading=\"lazy\" decoding=\"async\" width=\"474\" height=\"316\" alt=\"\" class=\"wp-block-jetpack-slideshow_image wp-image-6975\" data-id=\"6975\" src=\"https:\/\/i0.wp.com\/sovamm.cz\/wordpress\/wp-content\/uploads\/2025\/05\/vavrousek-fotograf06.jpg?resize=474%2C316&#038;ssl=1\" srcset=\"https:\/\/i0.wp.com\/sovamm.cz\/wordpress\/wp-content\/uploads\/2025\/05\/vavrousek-fotograf06.jpg?w=720&amp;ssl=1 720w, https:\/\/i0.wp.com\/sovamm.cz\/wordpress\/wp-content\/uploads\/2025\/05\/vavrousek-fotograf06.jpg?resize=300%2C200&amp;ssl=1 300w, https:\/\/i0.wp.com\/sovamm.cz\/wordpress\/wp-content\/uploads\/2025\/05\/vavrousek-fotograf06.jpg?resize=133%2C89&amp;ssl=1 133w\" sizes=\"(max-width: 474px) 100vw, 474px\" \/><\/figure><\/li><li class=\"wp-block-jetpack-slideshow_slide swiper-slide\"><figure><img data-recalc-dims=\"1\" loading=\"lazy\" decoding=\"async\" width=\"474\" height=\"316\" alt=\"\" class=\"wp-block-jetpack-slideshow_image wp-image-6976\" data-id=\"6976\" src=\"https:\/\/i0.wp.com\/sovamm.cz\/wordpress\/wp-content\/uploads\/2025\/05\/vavrousek-fotograf07.jpg?resize=474%2C316&#038;ssl=1\" srcset=\"https:\/\/i0.wp.com\/sovamm.cz\/wordpress\/wp-content\/uploads\/2025\/05\/vavrousek-fotograf07.jpg?w=720&amp;ssl=1 720w, https:\/\/i0.wp.com\/sovamm.cz\/wordpress\/wp-content\/uploads\/2025\/05\/vavrousek-fotograf07.jpg?resize=300%2C200&amp;ssl=1 300w, https:\/\/i0.wp.com\/sovamm.cz\/wordpress\/wp-content\/uploads\/2025\/05\/vavrousek-fotograf07.jpg?resize=133%2C89&amp;ssl=1 133w\" sizes=\"(max-width: 474px) 100vw, 474px\" \/><\/figure><\/li><li class=\"wp-block-jetpack-slideshow_slide swiper-slide\"><figure><img data-recalc-dims=\"1\" loading=\"lazy\" decoding=\"async\" width=\"474\" height=\"316\" alt=\"\" class=\"wp-block-jetpack-slideshow_image wp-image-6977\" data-id=\"6977\" src=\"https:\/\/i0.wp.com\/sovamm.cz\/wordpress\/wp-content\/uploads\/2025\/05\/vavrousek-fotograf08.jpg?resize=474%2C316&#038;ssl=1\" srcset=\"https:\/\/i0.wp.com\/sovamm.cz\/wordpress\/wp-content\/uploads\/2025\/05\/vavrousek-fotograf08.jpg?w=720&amp;ssl=1 720w, https:\/\/i0.wp.com\/sovamm.cz\/wordpress\/wp-content\/uploads\/2025\/05\/vavrousek-fotograf08.jpg?resize=300%2C200&amp;ssl=1 300w, https:\/\/i0.wp.com\/sovamm.cz\/wordpress\/wp-content\/uploads\/2025\/05\/vavrousek-fotograf08.jpg?resize=133%2C89&amp;ssl=1 133w\" sizes=\"(max-width: 474px) 100vw, 474px\" \/><\/figure><\/li><li class=\"wp-block-jetpack-slideshow_slide swiper-slide\"><figure><img data-recalc-dims=\"1\" loading=\"lazy\" decoding=\"async\" width=\"474\" height=\"316\" alt=\"\" class=\"wp-block-jetpack-slideshow_image wp-image-6978\" data-id=\"6978\" src=\"https:\/\/i0.wp.com\/sovamm.cz\/wordpress\/wp-content\/uploads\/2025\/05\/vavrousek-fotograf09.jpg?resize=474%2C316&#038;ssl=1\" srcset=\"https:\/\/i0.wp.com\/sovamm.cz\/wordpress\/wp-content\/uploads\/2025\/05\/vavrousek-fotograf09.jpg?w=720&amp;ssl=1 720w, https:\/\/i0.wp.com\/sovamm.cz\/wordpress\/wp-content\/uploads\/2025\/05\/vavrousek-fotograf09.jpg?resize=300%2C200&amp;ssl=1 300w, https:\/\/i0.wp.com\/sovamm.cz\/wordpress\/wp-content\/uploads\/2025\/05\/vavrousek-fotograf09.jpg?resize=133%2C89&amp;ssl=1 133w\" sizes=\"(max-width: 474px) 100vw, 474px\" \/><\/figure><\/li><li class=\"wp-block-jetpack-slideshow_slide swiper-slide\"><figure><img data-recalc-dims=\"1\" loading=\"lazy\" decoding=\"async\" width=\"474\" height=\"316\" alt=\"\" class=\"wp-block-jetpack-slideshow_image wp-image-6979\" data-id=\"6979\" src=\"https:\/\/i0.wp.com\/sovamm.cz\/wordpress\/wp-content\/uploads\/2025\/05\/vavrousek-fotograf10.jpg?resize=474%2C316&#038;ssl=1\" srcset=\"https:\/\/i0.wp.com\/sovamm.cz\/wordpress\/wp-content\/uploads\/2025\/05\/vavrousek-fotograf10.jpg?w=720&amp;ssl=1 720w, https:\/\/i0.wp.com\/sovamm.cz\/wordpress\/wp-content\/uploads\/2025\/05\/vavrousek-fotograf10.jpg?resize=300%2C200&amp;ssl=1 300w, https:\/\/i0.wp.com\/sovamm.cz\/wordpress\/wp-content\/uploads\/2025\/05\/vavrousek-fotograf10.jpg?resize=133%2C89&amp;ssl=1 133w\" sizes=\"(max-width: 474px) 100vw, 474px\" \/><\/figure><\/li><li class=\"wp-block-jetpack-slideshow_slide swiper-slide\"><figure><img data-recalc-dims=\"1\" loading=\"lazy\" decoding=\"async\" width=\"474\" height=\"316\" alt=\"\" class=\"wp-block-jetpack-slideshow_image wp-image-6980\" data-id=\"6980\" src=\"https:\/\/i0.wp.com\/sovamm.cz\/wordpress\/wp-content\/uploads\/2025\/05\/vavrousek-fotograf11.jpg?resize=474%2C316&#038;ssl=1\" srcset=\"https:\/\/i0.wp.com\/sovamm.cz\/wordpress\/wp-content\/uploads\/2025\/05\/vavrousek-fotograf11.jpg?w=720&amp;ssl=1 720w, https:\/\/i0.wp.com\/sovamm.cz\/wordpress\/wp-content\/uploads\/2025\/05\/vavrousek-fotograf11.jpg?resize=300%2C200&amp;ssl=1 300w, https:\/\/i0.wp.com\/sovamm.cz\/wordpress\/wp-content\/uploads\/2025\/05\/vavrousek-fotograf11.jpg?resize=133%2C89&amp;ssl=1 133w\" sizes=\"(max-width: 474px) 100vw, 474px\" \/><\/figure><\/li><li class=\"wp-block-jetpack-slideshow_slide swiper-slide\"><figure><img data-recalc-dims=\"1\" loading=\"lazy\" decoding=\"async\" width=\"474\" height=\"316\" alt=\"\" class=\"wp-block-jetpack-slideshow_image wp-image-6981\" data-id=\"6981\" src=\"https:\/\/i0.wp.com\/sovamm.cz\/wordpress\/wp-content\/uploads\/2025\/05\/vavrousek-fotograf12.jpg?resize=474%2C316&#038;ssl=1\" srcset=\"https:\/\/i0.wp.com\/sovamm.cz\/wordpress\/wp-content\/uploads\/2025\/05\/vavrousek-fotograf12.jpg?w=720&amp;ssl=1 720w, https:\/\/i0.wp.com\/sovamm.cz\/wordpress\/wp-content\/uploads\/2025\/05\/vavrousek-fotograf12.jpg?resize=300%2C200&amp;ssl=1 300w, https:\/\/i0.wp.com\/sovamm.cz\/wordpress\/wp-content\/uploads\/2025\/05\/vavrousek-fotograf12.jpg?resize=133%2C89&amp;ssl=1 133w\" sizes=\"(max-width: 474px) 100vw, 474px\" \/><\/figure><\/li><li class=\"wp-block-jetpack-slideshow_slide swiper-slide\"><figure><img data-recalc-dims=\"1\" loading=\"lazy\" decoding=\"async\" width=\"474\" height=\"316\" alt=\"\" class=\"wp-block-jetpack-slideshow_image wp-image-6982\" data-id=\"6982\" src=\"https:\/\/i0.wp.com\/sovamm.cz\/wordpress\/wp-content\/uploads\/2025\/05\/vavrousek-fotograf13.jpg?resize=474%2C316&#038;ssl=1\" srcset=\"https:\/\/i0.wp.com\/sovamm.cz\/wordpress\/wp-content\/uploads\/2025\/05\/vavrousek-fotograf13.jpg?w=720&amp;ssl=1 720w, https:\/\/i0.wp.com\/sovamm.cz\/wordpress\/wp-content\/uploads\/2025\/05\/vavrousek-fotograf13.jpg?resize=300%2C200&amp;ssl=1 300w, https:\/\/i0.wp.com\/sovamm.cz\/wordpress\/wp-content\/uploads\/2025\/05\/vavrousek-fotograf13.jpg?resize=133%2C89&amp;ssl=1 133w\" sizes=\"(max-width: 474px) 100vw, 474px\" \/><\/figure><\/li><li class=\"wp-block-jetpack-slideshow_slide swiper-slide\"><figure><img data-recalc-dims=\"1\" loading=\"lazy\" decoding=\"async\" width=\"474\" height=\"316\" alt=\"\" class=\"wp-block-jetpack-slideshow_image wp-image-6983\" data-id=\"6983\" src=\"https:\/\/i0.wp.com\/sovamm.cz\/wordpress\/wp-content\/uploads\/2025\/05\/vavrousek-fotograf14.jpg?resize=474%2C316&#038;ssl=1\" srcset=\"https:\/\/i0.wp.com\/sovamm.cz\/wordpress\/wp-content\/uploads\/2025\/05\/vavrousek-fotograf14.jpg?w=720&amp;ssl=1 720w, https:\/\/i0.wp.com\/sovamm.cz\/wordpress\/wp-content\/uploads\/2025\/05\/vavrousek-fotograf14.jpg?resize=300%2C200&amp;ssl=1 300w, https:\/\/i0.wp.com\/sovamm.cz\/wordpress\/wp-content\/uploads\/2025\/05\/vavrousek-fotograf14.jpg?resize=133%2C89&amp;ssl=1 133w\" sizes=\"(max-width: 474px) 100vw, 474px\" \/><\/figure><\/li><li class=\"wp-block-jetpack-slideshow_slide swiper-slide\"><figure><img data-recalc-dims=\"1\" loading=\"lazy\" decoding=\"async\" width=\"474\" height=\"316\" alt=\"\" class=\"wp-block-jetpack-slideshow_image wp-image-6984\" data-id=\"6984\" src=\"https:\/\/i0.wp.com\/sovamm.cz\/wordpress\/wp-content\/uploads\/2025\/05\/vavrousek-fotograf15.jpg?resize=474%2C316&#038;ssl=1\" srcset=\"https:\/\/i0.wp.com\/sovamm.cz\/wordpress\/wp-content\/uploads\/2025\/05\/vavrousek-fotograf15.jpg?w=720&amp;ssl=1 720w, https:\/\/i0.wp.com\/sovamm.cz\/wordpress\/wp-content\/uploads\/2025\/05\/vavrousek-fotograf15.jpg?resize=300%2C200&amp;ssl=1 300w, https:\/\/i0.wp.com\/sovamm.cz\/wordpress\/wp-content\/uploads\/2025\/05\/vavrousek-fotograf15.jpg?resize=133%2C89&amp;ssl=1 133w\" sizes=\"(max-width: 474px) 100vw, 474px\" \/><\/figure><\/li><li class=\"wp-block-jetpack-slideshow_slide swiper-slide\"><figure><img data-recalc-dims=\"1\" loading=\"lazy\" decoding=\"async\" width=\"474\" height=\"316\" alt=\"\" class=\"wp-block-jetpack-slideshow_image wp-image-6985\" data-id=\"6985\" src=\"https:\/\/i0.wp.com\/sovamm.cz\/wordpress\/wp-content\/uploads\/2025\/05\/vavrousek-fotograf16.jpg?resize=474%2C316&#038;ssl=1\" srcset=\"https:\/\/i0.wp.com\/sovamm.cz\/wordpress\/wp-content\/uploads\/2025\/05\/vavrousek-fotograf16.jpg?w=720&amp;ssl=1 720w, https:\/\/i0.wp.com\/sovamm.cz\/wordpress\/wp-content\/uploads\/2025\/05\/vavrousek-fotograf16.jpg?resize=300%2C200&amp;ssl=1 300w, https:\/\/i0.wp.com\/sovamm.cz\/wordpress\/wp-content\/uploads\/2025\/05\/vavrousek-fotograf16.jpg?resize=133%2C89&amp;ssl=1 133w\" sizes=\"(max-width: 474px) 100vw, 474px\" \/><\/figure><\/li><li class=\"wp-block-jetpack-slideshow_slide swiper-slide\"><figure><img data-recalc-dims=\"1\" loading=\"lazy\" decoding=\"async\" width=\"474\" height=\"316\" alt=\"\" class=\"wp-block-jetpack-slideshow_image wp-image-6986\" data-id=\"6986\" src=\"https:\/\/i0.wp.com\/sovamm.cz\/wordpress\/wp-content\/uploads\/2025\/05\/vavrousek-fotograf17.jpg?resize=474%2C316&#038;ssl=1\" srcset=\"https:\/\/i0.wp.com\/sovamm.cz\/wordpress\/wp-content\/uploads\/2025\/05\/vavrousek-fotograf17.jpg?w=720&amp;ssl=1 720w, https:\/\/i0.wp.com\/sovamm.cz\/wordpress\/wp-content\/uploads\/2025\/05\/vavrousek-fotograf17.jpg?resize=300%2C200&amp;ssl=1 300w, https:\/\/i0.wp.com\/sovamm.cz\/wordpress\/wp-content\/uploads\/2025\/05\/vavrousek-fotograf17.jpg?resize=133%2C89&amp;ssl=1 133w\" sizes=\"(max-width: 474px) 100vw, 474px\" \/><\/figure><\/li><\/ul><a class=\"wp-block-jetpack-slideshow_button-prev swiper-button-prev swiper-button-white\" role=\"button\"><\/a><a class=\"wp-block-jetpack-slideshow_button-next swiper-button-next swiper-button-white\" role=\"button\"><\/a><a aria-label=\"Pause Slideshow\" class=\"wp-block-jetpack-slideshow_button-pause\" role=\"button\"><\/a><div class=\"wp-block-jetpack-slideshow_pagination swiper-pagination swiper-pagination-white\"><\/div><\/div><\/div>\n","protected":false},"excerpt":{"rendered":"<p>Exhibition on the anniversary of the birth of Bohumil Vavrou\u0161ek (1875\u20141939) and the publication of his D\u011bdina (1925) Conference Building in Villa Stiassni, Hroznov\u00e1 82\/14, 603&nbsp;00 Brno.Opening on 17 May &hellip; <a href=\"https:\/\/sovamm.cz\/wordpress\/en\/exhibitions\/exhibition-bohumil-vavrousek-photographer\/\" class=\"more-link\">Pokra\u010dov\u00e1n\u00ed textu <span class=\"screen-reader-text\">Exhibition &#8211; Bohumil Vavrou\u0161ek, photographer<\/span> <span class=\"meta-nav\">&rarr;<\/span><\/a><\/p>\n","protected":false},"author":2,"featured_media":6145,"parent":6810,"menu_order":3,"comment_status":"closed","ping_status":"closed","template":"","meta":{"jetpack_post_was_ever_published":false,"footnotes":""},"class_list":["post-6841","page","type-page","status-publish","has-post-thumbnail","hentry"],"jetpack_shortlink":"https:\/\/wp.me\/P8dB8l-1Ml","jetpack_sharing_enabled":true,"_links":{"self":[{"href":"https:\/\/sovamm.cz\/wordpress\/wp-json\/wp\/v2\/pages\/6841","targetHints":{"allow":["GET"]}}],"collection":[{"href":"https:\/\/sovamm.cz\/wordpress\/wp-json\/wp\/v2\/pages"}],"about":[{"href":"https:\/\/sovamm.cz\/wordpress\/wp-json\/wp\/v2\/types\/page"}],"author":[{"embeddable":true,"href":"https:\/\/sovamm.cz\/wordpress\/wp-json\/wp\/v2\/users\/2"}],"replies":[{"embeddable":true,"href":"https:\/\/sovamm.cz\/wordpress\/wp-json\/wp\/v2\/comments?post=6841"}],"version-history":[{"count":7,"href":"https:\/\/sovamm.cz\/wordpress\/wp-json\/wp\/v2\/pages\/6841\/revisions"}],"predecessor-version":[{"id":7736,"href":"https:\/\/sovamm.cz\/wordpress\/wp-json\/wp\/v2\/pages\/6841\/revisions\/7736"}],"up":[{"embeddable":true,"href":"https:\/\/sovamm.cz\/wordpress\/wp-json\/wp\/v2\/pages\/6810"}],"wp:featuredmedia":[{"embeddable":true,"href":"https:\/\/sovamm.cz\/wordpress\/wp-json\/wp\/v2\/media\/6145"}],"wp:attachment":[{"href":"https:\/\/sovamm.cz\/wordpress\/wp-json\/wp\/v2\/media?parent=6841"}],"curies":[{"name":"wp","href":"https:\/\/api.w.org\/{rel}","templated":true}]}}