{"id":6839,"date":"2025-03-14T09:54:35","date_gmt":"2025-03-14T08:54:35","guid":{"rendered":"https:\/\/sovamm.cz\/wordpress\/?page_id=6839"},"modified":"2026-02-11T19:49:10","modified_gmt":"2026-02-11T18:49:10","slug":"vystava-bohumil-vavrousek-fotograf","status":"publish","type":"page","link":"https:\/\/sovamm.cz\/wordpress\/vystavy\/vystava-bohumil-vavrousek-fotograf\/","title":{"rendered":"V\u00fdstava &#8211; Bohumil Vavrou\u0161ek,  fotograf"},"content":{"rendered":"\n<p>Ve spolupr\u00e1ci s&nbsp;brn\u011bnsk\u00fdm \u00fazemn\u00edm odborn\u00fdm pracovi\u0161t\u011bm NP\u00da p\u0159ipravil SOVAMM a&nbsp;Masaryk\u016fv \u00fastav a&nbsp;Archiv AV \u010cR, v. v. i. v\u00fdstavu d\u00edla B. Vavrou\u0161ka.<\/p>\n\n\n\n<!--more-->\n\n\n\n<p class=\"has-text-align-center\">V\u00fdstava k&nbsp;v\u00fdro\u010d\u00ed narozen\u00ed Bohumila Vavrou\u0161ka (1875\u20141939) <br>a vyd\u00e1n\u00ed jeho D\u011bdiny (1925). <br>P\u0159edn. budova \/ vila Stiassni, Hroznov\u00e1 82\/14, 603&nbsp;00 Brno.<br>17.&nbsp;5.&nbsp;2025\u201431.&nbsp;8.&nbsp;2025.<br>Z\u00e1mek Ka\u010dina, Svat\u00fd Mikul\u00e1\u0161 51, 284&nbsp;01 Kutn\u00e1 Hora.<br>22.&nbsp;3.&nbsp;2026\u201431.&nbsp;12.&nbsp;2026<\/p>\n\n\n\n<p>Dokumentace venkova vytvo\u0159en\u00e1 v&nbsp;meziv\u00e1le\u010dn\u00e9m obdob\u00ed Bohumilem Vavrou\u0161kem je velmi cennou sou\u010d\u00e1st\u00ed dokumenta\u010dn\u00edho fondu lidov\u00fdch staveb. C\u00edlem v\u00fdstavy je sezn\u00e1mit s&nbsp;okolnostmi jej\u00edho vzniku a&nbsp;zasadit ji do kontextu Vavrou\u0161kova fotografick\u00e9ho d\u00edla. V\u00fdb\u011br fotografi\u00ed za\u0159azen\u00fdch do v\u00fdstavy zahrnuje starobyl\u00e9 venkovsk\u00e9 stavby \u010cech, Moravy, Slezska, Slovenska a&nbsp;Podkarpatsk\u00e9 Rusi, sakr\u00e1ln\u00ed stavby, fotografie z&nbsp;nevydan\u00fdch publikac\u00ed<em> M\u011bste\u010dko<\/em> a&nbsp;<em>Emp\u00edr v&nbsp;\u010cech\u00e1ch<\/em> i&nbsp;fotografie pro <em>Liter\u00e1rn\u00ed atlas \u010deskoslovensk\u00fd<\/em> a&nbsp;<em>Atlas \u010deskoslovensk\u00fdch v\u00fdtvarn\u00fdch um\u011blc\u016f<\/em>.<\/p>\n\n\n\n<div class=\"wp-block-jetpack-slideshow aligncenter\" data-effect=\"slide\"><div class=\"wp-block-jetpack-slideshow_container swiper\"><ul class=\"wp-block-jetpack-slideshow_swiper-wrapper swiper-wrapper\"><li class=\"wp-block-jetpack-slideshow_slide swiper-slide\"><figure><img data-recalc-dims=\"1\" loading=\"lazy\" decoding=\"async\" width=\"474\" height=\"316\" alt=\"\" class=\"wp-block-jetpack-slideshow_image wp-image-6970\" data-id=\"6970\" src=\"https:\/\/i0.wp.com\/sovamm.cz\/wordpress\/wp-content\/uploads\/2025\/05\/vavrousek-fotograf01.jpg?resize=474%2C316&#038;ssl=1\" srcset=\"https:\/\/i0.wp.com\/sovamm.cz\/wordpress\/wp-content\/uploads\/2025\/05\/vavrousek-fotograf01.jpg?w=720&amp;ssl=1 720w, https:\/\/i0.wp.com\/sovamm.cz\/wordpress\/wp-content\/uploads\/2025\/05\/vavrousek-fotograf01.jpg?resize=300%2C200&amp;ssl=1 300w, https:\/\/i0.wp.com\/sovamm.cz\/wordpress\/wp-content\/uploads\/2025\/05\/vavrousek-fotograf01.jpg?resize=133%2C89&amp;ssl=1 133w\" sizes=\"(max-width: 474px) 100vw, 474px\" \/><\/figure><\/li><li class=\"wp-block-jetpack-slideshow_slide swiper-slide\"><figure><img data-recalc-dims=\"1\" loading=\"lazy\" decoding=\"async\" width=\"474\" height=\"316\" alt=\"\" class=\"wp-block-jetpack-slideshow_image wp-image-6971\" data-id=\"6971\" src=\"https:\/\/i0.wp.com\/sovamm.cz\/wordpress\/wp-content\/uploads\/2025\/05\/vavrousek-fotograf02.jpg?resize=474%2C316&#038;ssl=1\" srcset=\"https:\/\/i0.wp.com\/sovamm.cz\/wordpress\/wp-content\/uploads\/2025\/05\/vavrousek-fotograf02.jpg?w=720&amp;ssl=1 720w, https:\/\/i0.wp.com\/sovamm.cz\/wordpress\/wp-content\/uploads\/2025\/05\/vavrousek-fotograf02.jpg?resize=300%2C200&amp;ssl=1 300w, https:\/\/i0.wp.com\/sovamm.cz\/wordpress\/wp-content\/uploads\/2025\/05\/vavrousek-fotograf02.jpg?resize=133%2C89&amp;ssl=1 133w\" sizes=\"(max-width: 474px) 100vw, 474px\" \/><\/figure><\/li><li class=\"wp-block-jetpack-slideshow_slide swiper-slide\"><figure><img data-recalc-dims=\"1\" loading=\"lazy\" decoding=\"async\" width=\"474\" height=\"316\" alt=\"\" class=\"wp-block-jetpack-slideshow_image wp-image-6972\" data-id=\"6972\" src=\"https:\/\/i0.wp.com\/sovamm.cz\/wordpress\/wp-content\/uploads\/2025\/05\/vavrousek-fotograf03.jpg?resize=474%2C316&#038;ssl=1\" srcset=\"https:\/\/i0.wp.com\/sovamm.cz\/wordpress\/wp-content\/uploads\/2025\/05\/vavrousek-fotograf03.jpg?w=720&amp;ssl=1 720w, https:\/\/i0.wp.com\/sovamm.cz\/wordpress\/wp-content\/uploads\/2025\/05\/vavrousek-fotograf03.jpg?resize=300%2C200&amp;ssl=1 300w, https:\/\/i0.wp.com\/sovamm.cz\/wordpress\/wp-content\/uploads\/2025\/05\/vavrousek-fotograf03.jpg?resize=133%2C89&amp;ssl=1 133w\" sizes=\"(max-width: 474px) 100vw, 474px\" \/><\/figure><\/li><li class=\"wp-block-jetpack-slideshow_slide swiper-slide\"><figure><img data-recalc-dims=\"1\" loading=\"lazy\" decoding=\"async\" width=\"474\" height=\"316\" alt=\"\" class=\"wp-block-jetpack-slideshow_image wp-image-6973\" data-id=\"6973\" src=\"https:\/\/i0.wp.com\/sovamm.cz\/wordpress\/wp-content\/uploads\/2025\/05\/vavrousek-fotograf04.jpg?resize=474%2C316&#038;ssl=1\" srcset=\"https:\/\/i0.wp.com\/sovamm.cz\/wordpress\/wp-content\/uploads\/2025\/05\/vavrousek-fotograf04.jpg?w=720&amp;ssl=1 720w, https:\/\/i0.wp.com\/sovamm.cz\/wordpress\/wp-content\/uploads\/2025\/05\/vavrousek-fotograf04.jpg?resize=300%2C200&amp;ssl=1 300w, https:\/\/i0.wp.com\/sovamm.cz\/wordpress\/wp-content\/uploads\/2025\/05\/vavrousek-fotograf04.jpg?resize=133%2C89&amp;ssl=1 133w\" sizes=\"(max-width: 474px) 100vw, 474px\" \/><\/figure><\/li><li class=\"wp-block-jetpack-slideshow_slide swiper-slide\"><figure><img data-recalc-dims=\"1\" loading=\"lazy\" decoding=\"async\" width=\"474\" height=\"316\" alt=\"\" class=\"wp-block-jetpack-slideshow_image wp-image-6974\" data-id=\"6974\" src=\"https:\/\/i0.wp.com\/sovamm.cz\/wordpress\/wp-content\/uploads\/2025\/05\/vavrousek-fotograf05.jpg?resize=474%2C316&#038;ssl=1\" srcset=\"https:\/\/i0.wp.com\/sovamm.cz\/wordpress\/wp-content\/uploads\/2025\/05\/vavrousek-fotograf05.jpg?w=720&amp;ssl=1 720w, https:\/\/i0.wp.com\/sovamm.cz\/wordpress\/wp-content\/uploads\/2025\/05\/vavrousek-fotograf05.jpg?resize=300%2C200&amp;ssl=1 300w, https:\/\/i0.wp.com\/sovamm.cz\/wordpress\/wp-content\/uploads\/2025\/05\/vavrousek-fotograf05.jpg?resize=133%2C89&amp;ssl=1 133w\" sizes=\"(max-width: 474px) 100vw, 474px\" \/><\/figure><\/li><li class=\"wp-block-jetpack-slideshow_slide swiper-slide\"><figure><img data-recalc-dims=\"1\" loading=\"lazy\" decoding=\"async\" width=\"474\" height=\"316\" alt=\"\" class=\"wp-block-jetpack-slideshow_image wp-image-6975\" data-id=\"6975\" src=\"https:\/\/i0.wp.com\/sovamm.cz\/wordpress\/wp-content\/uploads\/2025\/05\/vavrousek-fotograf06.jpg?resize=474%2C316&#038;ssl=1\" srcset=\"https:\/\/i0.wp.com\/sovamm.cz\/wordpress\/wp-content\/uploads\/2025\/05\/vavrousek-fotograf06.jpg?w=720&amp;ssl=1 720w, https:\/\/i0.wp.com\/sovamm.cz\/wordpress\/wp-content\/uploads\/2025\/05\/vavrousek-fotograf06.jpg?resize=300%2C200&amp;ssl=1 300w, https:\/\/i0.wp.com\/sovamm.cz\/wordpress\/wp-content\/uploads\/2025\/05\/vavrousek-fotograf06.jpg?resize=133%2C89&amp;ssl=1 133w\" sizes=\"(max-width: 474px) 100vw, 474px\" \/><\/figure><\/li><li class=\"wp-block-jetpack-slideshow_slide swiper-slide\"><figure><img data-recalc-dims=\"1\" loading=\"lazy\" decoding=\"async\" width=\"474\" height=\"316\" alt=\"\" class=\"wp-block-jetpack-slideshow_image wp-image-6976\" data-id=\"6976\" src=\"https:\/\/i0.wp.com\/sovamm.cz\/wordpress\/wp-content\/uploads\/2025\/05\/vavrousek-fotograf07.jpg?resize=474%2C316&#038;ssl=1\" srcset=\"https:\/\/i0.wp.com\/sovamm.cz\/wordpress\/wp-content\/uploads\/2025\/05\/vavrousek-fotograf07.jpg?w=720&amp;ssl=1 720w, https:\/\/i0.wp.com\/sovamm.cz\/wordpress\/wp-content\/uploads\/2025\/05\/vavrousek-fotograf07.jpg?resize=300%2C200&amp;ssl=1 300w, https:\/\/i0.wp.com\/sovamm.cz\/wordpress\/wp-content\/uploads\/2025\/05\/vavrousek-fotograf07.jpg?resize=133%2C89&amp;ssl=1 133w\" sizes=\"(max-width: 474px) 100vw, 474px\" \/><\/figure><\/li><li class=\"wp-block-jetpack-slideshow_slide swiper-slide\"><figure><img data-recalc-dims=\"1\" loading=\"lazy\" decoding=\"async\" width=\"474\" height=\"316\" alt=\"\" class=\"wp-block-jetpack-slideshow_image wp-image-6977\" data-id=\"6977\" src=\"https:\/\/i0.wp.com\/sovamm.cz\/wordpress\/wp-content\/uploads\/2025\/05\/vavrousek-fotograf08.jpg?resize=474%2C316&#038;ssl=1\" srcset=\"https:\/\/i0.wp.com\/sovamm.cz\/wordpress\/wp-content\/uploads\/2025\/05\/vavrousek-fotograf08.jpg?w=720&amp;ssl=1 720w, https:\/\/i0.wp.com\/sovamm.cz\/wordpress\/wp-content\/uploads\/2025\/05\/vavrousek-fotograf08.jpg?resize=300%2C200&amp;ssl=1 300w, https:\/\/i0.wp.com\/sovamm.cz\/wordpress\/wp-content\/uploads\/2025\/05\/vavrousek-fotograf08.jpg?resize=133%2C89&amp;ssl=1 133w\" sizes=\"(max-width: 474px) 100vw, 474px\" \/><\/figure><\/li><li class=\"wp-block-jetpack-slideshow_slide swiper-slide\"><figure><img data-recalc-dims=\"1\" loading=\"lazy\" decoding=\"async\" width=\"474\" height=\"316\" alt=\"\" class=\"wp-block-jetpack-slideshow_image wp-image-6978\" data-id=\"6978\" src=\"https:\/\/i0.wp.com\/sovamm.cz\/wordpress\/wp-content\/uploads\/2025\/05\/vavrousek-fotograf09.jpg?resize=474%2C316&#038;ssl=1\" srcset=\"https:\/\/i0.wp.com\/sovamm.cz\/wordpress\/wp-content\/uploads\/2025\/05\/vavrousek-fotograf09.jpg?w=720&amp;ssl=1 720w, https:\/\/i0.wp.com\/sovamm.cz\/wordpress\/wp-content\/uploads\/2025\/05\/vavrousek-fotograf09.jpg?resize=300%2C200&amp;ssl=1 300w, https:\/\/i0.wp.com\/sovamm.cz\/wordpress\/wp-content\/uploads\/2025\/05\/vavrousek-fotograf09.jpg?resize=133%2C89&amp;ssl=1 133w\" sizes=\"(max-width: 474px) 100vw, 474px\" \/><\/figure><\/li><li class=\"wp-block-jetpack-slideshow_slide swiper-slide\"><figure><img data-recalc-dims=\"1\" loading=\"lazy\" decoding=\"async\" width=\"474\" height=\"316\" alt=\"\" class=\"wp-block-jetpack-slideshow_image wp-image-6979\" data-id=\"6979\" src=\"https:\/\/i0.wp.com\/sovamm.cz\/wordpress\/wp-content\/uploads\/2025\/05\/vavrousek-fotograf10.jpg?resize=474%2C316&#038;ssl=1\" srcset=\"https:\/\/i0.wp.com\/sovamm.cz\/wordpress\/wp-content\/uploads\/2025\/05\/vavrousek-fotograf10.jpg?w=720&amp;ssl=1 720w, https:\/\/i0.wp.com\/sovamm.cz\/wordpress\/wp-content\/uploads\/2025\/05\/vavrousek-fotograf10.jpg?resize=300%2C200&amp;ssl=1 300w, https:\/\/i0.wp.com\/sovamm.cz\/wordpress\/wp-content\/uploads\/2025\/05\/vavrousek-fotograf10.jpg?resize=133%2C89&amp;ssl=1 133w\" sizes=\"(max-width: 474px) 100vw, 474px\" \/><\/figure><\/li><li class=\"wp-block-jetpack-slideshow_slide swiper-slide\"><figure><img data-recalc-dims=\"1\" loading=\"lazy\" decoding=\"async\" width=\"474\" height=\"316\" alt=\"\" class=\"wp-block-jetpack-slideshow_image wp-image-6980\" data-id=\"6980\" src=\"https:\/\/i0.wp.com\/sovamm.cz\/wordpress\/wp-content\/uploads\/2025\/05\/vavrousek-fotograf11.jpg?resize=474%2C316&#038;ssl=1\" srcset=\"https:\/\/i0.wp.com\/sovamm.cz\/wordpress\/wp-content\/uploads\/2025\/05\/vavrousek-fotograf11.jpg?w=720&amp;ssl=1 720w, https:\/\/i0.wp.com\/sovamm.cz\/wordpress\/wp-content\/uploads\/2025\/05\/vavrousek-fotograf11.jpg?resize=300%2C200&amp;ssl=1 300w, https:\/\/i0.wp.com\/sovamm.cz\/wordpress\/wp-content\/uploads\/2025\/05\/vavrousek-fotograf11.jpg?resize=133%2C89&amp;ssl=1 133w\" sizes=\"(max-width: 474px) 100vw, 474px\" \/><\/figure><\/li><li class=\"wp-block-jetpack-slideshow_slide swiper-slide\"><figure><img data-recalc-dims=\"1\" loading=\"lazy\" decoding=\"async\" width=\"474\" height=\"316\" alt=\"\" class=\"wp-block-jetpack-slideshow_image wp-image-6981\" data-id=\"6981\" src=\"https:\/\/i0.wp.com\/sovamm.cz\/wordpress\/wp-content\/uploads\/2025\/05\/vavrousek-fotograf12.jpg?resize=474%2C316&#038;ssl=1\" srcset=\"https:\/\/i0.wp.com\/sovamm.cz\/wordpress\/wp-content\/uploads\/2025\/05\/vavrousek-fotograf12.jpg?w=720&amp;ssl=1 720w, https:\/\/i0.wp.com\/sovamm.cz\/wordpress\/wp-content\/uploads\/2025\/05\/vavrousek-fotograf12.jpg?resize=300%2C200&amp;ssl=1 300w, https:\/\/i0.wp.com\/sovamm.cz\/wordpress\/wp-content\/uploads\/2025\/05\/vavrousek-fotograf12.jpg?resize=133%2C89&amp;ssl=1 133w\" sizes=\"(max-width: 474px) 100vw, 474px\" \/><\/figure><\/li><li class=\"wp-block-jetpack-slideshow_slide swiper-slide\"><figure><img data-recalc-dims=\"1\" loading=\"lazy\" decoding=\"async\" width=\"474\" height=\"316\" alt=\"\" class=\"wp-block-jetpack-slideshow_image wp-image-6982\" data-id=\"6982\" src=\"https:\/\/i0.wp.com\/sovamm.cz\/wordpress\/wp-content\/uploads\/2025\/05\/vavrousek-fotograf13.jpg?resize=474%2C316&#038;ssl=1\" srcset=\"https:\/\/i0.wp.com\/sovamm.cz\/wordpress\/wp-content\/uploads\/2025\/05\/vavrousek-fotograf13.jpg?w=720&amp;ssl=1 720w, https:\/\/i0.wp.com\/sovamm.cz\/wordpress\/wp-content\/uploads\/2025\/05\/vavrousek-fotograf13.jpg?resize=300%2C200&amp;ssl=1 300w, https:\/\/i0.wp.com\/sovamm.cz\/wordpress\/wp-content\/uploads\/2025\/05\/vavrousek-fotograf13.jpg?resize=133%2C89&amp;ssl=1 133w\" sizes=\"(max-width: 474px) 100vw, 474px\" \/><\/figure><\/li><li class=\"wp-block-jetpack-slideshow_slide swiper-slide\"><figure><img data-recalc-dims=\"1\" loading=\"lazy\" decoding=\"async\" width=\"474\" height=\"316\" alt=\"\" class=\"wp-block-jetpack-slideshow_image wp-image-6983\" data-id=\"6983\" src=\"https:\/\/i0.wp.com\/sovamm.cz\/wordpress\/wp-content\/uploads\/2025\/05\/vavrousek-fotograf14.jpg?resize=474%2C316&#038;ssl=1\" srcset=\"https:\/\/i0.wp.com\/sovamm.cz\/wordpress\/wp-content\/uploads\/2025\/05\/vavrousek-fotograf14.jpg?w=720&amp;ssl=1 720w, https:\/\/i0.wp.com\/sovamm.cz\/wordpress\/wp-content\/uploads\/2025\/05\/vavrousek-fotograf14.jpg?resize=300%2C200&amp;ssl=1 300w, https:\/\/i0.wp.com\/sovamm.cz\/wordpress\/wp-content\/uploads\/2025\/05\/vavrousek-fotograf14.jpg?resize=133%2C89&amp;ssl=1 133w\" sizes=\"(max-width: 474px) 100vw, 474px\" \/><\/figure><\/li><li class=\"wp-block-jetpack-slideshow_slide swiper-slide\"><figure><img data-recalc-dims=\"1\" loading=\"lazy\" decoding=\"async\" width=\"474\" height=\"316\" alt=\"\" class=\"wp-block-jetpack-slideshow_image wp-image-6984\" data-id=\"6984\" src=\"https:\/\/i0.wp.com\/sovamm.cz\/wordpress\/wp-content\/uploads\/2025\/05\/vavrousek-fotograf15.jpg?resize=474%2C316&#038;ssl=1\" srcset=\"https:\/\/i0.wp.com\/sovamm.cz\/wordpress\/wp-content\/uploads\/2025\/05\/vavrousek-fotograf15.jpg?w=720&amp;ssl=1 720w, https:\/\/i0.wp.com\/sovamm.cz\/wordpress\/wp-content\/uploads\/2025\/05\/vavrousek-fotograf15.jpg?resize=300%2C200&amp;ssl=1 300w, https:\/\/i0.wp.com\/sovamm.cz\/wordpress\/wp-content\/uploads\/2025\/05\/vavrousek-fotograf15.jpg?resize=133%2C89&amp;ssl=1 133w\" sizes=\"(max-width: 474px) 100vw, 474px\" \/><\/figure><\/li><li class=\"wp-block-jetpack-slideshow_slide swiper-slide\"><figure><img data-recalc-dims=\"1\" loading=\"lazy\" decoding=\"async\" width=\"474\" height=\"316\" alt=\"\" class=\"wp-block-jetpack-slideshow_image wp-image-6985\" data-id=\"6985\" src=\"https:\/\/i0.wp.com\/sovamm.cz\/wordpress\/wp-content\/uploads\/2025\/05\/vavrousek-fotograf16.jpg?resize=474%2C316&#038;ssl=1\" srcset=\"https:\/\/i0.wp.com\/sovamm.cz\/wordpress\/wp-content\/uploads\/2025\/05\/vavrousek-fotograf16.jpg?w=720&amp;ssl=1 720w, https:\/\/i0.wp.com\/sovamm.cz\/wordpress\/wp-content\/uploads\/2025\/05\/vavrousek-fotograf16.jpg?resize=300%2C200&amp;ssl=1 300w, https:\/\/i0.wp.com\/sovamm.cz\/wordpress\/wp-content\/uploads\/2025\/05\/vavrousek-fotograf16.jpg?resize=133%2C89&amp;ssl=1 133w\" sizes=\"(max-width: 474px) 100vw, 474px\" \/><\/figure><\/li><li class=\"wp-block-jetpack-slideshow_slide swiper-slide\"><figure><img data-recalc-dims=\"1\" loading=\"lazy\" decoding=\"async\" width=\"474\" height=\"316\" alt=\"\" class=\"wp-block-jetpack-slideshow_image wp-image-6986\" data-id=\"6986\" src=\"https:\/\/i0.wp.com\/sovamm.cz\/wordpress\/wp-content\/uploads\/2025\/05\/vavrousek-fotograf17.jpg?resize=474%2C316&#038;ssl=1\" srcset=\"https:\/\/i0.wp.com\/sovamm.cz\/wordpress\/wp-content\/uploads\/2025\/05\/vavrousek-fotograf17.jpg?w=720&amp;ssl=1 720w, https:\/\/i0.wp.com\/sovamm.cz\/wordpress\/wp-content\/uploads\/2025\/05\/vavrousek-fotograf17.jpg?resize=300%2C200&amp;ssl=1 300w, https:\/\/i0.wp.com\/sovamm.cz\/wordpress\/wp-content\/uploads\/2025\/05\/vavrousek-fotograf17.jpg?resize=133%2C89&amp;ssl=1 133w\" sizes=\"(max-width: 474px) 100vw, 474px\" \/><\/figure><\/li><\/ul><a class=\"wp-block-jetpack-slideshow_button-prev swiper-button-prev swiper-button-white\" role=\"button\"><\/a><a class=\"wp-block-jetpack-slideshow_button-next swiper-button-next swiper-button-white\" role=\"button\"><\/a><a aria-label=\"Pause Slideshow\" class=\"wp-block-jetpack-slideshow_button-pause\" role=\"button\"><\/a><div class=\"wp-block-jetpack-slideshow_pagination swiper-pagination swiper-pagination-white\"><\/div><\/div><\/div>\n\n\n\n<ul class=\"wp-block-list\">\n<li><a href=\"https:\/\/sovamm.cz\/wordpress\/wp-content\/uploads\/2025\/05\/BVF_vernissage_20250517-2r.pdf\" target=\"_blank\" rel=\"noopener\">Pozv\u00e1nka na vernis\u00e1\u017e<\/a><\/li>\n\n\n\n<li><a href=\"https:\/\/sovamm.wordpress.com\/2025\/05\/21\/obrazky-z-vernisaze\/\" target=\"_blank\" rel=\"noreferrer noopener\">Obr\u00e1zky z&nbsp;vernis\u00e1\u017ee 17.&nbsp;5.&nbsp;2025<\/a><\/li>\n\n\n\n<li><a href=\"https:\/\/sovamm.cz\/wordpress\/event\/ke-150-vyroci-narozeni-b-vavrouska\/\">Ke 150.&nbsp;v\u00fdro\u010d\u00ed narozen\u00ed B. Vavrou\u0161ka<\/a>\n<ul class=\"wp-block-list\">\n<li><a href=\"https:\/\/sovamm.cz\/wordpress\/wp-content\/uploads\/2025\/05\/BVF_20250626-R.pdf\" data-type=\"link\" data-id=\"https:\/\/sovamm.cz\/wordpress\/wp-content\/uploads\/2025\/05\/BVF_20250626-R.pdf\" target=\"_blank\" rel=\"noreferrer noopener\">Pozv\u00e1nka na komentovanou prohl\u00eddku 26.&nbsp;6.&nbsp;2025<\/a><\/li>\n<\/ul>\n<\/li>\n\n\n\n<li><a href=\"https:\/\/sovamm.cz\/wordpress\/wp-content\/uploads\/2025\/05\/letak_BV_2025-0517-0831_U120250423_orez_R.pdf\" target=\"_blank\" rel=\"noopener\">Leaflet ke sta\u017een\u00ed<\/a><\/li>\n\n\n\n<li><a href=\"https:\/\/www.sovamm.cz\/wordpress\/bohumil-vavrousek\/\" target=\"_blank\" rel=\"noopener\">V\u00edce o&nbsp;\u017eivot\u011b a&nbsp;d\u00edle Bohumila Vavrou\u0161ka (1875\u20141939)<\/a><\/li>\n<\/ul>\n\n\n\n<p style=\"font-style:normal;font-weight:900\">V\u00fdstava:<\/p>\n\n\n\n<ul class=\"wp-block-list\">\n<li><a href=\"https:\/\/sovamm.cz\/wordpress\/wp-content\/uploads\/2025\/06\/BV_vystava_20250517-Poutac1a_R.pdf\" data-type=\"link\" data-id=\"https:\/\/sovamm.cz\/wordpress\/wp-content\/uploads\/2025\/06\/BV_vystava_20250517-Poutac1a_R.pdf\">Pouta\u010d<\/a><\/li>\n\n\n\n<li><a href=\"https:\/\/sovamm.cz\/wordpress\/wp-content\/uploads\/2025\/06\/BVF.pdf\" data-type=\"link\" data-id=\"https:\/\/sovamm.cz\/wordpress\/wp-content\/uploads\/2025\/06\/BVF.pdf\" target=\"_blank\" rel=\"noreferrer noopener\">Panely<\/a><\/li>\n\n\n\n<li><a href=\"https:\/\/sovamm.cz\/wordpress\/wp-content\/uploads\/2025\/06\/stoly-R.pdf\" data-type=\"link\" data-id=\"https:\/\/sovamm.cz\/wordpress\/wp-content\/uploads\/2025\/06\/stoly-R.pdf\" target=\"_blank\" rel=\"noreferrer noopener\">Stoly<\/a>\n<ul class=\"wp-block-list\">\n<li><a href=\"https:\/\/sovamm.cz\/wordpress\/wp-content\/uploads\/2025\/06\/BV_stoly_pag-R.pdf\" data-type=\"link\" data-id=\"https:\/\/sovamm.cz\/wordpress\/wp-content\/uploads\/2025\/06\/BV_stoly_pag-R.pdf\" target=\"_blank\" rel=\"noreferrer noopener\">Vybran\u00e9 str\u00e1nky D\u011bdiny a&nbsp;Kostela na D\u011bdin\u011b&#8230;<\/a><\/li>\n<\/ul>\n<\/li>\n<\/ul>\n\n\n\n<p><\/p>\n\n\n\n<p class=\"has-text-align-center\">Medi\u00e1ln\u00ed partner:<\/p>\n\n\n<div class=\"wp-block-image\">\n<figure class=\"aligncenter\"><a href=\"https:\/\/www.propamatky.cz\/\" target=\"_blank\" rel=\"noreferrer noopener\"><img decoding=\"async\" data-attachment-id=\"7411\" data-permalink=\"https:\/\/sovamm.cz\/wordpress\/vystavy\/historicka-architektura-nejen-lidova\/logo-propamatky_seda-cerna_rgb\/\" data-orig-file=\"https:\/\/i0.wp.com\/sovamm.cz\/wordpress\/wp-content\/uploads\/2026\/02\/Logo-propamatky_seda-cerna_RGB-scaled.png?fit=2560%2C641&amp;ssl=1\" data-orig-size=\"2560,641\" data-comments-opened=\"1\" data-image-meta=\"{&quot;aperture&quot;:&quot;0&quot;,&quot;credit&quot;:&quot;&quot;,&quot;camera&quot;:&quot;&quot;,&quot;caption&quot;:&quot;&quot;,&quot;created_timestamp&quot;:&quot;0&quot;,&quot;copyright&quot;:&quot;&quot;,&quot;focal_length&quot;:&quot;0&quot;,&quot;iso&quot;:&quot;0&quot;,&quot;shutter_speed&quot;:&quot;0&quot;,&quot;title&quot;:&quot;&quot;,&quot;orientation&quot;:&quot;0&quot;}\" data-image-title=\"Logo-propamatky_seda-cerna_RGB\" data-image-description=\"\" data-image-caption=\"\" data-medium-file=\"https:\/\/i0.wp.com\/sovamm.cz\/wordpress\/wp-content\/uploads\/2026\/02\/Logo-propamatky_seda-cerna_RGB-scaled.png?fit=300%2C75&amp;ssl=1\" data-large-file=\"https:\/\/i0.wp.com\/sovamm.cz\/wordpress\/wp-content\/uploads\/2026\/02\/Logo-propamatky_seda-cerna_RGB-scaled.png?fit=474%2C119&amp;ssl=1\" src=\"https:\/\/i0.wp.com\/sovamm.cz\/wordpress\/wp-content\/uploads\/2026\/02\/Logo-propamatky_seda-cerna_RGB.png?resize=200%2C50&amp;ssl=1\" alt=\"\" class=\"wp-image-7411\"\/><\/a><\/figure>\n<\/div>\n\n\n<p><em>Aktualizov\u00e1no: <span class=\"last-modified-timestamp\">11\/02\/2026 19:49<\/span><\/em><\/p>\n\n\n\n<p><\/p>\n","protected":false},"excerpt":{"rendered":"<p>Ve spolupr\u00e1ci s&nbsp;brn\u011bnsk\u00fdm \u00fazemn\u00edm odborn\u00fdm pracovi\u0161t\u011bm NP\u00da p\u0159ipravil SOVAMM a&nbsp;Masaryk\u016fv \u00fastav a&nbsp;Archiv AV \u010cR, v. v. i. v\u00fdstavu d\u00edla B. Vavrou\u0161ka.<\/p>\n","protected":false},"author":2,"featured_media":6145,"parent":6780,"menu_order":3,"comment_status":"closed","ping_status":"closed","template":"","meta":{"jetpack_post_was_ever_published":false,"footnotes":""},"class_list":["post-6839","page","type-page","status-publish","has-post-thumbnail","hentry"],"jetpack_shortlink":"https:\/\/wp.me\/P8dB8l-1Mj","jetpack_sharing_enabled":true,"_links":{"self":[{"href":"https:\/\/sovamm.cz\/wordpress\/wp-json\/wp\/v2\/pages\/6839","targetHints":{"allow":["GET"]}}],"collection":[{"href":"https:\/\/sovamm.cz\/wordpress\/wp-json\/wp\/v2\/pages"}],"about":[{"href":"https:\/\/sovamm.cz\/wordpress\/wp-json\/wp\/v2\/types\/page"}],"author":[{"embeddable":true,"href":"https:\/\/sovamm.cz\/wordpress\/wp-json\/wp\/v2\/users\/2"}],"replies":[{"embeddable":true,"href":"https:\/\/sovamm.cz\/wordpress\/wp-json\/wp\/v2\/comments?post=6839"}],"version-history":[{"count":24,"href":"https:\/\/sovamm.cz\/wordpress\/wp-json\/wp\/v2\/pages\/6839\/revisions"}],"predecessor-version":[{"id":7416,"href":"https:\/\/sovamm.cz\/wordpress\/wp-json\/wp\/v2\/pages\/6839\/revisions\/7416"}],"up":[{"embeddable":true,"href":"https:\/\/sovamm.cz\/wordpress\/wp-json\/wp\/v2\/pages\/6780"}],"wp:featuredmedia":[{"embeddable":true,"href":"https:\/\/sovamm.cz\/wordpress\/wp-json\/wp\/v2\/media\/6145"}],"wp:attachment":[{"href":"https:\/\/sovamm.cz\/wordpress\/wp-json\/wp\/v2\/media?parent=6839"}],"curies":[{"name":"wp","href":"https:\/\/api.w.org\/{rel}","templated":true}]}}