{"id":6834,"date":"2025-03-14T09:25:08","date_gmt":"2025-03-14T08:25:08","guid":{"rendered":"https:\/\/sovamm.cz\/wordpress\/?page_id=6834"},"modified":"2025-03-14T10:10:59","modified_gmt":"2025-03-14T09:10:59","slug":"earthen-architecture-the-future-of-a-thousand-year-old-tradition","status":"publish","type":"page","link":"https:\/\/sovamm.cz\/wordpress\/en\/exhibitions\/earthen-architecture-the-future-of-a-thousand-year-old-tradition\/","title":{"rendered":"Exhibition Earthen architecture, the future of a\u00a0thousand-year-old tradition"},"content":{"rendered":"<p>Exhibition <strong>Hlin\u011bn\u00e1 architektura, budoucnost tis\u00edcilet\u00e9 tradice \/ Earthen architecture, the future of a\u00a0thousand-year-old tradition<\/strong><br \/>\nP\u0159\u00edkazy 12\/1997\u201310\/1998:<\/p>\n<ul>\n<li><a href=\"http:\/\/sovamm.cz\/PDFs\/Prikazy_1995\/KATALOG.PDF#pagemode=bookmarks&amp;page=1\" target=\"_blank\" rel=\"noopener noreferrer\">Exhibition catalogue<\/a><\/li>\n<li><a href=\"http:\/\/sovamm.cz\/PDFs\/Prikazy_1995\/EXPO1.PDF#pagemode=bookmarks&amp;page=1\" target=\"_blank\" rel=\"noopener noreferrer\">Exhibition in P\u0159\u00edkazy at No. 54 \u2013 Kamen\u00ed\u010dek&#8217;s&nbsp;Farmstead<\/a><\/li>\n<li><a href=\"http:\/\/sovamm.cz\/PDFs\/Prikazy_1995\/V_TRASA.PDF#pagemode=bookmarks&amp;page=1\" target=\"_blank\" rel=\"noopener noreferrer\">Educational tour of 12 villages in the Han\u00e1 region and the surrounding area<\/a><\/li>\n<\/ul>\n<p style=\"text-align: center;\"><a href=\"https:\/\/i0.wp.com\/sovamm.cz\/wordpress\/wp-content\/uploads\/2025\/03\/Prikazy_EXPO1-scaled.jpg?ssl=1\" target=\"_blank\" rel=\"noopener\"><img data-recalc-dims=\"1\" loading=\"lazy\" decoding=\"async\" data-attachment-id=\"6831\" data-permalink=\"https:\/\/sovamm.cz\/wordpress\/vystavy\/hlinena-architektura-budoucnost-tisicilete-tradice\/prikazy_expo1\/\" data-orig-file=\"https:\/\/i0.wp.com\/sovamm.cz\/wordpress\/wp-content\/uploads\/2025\/03\/Prikazy_EXPO1-scaled.jpg?fit=1811%2C2560&amp;ssl=1\" data-orig-size=\"1811,2560\" data-comments-opened=\"1\" data-image-meta=\"{&quot;aperture&quot;:&quot;0&quot;,&quot;credit&quot;:&quot;&quot;,&quot;camera&quot;:&quot;&quot;,&quot;caption&quot;:&quot;&quot;,&quot;created_timestamp&quot;:&quot;0&quot;,&quot;copyright&quot;:&quot;&quot;,&quot;focal_length&quot;:&quot;0&quot;,&quot;iso&quot;:&quot;0&quot;,&quot;shutter_speed&quot;:&quot;0&quot;,&quot;title&quot;:&quot;&quot;,&quot;orientation&quot;:&quot;0&quot;}\" data-image-title=\"Prikazy_EXPO1\" data-image-description=\"\" data-image-caption=\"\" data-large-file=\"https:\/\/i0.wp.com\/sovamm.cz\/wordpress\/wp-content\/uploads\/2025\/03\/Prikazy_EXPO1-scaled.jpg?fit=474%2C670&amp;ssl=1\" class=\"alignnone wp-image-6831 size-large\" src=\"https:\/\/i0.wp.com\/sovamm.cz\/wordpress\/wp-content\/uploads\/2025\/03\/Prikazy_EXPO1.jpg?resize=474%2C670&#038;ssl=1\" alt=\"\" width=\"474\" height=\"670\" srcset=\"https:\/\/i0.wp.com\/sovamm.cz\/wordpress\/wp-content\/uploads\/2025\/03\/Prikazy_EXPO1-scaled.jpg?resize=724%2C1024&amp;ssl=1 724w, https:\/\/i0.wp.com\/sovamm.cz\/wordpress\/wp-content\/uploads\/2025\/03\/Prikazy_EXPO1-scaled.jpg?resize=212%2C300&amp;ssl=1 212w, https:\/\/i0.wp.com\/sovamm.cz\/wordpress\/wp-content\/uploads\/2025\/03\/Prikazy_EXPO1-scaled.jpg?resize=768%2C1086&amp;ssl=1 768w, https:\/\/i0.wp.com\/sovamm.cz\/wordpress\/wp-content\/uploads\/2025\/03\/Prikazy_EXPO1-scaled.jpg?resize=1086%2C1536&amp;ssl=1 1086w, https:\/\/i0.wp.com\/sovamm.cz\/wordpress\/wp-content\/uploads\/2025\/03\/Prikazy_EXPO1-scaled.jpg?resize=1449%2C2048&amp;ssl=1 1449w, https:\/\/i0.wp.com\/sovamm.cz\/wordpress\/wp-content\/uploads\/2025\/03\/Prikazy_EXPO1-scaled.jpg?resize=133%2C188&amp;ssl=1 133w, https:\/\/i0.wp.com\/sovamm.cz\/wordpress\/wp-content\/uploads\/2025\/03\/Prikazy_EXPO1-scaled.jpg?w=1811&amp;ssl=1 1811w, https:\/\/i0.wp.com\/sovamm.cz\/wordpress\/wp-content\/uploads\/2025\/03\/Prikazy_EXPO1-scaled.jpg?w=948&amp;ssl=1 948w\" sizes=\"auto, (max-width: 474px) 100vw, 474px\" \/><\/a><\/p>\n<p>&nbsp;<\/p>\n<ul>\n<li>P\u0159\u00edkazy 4.-5.9.1998: <a href=\"https:\/\/sovamm.cz\/PDFs\/Prikazy_1995\/DEMO.PDF#pagemode=bookmarks&amp;page=1\" target=\"_blank\" rel=\"noopener noreferrer\">Demonstrations of earthen construction techniques<\/a><\/li>\n<\/ul>\n","protected":false},"excerpt":{"rendered":"<p>Exhibition Hlin\u011bn\u00e1 architektura, budoucnost tis\u00edcilet\u00e9 tradice \/ Earthen architecture, the future of a\u00a0thousand-year-old tradition P\u0159\u00edkazy 12\/1997\u201310\/1998: Exhibition catalogue Exhibition in P\u0159\u00edkazy at No. 54 \u2013 Kamen\u00ed\u010dek&#8217;s&nbsp;Farmstead Educational tour of 12 &hellip; <a href=\"https:\/\/sovamm.cz\/wordpress\/en\/exhibitions\/earthen-architecture-the-future-of-a-thousand-year-old-tradition\/\" class=\"more-link\">Pokra\u010dov\u00e1n\u00ed textu <span class=\"screen-reader-text\">Exhibition Earthen architecture, the future of a\u00a0thousand-year-old tradition<\/span> <span class=\"meta-nav\">&rarr;<\/span><\/a><\/p>\n","protected":false},"author":2,"featured_media":6833,"parent":6810,"menu_order":1,"comment_status":"closed","ping_status":"closed","template":"","meta":{"jetpack_post_was_ever_published":false,"footnotes":""},"class_list":["post-6834","page","type-page","status-publish","has-post-thumbnail","hentry"],"jetpack_shortlink":"https:\/\/wp.me\/P8dB8l-1Me","jetpack_sharing_enabled":true,"_links":{"self":[{"href":"https:\/\/sovamm.cz\/wordpress\/wp-json\/wp\/v2\/pages\/6834","targetHints":{"allow":["GET"]}}],"collection":[{"href":"https:\/\/sovamm.cz\/wordpress\/wp-json\/wp\/v2\/pages"}],"about":[{"href":"https:\/\/sovamm.cz\/wordpress\/wp-json\/wp\/v2\/types\/page"}],"author":[{"embeddable":true,"href":"https:\/\/sovamm.cz\/wordpress\/wp-json\/wp\/v2\/users\/2"}],"replies":[{"embeddable":true,"href":"https:\/\/sovamm.cz\/wordpress\/wp-json\/wp\/v2\/comments?post=6834"}],"version-history":[{"count":6,"href":"https:\/\/sovamm.cz\/wordpress\/wp-json\/wp\/v2\/pages\/6834\/revisions"}],"predecessor-version":[{"id":6849,"href":"https:\/\/sovamm.cz\/wordpress\/wp-json\/wp\/v2\/pages\/6834\/revisions\/6849"}],"up":[{"embeddable":true,"href":"https:\/\/sovamm.cz\/wordpress\/wp-json\/wp\/v2\/pages\/6810"}],"wp:featuredmedia":[{"embeddable":true,"href":"https:\/\/sovamm.cz\/wordpress\/wp-json\/wp\/v2\/media\/6833"}],"wp:attachment":[{"href":"https:\/\/sovamm.cz\/wordpress\/wp-json\/wp\/v2\/media?parent=6834"}],"curies":[{"name":"wp","href":"https:\/\/api.w.org\/{rel}","templated":true}]}}