{"id":6780,"date":"2025-03-13T11:16:28","date_gmt":"2025-03-13T10:16:28","guid":{"rendered":"https:\/\/sovamm.cz\/wordpress\/?page_id=6780"},"modified":"2026-03-23T00:30:11","modified_gmt":"2026-03-22T23:30:11","slug":"vystavy","status":"publish","type":"page","link":"https:\/\/sovamm.cz\/wordpress\/vystavy\/","title":{"rendered":"V\u00fdstavy"},"content":{"rendered":"<p>Uspo\u0159\u00e1dali jsme:<\/p>\n<ul>\n<li><a href=\"https:\/\/sovamm.cz\/wordpress\/vystavy\/hlinena-architektura-budoucnost-tisicilete-tradice\/\"><strong>Hlin\u011bn\u00e1 architektura, budoucnost tis\u00edcilet\u00e9 tradice\u00a0<\/strong><\/a><br \/>\nP\u0159\u00edkazy 12\/1997\u201310\/1998<br \/>\nStr\u00e1\u017enice 1.5.1999\u201331.10.1999<\/li>\n<li><a href=\"https:\/\/sovamm.cz\/wordpress\/vystavy\/vystava-macel-vajdis\/\"><strong>M\u00e1\u010del\u2013Vajdi\u0161<\/strong><\/a><br \/>\nBrno\u00a0 17.12.2021\u201328.3.2022<\/li>\n<li><a href=\"https:\/\/sovamm.cz\/wordpress\/vystavy\/vystava-bohumil-vavrousek-fotograf\/\"><strong>Bohumil Vavrou\u0161ek, fotograf<\/strong><\/a><br \/>\nBrno 17.5.2025\u201331.8.2025<\/li>\n<\/ul>\n<p>Prob\u00edhaj\u00edc\u00ed v\u00fdstavy:<\/p>\n<ul>\n<li><a href=\"https:\/\/sovamm.cz\/wordpress\/vystavy\/historicka-architektura-nejen-lidova\/\"><strong>Historick\u00e1 architektura nejen lidov\u00e1<\/strong><\/a><br \/>\n\u00dast\u00ed nad Orlic\u00ed 26.2.2026\u201317.5.2026<\/li>\n<li><a href=\"https:\/\/sovamm.cz\/wordpress\/vystavy\/vystava-bohumil-vavrousek-fotograf\/\"><strong>Bohumil Vavrou\u0161ek, fotograf<\/strong><\/a><br \/>\nKa\u010dina 22.3.2026\u201331.12.2026<\/li>\n<\/ul>\n<p>P\u0159ipravujeme:<\/p>\n<ul>\n<li><a href=\"https:\/\/sovamm.cz\/wordpress\/vystavy\/historicka-architektura-nejen-lidova\/\"><strong>Historick\u00e1 architektura nejen lidov\u00e1<\/strong><\/a><br \/>\nSob\u011bslav 23.8.2026\u201330.9.2026<\/li>\n<\/ul>\n<p>Ostatn\u00ed:<\/p>\n<ul>\n<li><a href=\"https:\/\/sovamm.cz\/wordpress\/vystavy\/vystava-stavitel-josef-suta-1863-1941\/\"><strong>Stavitel Josef \u0160uta (1863\u20131941)<\/strong><br \/>\n<\/a>Uhersk\u00fd Ostroh 16.9.2017\u201319.11.2017<\/li>\n<\/ul>\n","protected":false},"excerpt":{"rendered":"<p>Uspo\u0159\u00e1dali jsme: Hlin\u011bn\u00e1 architektura, budoucnost tis\u00edcilet\u00e9 tradice\u00a0 P\u0159\u00edkazy 12\/1997\u201310\/1998 Str\u00e1\u017enice 1.5.1999\u201331.10.1999 M\u00e1\u010del\u2013Vajdi\u0161 Brno\u00a0 17.12.2021\u201328.3.2022 Bohumil Vavrou\u0161ek, fotograf Brno 17.5.2025\u201331.8.2025 Prob\u00edhaj\u00edc\u00ed v\u00fdstavy: Historick\u00e1 architektura nejen lidov\u00e1 \u00dast\u00ed nad Orlic\u00ed 26.2.2026\u201317.5.2026 Bohumil &hellip; <a href=\"https:\/\/sovamm.cz\/wordpress\/vystavy\/\" class=\"more-link\">Pokra\u010dov\u00e1n\u00ed textu <span class=\"screen-reader-text\">V\u00fdstavy<\/span> <span class=\"meta-nav\">&rarr;<\/span><\/a><\/p>\n","protected":false},"author":2,"featured_media":6782,"parent":0,"menu_order":4,"comment_status":"closed","ping_status":"closed","template":"","meta":{"jetpack_post_was_ever_published":false,"footnotes":""},"class_list":["post-6780","page","type-page","status-publish","has-post-thumbnail","hentry"],"jetpack_shortlink":"https:\/\/wp.me\/P8dB8l-1Lm","jetpack_sharing_enabled":true,"_links":{"self":[{"href":"https:\/\/sovamm.cz\/wordpress\/wp-json\/wp\/v2\/pages\/6780","targetHints":{"allow":["GET"]}}],"collection":[{"href":"https:\/\/sovamm.cz\/wordpress\/wp-json\/wp\/v2\/pages"}],"about":[{"href":"https:\/\/sovamm.cz\/wordpress\/wp-json\/wp\/v2\/types\/page"}],"author":[{"embeddable":true,"href":"https:\/\/sovamm.cz\/wordpress\/wp-json\/wp\/v2\/users\/2"}],"replies":[{"embeddable":true,"href":"https:\/\/sovamm.cz\/wordpress\/wp-json\/wp\/v2\/comments?post=6780"}],"version-history":[{"count":22,"href":"https:\/\/sovamm.cz\/wordpress\/wp-json\/wp\/v2\/pages\/6780\/revisions"}],"predecessor-version":[{"id":7805,"href":"https:\/\/sovamm.cz\/wordpress\/wp-json\/wp\/v2\/pages\/6780\/revisions\/7805"}],"wp:featuredmedia":[{"embeddable":true,"href":"https:\/\/sovamm.cz\/wordpress\/wp-json\/wp\/v2\/media\/6782"}],"wp:attachment":[{"href":"https:\/\/sovamm.cz\/wordpress\/wp-json\/wp\/v2\/media?parent=6780"}],"curies":[{"name":"wp","href":"https:\/\/api.w.org\/{rel}","templated":true}]}}