{"id":6682,"date":"2025-02-08T23:11:15","date_gmt":"2025-02-08T22:11:15","guid":{"rendered":"https:\/\/sovamm.cz\/wordpress\/?page_id=6682"},"modified":"2025-03-13T10:44:09","modified_gmt":"2025-03-13T09:44:09","slug":"valka-miroslav-1951","status":"publish","type":"page","link":"https:\/\/sovamm.cz\/wordpress\/publikace-2\/publikace-clenu-sovamm\/valka-miroslav-1951\/","title":{"rendered":"V\u00e1lka Miroslav (1951-)"},"content":{"rendered":"<p><em>Narozen 16.10.1951 v\u00a0Ochozu u\u00a0Ti\u0161nova. Etnolog, pedagog a\u00a0publicista.<\/em><br \/>\n<a href=\"https:\/\/sovamm.cz\/wordpress\/sovpis\/autori\/miroslav-valka\/\">Autor SOVPIS<\/a> \u00a6 <a href=\"https:\/\/sovamm.wordpress.com\/who-is-who\/miroslav-valka\/\" target=\"_blank\" rel=\"noopener noreferrer\">Who is who in SOVAMM<\/a><\/p>\n\t\t\t<div class=\"book-review-wrapper orderedby-title\" id=\"book-review-6684\">\n\t\t\t\t<h3><a href=\"https:\/\/sovamm.cz\/wordpress\/book-review\/vesnicka-stavebni-kultura\/\">Vesnick\u00e1 stavebn\u00ed kultura<\/a><\/h3>\n\t\t\t\t<div class=\"book-review-sc post-6684 book-review type-book-review status-publish has-post-thumbnail hentry book-author-malach-roman book-author-valka-miroslav\">\n\t\t\t\t\t\t\t\t\t\t\t<a href=\"https:\/\/sovamm.cz\/wordpress\/book-review\/vesnicka-stavebni-kultura\/\" title=\"Vesnick\u00e1 stavebn\u00ed kultura\" class=\"alignleft pull-left thumbnail\">\n\t\t\t\t\t\t\t<img loading=\"lazy\" decoding=\"async\" width=\"133\" height=\"189\" src=\"https:\/\/i0.wp.com\/sovamm.cz\/wordpress\/wp-content\/uploads\/2025\/02\/VesnickaStavebniKultura.jpg?fit=133%2C189&amp;ssl=1\" class=\"attachment-book-cover size-book-cover wp-post-image\" alt=\"\" srcset=\"https:\/\/i0.wp.com\/sovamm.cz\/wordpress\/wp-content\/uploads\/2025\/02\/VesnickaStavebniKultura.jpg?w=1038&amp;ssl=1 1038w, https:\/\/i0.wp.com\/sovamm.cz\/wordpress\/wp-content\/uploads\/2025\/02\/VesnickaStavebniKultura.jpg?resize=211%2C300&amp;ssl=1 211w, https:\/\/i0.wp.com\/sovamm.cz\/wordpress\/wp-content\/uploads\/2025\/02\/VesnickaStavebniKultura.jpg?resize=719%2C1024&amp;ssl=1 719w, https:\/\/i0.wp.com\/sovamm.cz\/wordpress\/wp-content\/uploads\/2025\/02\/VesnickaStavebniKultura.jpg?resize=768%2C1094&amp;ssl=1 768w, https:\/\/i0.wp.com\/sovamm.cz\/wordpress\/wp-content\/uploads\/2025\/02\/VesnickaStavebniKultura.jpg?resize=133%2C189&amp;ssl=1 133w, https:\/\/i0.wp.com\/sovamm.cz\/wordpress\/wp-content\/uploads\/2025\/02\/VesnickaStavebniKultura.jpg?w=948&amp;ssl=1 948w\" sizes=\"auto, (max-width: 133px) 100vw, 133px\" data-attachment-id=\"6685\" data-permalink=\"https:\/\/sovamm.cz\/wordpress\/book-review\/vesnicka-stavebni-kultura\/vesnickastavebnikultura\/\" data-orig-file=\"https:\/\/i0.wp.com\/sovamm.cz\/wordpress\/wp-content\/uploads\/2025\/02\/VesnickaStavebniKultura.jpg?fit=1038%2C1478&amp;ssl=1\" data-orig-size=\"1038,1478\" data-comments-opened=\"1\" data-image-meta=\"{&quot;aperture&quot;:&quot;0&quot;,&quot;credit&quot;:&quot;&quot;,&quot;camera&quot;:&quot;&quot;,&quot;caption&quot;:&quot;&quot;,&quot;created_timestamp&quot;:&quot;0&quot;,&quot;copyright&quot;:&quot;&quot;,&quot;focal_length&quot;:&quot;0&quot;,&quot;iso&quot;:&quot;0&quot;,&quot;shutter_speed&quot;:&quot;0&quot;,&quot;title&quot;:&quot;&quot;,&quot;orientation&quot;:&quot;1&quot;}\" data-image-title=\"VesnickaStavebn\u00edKultura\" data-image-description=\"\" data-image-caption=\"\" data-large-file=\"https:\/\/i0.wp.com\/sovamm.cz\/wordpress\/wp-content\/uploads\/2025\/02\/VesnickaStavebniKultura.jpg?fit=474%2C675&amp;ssl=1\" \/>\t\t\t\t\t\t<\/a>\n\t\t\t\t\t\n\t\t\t\t\t\t\t\t\t\t\t\t<p>MALACH, Roman a&nbsp;V\u00c1LKA, Miroslav (ed.). Vesnick\u00e1 stavebn\u00ed kultura: stavebn\u00ed materi\u00e1l &#8211; domov\u00e1 dispozice &#8211; slohov\u00e9 ohlasy &#8211; d\u0159ev\u011bn\u00e9 sakr\u00e1ln\u00ed stavby. Etnologick\u00e9 studie. Brno: Masarykova univerzita, 2014. ISBN 978-80-210-7540-5.<\/p>\n\t\t\t\t\t\t\t\t\t\t<\/div>\n\n\t\t\t\t<div class=\"post-meta\">\n\t\t\t\t\t\t\t\t\t<\/div>\n\t\t\t\t<div class=\"post-data\">\n\t\t\t\t\t\t\t\t\t\t\t\t\t\t\t\t\t\t\t\t\t\t\t\t\t\t\t\t\t<\/div>\n\t\t\t<\/div>\n\t\t\t\n","protected":false},"excerpt":{"rendered":"<p>Narozen 16.10.1951 v\u00a0Ochozu u\u00a0Ti\u0161nova. Etnolog, pedagog a\u00a0publicista. Autor SOVPIS \u00a6 Who is who in SOVAMM<\/p>\n","protected":false},"author":2,"featured_media":0,"parent":5279,"menu_order":0,"comment_status":"closed","ping_status":"closed","template":"","meta":{"jetpack_post_was_ever_published":false,"footnotes":""},"class_list":["post-6682","page","type-page","status-publish","hentry","has-post-thumbnail"],"jetpack_shortlink":"https:\/\/wp.me\/P8dB8l-1JM","jetpack_sharing_enabled":true,"_links":{"self":[{"href":"https:\/\/sovamm.cz\/wordpress\/wp-json\/wp\/v2\/pages\/6682","targetHints":{"allow":["GET"]}}],"collection":[{"href":"https:\/\/sovamm.cz\/wordpress\/wp-json\/wp\/v2\/pages"}],"about":[{"href":"https:\/\/sovamm.cz\/wordpress\/wp-json\/wp\/v2\/types\/page"}],"author":[{"embeddable":true,"href":"https:\/\/sovamm.cz\/wordpress\/wp-json\/wp\/v2\/users\/2"}],"replies":[{"embeddable":true,"href":"https:\/\/sovamm.cz\/wordpress\/wp-json\/wp\/v2\/comments?post=6682"}],"version-history":[{"count":1,"href":"https:\/\/sovamm.cz\/wordpress\/wp-json\/wp\/v2\/pages\/6682\/revisions"}],"predecessor-version":[{"id":6683,"href":"https:\/\/sovamm.cz\/wordpress\/wp-json\/wp\/v2\/pages\/6682\/revisions\/6683"}],"up":[{"embeddable":true,"href":"https:\/\/sovamm.cz\/wordpress\/wp-json\/wp\/v2\/pages\/5279"}],"wp:attachment":[{"href":"https:\/\/sovamm.cz\/wordpress\/wp-json\/wp\/v2\/media?parent=6682"}],"curies":[{"name":"wp","href":"https:\/\/api.w.org\/{rel}","templated":true}]}}