{"id":6679,"date":"2025-02-08T22:58:24","date_gmt":"2025-02-08T21:58:24","guid":{"rendered":"https:\/\/sovamm.cz\/wordpress\/?page_id=6679"},"modified":"2025-03-13T10:43:43","modified_gmt":"2025-03-13T09:43:43","slug":"vaclavik-frantisek-r-1975","status":"publish","type":"page","link":"https:\/\/sovamm.cz\/wordpress\/publikace-2\/publikace-clenu-sovamm\/vaclavik-frantisek-r-1975\/","title":{"rendered":"V\u00e1clav\u00edk Franti\u0161ek R. (1975-)"},"content":{"rendered":"<p><em>Narozen 1975. Stavebn\u00ed historik.<\/em><br \/>\nAutor SOVPIS \u00a6\u00a0<a href=\"https:\/\/sovamm.wordpress.com\/who-is-who\/frantisek-radek-vaclavik\/\" target=\"_blank\" rel=\"noopener\">Who is who in SOVAMM<\/a><\/p>\n\t\t\t<div class=\"book-review-wrapper orderedby-title\" id=\"book-review-2545\">\n\t\t\t\t<h3><a href=\"https:\/\/sovamm.cz\/wordpress\/book-review\/nejstarsi-venkovske-domy\/\">Nejstar\u0161\u00ed venkovsk\u00e9 domy ve v\u00fdchodn\u00edch \u010cech\u00e1ch<\/a><\/h3>\n\t\t\t\t<div class=\"book-review-sc post-2545 book-review type-book-review status-publish has-post-thumbnail hentry genre-odborna-literatura-cs genre-popularne-naucna-literatura-cs genre-sovpis-cs book-author-cejpova-miroslava book-author-dostal-petr book-author-ebel-martin book-author-filous-tomas book-author-gabriel-frantisek book-author-kyncl-josef book-author-kyncl-tomas book-author-nemcova-zdenka book-author-paterova-vladimira book-author-ruzickova-renata book-author-siglova-tereza book-author-skabrada-jiri book-author-stejskal-david book-author-stranska-varekova-zuzana book-author-svec-jiri book-author-syrova-anyzova-zuzana book-author-syrovy-jiri book-author-tomkova-blanka book-author-vaclavik-frantisek-r book-author-zahradnik-pavel subject-publikace-sovamm-cs subject-publikovano-se-sovpis-cs\">\n\t\t\t\t\t\t\t\t\t\t\t<a href=\"https:\/\/sovamm.cz\/wordpress\/book-review\/nejstarsi-venkovske-domy\/\" title=\"Nejstar\u0161\u00ed venkovsk\u00e9 domy ve v\u00fdchodn\u00edch \u010cech\u00e1ch\" class=\"alignleft pull-left thumbnail\">\n\t\t\t\t\t\t\t<img loading=\"lazy\" decoding=\"async\" width=\"133\" height=\"172\" src=\"https:\/\/i0.wp.com\/sovamm.cz\/wordpress\/wp-content\/uploads\/2019\/03\/NVD_2018-1.jpg?fit=133%2C172&amp;ssl=1\" class=\"attachment-book-cover size-book-cover wp-post-image\" alt=\"\" srcset=\"https:\/\/i0.wp.com\/sovamm.cz\/wordpress\/wp-content\/uploads\/2019\/03\/NVD_2018-1.jpg?w=1038&amp;ssl=1 1038w, https:\/\/i0.wp.com\/sovamm.cz\/wordpress\/wp-content\/uploads\/2019\/03\/NVD_2018-1.jpg?resize=233%2C300&amp;ssl=1 233w, https:\/\/i0.wp.com\/sovamm.cz\/wordpress\/wp-content\/uploads\/2019\/03\/NVD_2018-1.jpg?resize=768%2C991&amp;ssl=1 768w, https:\/\/i0.wp.com\/sovamm.cz\/wordpress\/wp-content\/uploads\/2019\/03\/NVD_2018-1.jpg?resize=794%2C1024&amp;ssl=1 794w, https:\/\/i0.wp.com\/sovamm.cz\/wordpress\/wp-content\/uploads\/2019\/03\/NVD_2018-1.jpg?resize=133%2C172&amp;ssl=1 133w, https:\/\/i0.wp.com\/sovamm.cz\/wordpress\/wp-content\/uploads\/2019\/03\/NVD_2018-1.jpg?w=948&amp;ssl=1 948w\" sizes=\"auto, (max-width: 133px) 100vw, 133px\" data-attachment-id=\"2579\" data-permalink=\"https:\/\/sovamm.cz\/wordpress\/book-review\/nejstarsi-venkovske-domy\/nvd_2018-1\/\" data-orig-file=\"https:\/\/i0.wp.com\/sovamm.cz\/wordpress\/wp-content\/uploads\/2019\/03\/NVD_2018-1.jpg?fit=1038%2C1339&amp;ssl=1\" data-orig-size=\"1038,1339\" data-comments-opened=\"1\" data-image-meta=\"{&quot;aperture&quot;:&quot;0&quot;,&quot;credit&quot;:&quot;&quot;,&quot;camera&quot;:&quot;&quot;,&quot;caption&quot;:&quot;&quot;,&quot;created_timestamp&quot;:&quot;0&quot;,&quot;copyright&quot;:&quot;&quot;,&quot;focal_length&quot;:&quot;0&quot;,&quot;iso&quot;:&quot;0&quot;,&quot;shutter_speed&quot;:&quot;0&quot;,&quot;title&quot;:&quot;&quot;,&quot;orientation&quot;:&quot;1&quot;}\" data-image-title=\"NVD_2018-1\" data-image-description=\"\" data-image-caption=\"\" data-large-file=\"https:\/\/i0.wp.com\/sovamm.cz\/wordpress\/wp-content\/uploads\/2019\/03\/NVD_2018-1.jpg?fit=474%2C611&amp;ssl=1\" \/>\t\t\t\t\t\t<\/a>\n\t\t\t\t\t\n\t\t\t\t\t\t\t\t\t\t\t\t<p>\u0160KABRADA, Ji\u0159\u00ed, Zuzana SYROV\u00c1-AN\u00dd\u017dOV\u00c1, et al. Nejstar\u0161\u00ed venkovsk\u00e9 domy ve v\u00fdchodn\u00edch \u010cech\u00e1ch. Vyd\u00e1n\u00ed prvn\u00ed. Pardubice: Univerzita Pardubice, Fakulta filozofick\u00e1; Brno: Spole\u010dnost pro obnovu vesnice a&nbsp;mal\u00e9ho m\u011bsta, z. s., 2018.&nbsp;512 stran. ISBN 978-80-7560-126-1 (Univerzita Pardubice), 978-80-907440-0-4 (Spole\u010dnost pro obnovu vesnice a&nbsp;mal\u00e9ho m\u011bsta, z. s.).<\/p>\n\t\t\t\t\t\t\t\t\t\t<\/div>\n\n\t\t\t\t<div class=\"post-meta\">\n\t\t\t\t\t\t\t\t\t<\/div>\n\t\t\t\t<div class=\"post-data\">\n\t\t\t\t\t\t\t\t\t\t\t\t\t\t\t\t<span class=\"genre\"><strong>\u017d\u00e1nr:<\/strong> <a href=\"https:\/\/sovamm.cz\/wordpress\/?genre=odborna-literatura-cs\">odborn\u00e1 literatura<\/a>, <a href=\"https:\/\/sovamm.cz\/wordpress\/?genre=popularne-naucna-literatura-cs\">popul\u00e1rn\u011b nau\u010dn\u00e1 literatura<\/a>, <a href=\"https:\/\/sovamm.cz\/wordpress\/?genre=sovpis-cs\">SOVPIS<\/a><\/span><br \/>\n\t\t\t\t\t\t\t\t\t\t\t\t\t\t\t\t\t\t\t\t\t<span class=\"subjects\"><strong>T\u00e9mata:<\/strong> <a href=\"https:\/\/sovamm.cz\/wordpress\/?subject=publikace-sovamm-cs\">Publikace SOVAMM<\/a>, <a href=\"https:\/\/sovamm.cz\/wordpress\/?subject=publikovano-se-sovpis-cs\">Publikov\u00e1no se SOVPIS<\/a><\/span><br \/>\n\t\t\t\t\t\t\t\t\t\t\t\t\t\t<\/div>\n\t\t\t<\/div>\n\t\t\t\t\t\t<div class=\"book-review-wrapper orderedby-title\" id=\"book-review-6676\">\n\t\t\t\t<h3><a href=\"https:\/\/sovamm.cz\/wordpress\/book-review\/pruzkum-dokumentace-a-inventarizace-architektonickych-prvku\/\">Pr\u016fzkum, dokumentace a&nbsp;inventarizace architektonick\u00fdch prvk\u016f.<\/a><\/h3>\n\t\t\t\t<div class=\"book-review-sc post-6676 book-review type-book-review status-publish has-post-thumbnail hentry genre-metodicka-publikace-cs book-author-vaclavik-frantisek-r\">\n\t\t\t\t\t\t\t\t\t\t\t<a href=\"https:\/\/sovamm.cz\/wordpress\/book-review\/pruzkum-dokumentace-a-inventarizace-architektonickych-prvku\/\" title=\"Pr\u016fzkum, dokumentace a&nbsp;inventarizace architektonick\u00fdch prvk\u016f.\" class=\"alignleft pull-left thumbnail\">\n\t\t\t\t\t\t\t<img loading=\"lazy\" decoding=\"async\" width=\"133\" height=\"189\" src=\"https:\/\/i0.wp.com\/sovamm.cz\/wordpress\/wp-content\/uploads\/2025\/02\/prozkum-doku.jpg?fit=133%2C189&amp;ssl=1\" class=\"attachment-book-cover size-book-cover wp-post-image\" alt=\"\" srcset=\"https:\/\/i0.wp.com\/sovamm.cz\/wordpress\/wp-content\/uploads\/2025\/02\/prozkum-doku.jpg?w=1038&amp;ssl=1 1038w, https:\/\/i0.wp.com\/sovamm.cz\/wordpress\/wp-content\/uploads\/2025\/02\/prozkum-doku.jpg?resize=211%2C300&amp;ssl=1 211w, https:\/\/i0.wp.com\/sovamm.cz\/wordpress\/wp-content\/uploads\/2025\/02\/prozkum-doku.jpg?resize=721%2C1024&amp;ssl=1 721w, https:\/\/i0.wp.com\/sovamm.cz\/wordpress\/wp-content\/uploads\/2025\/02\/prozkum-doku.jpg?resize=768%2C1091&amp;ssl=1 768w, https:\/\/i0.wp.com\/sovamm.cz\/wordpress\/wp-content\/uploads\/2025\/02\/prozkum-doku.jpg?resize=133%2C189&amp;ssl=1 133w, https:\/\/i0.wp.com\/sovamm.cz\/wordpress\/wp-content\/uploads\/2025\/02\/prozkum-doku.jpg?w=948&amp;ssl=1 948w\" sizes=\"auto, (max-width: 133px) 100vw, 133px\" data-attachment-id=\"6673\" data-permalink=\"https:\/\/sovamm.cz\/wordpress\/prozkum-doku\/\" data-orig-file=\"https:\/\/i0.wp.com\/sovamm.cz\/wordpress\/wp-content\/uploads\/2025\/02\/prozkum-doku.jpg?fit=1038%2C1474&amp;ssl=1\" data-orig-size=\"1038,1474\" data-comments-opened=\"1\" data-image-meta=\"{&quot;aperture&quot;:&quot;0&quot;,&quot;credit&quot;:&quot;&quot;,&quot;camera&quot;:&quot;&quot;,&quot;caption&quot;:&quot;&quot;,&quot;created_timestamp&quot;:&quot;0&quot;,&quot;copyright&quot;:&quot;&quot;,&quot;focal_length&quot;:&quot;0&quot;,&quot;iso&quot;:&quot;0&quot;,&quot;shutter_speed&quot;:&quot;0&quot;,&quot;title&quot;:&quot;&quot;,&quot;orientation&quot;:&quot;1&quot;}\" data-image-title=\"prozkum-doku\" data-image-description=\"\" data-image-caption=\"\" data-large-file=\"https:\/\/i0.wp.com\/sovamm.cz\/wordpress\/wp-content\/uploads\/2025\/02\/prozkum-doku.jpg?fit=474%2C673&amp;ssl=1\" \/>\t\t\t\t\t\t<\/a>\n\t\t\t\t\t\n\t\t\t\t\t\t\t\t\t\t\t\t<p>V\u00c1CLAV\u00cdK, Franti\u0161ek R. Pr\u016fzkum, dokumentace a&nbsp;inventarizace architektonick\u00fdch prvk\u016f. Odborn\u00e9 a&nbsp;metodick\u00e9 publikace. Praha: N\u00e1rodn\u00ed pam\u00e1tkov\u00fd \u00fastav, \u00fazemn\u00ed odborn\u00e9 pracovi\u0161t\u011b st\u0159edn\u00edch \u010cech v&nbsp;Praze ve spolupr\u00e1ci s&nbsp;N\u00e1rodn\u00edm pam\u00e1tkov\u00fdm \u00fastavem, gener\u00e1ln\u00edm \u0159editelstv\u00edm, 2014. ISBN 978-80-86516-76-9.<\/p>\n\t\t\t\t\t\t\t\t\t\t<\/div>\n\n\t\t\t\t<div class=\"post-meta\">\n\t\t\t\t\t\t\t\t\t<\/div>\n\t\t\t\t<div class=\"post-data\">\n\t\t\t\t\t\t\t\t\t\t\t\t\t\t\t\t<span class=\"genre\"><strong>\u017d\u00e1nr:<\/strong> <a href=\"https:\/\/sovamm.cz\/wordpress\/?genre=metodicka-publikace-cs\">metodick\u00e1 publikace<\/a><\/span><br \/>\n\t\t\t\t\t\t\t\t\t\t\t\t\t\t\t\t\t\t\t\t\t\t\t\t<\/div>\n\t\t\t<\/div>\n\t\t\t\t\t\t<div class=\"book-review-wrapper orderedby-title\" id=\"book-review-5320\">\n\t\t\t\t<h3><a href=\"https:\/\/sovamm.cz\/wordpress\/en\/book-review\/the-oldest-rural-houses-in-east-bohemia\/\">The oldest rural houses in East Bohemia<\/a><\/h3>\n\t\t\t\t<div class=\"book-review-sc post-5320 book-review type-book-review status-publish has-post-thumbnail hentry genre-popular-science genre-science-book genre-sovpis-en book-author-cejpova-miroslava book-author-dostal-petr book-author-dragoun-zdenek book-author-ebel-martin book-author-filous-tomas book-author-gabriel-frantisek book-author-kyncl-josef book-author-kyncl-tomas book-author-nemcova-zdenka book-author-paterova-vladimira book-author-stejskal-david book-author-stranska-varekova-zuzana book-author-svec-jiri book-author-syrova-anyzova-zuzana book-author-syrovy-jiri book-author-tomkova-blanka book-author-vaclavik-frantisek-r book-author-zahradnik-pavel subject-published-by-sovamm subject-published-with-sovpis\">\n\t\t\t\t\t\t\t\t\t\t\t<a href=\"https:\/\/sovamm.cz\/wordpress\/en\/book-review\/the-oldest-rural-houses-in-east-bohemia\/\" title=\"The oldest rural houses in East Bohemia\" class=\"alignleft pull-left thumbnail\">\n\t\t\t\t\t\t\t<img loading=\"lazy\" decoding=\"async\" width=\"133\" height=\"172\" src=\"https:\/\/i0.wp.com\/sovamm.cz\/wordpress\/wp-content\/uploads\/2019\/03\/NVD_2018-1.jpg?fit=133%2C172&amp;ssl=1\" class=\"attachment-book-cover size-book-cover wp-post-image\" alt=\"\" srcset=\"https:\/\/i0.wp.com\/sovamm.cz\/wordpress\/wp-content\/uploads\/2019\/03\/NVD_2018-1.jpg?w=1038&amp;ssl=1 1038w, https:\/\/i0.wp.com\/sovamm.cz\/wordpress\/wp-content\/uploads\/2019\/03\/NVD_2018-1.jpg?resize=233%2C300&amp;ssl=1 233w, https:\/\/i0.wp.com\/sovamm.cz\/wordpress\/wp-content\/uploads\/2019\/03\/NVD_2018-1.jpg?resize=768%2C991&amp;ssl=1 768w, https:\/\/i0.wp.com\/sovamm.cz\/wordpress\/wp-content\/uploads\/2019\/03\/NVD_2018-1.jpg?resize=794%2C1024&amp;ssl=1 794w, https:\/\/i0.wp.com\/sovamm.cz\/wordpress\/wp-content\/uploads\/2019\/03\/NVD_2018-1.jpg?resize=133%2C172&amp;ssl=1 133w, https:\/\/i0.wp.com\/sovamm.cz\/wordpress\/wp-content\/uploads\/2019\/03\/NVD_2018-1.jpg?w=948&amp;ssl=1 948w\" sizes=\"auto, (max-width: 133px) 100vw, 133px\" data-attachment-id=\"2579\" data-permalink=\"https:\/\/sovamm.cz\/wordpress\/book-review\/nejstarsi-venkovske-domy\/nvd_2018-1\/\" data-orig-file=\"https:\/\/i0.wp.com\/sovamm.cz\/wordpress\/wp-content\/uploads\/2019\/03\/NVD_2018-1.jpg?fit=1038%2C1339&amp;ssl=1\" data-orig-size=\"1038,1339\" data-comments-opened=\"1\" data-image-meta=\"{&quot;aperture&quot;:&quot;0&quot;,&quot;credit&quot;:&quot;&quot;,&quot;camera&quot;:&quot;&quot;,&quot;caption&quot;:&quot;&quot;,&quot;created_timestamp&quot;:&quot;0&quot;,&quot;copyright&quot;:&quot;&quot;,&quot;focal_length&quot;:&quot;0&quot;,&quot;iso&quot;:&quot;0&quot;,&quot;shutter_speed&quot;:&quot;0&quot;,&quot;title&quot;:&quot;&quot;,&quot;orientation&quot;:&quot;1&quot;}\" data-image-title=\"NVD_2018-1\" data-image-description=\"\" data-image-caption=\"\" data-large-file=\"https:\/\/i0.wp.com\/sovamm.cz\/wordpress\/wp-content\/uploads\/2019\/03\/NVD_2018-1.jpg?fit=474%2C611&amp;ssl=1\" \/>\t\t\t\t\t\t<\/a>\n\t\t\t\t\t\n\t\t\t\t\t\t\t\t\t\t\t\t<p>\u0160KABRADA, Ji\u0159\u00ed, Zuzana SYROV\u00c1-AN\u00dd\u017dOV\u00c1 et al. Nejstar\u0161\u00ed venkovsk\u00e9 domy ve v\u00fdchodn\u00edch \u010cech\u00e1ch.1st ed.. Pardubice: Univerzita Pardubice, Fakulta filozofick\u00e1; Brno: Spole\u010dnost pro obnovu vesnice a&nbsp;mal\u00e9ho m\u011bsta, z. s., 2018.&nbsp;512 stran. ISBN 978-80-7560-126-1 (Univerzita Pardubice), 978-80-907440-0-4 (Spole\u010dnost pro obnovu vesnice a&nbsp;mal\u00e9ho m\u011bsta, z. s.).<\/p>\n\t\t\t\t\t\t\t\t\t\t<\/div>\n\n\t\t\t\t<div class=\"post-meta\">\n\t\t\t\t\t\t\t\t\t<\/div>\n\t\t\t\t<div class=\"post-data\">\n\t\t\t\t\t\t\t\t\t\t\t\t\t\t\t\t<span class=\"genre\"><strong>\u017d\u00e1nr:<\/strong> <a href=\"https:\/\/sovamm.cz\/wordpress\/?genre=popular-science\">popular science<\/a>, <a href=\"https:\/\/sovamm.cz\/wordpress\/?genre=science-book\">science book<\/a>, <a href=\"https:\/\/sovamm.cz\/wordpress\/?genre=sovpis-en\">SOVPIS<\/a><\/span><br \/>\n\t\t\t\t\t\t\t\t\t\t\t\t\t\t\t\t\t\t\t\t\t<span class=\"subjects\"><strong>T\u00e9mata:<\/strong> <a href=\"https:\/\/sovamm.cz\/wordpress\/?subject=published-by-sovamm\">Published by SOVAMM<\/a>, <a href=\"https:\/\/sovamm.cz\/wordpress\/?subject=published-with-sovpis\">Published with SOVPIS<\/a><\/span><br \/>\n\t\t\t\t\t\t\t\t\t\t\t\t\t\t<\/div>\n\t\t\t<\/div>\n\t\t\t\n","protected":false},"excerpt":{"rendered":"<p>Narozen 1975. Stavebn\u00ed historik. Autor SOVPIS \u00a6\u00a0Who is who in SOVAMM<\/p>\n","protected":false},"author":2,"featured_media":0,"parent":5279,"menu_order":0,"comment_status":"closed","ping_status":"closed","template":"","meta":{"jetpack_post_was_ever_published":false,"footnotes":""},"class_list":["post-6679","page","type-page","status-publish","hentry","has-post-thumbnail"],"jetpack_shortlink":"https:\/\/wp.me\/P8dB8l-1JJ","jetpack_sharing_enabled":true,"_links":{"self":[{"href":"https:\/\/sovamm.cz\/wordpress\/wp-json\/wp\/v2\/pages\/6679","targetHints":{"allow":["GET"]}}],"collection":[{"href":"https:\/\/sovamm.cz\/wordpress\/wp-json\/wp\/v2\/pages"}],"about":[{"href":"https:\/\/sovamm.cz\/wordpress\/wp-json\/wp\/v2\/types\/page"}],"author":[{"embeddable":true,"href":"https:\/\/sovamm.cz\/wordpress\/wp-json\/wp\/v2\/users\/2"}],"replies":[{"embeddable":true,"href":"https:\/\/sovamm.cz\/wordpress\/wp-json\/wp\/v2\/comments?post=6679"}],"version-history":[{"count":1,"href":"https:\/\/sovamm.cz\/wordpress\/wp-json\/wp\/v2\/pages\/6679\/revisions"}],"predecessor-version":[{"id":6680,"href":"https:\/\/sovamm.cz\/wordpress\/wp-json\/wp\/v2\/pages\/6679\/revisions\/6680"}],"up":[{"embeddable":true,"href":"https:\/\/sovamm.cz\/wordpress\/wp-json\/wp\/v2\/pages\/5279"}],"wp:attachment":[{"href":"https:\/\/sovamm.cz\/wordpress\/wp-json\/wp\/v2\/media?parent=6679"}],"curies":[{"name":"wp","href":"https:\/\/api.w.org\/{rel}","templated":true}]}}