{"id":6670,"date":"2025-02-08T19:39:55","date_gmt":"2025-02-08T18:39:55","guid":{"rendered":"https:\/\/sovamm.cz\/wordpress\/?page_id=6670"},"modified":"2025-03-13T10:26:28","modified_gmt":"2025-03-13T09:26:28","slug":"pokorny-jiri-1983","status":"publish","type":"page","link":"https:\/\/sovamm.cz\/wordpress\/publikace-2\/publikace-clenu-sovamm\/pokorny-jiri-1983\/","title":{"rendered":"Pokorn\u00fd Ji\u0159\u00ed (1983-)"},"content":{"rendered":"<p><em>Narozen 1983 ve Sv\u011btl\u00e9. Etnolog.<\/em><br \/>\n<a href=\"https:\/\/sovamm.cz\/wordpress\/sovpis\/autori\/jiri-pokorny\/\">Autor SOVPIS<\/a> \u00a6\u00a0<a href=\"https:\/\/sovamm.wordpress.com\/who-is-who\/jiri-pokorny\/\" target=\"_blank\" rel=\"noopener noreferrer\">Who is who in SOVAMM<\/a><\/p>\n\t\t\t<div class=\"book-review-wrapper orderedby-title\" id=\"book-review-6667\">\n\t\t\t\t<h3><a href=\"https:\/\/sovamm.cz\/wordpress\/book-review\/zivot-a-prace-naseho-lidu-mala-roudka\/\">\u017divot a&nbsp;pr\u00e1ce na\u0161eho lidu: Mal\u00e1 Roudka.<\/a><\/h3>\n\t\t\t\t<div class=\"book-review-sc post-6667 book-review type-book-review status-publish has-post-thumbnail hentry book-author-kopriva-frantisek book-author-pokorny-jiri\">\n\t\t\t\t\t\t\t\t\t\t\t<a href=\"https:\/\/sovamm.cz\/wordpress\/book-review\/zivot-a-prace-naseho-lidu-mala-roudka\/\" title=\"\u017divot a&nbsp;pr\u00e1ce na\u0161eho lidu: Mal\u00e1 Roudka.\" class=\"alignleft pull-left thumbnail\">\n\t\t\t\t\t\t\t<img loading=\"lazy\" decoding=\"async\" width=\"133\" height=\"190\" src=\"https:\/\/i0.wp.com\/sovamm.cz\/wordpress\/wp-content\/uploads\/2025\/02\/MalaRoudka.jpg?fit=133%2C190&amp;ssl=1\" class=\"attachment-book-cover size-book-cover wp-post-image\" alt=\"\" srcset=\"https:\/\/i0.wp.com\/sovamm.cz\/wordpress\/wp-content\/uploads\/2025\/02\/MalaRoudka.jpg?w=1038&amp;ssl=1 1038w, https:\/\/i0.wp.com\/sovamm.cz\/wordpress\/wp-content\/uploads\/2025\/02\/MalaRoudka.jpg?resize=210%2C300&amp;ssl=1 210w, https:\/\/i0.wp.com\/sovamm.cz\/wordpress\/wp-content\/uploads\/2025\/02\/MalaRoudka.jpg?resize=716%2C1024&amp;ssl=1 716w, https:\/\/i0.wp.com\/sovamm.cz\/wordpress\/wp-content\/uploads\/2025\/02\/MalaRoudka.jpg?resize=768%2C1098&amp;ssl=1 768w, https:\/\/i0.wp.com\/sovamm.cz\/wordpress\/wp-content\/uploads\/2025\/02\/MalaRoudka.jpg?resize=133%2C190&amp;ssl=1 133w, https:\/\/i0.wp.com\/sovamm.cz\/wordpress\/wp-content\/uploads\/2025\/02\/MalaRoudka.jpg?w=948&amp;ssl=1 948w\" sizes=\"auto, (max-width: 133px) 100vw, 133px\" data-attachment-id=\"6665\" data-permalink=\"https:\/\/sovamm.cz\/wordpress\/malaroudka\/\" data-orig-file=\"https:\/\/i0.wp.com\/sovamm.cz\/wordpress\/wp-content\/uploads\/2025\/02\/MalaRoudka.jpg?fit=1038%2C1484&amp;ssl=1\" data-orig-size=\"1038,1484\" data-comments-opened=\"1\" data-image-meta=\"{&quot;aperture&quot;:&quot;0&quot;,&quot;credit&quot;:&quot;&quot;,&quot;camera&quot;:&quot;&quot;,&quot;caption&quot;:&quot;&quot;,&quot;created_timestamp&quot;:&quot;0&quot;,&quot;copyright&quot;:&quot;&quot;,&quot;focal_length&quot;:&quot;0&quot;,&quot;iso&quot;:&quot;0&quot;,&quot;shutter_speed&quot;:&quot;0&quot;,&quot;title&quot;:&quot;&quot;,&quot;orientation&quot;:&quot;1&quot;}\" data-image-title=\"MalaRoudka\" data-image-description=\"\" data-image-caption=\"\" data-large-file=\"https:\/\/i0.wp.com\/sovamm.cz\/wordpress\/wp-content\/uploads\/2025\/02\/MalaRoudka.jpg?fit=474%2C678&amp;ssl=1\" \/>\t\t\t\t\t\t<\/a>\n\t\t\t\t\t\n\t\t\t\t\t\t\t\t\t\t\t\t<p>KOP\u0158IVA, Franti\u0161ek, POKORN\u00dd, Ji\u0159\u00ed (ed.). \u017divot a&nbsp;pr\u00e1ce na\u0161eho lidu: Mal\u00e1 Roudka. Mal\u00e1 Roudka: Obec Mal\u00e1 Roudka, 2010. ISBN 978-80-254-7904-9.<\/p>\n\t\t\t\t\t\t\t\t\t\t<\/div>\n\n\t\t\t\t<div class=\"post-meta\">\n\t\t\t\t\t\t\t\t\t<\/div>\n\t\t\t\t<div class=\"post-data\">\n\t\t\t\t\t\t\t\t\t\t\t\t\t\t\t\t\t\t\t\t\t\t\t\t\t\t\t\t\t<\/div>\n\t\t\t<\/div>\n\t\t\t\n","protected":false},"excerpt":{"rendered":"<p>Narozen 1983 ve Sv\u011btl\u00e9. Etnolog. Autor SOVPIS \u00a6\u00a0Who is who in SOVAMM<\/p>\n","protected":false},"author":2,"featured_media":0,"parent":5279,"menu_order":0,"comment_status":"closed","ping_status":"closed","template":"","meta":{"jetpack_post_was_ever_published":false,"footnotes":""},"class_list":["post-6670","page","type-page","status-publish","hentry","has-post-thumbnail"],"jetpack_shortlink":"https:\/\/wp.me\/P8dB8l-1JA","jetpack_sharing_enabled":true,"_links":{"self":[{"href":"https:\/\/sovamm.cz\/wordpress\/wp-json\/wp\/v2\/pages\/6670","targetHints":{"allow":["GET"]}}],"collection":[{"href":"https:\/\/sovamm.cz\/wordpress\/wp-json\/wp\/v2\/pages"}],"about":[{"href":"https:\/\/sovamm.cz\/wordpress\/wp-json\/wp\/v2\/types\/page"}],"author":[{"embeddable":true,"href":"https:\/\/sovamm.cz\/wordpress\/wp-json\/wp\/v2\/users\/2"}],"replies":[{"embeddable":true,"href":"https:\/\/sovamm.cz\/wordpress\/wp-json\/wp\/v2\/comments?post=6670"}],"version-history":[{"count":1,"href":"https:\/\/sovamm.cz\/wordpress\/wp-json\/wp\/v2\/pages\/6670\/revisions"}],"predecessor-version":[{"id":6671,"href":"https:\/\/sovamm.cz\/wordpress\/wp-json\/wp\/v2\/pages\/6670\/revisions\/6671"}],"up":[{"embeddable":true,"href":"https:\/\/sovamm.cz\/wordpress\/wp-json\/wp\/v2\/pages\/5279"}],"wp:attachment":[{"href":"https:\/\/sovamm.cz\/wordpress\/wp-json\/wp\/v2\/media?parent=6670"}],"curies":[{"name":"wp","href":"https:\/\/api.w.org\/{rel}","templated":true}]}}