{"id":6638,"date":"2025-02-08T15:44:23","date_gmt":"2025-02-08T14:44:23","guid":{"rendered":"https:\/\/sovamm.cz\/wordpress\/?page_id=6638"},"modified":"2025-03-13T10:48:56","modified_gmt":"2025-03-13T09:48:56","slug":"cermakova-novakova-zuzana-1956","status":"publish","type":"page","link":"https:\/\/sovamm.cz\/wordpress\/publikace-2\/publikace-clenu-sovamm\/cermakova-novakova-zuzana-1956\/","title":{"rendered":"\u010cerm\u00e1kov\u00e1 Nov\u00e1kov\u00e1 Zuzana (1983-)"},"content":{"rendered":"<p><em>Narozena 1983. Etnograf.<\/em><br \/>\n<a href=\"https:\/\/sovamm.cz\/wordpress\/sovpis\/autori\/zuzana-cermakova-novakova\/\">Autor SOVPIS<\/a> \u00a6 <a href=\"https:\/\/sovamm.wordpress.com\/who-is-who\/zuzana-cermakova-novakova\/\" target=\"_blank\" rel=\"noopener noreferrer\">Who is who in SOVAMM<\/a><\/p>\n\t\t\t<div class=\"book-review-wrapper orderedby-title\" id=\"book-review-6636\">\n\t\t\t\t<h3><a href=\"https:\/\/sovamm.cz\/wordpress\/book-review\/frantisek-svobodny-1899-1975\/\">Franti\u0161ek Svobodn\u00fd (1899-1975)<\/a><\/h3>\n\t\t\t\t<div class=\"book-review-sc post-6636 book-review type-book-review status-publish has-post-thumbnail hentry genre-katalog-vystavy book-author-cermakova-novakova-zuzana\">\n\t\t\t\t\t\t\t\t\t\t\t<a href=\"https:\/\/sovamm.cz\/wordpress\/book-review\/frantisek-svobodny-1899-1975\/\" title=\"Franti\u0161ek Svobodn\u00fd (1899-1975)\" class=\"alignleft pull-left thumbnail\">\n\t\t\t\t\t\t\t<img loading=\"lazy\" decoding=\"async\" width=\"133\" height=\"136\" src=\"https:\/\/i0.wp.com\/sovamm.cz\/wordpress\/wp-content\/uploads\/2025\/02\/FrantisekSvobodny.jpg?fit=133%2C136&amp;ssl=1\" class=\"attachment-book-cover size-book-cover wp-post-image\" alt=\"\" srcset=\"https:\/\/i0.wp.com\/sovamm.cz\/wordpress\/wp-content\/uploads\/2025\/02\/FrantisekSvobodny.jpg?w=1038&amp;ssl=1 1038w, https:\/\/i0.wp.com\/sovamm.cz\/wordpress\/wp-content\/uploads\/2025\/02\/FrantisekSvobodny.jpg?resize=293%2C300&amp;ssl=1 293w, https:\/\/i0.wp.com\/sovamm.cz\/wordpress\/wp-content\/uploads\/2025\/02\/FrantisekSvobodny.jpg?resize=1001%2C1024&amp;ssl=1 1001w, https:\/\/i0.wp.com\/sovamm.cz\/wordpress\/wp-content\/uploads\/2025\/02\/FrantisekSvobodny.jpg?resize=768%2C786&amp;ssl=1 768w, https:\/\/i0.wp.com\/sovamm.cz\/wordpress\/wp-content\/uploads\/2025\/02\/FrantisekSvobodny.jpg?resize=36%2C36&amp;ssl=1 36w, https:\/\/i0.wp.com\/sovamm.cz\/wordpress\/wp-content\/uploads\/2025\/02\/FrantisekSvobodny.jpg?resize=133%2C136&amp;ssl=1 133w, https:\/\/i0.wp.com\/sovamm.cz\/wordpress\/wp-content\/uploads\/2025\/02\/FrantisekSvobodny.jpg?w=948&amp;ssl=1 948w\" sizes=\"auto, (max-width: 133px) 100vw, 133px\" data-attachment-id=\"6635\" data-permalink=\"https:\/\/sovamm.cz\/wordpress\/frantiseksvobodny\/\" data-orig-file=\"https:\/\/i0.wp.com\/sovamm.cz\/wordpress\/wp-content\/uploads\/2025\/02\/FrantisekSvobodny.jpg?fit=1038%2C1062&amp;ssl=1\" data-orig-size=\"1038,1062\" data-comments-opened=\"1\" data-image-meta=\"{&quot;aperture&quot;:&quot;0&quot;,&quot;credit&quot;:&quot;&quot;,&quot;camera&quot;:&quot;&quot;,&quot;caption&quot;:&quot;&quot;,&quot;created_timestamp&quot;:&quot;0&quot;,&quot;copyright&quot;:&quot;&quot;,&quot;focal_length&quot;:&quot;0&quot;,&quot;iso&quot;:&quot;0&quot;,&quot;shutter_speed&quot;:&quot;0&quot;,&quot;title&quot;:&quot;&quot;,&quot;orientation&quot;:&quot;1&quot;}\" data-image-title=\"Franti\u0161ekSvobodn\u00fd\" data-image-description=\"\" data-image-caption=\"\" data-large-file=\"https:\/\/i0.wp.com\/sovamm.cz\/wordpress\/wp-content\/uploads\/2025\/02\/FrantisekSvobodny.jpg?fit=474%2C485&amp;ssl=1\" \/>\t\t\t\t\t\t<\/a>\n\t\t\t\t\t\n\t\t\t\t\t\t\t\t\t\t\t\t<p>SVOBODN\u00dd, Franti\u0161ek a&nbsp;\u010cERM\u00c1KOV\u00c1, Zuzana. Franti\u0161ek Svobodn\u00fd (1899-1975): k&nbsp;v\u00fdstav\u011b konan\u00e9 v&nbsp;Blatsk\u00e9m muzeu v&nbsp;Sob\u011bslavi 6.6.-11.8.2019. Katalogy Blatsk\u00e9ho muzea v&nbsp;Sob\u011bslavi a&nbsp;Vesel\u00ed n. L. V&nbsp;T\u00e1bo\u0159e: Husitsk\u00e9 muzeum, 2019. ISBN 978-80-87516-53-9.<\/p>\n\t\t\t\t\t\t\t\t\t\t<\/div>\n\n\t\t\t\t<div class=\"post-meta\">\n\t\t\t\t\t\t\t\t\t<\/div>\n\t\t\t\t<div class=\"post-data\">\n\t\t\t\t\t\t\t\t\t\t\t\t\t\t\t\t<span class=\"genre\"><strong>\u017d\u00e1nr:<\/strong> <a href=\"https:\/\/sovamm.cz\/wordpress\/?genre=katalog-vystavy\">katalog v\u00fdstavy<\/a><\/span><br \/>\n\t\t\t\t\t\t\t\t\t\t\t\t\t\t\t\t\t\t\t\t\t\t\t\t<\/div>\n\t\t\t<\/div>\n\t\t\t\t\t\t<div class=\"book-review-wrapper orderedby-title\" id=\"book-review-5514\">\n\t\t\t\t<h3><a href=\"https:\/\/sovamm.cz\/wordpress\/en\/book-review\/villages-and-settlements-on-the-territory-of-greater-prague-with-the-stylish-and-vernacular-architecture-monuments\/\">Villages and settlements on the territory of Greater Prague with the stylish and vernacular architecture monuments<\/a><\/h3>\n\t\t\t\t<div class=\"book-review-sc post-5514 book-review type-book-review status-publish has-post-thumbnail hentry genre-popular-science genre-science-book book-author-cermakova-novakova-zuzana book-author-prochazka-lubomir\">\n\t\t\t\t\t\t\t\t\t\t\t<a href=\"https:\/\/sovamm.cz\/wordpress\/en\/book-review\/villages-and-settlements-on-the-territory-of-greater-prague-with-the-stylish-and-vernacular-architecture-monuments\/\" title=\"Villages and settlements on the territory of Greater Prague with the stylish and vernacular architecture monuments\" class=\"alignleft pull-left thumbnail\">\n\t\t\t\t\t\t\t<img loading=\"lazy\" decoding=\"async\" width=\"133\" height=\"159\" src=\"https:\/\/i0.wp.com\/sovamm.cz\/wordpress\/wp-content\/uploads\/2019\/03\/Vesnice_Praha-e1553507701417.jpg?fit=133%2C159&amp;ssl=1\" class=\"attachment-book-cover size-book-cover wp-post-image\" alt=\"\" srcset=\"https:\/\/i0.wp.com\/sovamm.cz\/wordpress\/wp-content\/uploads\/2019\/03\/Vesnice_Praha-e1553507701417.jpg?w=1038&amp;ssl=1 1038w, https:\/\/i0.wp.com\/sovamm.cz\/wordpress\/wp-content\/uploads\/2019\/03\/Vesnice_Praha-e1553507701417.jpg?w=948&amp;ssl=1 948w\" sizes=\"auto, (max-width: 133px) 100vw, 133px\" data-attachment-id=\"2638\" data-permalink=\"https:\/\/sovamm.cz\/wordpress\/book-review\/vesnice-a-osady-na-uzemi-velke-prahy-s-pamatkami-slohove-a-lidove-architektury\/vesnice_praha\/\" data-orig-file=\"https:\/\/i0.wp.com\/sovamm.cz\/wordpress\/wp-content\/uploads\/2019\/03\/Vesnice_Praha-e1553507701417.jpg?fit=1038%2C1244&amp;ssl=1\" data-orig-size=\"1038,1244\" data-comments-opened=\"1\" data-image-meta=\"{&quot;aperture&quot;:&quot;0&quot;,&quot;credit&quot;:&quot;&quot;,&quot;camera&quot;:&quot;&quot;,&quot;caption&quot;:&quot;&quot;,&quot;created_timestamp&quot;:&quot;0&quot;,&quot;copyright&quot;:&quot;&quot;,&quot;focal_length&quot;:&quot;0&quot;,&quot;iso&quot;:&quot;0&quot;,&quot;shutter_speed&quot;:&quot;0&quot;,&quot;title&quot;:&quot;&quot;,&quot;orientation&quot;:&quot;1&quot;}\" data-image-title=\"Vesnice_Praha\" data-image-description=\"\" data-image-caption=\"\" data-large-file=\"https:\/\/i0.wp.com\/sovamm.cz\/wordpress\/wp-content\/uploads\/2019\/03\/Vesnice_Praha-e1553507701417.jpg?fit=474%2C568&amp;ssl=1\" \/>\t\t\t\t\t\t<\/a>\n\t\t\t\t\t\n\t\t\t\t\t\t\t\t\t\t\t\t<p>\u010cER\u0147ANSK\u00dd, Martin a&nbsp;Lubom\u00edr PROCH\u00c1ZKA. Vesnice a&nbsp;osady na \u00fazem\u00ed Velk\u00e9 Prahy s&nbsp;pam\u00e1tkami slohov\u00e9 a&nbsp;lidov\u00e9 architektury. Praha: Hlavn\u00ed m\u011bsto Praha &#8211; odbor pam\u00e1tkov\u00e9 p\u00e9\u010de Magistr\u00e1tu hl. m. Prahy, 2015-. ISBN 978-80-260-9070-0.<\/p>\n\t\t\t\t\t\t\t\t\t\t<\/div>\n\n\t\t\t\t<div class=\"post-meta\">\n\t\t\t\t\t\t\t\t\t<\/div>\n\t\t\t\t<div class=\"post-data\">\n\t\t\t\t\t\t\t\t\t\t\t\t\t\t\t\t<span class=\"genre\"><strong>\u017d\u00e1nr:<\/strong> <a href=\"https:\/\/sovamm.cz\/wordpress\/?genre=popular-science\">popular science<\/a>, <a href=\"https:\/\/sovamm.cz\/wordpress\/?genre=science-book\">science book<\/a><\/span><br \/>\n\t\t\t\t\t\t\t\t\t\t\t\t\t\t\t\t\t\t\t\t\t\t\t\t<\/div>\n\t\t\t<\/div>\n\t\t\t\n","protected":false},"excerpt":{"rendered":"<p>Narozena 1983. Etnograf. Autor SOVPIS \u00a6 Who is who in SOVAMM<\/p>\n","protected":false},"author":2,"featured_media":0,"parent":5279,"menu_order":0,"comment_status":"closed","ping_status":"closed","template":"","meta":{"jetpack_post_was_ever_published":false,"footnotes":""},"class_list":["post-6638","page","type-page","status-publish","hentry","has-post-thumbnail"],"jetpack_shortlink":"https:\/\/wp.me\/P8dB8l-1J4","jetpack_sharing_enabled":true,"_links":{"self":[{"href":"https:\/\/sovamm.cz\/wordpress\/wp-json\/wp\/v2\/pages\/6638","targetHints":{"allow":["GET"]}}],"collection":[{"href":"https:\/\/sovamm.cz\/wordpress\/wp-json\/wp\/v2\/pages"}],"about":[{"href":"https:\/\/sovamm.cz\/wordpress\/wp-json\/wp\/v2\/types\/page"}],"author":[{"embeddable":true,"href":"https:\/\/sovamm.cz\/wordpress\/wp-json\/wp\/v2\/users\/2"}],"replies":[{"embeddable":true,"href":"https:\/\/sovamm.cz\/wordpress\/wp-json\/wp\/v2\/comments?post=6638"}],"version-history":[{"count":2,"href":"https:\/\/sovamm.cz\/wordpress\/wp-json\/wp\/v2\/pages\/6638\/revisions"}],"predecessor-version":[{"id":6640,"href":"https:\/\/sovamm.cz\/wordpress\/wp-json\/wp\/v2\/pages\/6638\/revisions\/6640"}],"up":[{"embeddable":true,"href":"https:\/\/sovamm.cz\/wordpress\/wp-json\/wp\/v2\/pages\/5279"}],"wp:attachment":[{"href":"https:\/\/sovamm.cz\/wordpress\/wp-json\/wp\/v2\/media?parent=6638"}],"curies":[{"name":"wp","href":"https:\/\/api.w.org\/{rel}","templated":true}]}}