{"id":6627,"date":"2025-02-07T23:13:22","date_gmt":"2025-02-07T22:13:22","guid":{"rendered":"https:\/\/sovamm.cz\/wordpress\/?page_id=6627"},"modified":"2025-03-13T10:51:48","modified_gmt":"2025-03-13T09:51:48","slug":"syrovy-jiri-1955","status":"publish","type":"page","link":"https:\/\/sovamm.cz\/wordpress\/publikace-2\/publikace-clenu-sovamm\/syrovy-jiri-1955\/","title":{"rendered":"Syrov\u00fd Ji\u0159\u00ed (1955-)"},"content":{"rendered":"<p><i>Narozen 18.\u00a09.\u00a01955 v\u00a0Brn\u011b. Architekt, urbanista.<\/i><br \/>\n<a href=\"https:\/\/sovamm.cz\/wordpress\/sovpis\/autori\/jiri-syrovy\/\">Autor SOVPIS<\/a> \u00a6 <a href=\"https:\/\/sovamm.wordpress.com\/who-is-who\/jiri-syrovy\/\" target=\"_blank\" rel=\"noopener noreferrer\">Who is who in SOVAMM<\/a><\/p>\n\t\t\t<div class=\"book-review-wrapper orderedby-title\" id=\"book-review-2545\">\n\t\t\t\t<h3><a href=\"https:\/\/sovamm.cz\/wordpress\/book-review\/nejstarsi-venkovske-domy\/\">Nejstar\u0161\u00ed venkovsk\u00e9 domy ve v\u00fdchodn\u00edch \u010cech\u00e1ch<\/a><\/h3>\n\t\t\t\t<div class=\"book-review-sc post-2545 book-review type-book-review status-publish has-post-thumbnail hentry genre-odborna-literatura-cs genre-popularne-naucna-literatura-cs genre-sovpis-cs book-author-cejpova-miroslava book-author-dostal-petr book-author-ebel-martin book-author-filous-tomas book-author-gabriel-frantisek book-author-kyncl-josef book-author-kyncl-tomas book-author-nemcova-zdenka book-author-paterova-vladimira book-author-ruzickova-renata book-author-siglova-tereza book-author-skabrada-jiri book-author-stejskal-david book-author-stranska-varekova-zuzana book-author-svec-jiri book-author-syrova-anyzova-zuzana book-author-syrovy-jiri book-author-tomkova-blanka book-author-vaclavik-frantisek-r book-author-zahradnik-pavel subject-publikace-sovamm-cs subject-publikovano-se-sovpis-cs\">\n\t\t\t\t\t\t\t\t\t\t\t<a href=\"https:\/\/sovamm.cz\/wordpress\/book-review\/nejstarsi-venkovske-domy\/\" title=\"Nejstar\u0161\u00ed venkovsk\u00e9 domy ve v\u00fdchodn\u00edch \u010cech\u00e1ch\" class=\"alignleft pull-left thumbnail\">\n\t\t\t\t\t\t\t<img loading=\"lazy\" decoding=\"async\" width=\"133\" height=\"172\" src=\"https:\/\/i0.wp.com\/sovamm.cz\/wordpress\/wp-content\/uploads\/2019\/03\/NVD_2018-1.jpg?fit=133%2C172&amp;ssl=1\" class=\"attachment-book-cover size-book-cover wp-post-image\" alt=\"\" srcset=\"https:\/\/i0.wp.com\/sovamm.cz\/wordpress\/wp-content\/uploads\/2019\/03\/NVD_2018-1.jpg?w=1038&amp;ssl=1 1038w, https:\/\/i0.wp.com\/sovamm.cz\/wordpress\/wp-content\/uploads\/2019\/03\/NVD_2018-1.jpg?resize=233%2C300&amp;ssl=1 233w, https:\/\/i0.wp.com\/sovamm.cz\/wordpress\/wp-content\/uploads\/2019\/03\/NVD_2018-1.jpg?resize=768%2C991&amp;ssl=1 768w, https:\/\/i0.wp.com\/sovamm.cz\/wordpress\/wp-content\/uploads\/2019\/03\/NVD_2018-1.jpg?resize=794%2C1024&amp;ssl=1 794w, https:\/\/i0.wp.com\/sovamm.cz\/wordpress\/wp-content\/uploads\/2019\/03\/NVD_2018-1.jpg?resize=133%2C172&amp;ssl=1 133w, https:\/\/i0.wp.com\/sovamm.cz\/wordpress\/wp-content\/uploads\/2019\/03\/NVD_2018-1.jpg?w=948&amp;ssl=1 948w\" sizes=\"auto, (max-width: 133px) 100vw, 133px\" data-attachment-id=\"2579\" data-permalink=\"https:\/\/sovamm.cz\/wordpress\/book-review\/nejstarsi-venkovske-domy\/nvd_2018-1\/\" data-orig-file=\"https:\/\/i0.wp.com\/sovamm.cz\/wordpress\/wp-content\/uploads\/2019\/03\/NVD_2018-1.jpg?fit=1038%2C1339&amp;ssl=1\" data-orig-size=\"1038,1339\" data-comments-opened=\"1\" data-image-meta=\"{&quot;aperture&quot;:&quot;0&quot;,&quot;credit&quot;:&quot;&quot;,&quot;camera&quot;:&quot;&quot;,&quot;caption&quot;:&quot;&quot;,&quot;created_timestamp&quot;:&quot;0&quot;,&quot;copyright&quot;:&quot;&quot;,&quot;focal_length&quot;:&quot;0&quot;,&quot;iso&quot;:&quot;0&quot;,&quot;shutter_speed&quot;:&quot;0&quot;,&quot;title&quot;:&quot;&quot;,&quot;orientation&quot;:&quot;1&quot;}\" data-image-title=\"NVD_2018-1\" data-image-description=\"\" data-image-caption=\"\" data-large-file=\"https:\/\/i0.wp.com\/sovamm.cz\/wordpress\/wp-content\/uploads\/2019\/03\/NVD_2018-1.jpg?fit=474%2C611&amp;ssl=1\" \/>\t\t\t\t\t\t<\/a>\n\t\t\t\t\t\n\t\t\t\t\t\t\t\t\t\t\t\t<p>\u0160KABRADA, Ji\u0159\u00ed, Zuzana SYROV\u00c1-AN\u00dd\u017dOV\u00c1, et al. Nejstar\u0161\u00ed venkovsk\u00e9 domy ve v\u00fdchodn\u00edch \u010cech\u00e1ch. Vyd\u00e1n\u00ed prvn\u00ed. Pardubice: Univerzita Pardubice, Fakulta filozofick\u00e1; Brno: Spole\u010dnost pro obnovu vesnice a&nbsp;mal\u00e9ho m\u011bsta, z. s., 2018.&nbsp;512 stran. ISBN 978-80-7560-126-1 (Univerzita Pardubice), 978-80-907440-0-4 (Spole\u010dnost pro obnovu vesnice a&nbsp;mal\u00e9ho m\u011bsta, z. s.).<\/p>\n\t\t\t\t\t\t\t\t\t\t<\/div>\n\n\t\t\t\t<div class=\"post-meta\">\n\t\t\t\t\t\t\t\t\t<\/div>\n\t\t\t\t<div class=\"post-data\">\n\t\t\t\t\t\t\t\t\t\t\t\t\t\t\t\t<span class=\"genre\"><strong>\u017d\u00e1nr:<\/strong> <a href=\"https:\/\/sovamm.cz\/wordpress\/?genre=odborna-literatura-cs\">odborn\u00e1 literatura<\/a>, <a href=\"https:\/\/sovamm.cz\/wordpress\/?genre=popularne-naucna-literatura-cs\">popul\u00e1rn\u011b nau\u010dn\u00e1 literatura<\/a>, <a href=\"https:\/\/sovamm.cz\/wordpress\/?genre=sovpis-cs\">SOVPIS<\/a><\/span><br \/>\n\t\t\t\t\t\t\t\t\t\t\t\t\t\t\t\t\t\t\t\t\t<span class=\"subjects\"><strong>T\u00e9mata:<\/strong> <a href=\"https:\/\/sovamm.cz\/wordpress\/?subject=publikace-sovamm-cs\">Publikace SOVAMM<\/a>, <a href=\"https:\/\/sovamm.cz\/wordpress\/?subject=publikovano-se-sovpis-cs\">Publikov\u00e1no se SOVPIS<\/a><\/span><br \/>\n\t\t\t\t\t\t\t\t\t\t\t\t\t\t<\/div>\n\t\t\t<\/div>\n\t\t\t\t\t\t<div class=\"book-review-wrapper orderedby-title\" id=\"book-review-5320\">\n\t\t\t\t<h3><a href=\"https:\/\/sovamm.cz\/wordpress\/en\/book-review\/the-oldest-rural-houses-in-east-bohemia\/\">The oldest rural houses in East Bohemia<\/a><\/h3>\n\t\t\t\t<div class=\"book-review-sc post-5320 book-review type-book-review status-publish has-post-thumbnail hentry genre-popular-science genre-science-book genre-sovpis-en book-author-cejpova-miroslava book-author-dostal-petr book-author-dragoun-zdenek book-author-ebel-martin book-author-filous-tomas book-author-gabriel-frantisek book-author-kyncl-josef book-author-kyncl-tomas book-author-nemcova-zdenka book-author-paterova-vladimira book-author-stejskal-david book-author-stranska-varekova-zuzana book-author-svec-jiri book-author-syrova-anyzova-zuzana book-author-syrovy-jiri book-author-tomkova-blanka book-author-vaclavik-frantisek-r book-author-zahradnik-pavel subject-published-by-sovamm subject-published-with-sovpis\">\n\t\t\t\t\t\t\t\t\t\t\t<a href=\"https:\/\/sovamm.cz\/wordpress\/en\/book-review\/the-oldest-rural-houses-in-east-bohemia\/\" title=\"The oldest rural houses in East Bohemia\" class=\"alignleft pull-left thumbnail\">\n\t\t\t\t\t\t\t<img loading=\"lazy\" decoding=\"async\" width=\"133\" height=\"172\" src=\"https:\/\/i0.wp.com\/sovamm.cz\/wordpress\/wp-content\/uploads\/2019\/03\/NVD_2018-1.jpg?fit=133%2C172&amp;ssl=1\" class=\"attachment-book-cover size-book-cover wp-post-image\" alt=\"\" srcset=\"https:\/\/i0.wp.com\/sovamm.cz\/wordpress\/wp-content\/uploads\/2019\/03\/NVD_2018-1.jpg?w=1038&amp;ssl=1 1038w, https:\/\/i0.wp.com\/sovamm.cz\/wordpress\/wp-content\/uploads\/2019\/03\/NVD_2018-1.jpg?resize=233%2C300&amp;ssl=1 233w, https:\/\/i0.wp.com\/sovamm.cz\/wordpress\/wp-content\/uploads\/2019\/03\/NVD_2018-1.jpg?resize=768%2C991&amp;ssl=1 768w, https:\/\/i0.wp.com\/sovamm.cz\/wordpress\/wp-content\/uploads\/2019\/03\/NVD_2018-1.jpg?resize=794%2C1024&amp;ssl=1 794w, https:\/\/i0.wp.com\/sovamm.cz\/wordpress\/wp-content\/uploads\/2019\/03\/NVD_2018-1.jpg?resize=133%2C172&amp;ssl=1 133w, https:\/\/i0.wp.com\/sovamm.cz\/wordpress\/wp-content\/uploads\/2019\/03\/NVD_2018-1.jpg?w=948&amp;ssl=1 948w\" sizes=\"auto, (max-width: 133px) 100vw, 133px\" data-attachment-id=\"2579\" data-permalink=\"https:\/\/sovamm.cz\/wordpress\/book-review\/nejstarsi-venkovske-domy\/nvd_2018-1\/\" data-orig-file=\"https:\/\/i0.wp.com\/sovamm.cz\/wordpress\/wp-content\/uploads\/2019\/03\/NVD_2018-1.jpg?fit=1038%2C1339&amp;ssl=1\" data-orig-size=\"1038,1339\" data-comments-opened=\"1\" data-image-meta=\"{&quot;aperture&quot;:&quot;0&quot;,&quot;credit&quot;:&quot;&quot;,&quot;camera&quot;:&quot;&quot;,&quot;caption&quot;:&quot;&quot;,&quot;created_timestamp&quot;:&quot;0&quot;,&quot;copyright&quot;:&quot;&quot;,&quot;focal_length&quot;:&quot;0&quot;,&quot;iso&quot;:&quot;0&quot;,&quot;shutter_speed&quot;:&quot;0&quot;,&quot;title&quot;:&quot;&quot;,&quot;orientation&quot;:&quot;1&quot;}\" data-image-title=\"NVD_2018-1\" data-image-description=\"\" data-image-caption=\"\" data-large-file=\"https:\/\/i0.wp.com\/sovamm.cz\/wordpress\/wp-content\/uploads\/2019\/03\/NVD_2018-1.jpg?fit=474%2C611&amp;ssl=1\" \/>\t\t\t\t\t\t<\/a>\n\t\t\t\t\t\n\t\t\t\t\t\t\t\t\t\t\t\t<p>\u0160KABRADA, Ji\u0159\u00ed, Zuzana SYROV\u00c1-AN\u00dd\u017dOV\u00c1 et al. Nejstar\u0161\u00ed venkovsk\u00e9 domy ve v\u00fdchodn\u00edch \u010cech\u00e1ch.1st ed.. Pardubice: Univerzita Pardubice, Fakulta filozofick\u00e1; Brno: Spole\u010dnost pro obnovu vesnice a&nbsp;mal\u00e9ho m\u011bsta, z. s., 2018.&nbsp;512 stran. ISBN 978-80-7560-126-1 (Univerzita Pardubice), 978-80-907440-0-4 (Spole\u010dnost pro obnovu vesnice a&nbsp;mal\u00e9ho m\u011bsta, z. s.).<\/p>\n\t\t\t\t\t\t\t\t\t\t<\/div>\n\n\t\t\t\t<div class=\"post-meta\">\n\t\t\t\t\t\t\t\t\t<\/div>\n\t\t\t\t<div class=\"post-data\">\n\t\t\t\t\t\t\t\t\t\t\t\t\t\t\t\t<span class=\"genre\"><strong>\u017d\u00e1nr:<\/strong> <a href=\"https:\/\/sovamm.cz\/wordpress\/?genre=popular-science\">popular science<\/a>, <a href=\"https:\/\/sovamm.cz\/wordpress\/?genre=science-book\">science book<\/a>, <a href=\"https:\/\/sovamm.cz\/wordpress\/?genre=sovpis-en\">SOVPIS<\/a><\/span><br \/>\n\t\t\t\t\t\t\t\t\t\t\t\t\t\t\t\t\t\t\t\t\t<span class=\"subjects\"><strong>T\u00e9mata:<\/strong> <a href=\"https:\/\/sovamm.cz\/wordpress\/?subject=published-by-sovamm\">Published by SOVAMM<\/a>, <a href=\"https:\/\/sovamm.cz\/wordpress\/?subject=published-with-sovpis\">Published with SOVPIS<\/a><\/span><br \/>\n\t\t\t\t\t\t\t\t\t\t\t\t\t\t<\/div>\n\t\t\t<\/div>\n\t\t\t\t\t\t<div class=\"book-review-wrapper orderedby-title\" id=\"book-review-5377\">\n\t\t\t\t<h3><a href=\"https:\/\/sovamm.cz\/wordpress\/book-review\/vesnicky-dum-v-16-a-17-stoleti\/\">Vesnick\u00fd d\u016fm v&nbsp;16.&nbsp;a&nbsp;17.&nbsp;stolet\u00ed<\/a><\/h3>\n\t\t\t\t<div class=\"book-review-sc post-5377 book-review type-book-review status-publish has-post-thumbnail hentry genre-odborna-literatura-cs genre-skripta book-author-bedal-konrad book-author-dostal-petr book-author-edel-tomas book-author-frolec-vaclav-1934-1992 book-author-frolik-jan-1956 book-author-madaj-miroslav-martin-1946 book-author-petranova-lydia-1941 book-author-plessingerova-alena-1928 book-author-rykl-michael-1967 book-author-sigl-jiri-1946 book-author-skabrada-jiri book-author-stepan-ludek-1932-2017 book-author-supic-plemenka book-author-svoboda-ladislav-1957-2022 book-author-syrova-anyzova-zuzana book-author-syrovy-jiri book-author-tryml-michal book-author-vajdis-jaroslav-1920-2006 book-author-vareka-josef-1927-2008 book-author-vareka-pavel-1967\">\n\t\t\t\t\t\t\t\t\t\t\t<a href=\"https:\/\/sovamm.cz\/wordpress\/book-review\/vesnicky-dum-v-16-a-17-stoleti\/\" title=\"Vesnick\u00fd d\u016fm v&nbsp;16.&nbsp;a&nbsp;17.&nbsp;stolet\u00ed\" class=\"alignleft pull-left thumbnail\">\n\t\t\t\t\t\t\t<img loading=\"lazy\" decoding=\"async\" width=\"133\" height=\"185\" src=\"https:\/\/i0.wp.com\/sovamm.cz\/wordpress\/wp-content\/uploads\/2023\/01\/Skabrada_1992-scaled-e1674664289126.jpg?fit=133%2C185&amp;ssl=1\" class=\"attachment-book-cover size-book-cover wp-post-image\" alt=\"\" srcset=\"https:\/\/i0.wp.com\/sovamm.cz\/wordpress\/wp-content\/uploads\/2023\/01\/Skabrada_1992-scaled-e1674664289126.jpg?w=1038&amp;ssl=1 1038w, https:\/\/i0.wp.com\/sovamm.cz\/wordpress\/wp-content\/uploads\/2023\/01\/Skabrada_1992-scaled-e1674664289126.jpg?w=948&amp;ssl=1 948w\" sizes=\"auto, (max-width: 133px) 100vw, 133px\" data-attachment-id=\"5366\" data-permalink=\"https:\/\/sovamm.cz\/wordpress\/skabrada_1992\/\" data-orig-file=\"https:\/\/i0.wp.com\/sovamm.cz\/wordpress\/wp-content\/uploads\/2023\/01\/Skabrada_1992-scaled-e1674664289126.jpg?fit=1038%2C1444&amp;ssl=1\" data-orig-size=\"1038,1444\" data-comments-opened=\"1\" data-image-meta=\"{&quot;aperture&quot;:&quot;0&quot;,&quot;credit&quot;:&quot;&quot;,&quot;camera&quot;:&quot;&quot;,&quot;caption&quot;:&quot;&quot;,&quot;created_timestamp&quot;:&quot;0&quot;,&quot;copyright&quot;:&quot;&quot;,&quot;focal_length&quot;:&quot;0&quot;,&quot;iso&quot;:&quot;0&quot;,&quot;shutter_speed&quot;:&quot;0&quot;,&quot;title&quot;:&quot;&quot;,&quot;orientation&quot;:&quot;1&quot;}\" data-image-title=\"Skabrada_1992\" data-image-description=\"\" data-image-caption=\"\" data-large-file=\"https:\/\/i0.wp.com\/sovamm.cz\/wordpress\/wp-content\/uploads\/2023\/01\/Skabrada_1992-scaled-e1674664289126.jpg?fit=474%2C659&amp;ssl=1\" \/>\t\t\t\t\t\t<\/a>\n\t\t\t\t\t\n\t\t\t\t\t\t\t\t\t\t\t\t<p>\u0160KABRADA, Ji\u0159\u00ed (ed.). Vesnick\u00fd d\u016fm v&nbsp;16.&nbsp;a&nbsp;17.&nbsp;stolet\u00ed. Praha: \u010cesk\u00e9 vysok\u00e9 u\u010den\u00ed technick\u00e9, 1992.<\/p>\n\t\t\t\t\t\t\t\t\t\t<\/div>\n\n\t\t\t\t<div class=\"post-meta\">\n\t\t\t\t\t\t\t\t\t<\/div>\n\t\t\t\t<div class=\"post-data\">\n\t\t\t\t\t\t\t\t\t\t\t\t\t\t\t\t<span class=\"genre\"><strong>\u017d\u00e1nr:<\/strong> <a href=\"https:\/\/sovamm.cz\/wordpress\/?genre=odborna-literatura-cs\">odborn\u00e1 literatura<\/a>, <a href=\"https:\/\/sovamm.cz\/wordpress\/?genre=skripta\">skripta<\/a><\/span><br \/>\n\t\t\t\t\t\t\t\t\t\t\t\t\t\t\t\t\t\t\t\t\t\t\t\t<\/div>\n\t\t\t<\/div>\n\t\t\t\t\t\t<div class=\"book-review-wrapper orderedby-title\" id=\"book-review-5454\">\n\t\t\t\t<h3><a href=\"https:\/\/sovamm.cz\/wordpress\/en\/book-review\/village-house-in-the-16th-and-17th-centuries\/\">Village house in the 16th and 17th centuries.<\/a><\/h3>\n\t\t\t\t<div class=\"book-review-sc post-5454 book-review type-book-review status-publish has-post-thumbnail hentry genre-science-book book-author-bedal-konrad book-author-dostal-petr book-author-edel-tomas book-author-frolec-vaclav-1934-1992 book-author-frolik-jan-1956 book-author-langer-jiri book-author-madaj-miroslav-martin-1946 book-author-petranova-lydia-1941 book-author-plessingerova-alena-1928 book-author-prochazka-lubomir book-author-rykl-michael-1967 book-author-sigl-jiri-1946 book-author-stepan-ludek-1932-2017 book-author-supic-plemenka book-author-svoboda-ladislav-1957-2022 book-author-syrova-anyzova-zuzana book-author-syrovy-jiri book-author-tryml-michal book-author-vajdis-jaroslav-1920-2006 book-author-vanova-libuse-1955 book-author-vareka-josef-1927-2008 book-author-vareka-pavel-1967\">\n\t\t\t\t\t\t\t\t\t\t\t<a href=\"https:\/\/sovamm.cz\/wordpress\/en\/book-review\/village-house-in-the-16th-and-17th-centuries\/\" title=\"Village house in the 16th and 17th centuries.\" class=\"alignleft pull-left thumbnail\">\n\t\t\t\t\t\t\t<img loading=\"lazy\" decoding=\"async\" width=\"133\" height=\"185\" src=\"https:\/\/i0.wp.com\/sovamm.cz\/wordpress\/wp-content\/uploads\/2023\/01\/Skabrada_1992-scaled-e1674664289126.jpg?fit=133%2C185&amp;ssl=1\" class=\"attachment-book-cover size-book-cover wp-post-image\" alt=\"\" srcset=\"https:\/\/i0.wp.com\/sovamm.cz\/wordpress\/wp-content\/uploads\/2023\/01\/Skabrada_1992-scaled-e1674664289126.jpg?w=1038&amp;ssl=1 1038w, https:\/\/i0.wp.com\/sovamm.cz\/wordpress\/wp-content\/uploads\/2023\/01\/Skabrada_1992-scaled-e1674664289126.jpg?w=948&amp;ssl=1 948w\" sizes=\"auto, (max-width: 133px) 100vw, 133px\" data-attachment-id=\"5366\" data-permalink=\"https:\/\/sovamm.cz\/wordpress\/skabrada_1992\/\" data-orig-file=\"https:\/\/i0.wp.com\/sovamm.cz\/wordpress\/wp-content\/uploads\/2023\/01\/Skabrada_1992-scaled-e1674664289126.jpg?fit=1038%2C1444&amp;ssl=1\" data-orig-size=\"1038,1444\" data-comments-opened=\"1\" data-image-meta=\"{&quot;aperture&quot;:&quot;0&quot;,&quot;credit&quot;:&quot;&quot;,&quot;camera&quot;:&quot;&quot;,&quot;caption&quot;:&quot;&quot;,&quot;created_timestamp&quot;:&quot;0&quot;,&quot;copyright&quot;:&quot;&quot;,&quot;focal_length&quot;:&quot;0&quot;,&quot;iso&quot;:&quot;0&quot;,&quot;shutter_speed&quot;:&quot;0&quot;,&quot;title&quot;:&quot;&quot;,&quot;orientation&quot;:&quot;1&quot;}\" data-image-title=\"Skabrada_1992\" data-image-description=\"\" data-image-caption=\"\" data-large-file=\"https:\/\/i0.wp.com\/sovamm.cz\/wordpress\/wp-content\/uploads\/2023\/01\/Skabrada_1992-scaled-e1674664289126.jpg?fit=474%2C659&amp;ssl=1\" \/>\t\t\t\t\t\t<\/a>\n\t\t\t\t\t\n\t\t\t\t\t\t\t\t\t\t\t\t<p>\u0160KABRADA, Ji\u0159\u00ed (ed.). Vesnick\u00fd d\u016fm v&nbsp;16.&nbsp;a&nbsp;17.&nbsp;stolet\u00ed. Praha: \u010cesk\u00e9 vysok\u00e9 u\u010den\u00ed technick\u00e9, 1992.<\/p>\n\t\t\t\t\t\t\t\t\t\t<\/div>\n\n\t\t\t\t<div class=\"post-meta\">\n\t\t\t\t\t\t\t\t\t<\/div>\n\t\t\t\t<div class=\"post-data\">\n\t\t\t\t\t\t\t\t\t\t\t\t\t\t\t\t<span class=\"genre\"><strong>\u017d\u00e1nr:<\/strong> <a href=\"https:\/\/sovamm.cz\/wordpress\/?genre=science-book\">science book<\/a><\/span><br \/>\n\t\t\t\t\t\t\t\t\t\t\t\t\t\t\t\t\t\t\t\t\t\t\t\t<\/div>\n\t\t\t<\/div>\n\t\t\t\n","protected":false},"excerpt":{"rendered":"<p>Narozen 18.\u00a09.\u00a01955 v\u00a0Brn\u011b. Architekt, urbanista. Autor SOVPIS \u00a6 Who is who in SOVAMM<\/p>\n","protected":false},"author":2,"featured_media":0,"parent":5279,"menu_order":0,"comment_status":"closed","ping_status":"closed","template":"","meta":{"jetpack_post_was_ever_published":false,"footnotes":""},"class_list":["post-6627","page","type-page","status-publish","hentry","has-post-thumbnail"],"jetpack_shortlink":"https:\/\/wp.me\/P8dB8l-1IT","jetpack_sharing_enabled":true,"_links":{"self":[{"href":"https:\/\/sovamm.cz\/wordpress\/wp-json\/wp\/v2\/pages\/6627","targetHints":{"allow":["GET"]}}],"collection":[{"href":"https:\/\/sovamm.cz\/wordpress\/wp-json\/wp\/v2\/pages"}],"about":[{"href":"https:\/\/sovamm.cz\/wordpress\/wp-json\/wp\/v2\/types\/page"}],"author":[{"embeddable":true,"href":"https:\/\/sovamm.cz\/wordpress\/wp-json\/wp\/v2\/users\/2"}],"replies":[{"embeddable":true,"href":"https:\/\/sovamm.cz\/wordpress\/wp-json\/wp\/v2\/comments?post=6627"}],"version-history":[{"count":1,"href":"https:\/\/sovamm.cz\/wordpress\/wp-json\/wp\/v2\/pages\/6627\/revisions"}],"predecessor-version":[{"id":6628,"href":"https:\/\/sovamm.cz\/wordpress\/wp-json\/wp\/v2\/pages\/6627\/revisions\/6628"}],"up":[{"embeddable":true,"href":"https:\/\/sovamm.cz\/wordpress\/wp-json\/wp\/v2\/pages\/5279"}],"wp:attachment":[{"href":"https:\/\/sovamm.cz\/wordpress\/wp-json\/wp\/v2\/media?parent=6627"}],"curies":[{"name":"wp","href":"https:\/\/api.w.org\/{rel}","templated":true}]}}