{"id":6619,"date":"2025-02-07T22:48:23","date_gmt":"2025-02-07T21:48:23","guid":{"rendered":"https:\/\/sovamm.cz\/wordpress\/?page_id=6619"},"modified":"2025-03-13T10:49:52","modified_gmt":"2025-03-13T09:49:52","slug":"edel-tomas-1951-2010","status":"publish","type":"page","link":"https:\/\/sovamm.cz\/wordpress\/publikace-2\/publikace-clenu-sovamm\/edel-tomas-1951-2010\/","title":{"rendered":"Edel Tom\u00e1\u0161 (1951-2010)"},"content":{"rendered":"<p><i>Narozen 3.10.1951 v&nbsp;Praze, zem\u0159el 27.4.2010 v&nbsp;\u010cesk\u00e9m Dubu. N\u00e1rodopisec, historik, \u0159editel muzea v&nbsp;\u010cesk\u00e9m Dubu.<\/i><br \/>\nAutor SOVPIS \u00a6 <a href=\"https:\/\/sovamm.wordpress.com\/who-is-who\/tomas-edel\/\" target=\"_blank\" rel=\"noopener noreferrer\">Who is who in SOVAMM<\/a><\/p>\n\t\t\t<div class=\"book-review-wrapper orderedby-title\" id=\"book-review-2639\">\n\t\t\t\t<h3><a href=\"https:\/\/sovamm.cz\/wordpress\/book-review\/interier-a-nabytek-vesnickeho-domu-podjestedi-v-16-19-stoleti\/\">Interi\u00e9r a&nbsp;n\u00e1bytek vesnick\u00e9ho domu Podje\u0161t\u011bd\u00ed v&nbsp;16.-19.&nbsp;stolet\u00ed<\/a><\/h3>\n\t\t\t\t<div class=\"book-review-sc post-2639 book-review type-book-review status-publish has-post-thumbnail hentry genre-odborna-literatura-cs book-author-edel-tomas\">\n\t\t\t\t\t\t\t\t\t\t\t<a href=\"https:\/\/sovamm.cz\/wordpress\/book-review\/interier-a-nabytek-vesnickeho-domu-podjestedi-v-16-19-stoleti\/\" title=\"Interi\u00e9r a&nbsp;n\u00e1bytek vesnick\u00e9ho domu Podje\u0161t\u011bd\u00ed v&nbsp;16.-19.&nbsp;stolet\u00ed\" class=\"alignleft pull-left thumbnail\">\n\t\t\t\t\t\t\t<img loading=\"lazy\" decoding=\"async\" width=\"133\" height=\"191\" src=\"https:\/\/i0.wp.com\/sovamm.cz\/wordpress\/wp-content\/uploads\/2019\/03\/interier_podjestd.jpg?fit=133%2C191&amp;ssl=1\" class=\"attachment-book-cover size-book-cover wp-post-image\" alt=\"\" srcset=\"https:\/\/i0.wp.com\/sovamm.cz\/wordpress\/wp-content\/uploads\/2019\/03\/interier_podjestd.jpg?w=1038&amp;ssl=1 1038w, https:\/\/i0.wp.com\/sovamm.cz\/wordpress\/wp-content\/uploads\/2019\/03\/interier_podjestd.jpg?resize=209%2C300&amp;ssl=1 209w, https:\/\/i0.wp.com\/sovamm.cz\/wordpress\/wp-content\/uploads\/2019\/03\/interier_podjestd.jpg?resize=768%2C1104&amp;ssl=1 768w, https:\/\/i0.wp.com\/sovamm.cz\/wordpress\/wp-content\/uploads\/2019\/03\/interier_podjestd.jpg?resize=712%2C1024&amp;ssl=1 712w, https:\/\/i0.wp.com\/sovamm.cz\/wordpress\/wp-content\/uploads\/2019\/03\/interier_podjestd.jpg?resize=133%2C191&amp;ssl=1 133w, https:\/\/i0.wp.com\/sovamm.cz\/wordpress\/wp-content\/uploads\/2019\/03\/interier_podjestd.jpg?w=948&amp;ssl=1 948w\" sizes=\"auto, (max-width: 133px) 100vw, 133px\" data-attachment-id=\"2640\" data-permalink=\"https:\/\/sovamm.cz\/wordpress\/book-review\/interier-a-nabytek-vesnickeho-domu-podjestedi-v-16-19-stoleti\/interier_podjestd\/\" data-orig-file=\"https:\/\/i0.wp.com\/sovamm.cz\/wordpress\/wp-content\/uploads\/2019\/03\/interier_podjestd.jpg?fit=1038%2C1492&amp;ssl=1\" data-orig-size=\"1038,1492\" data-comments-opened=\"1\" data-image-meta=\"{&quot;aperture&quot;:&quot;0&quot;,&quot;credit&quot;:&quot;&quot;,&quot;camera&quot;:&quot;&quot;,&quot;caption&quot;:&quot;&quot;,&quot;created_timestamp&quot;:&quot;0&quot;,&quot;copyright&quot;:&quot;&quot;,&quot;focal_length&quot;:&quot;0&quot;,&quot;iso&quot;:&quot;0&quot;,&quot;shutter_speed&quot;:&quot;0&quot;,&quot;title&quot;:&quot;&quot;,&quot;orientation&quot;:&quot;1&quot;}\" data-image-title=\"interier_podjestd\" data-image-description=\"\" data-image-caption=\"\" data-large-file=\"https:\/\/i0.wp.com\/sovamm.cz\/wordpress\/wp-content\/uploads\/2019\/03\/interier_podjestd.jpg?fit=474%2C682&amp;ssl=1\" \/>\t\t\t\t\t\t<\/a>\n\t\t\t\t\t\n\t\t\t\t\t\t\t\t\t\t\t\t<p>EDEL, Tom\u00e1\u0161. Interi\u00e9r a&nbsp;n\u00e1bytek vesnick\u00e9ho domu Podje\u0161t\u011bd\u00ed v&nbsp;16.-19.&nbsp;stolet\u00ed. \u010cesk\u00fd Dub: Podje\u0161t\u011bdsk\u00e9 muzeum Karol\u00edny Sv\u011btl\u00e9, 1990.&nbsp;50 s.<\/p>\n\t\t\t\t\t\t\t\t\t\t<\/div>\n\n\t\t\t\t<div class=\"post-meta\">\n\t\t\t\t\t\t\t\t\t<\/div>\n\t\t\t\t<div class=\"post-data\">\n\t\t\t\t\t\t\t\t\t\t\t\t\t\t\t\t<span class=\"genre\"><strong>\u017d\u00e1nr:<\/strong> <a href=\"https:\/\/sovamm.cz\/wordpress\/?genre=odborna-literatura-cs\">odborn\u00e1 literatura<\/a><\/span><br \/>\n\t\t\t\t\t\t\t\t\t\t\t\t\t\t\t\t\t\t\t\t\t\t\t\t<\/div>\n\t\t\t<\/div>\n\t\t\t\t\t\t<div class=\"book-review-wrapper orderedby-title\" id=\"book-review-5511\">\n\t\t\t\t<h3><a href=\"https:\/\/sovamm.cz\/wordpress\/en\/book-review\/interior-and-furniture-of-the-podjestedi-village-house-in-the-16th-19th-centuries\/\">Interior and furniture of the Podje\u0161t\u011bd\u00ed village house in the 16th-19th centuries.<\/a><\/h3>\n\t\t\t\t<div class=\"book-review-sc post-5511 book-review type-book-review status-publish has-post-thumbnail hentry genre-science-book book-author-edel-tomas\">\n\t\t\t\t\t\t\t\t\t\t\t<a href=\"https:\/\/sovamm.cz\/wordpress\/en\/book-review\/interior-and-furniture-of-the-podjestedi-village-house-in-the-16th-19th-centuries\/\" title=\"Interior and furniture of the Podje\u0161t\u011bd\u00ed village house in the 16th-19th centuries.\" class=\"alignleft pull-left thumbnail\">\n\t\t\t\t\t\t\t<img loading=\"lazy\" decoding=\"async\" width=\"133\" height=\"191\" src=\"https:\/\/i0.wp.com\/sovamm.cz\/wordpress\/wp-content\/uploads\/2019\/03\/interier_podjestd.jpg?fit=133%2C191&amp;ssl=1\" class=\"attachment-book-cover size-book-cover wp-post-image\" alt=\"\" srcset=\"https:\/\/i0.wp.com\/sovamm.cz\/wordpress\/wp-content\/uploads\/2019\/03\/interier_podjestd.jpg?w=1038&amp;ssl=1 1038w, https:\/\/i0.wp.com\/sovamm.cz\/wordpress\/wp-content\/uploads\/2019\/03\/interier_podjestd.jpg?resize=209%2C300&amp;ssl=1 209w, https:\/\/i0.wp.com\/sovamm.cz\/wordpress\/wp-content\/uploads\/2019\/03\/interier_podjestd.jpg?resize=768%2C1104&amp;ssl=1 768w, https:\/\/i0.wp.com\/sovamm.cz\/wordpress\/wp-content\/uploads\/2019\/03\/interier_podjestd.jpg?resize=712%2C1024&amp;ssl=1 712w, https:\/\/i0.wp.com\/sovamm.cz\/wordpress\/wp-content\/uploads\/2019\/03\/interier_podjestd.jpg?resize=133%2C191&amp;ssl=1 133w, https:\/\/i0.wp.com\/sovamm.cz\/wordpress\/wp-content\/uploads\/2019\/03\/interier_podjestd.jpg?w=948&amp;ssl=1 948w\" sizes=\"auto, (max-width: 133px) 100vw, 133px\" data-attachment-id=\"2640\" data-permalink=\"https:\/\/sovamm.cz\/wordpress\/book-review\/interier-a-nabytek-vesnickeho-domu-podjestedi-v-16-19-stoleti\/interier_podjestd\/\" data-orig-file=\"https:\/\/i0.wp.com\/sovamm.cz\/wordpress\/wp-content\/uploads\/2019\/03\/interier_podjestd.jpg?fit=1038%2C1492&amp;ssl=1\" data-orig-size=\"1038,1492\" data-comments-opened=\"1\" data-image-meta=\"{&quot;aperture&quot;:&quot;0&quot;,&quot;credit&quot;:&quot;&quot;,&quot;camera&quot;:&quot;&quot;,&quot;caption&quot;:&quot;&quot;,&quot;created_timestamp&quot;:&quot;0&quot;,&quot;copyright&quot;:&quot;&quot;,&quot;focal_length&quot;:&quot;0&quot;,&quot;iso&quot;:&quot;0&quot;,&quot;shutter_speed&quot;:&quot;0&quot;,&quot;title&quot;:&quot;&quot;,&quot;orientation&quot;:&quot;1&quot;}\" data-image-title=\"interier_podjestd\" data-image-description=\"\" data-image-caption=\"\" data-large-file=\"https:\/\/i0.wp.com\/sovamm.cz\/wordpress\/wp-content\/uploads\/2019\/03\/interier_podjestd.jpg?fit=474%2C682&amp;ssl=1\" \/>\t\t\t\t\t\t<\/a>\n\t\t\t\t\t\n\t\t\t\t\t\t\t\t\t\t\t\t<p>EDEL, Tom\u00e1\u0161. Interi\u00e9r a&nbsp;n\u00e1bytek vesnick\u00e9ho domu Podje\u0161t\u011bd\u00ed v&nbsp;16.-19.&nbsp;stolet\u00ed. \u010cesk\u00fd Dub: Podje\u0161t\u011bdsk\u00e9 muzeum Karol\u00edny Sv\u011btl\u00e9, 1990.<\/p>\n\t\t\t\t\t\t\t\t\t\t<\/div>\n\n\t\t\t\t<div class=\"post-meta\">\n\t\t\t\t\t\t\t\t\t<\/div>\n\t\t\t\t<div class=\"post-data\">\n\t\t\t\t\t\t\t\t\t\t\t\t\t\t\t\t<span class=\"genre\"><strong>\u017d\u00e1nr:<\/strong> <a href=\"https:\/\/sovamm.cz\/wordpress\/?genre=science-book\">science book<\/a><\/span><br \/>\n\t\t\t\t\t\t\t\t\t\t\t\t\t\t\t\t\t\t\t\t\t\t\t\t<\/div>\n\t\t\t<\/div>\n\t\t\t\t\t\t<div class=\"book-review-wrapper orderedby-title\" id=\"book-review-2642\">\n\t\t\t\t<h3><a href=\"https:\/\/sovamm.cz\/wordpress\/book-review\/pribeh-goticke-sablony\/\">P\u0159\u00edb\u011bh gotick\u00e9 \u0161ablony<\/a><\/h3>\n\t\t\t\t<div class=\"book-review-sc post-2642 book-review type-book-review status-publish has-post-thumbnail hentry genre-odborna-literatura-cs genre-popularne-naucna-literatura-cs book-author-edel-tomas\">\n\t\t\t\t\t\t\t\t\t\t\t<a href=\"https:\/\/sovamm.cz\/wordpress\/book-review\/pribeh-goticke-sablony\/\" title=\"P\u0159\u00edb\u011bh gotick\u00e9 \u0161ablony\" class=\"alignleft pull-left thumbnail\">\n\t\t\t\t\t\t\t<img loading=\"lazy\" decoding=\"async\" width=\"133\" height=\"149\" src=\"https:\/\/i0.wp.com\/sovamm.cz\/wordpress\/wp-content\/uploads\/2019\/03\/Privbeh-goticke-sablony-e1553509314606.jpg?fit=133%2C149&amp;ssl=1\" class=\"attachment-book-cover size-book-cover wp-post-image\" alt=\"\" srcset=\"https:\/\/i0.wp.com\/sovamm.cz\/wordpress\/wp-content\/uploads\/2019\/03\/Privbeh-goticke-sablony-e1553509314606.jpg?w=1038&amp;ssl=1 1038w, https:\/\/i0.wp.com\/sovamm.cz\/wordpress\/wp-content\/uploads\/2019\/03\/Privbeh-goticke-sablony-e1553509314606.jpg?w=948&amp;ssl=1 948w\" sizes=\"auto, (max-width: 133px) 100vw, 133px\" data-attachment-id=\"2643\" data-permalink=\"https:\/\/sovamm.cz\/wordpress\/book-review\/pribeh-goticke-sablony\/privbeh-goticke-sablony\/\" data-orig-file=\"https:\/\/i0.wp.com\/sovamm.cz\/wordpress\/wp-content\/uploads\/2019\/03\/Privbeh-goticke-sablony-e1553509314606.jpg?fit=1038%2C1160&amp;ssl=1\" data-orig-size=\"1038,1160\" data-comments-opened=\"1\" data-image-meta=\"{&quot;aperture&quot;:&quot;0&quot;,&quot;credit&quot;:&quot;&quot;,&quot;camera&quot;:&quot;&quot;,&quot;caption&quot;:&quot;&quot;,&quot;created_timestamp&quot;:&quot;0&quot;,&quot;copyright&quot;:&quot;&quot;,&quot;focal_length&quot;:&quot;0&quot;,&quot;iso&quot;:&quot;0&quot;,&quot;shutter_speed&quot;:&quot;0&quot;,&quot;title&quot;:&quot;&quot;,&quot;orientation&quot;:&quot;1&quot;}\" data-image-title=\"Privbeh goticke sablony\" data-image-description=\"\" data-image-caption=\"\" data-large-file=\"https:\/\/i0.wp.com\/sovamm.cz\/wordpress\/wp-content\/uploads\/2019\/03\/Privbeh-goticke-sablony-e1553509314606.jpg?fit=474%2C530&amp;ssl=1\" \/>\t\t\t\t\t\t<\/a>\n\t\t\t\t\t\n\t\t\t\t\t\t\t\t\t\t\t\t<p>EDEL, Tom\u00e1\u0161, Jan ROYT a&nbsp;Radek BRO\u017d.. P\u0159\u00edb\u011bh gotick\u00e9 \u0161ablony = Geschichte der gotischen Schablone. Praha: Gema Art, 1997.&nbsp;95 s. ISBN 80-901425-8-3.<\/p>\n\t\t\t\t\t\t\t\t\t\t<\/div>\n\n\t\t\t\t<div class=\"post-meta\">\n\t\t\t\t\t\t\t\t\t<\/div>\n\t\t\t\t<div class=\"post-data\">\n\t\t\t\t\t\t\t\t\t\t\t\t\t\t\t\t<span class=\"genre\"><strong>\u017d\u00e1nr:<\/strong> <a href=\"https:\/\/sovamm.cz\/wordpress\/?genre=odborna-literatura-cs\">odborn\u00e1 literatura<\/a>, <a href=\"https:\/\/sovamm.cz\/wordpress\/?genre=popularne-naucna-literatura-cs\">popul\u00e1rn\u011b nau\u010dn\u00e1 literatura<\/a><\/span><br \/>\n\t\t\t\t\t\t\t\t\t\t\t\t\t\t\t\t\t\t\t\t\t\t\t\t<\/div>\n\t\t\t<\/div>\n\t\t\t\t\t\t<div class=\"book-review-wrapper orderedby-title\" id=\"book-review-5509\">\n\t\t\t\t<h3><a href=\"https:\/\/sovamm.cz\/wordpress\/en\/book-review\/story-of-the-gothic-stencil\/\">Story of the Gothic stencil.<\/a><\/h3>\n\t\t\t\t<div class=\"book-review-sc post-5509 book-review type-book-review status-publish has-post-thumbnail hentry genre-popular-science genre-science-book book-author-broz-radek book-author-edel-tomas book-author-royt-jan\">\n\t\t\t\t\t\t\t\t\t\t\t<a href=\"https:\/\/sovamm.cz\/wordpress\/en\/book-review\/story-of-the-gothic-stencil\/\" title=\"Story of the Gothic stencil.\" class=\"alignleft pull-left thumbnail\">\n\t\t\t\t\t\t\t<img loading=\"lazy\" decoding=\"async\" width=\"133\" height=\"149\" src=\"https:\/\/i0.wp.com\/sovamm.cz\/wordpress\/wp-content\/uploads\/2019\/03\/Privbeh-goticke-sablony-e1553509314606.jpg?fit=133%2C149&amp;ssl=1\" class=\"attachment-book-cover size-book-cover wp-post-image\" alt=\"\" srcset=\"https:\/\/i0.wp.com\/sovamm.cz\/wordpress\/wp-content\/uploads\/2019\/03\/Privbeh-goticke-sablony-e1553509314606.jpg?w=1038&amp;ssl=1 1038w, https:\/\/i0.wp.com\/sovamm.cz\/wordpress\/wp-content\/uploads\/2019\/03\/Privbeh-goticke-sablony-e1553509314606.jpg?w=948&amp;ssl=1 948w\" sizes=\"auto, (max-width: 133px) 100vw, 133px\" data-attachment-id=\"2643\" data-permalink=\"https:\/\/sovamm.cz\/wordpress\/book-review\/pribeh-goticke-sablony\/privbeh-goticke-sablony\/\" data-orig-file=\"https:\/\/i0.wp.com\/sovamm.cz\/wordpress\/wp-content\/uploads\/2019\/03\/Privbeh-goticke-sablony-e1553509314606.jpg?fit=1038%2C1160&amp;ssl=1\" data-orig-size=\"1038,1160\" data-comments-opened=\"1\" data-image-meta=\"{&quot;aperture&quot;:&quot;0&quot;,&quot;credit&quot;:&quot;&quot;,&quot;camera&quot;:&quot;&quot;,&quot;caption&quot;:&quot;&quot;,&quot;created_timestamp&quot;:&quot;0&quot;,&quot;copyright&quot;:&quot;&quot;,&quot;focal_length&quot;:&quot;0&quot;,&quot;iso&quot;:&quot;0&quot;,&quot;shutter_speed&quot;:&quot;0&quot;,&quot;title&quot;:&quot;&quot;,&quot;orientation&quot;:&quot;1&quot;}\" data-image-title=\"Privbeh goticke sablony\" data-image-description=\"\" data-image-caption=\"\" data-large-file=\"https:\/\/i0.wp.com\/sovamm.cz\/wordpress\/wp-content\/uploads\/2019\/03\/Privbeh-goticke-sablony-e1553509314606.jpg?fit=474%2C530&amp;ssl=1\" \/>\t\t\t\t\t\t<\/a>\n\t\t\t\t\t\n\t\t\t\t\t\t\t\t\t\t\t\t<p>EDEL, Tom\u00e1\u0161, Jan ROYT a&nbsp;Radek BRO\u017d.. P\u0159\u00edb\u011bh gotick\u00e9 \u0161ablony = Geschichte der gotischen Schablone. Praha: Gema Art, 1997.&nbsp;95 s. ISBN 80-901425-8-3.<\/p>\n\t\t\t\t\t\t\t\t\t\t<\/div>\n\n\t\t\t\t<div class=\"post-meta\">\n\t\t\t\t\t\t\t\t\t<\/div>\n\t\t\t\t<div class=\"post-data\">\n\t\t\t\t\t\t\t\t\t\t\t\t\t\t\t\t<span class=\"genre\"><strong>\u017d\u00e1nr:<\/strong> <a href=\"https:\/\/sovamm.cz\/wordpress\/?genre=popular-science\">popular science<\/a>, <a href=\"https:\/\/sovamm.cz\/wordpress\/?genre=science-book\">science book<\/a><\/span><br \/>\n\t\t\t\t\t\t\t\t\t\t\t\t\t\t\t\t\t\t\t\t\t\t\t\t<\/div>\n\t\t\t<\/div>\n\t\t\t\t\t\t<div class=\"book-review-wrapper orderedby-title\" id=\"book-review-5377\">\n\t\t\t\t<h3><a href=\"https:\/\/sovamm.cz\/wordpress\/book-review\/vesnicky-dum-v-16-a-17-stoleti\/\">Vesnick\u00fd d\u016fm v&nbsp;16.&nbsp;a&nbsp;17.&nbsp;stolet\u00ed<\/a><\/h3>\n\t\t\t\t<div class=\"book-review-sc post-5377 book-review type-book-review status-publish has-post-thumbnail hentry genre-odborna-literatura-cs genre-skripta book-author-bedal-konrad book-author-dostal-petr book-author-edel-tomas book-author-frolec-vaclav-1934-1992 book-author-frolik-jan-1956 book-author-madaj-miroslav-martin-1946 book-author-petranova-lydia-1941 book-author-plessingerova-alena-1928 book-author-rykl-michael-1967 book-author-sigl-jiri-1946 book-author-skabrada-jiri book-author-stepan-ludek-1932-2017 book-author-supic-plemenka book-author-svoboda-ladislav-1957-2022 book-author-syrova-anyzova-zuzana book-author-syrovy-jiri book-author-tryml-michal book-author-vajdis-jaroslav-1920-2006 book-author-vareka-josef-1927-2008 book-author-vareka-pavel-1967\">\n\t\t\t\t\t\t\t\t\t\t\t<a href=\"https:\/\/sovamm.cz\/wordpress\/book-review\/vesnicky-dum-v-16-a-17-stoleti\/\" title=\"Vesnick\u00fd d\u016fm v&nbsp;16.&nbsp;a&nbsp;17.&nbsp;stolet\u00ed\" class=\"alignleft pull-left thumbnail\">\n\t\t\t\t\t\t\t<img loading=\"lazy\" decoding=\"async\" width=\"133\" height=\"185\" src=\"https:\/\/i0.wp.com\/sovamm.cz\/wordpress\/wp-content\/uploads\/2023\/01\/Skabrada_1992-scaled-e1674664289126.jpg?fit=133%2C185&amp;ssl=1\" class=\"attachment-book-cover size-book-cover wp-post-image\" alt=\"\" srcset=\"https:\/\/i0.wp.com\/sovamm.cz\/wordpress\/wp-content\/uploads\/2023\/01\/Skabrada_1992-scaled-e1674664289126.jpg?w=1038&amp;ssl=1 1038w, https:\/\/i0.wp.com\/sovamm.cz\/wordpress\/wp-content\/uploads\/2023\/01\/Skabrada_1992-scaled-e1674664289126.jpg?w=948&amp;ssl=1 948w\" sizes=\"auto, (max-width: 133px) 100vw, 133px\" data-attachment-id=\"5366\" data-permalink=\"https:\/\/sovamm.cz\/wordpress\/skabrada_1992\/\" data-orig-file=\"https:\/\/i0.wp.com\/sovamm.cz\/wordpress\/wp-content\/uploads\/2023\/01\/Skabrada_1992-scaled-e1674664289126.jpg?fit=1038%2C1444&amp;ssl=1\" data-orig-size=\"1038,1444\" data-comments-opened=\"1\" data-image-meta=\"{&quot;aperture&quot;:&quot;0&quot;,&quot;credit&quot;:&quot;&quot;,&quot;camera&quot;:&quot;&quot;,&quot;caption&quot;:&quot;&quot;,&quot;created_timestamp&quot;:&quot;0&quot;,&quot;copyright&quot;:&quot;&quot;,&quot;focal_length&quot;:&quot;0&quot;,&quot;iso&quot;:&quot;0&quot;,&quot;shutter_speed&quot;:&quot;0&quot;,&quot;title&quot;:&quot;&quot;,&quot;orientation&quot;:&quot;1&quot;}\" data-image-title=\"Skabrada_1992\" data-image-description=\"\" data-image-caption=\"\" data-large-file=\"https:\/\/i0.wp.com\/sovamm.cz\/wordpress\/wp-content\/uploads\/2023\/01\/Skabrada_1992-scaled-e1674664289126.jpg?fit=474%2C659&amp;ssl=1\" \/>\t\t\t\t\t\t<\/a>\n\t\t\t\t\t\n\t\t\t\t\t\t\t\t\t\t\t\t<p>\u0160KABRADA, Ji\u0159\u00ed (ed.). Vesnick\u00fd d\u016fm v&nbsp;16.&nbsp;a&nbsp;17.&nbsp;stolet\u00ed. Praha: \u010cesk\u00e9 vysok\u00e9 u\u010den\u00ed technick\u00e9, 1992.<\/p>\n\t\t\t\t\t\t\t\t\t\t<\/div>\n\n\t\t\t\t<div class=\"post-meta\">\n\t\t\t\t\t\t\t\t\t<\/div>\n\t\t\t\t<div class=\"post-data\">\n\t\t\t\t\t\t\t\t\t\t\t\t\t\t\t\t<span class=\"genre\"><strong>\u017d\u00e1nr:<\/strong> <a href=\"https:\/\/sovamm.cz\/wordpress\/?genre=odborna-literatura-cs\">odborn\u00e1 literatura<\/a>, <a href=\"https:\/\/sovamm.cz\/wordpress\/?genre=skripta\">skripta<\/a><\/span><br \/>\n\t\t\t\t\t\t\t\t\t\t\t\t\t\t\t\t\t\t\t\t\t\t\t\t<\/div>\n\t\t\t<\/div>\n\t\t\t\t\t\t<div class=\"book-review-wrapper orderedby-title\" id=\"book-review-5454\">\n\t\t\t\t<h3><a href=\"https:\/\/sovamm.cz\/wordpress\/en\/book-review\/village-house-in-the-16th-and-17th-centuries\/\">Village house in the 16th and 17th centuries.<\/a><\/h3>\n\t\t\t\t<div class=\"book-review-sc post-5454 book-review type-book-review status-publish has-post-thumbnail hentry genre-science-book book-author-bedal-konrad book-author-dostal-petr book-author-edel-tomas book-author-frolec-vaclav-1934-1992 book-author-frolik-jan-1956 book-author-langer-jiri book-author-madaj-miroslav-martin-1946 book-author-petranova-lydia-1941 book-author-plessingerova-alena-1928 book-author-prochazka-lubomir book-author-rykl-michael-1967 book-author-sigl-jiri-1946 book-author-stepan-ludek-1932-2017 book-author-supic-plemenka book-author-svoboda-ladislav-1957-2022 book-author-syrova-anyzova-zuzana book-author-syrovy-jiri book-author-tryml-michal book-author-vajdis-jaroslav-1920-2006 book-author-vanova-libuse-1955 book-author-vareka-josef-1927-2008 book-author-vareka-pavel-1967\">\n\t\t\t\t\t\t\t\t\t\t\t<a href=\"https:\/\/sovamm.cz\/wordpress\/en\/book-review\/village-house-in-the-16th-and-17th-centuries\/\" title=\"Village house in the 16th and 17th centuries.\" class=\"alignleft pull-left thumbnail\">\n\t\t\t\t\t\t\t<img loading=\"lazy\" decoding=\"async\" width=\"133\" height=\"185\" src=\"https:\/\/i0.wp.com\/sovamm.cz\/wordpress\/wp-content\/uploads\/2023\/01\/Skabrada_1992-scaled-e1674664289126.jpg?fit=133%2C185&amp;ssl=1\" class=\"attachment-book-cover size-book-cover wp-post-image\" alt=\"\" srcset=\"https:\/\/i0.wp.com\/sovamm.cz\/wordpress\/wp-content\/uploads\/2023\/01\/Skabrada_1992-scaled-e1674664289126.jpg?w=1038&amp;ssl=1 1038w, https:\/\/i0.wp.com\/sovamm.cz\/wordpress\/wp-content\/uploads\/2023\/01\/Skabrada_1992-scaled-e1674664289126.jpg?w=948&amp;ssl=1 948w\" sizes=\"auto, (max-width: 133px) 100vw, 133px\" data-attachment-id=\"5366\" data-permalink=\"https:\/\/sovamm.cz\/wordpress\/skabrada_1992\/\" data-orig-file=\"https:\/\/i0.wp.com\/sovamm.cz\/wordpress\/wp-content\/uploads\/2023\/01\/Skabrada_1992-scaled-e1674664289126.jpg?fit=1038%2C1444&amp;ssl=1\" data-orig-size=\"1038,1444\" data-comments-opened=\"1\" data-image-meta=\"{&quot;aperture&quot;:&quot;0&quot;,&quot;credit&quot;:&quot;&quot;,&quot;camera&quot;:&quot;&quot;,&quot;caption&quot;:&quot;&quot;,&quot;created_timestamp&quot;:&quot;0&quot;,&quot;copyright&quot;:&quot;&quot;,&quot;focal_length&quot;:&quot;0&quot;,&quot;iso&quot;:&quot;0&quot;,&quot;shutter_speed&quot;:&quot;0&quot;,&quot;title&quot;:&quot;&quot;,&quot;orientation&quot;:&quot;1&quot;}\" data-image-title=\"Skabrada_1992\" data-image-description=\"\" data-image-caption=\"\" data-large-file=\"https:\/\/i0.wp.com\/sovamm.cz\/wordpress\/wp-content\/uploads\/2023\/01\/Skabrada_1992-scaled-e1674664289126.jpg?fit=474%2C659&amp;ssl=1\" \/>\t\t\t\t\t\t<\/a>\n\t\t\t\t\t\n\t\t\t\t\t\t\t\t\t\t\t\t<p>\u0160KABRADA, Ji\u0159\u00ed (ed.). Vesnick\u00fd d\u016fm v&nbsp;16.&nbsp;a&nbsp;17.&nbsp;stolet\u00ed. Praha: \u010cesk\u00e9 vysok\u00e9 u\u010den\u00ed technick\u00e9, 1992.<\/p>\n\t\t\t\t\t\t\t\t\t\t<\/div>\n\n\t\t\t\t<div class=\"post-meta\">\n\t\t\t\t\t\t\t\t\t<\/div>\n\t\t\t\t<div class=\"post-data\">\n\t\t\t\t\t\t\t\t\t\t\t\t\t\t\t\t<span class=\"genre\"><strong>\u017d\u00e1nr:<\/strong> <a href=\"https:\/\/sovamm.cz\/wordpress\/?genre=science-book\">science book<\/a><\/span><br \/>\n\t\t\t\t\t\t\t\t\t\t\t\t\t\t\t\t\t\t\t\t\t\t\t\t<\/div>\n\t\t\t<\/div>\n\t\t\t\n","protected":false},"excerpt":{"rendered":"<p>Narozen 3.10.1951 v&nbsp;Praze, zem\u0159el 27.4.2010 v&nbsp;\u010cesk\u00e9m Dubu. N\u00e1rodopisec, historik, \u0159editel muzea v&nbsp;\u010cesk\u00e9m Dubu. Autor SOVPIS \u00a6 Who is who in SOVAMM<\/p>\n","protected":false},"author":2,"featured_media":0,"parent":5279,"menu_order":0,"comment_status":"closed","ping_status":"closed","template":"","meta":{"jetpack_post_was_ever_published":false,"footnotes":""},"class_list":["post-6619","page","type-page","status-publish","hentry","has-post-thumbnail"],"jetpack_shortlink":"https:\/\/wp.me\/P8dB8l-1IL","jetpack_sharing_enabled":true,"_links":{"self":[{"href":"https:\/\/sovamm.cz\/wordpress\/wp-json\/wp\/v2\/pages\/6619","targetHints":{"allow":["GET"]}}],"collection":[{"href":"https:\/\/sovamm.cz\/wordpress\/wp-json\/wp\/v2\/pages"}],"about":[{"href":"https:\/\/sovamm.cz\/wordpress\/wp-json\/wp\/v2\/types\/page"}],"author":[{"embeddable":true,"href":"https:\/\/sovamm.cz\/wordpress\/wp-json\/wp\/v2\/users\/2"}],"replies":[{"embeddable":true,"href":"https:\/\/sovamm.cz\/wordpress\/wp-json\/wp\/v2\/comments?post=6619"}],"version-history":[{"count":1,"href":"https:\/\/sovamm.cz\/wordpress\/wp-json\/wp\/v2\/pages\/6619\/revisions"}],"predecessor-version":[{"id":6620,"href":"https:\/\/sovamm.cz\/wordpress\/wp-json\/wp\/v2\/pages\/6619\/revisions\/6620"}],"up":[{"embeddable":true,"href":"https:\/\/sovamm.cz\/wordpress\/wp-json\/wp\/v2\/pages\/5279"}],"wp:attachment":[{"href":"https:\/\/sovamm.cz\/wordpress\/wp-json\/wp\/v2\/media?parent=6619"}],"curies":[{"name":"wp","href":"https:\/\/api.w.org\/{rel}","templated":true}]}}