{"id":6590,"date":"2025-02-06T22:24:07","date_gmt":"2025-02-06T21:24:07","guid":{"rendered":"https:\/\/sovamm.cz\/wordpress\/?page_id=6590"},"modified":"2025-03-13T10:48:28","modified_gmt":"2025-03-13T09:48:28","slug":"blaha-jiri-1970","status":"publish","type":"page","link":"https:\/\/sovamm.cz\/wordpress\/publikace-2\/publikace-clenu-sovamm\/blaha-jiri-1970\/","title":{"rendered":"Bl\u00e1ha Ji\u0159\u00ed (1970-)"},"content":{"rendered":"<p><em>Narozen 26.\u00a01.\u00a01970 v\u00a0Liberci \u2013 Ruprechtic\u00edch. Stavebn\u00ed historik, pedagog a\u00a0v\u00fdzkumn\u00fd pracovn\u00edk zab\u00fdvaj\u00edc\u00ed se historick\u00fdmi stavebn\u00edmi konstrukcemi, p\u0159edev\u0161\u00edm d\u0159ev\u011bn\u00fdmi krovy.<\/em><br \/>\n<a href=\"https:\/\/sovamm.cz\/wordpress\/sovpis\/autori\/jiri-blaha\/\">Autor SOVPIS<\/a> \u00a6 Who is who in SOVAMM<\/p>\n\t\t\t<div class=\"book-review-wrapper orderedby-title\" id=\"book-review-6588\">\n\t\t\t\t<h3><a href=\"https:\/\/sovamm.cz\/wordpress\/book-review\/atlas-historickych-krovu-ceske-republiky\/\">Atlas historick\u00fdch krov\u016f \u010cesk\u00e9 republiky.<\/a><\/h3>\n\t\t\t\t<div class=\"book-review-sc post-6588 book-review type-book-review status-publish has-post-thumbnail hentry genre-odborna-literatura-cs book-author-blaha-jiri book-author-buzek-jaroslav book-author-kyncl-tomas\">\n\t\t\t\t\t\t\t\t\t\t\t<a href=\"https:\/\/sovamm.cz\/wordpress\/book-review\/atlas-historickych-krovu-ceske-republiky\/\" title=\"Atlas historick\u00fdch krov\u016f \u010cesk\u00e9 republiky.\" class=\"alignleft pull-left thumbnail\">\n\t\t\t\t\t\t\t<img loading=\"lazy\" decoding=\"async\" width=\"133\" height=\"171\" src=\"https:\/\/i0.wp.com\/sovamm.cz\/wordpress\/wp-content\/uploads\/2025\/02\/AtlasKrovu.jpg?fit=133%2C171&amp;ssl=1\" class=\"attachment-book-cover size-book-cover wp-post-image\" alt=\"\" srcset=\"https:\/\/i0.wp.com\/sovamm.cz\/wordpress\/wp-content\/uploads\/2025\/02\/AtlasKrovu.jpg?w=1038&amp;ssl=1 1038w, https:\/\/i0.wp.com\/sovamm.cz\/wordpress\/wp-content\/uploads\/2025\/02\/AtlasKrovu.jpg?resize=234%2C300&amp;ssl=1 234w, https:\/\/i0.wp.com\/sovamm.cz\/wordpress\/wp-content\/uploads\/2025\/02\/AtlasKrovu.jpg?resize=797%2C1024&amp;ssl=1 797w, https:\/\/i0.wp.com\/sovamm.cz\/wordpress\/wp-content\/uploads\/2025\/02\/AtlasKrovu.jpg?resize=768%2C986&amp;ssl=1 768w, https:\/\/i0.wp.com\/sovamm.cz\/wordpress\/wp-content\/uploads\/2025\/02\/AtlasKrovu.jpg?resize=133%2C171&amp;ssl=1 133w, https:\/\/i0.wp.com\/sovamm.cz\/wordpress\/wp-content\/uploads\/2025\/02\/AtlasKrovu.jpg?w=948&amp;ssl=1 948w\" sizes=\"auto, (max-width: 133px) 100vw, 133px\" data-attachment-id=\"6586\" data-permalink=\"https:\/\/sovamm.cz\/wordpress\/atlaskrovu\/\" data-orig-file=\"https:\/\/i0.wp.com\/sovamm.cz\/wordpress\/wp-content\/uploads\/2025\/02\/AtlasKrovu.jpg?fit=1038%2C1333&amp;ssl=1\" data-orig-size=\"1038,1333\" data-comments-opened=\"1\" data-image-meta=\"{&quot;aperture&quot;:&quot;0&quot;,&quot;credit&quot;:&quot;&quot;,&quot;camera&quot;:&quot;&quot;,&quot;caption&quot;:&quot;&quot;,&quot;created_timestamp&quot;:&quot;0&quot;,&quot;copyright&quot;:&quot;&quot;,&quot;focal_length&quot;:&quot;0&quot;,&quot;iso&quot;:&quot;0&quot;,&quot;shutter_speed&quot;:&quot;0&quot;,&quot;title&quot;:&quot;&quot;,&quot;orientation&quot;:&quot;1&quot;}\" data-image-title=\"AtlasKrovu\" data-image-description=\"\" data-image-caption=\"\" data-large-file=\"https:\/\/i0.wp.com\/sovamm.cz\/wordpress\/wp-content\/uploads\/2025\/02\/AtlasKrovu.jpg?fit=474%2C609&amp;ssl=1\" \/>\t\t\t\t\t\t<\/a>\n\t\t\t\t\t\n\t\t\t\t\t\t\t\t\t\t\t\t<p>BL\u00c1HA, Ji\u0159\u00ed; BUZEK, Jaroslav a&nbsp;KYNCL, Tom\u00e1\u0161. Atlas historick\u00fdch krov\u016f \u010cesk\u00e9 republiky. Tel\u010d: \u00daTAM AV \u010cR, 2020. ISBN 978-80-86246-86-4.<\/p>\n\t\t\t\t\t\t\t\t\t\t<\/div>\n\n\t\t\t\t<div class=\"post-meta\">\n\t\t\t\t\t\t\t\t\t<\/div>\n\t\t\t\t<div class=\"post-data\">\n\t\t\t\t\t\t\t\t\t\t\t\t\t\t\t\t<span class=\"genre\"><strong>\u017d\u00e1nr:<\/strong> <a href=\"https:\/\/sovamm.cz\/wordpress\/?genre=odborna-literatura-cs\">odborn\u00e1 literatura<\/a><\/span><br \/>\n\t\t\t\t\t\t\t\t\t\t\t\t\t\t\t\t\t\t\t\t\t\t\t\t<\/div>\n\t\t\t<\/div>\n\t\t\t\n","protected":false},"excerpt":{"rendered":"<p>Narozen 26.\u00a01.\u00a01970 v\u00a0Liberci \u2013 Ruprechtic\u00edch. Stavebn\u00ed historik, pedagog a\u00a0v\u00fdzkumn\u00fd pracovn\u00edk zab\u00fdvaj\u00edc\u00ed se historick\u00fdmi stavebn\u00edmi konstrukcemi, p\u0159edev\u0161\u00edm d\u0159ev\u011bn\u00fdmi krovy. Autor SOVPIS \u00a6 Who is who in SOVAMM<\/p>\n","protected":false},"author":2,"featured_media":0,"parent":5279,"menu_order":0,"comment_status":"closed","ping_status":"closed","template":"","meta":{"jetpack_post_was_ever_published":false,"footnotes":""},"class_list":["post-6590","page","type-page","status-publish","hentry","has-post-thumbnail"],"jetpack_shortlink":"https:\/\/wp.me\/P8dB8l-1Ii","jetpack_sharing_enabled":true,"_links":{"self":[{"href":"https:\/\/sovamm.cz\/wordpress\/wp-json\/wp\/v2\/pages\/6590","targetHints":{"allow":["GET"]}}],"collection":[{"href":"https:\/\/sovamm.cz\/wordpress\/wp-json\/wp\/v2\/pages"}],"about":[{"href":"https:\/\/sovamm.cz\/wordpress\/wp-json\/wp\/v2\/types\/page"}],"author":[{"embeddable":true,"href":"https:\/\/sovamm.cz\/wordpress\/wp-json\/wp\/v2\/users\/2"}],"replies":[{"embeddable":true,"href":"https:\/\/sovamm.cz\/wordpress\/wp-json\/wp\/v2\/comments?post=6590"}],"version-history":[{"count":2,"href":"https:\/\/sovamm.cz\/wordpress\/wp-json\/wp\/v2\/pages\/6590\/revisions"}],"predecessor-version":[{"id":6603,"href":"https:\/\/sovamm.cz\/wordpress\/wp-json\/wp\/v2\/pages\/6590\/revisions\/6603"}],"up":[{"embeddable":true,"href":"https:\/\/sovamm.cz\/wordpress\/wp-json\/wp\/v2\/pages\/5279"}],"wp:attachment":[{"href":"https:\/\/sovamm.cz\/wordpress\/wp-json\/wp\/v2\/media?parent=6590"}],"curies":[{"name":"wp","href":"https:\/\/api.w.org\/{rel}","templated":true}]}}