{"id":6574,"date":"2025-02-06T18:17:30","date_gmt":"2025-02-06T17:17:30","guid":{"rendered":"https:\/\/sovamm.cz\/wordpress\/?page_id=6574"},"modified":"2025-03-13T10:48:36","modified_gmt":"2025-03-13T09:48:36","slug":"berankova-helena-1956","status":"publish","type":"page","link":"https:\/\/sovamm.cz\/wordpress\/publikace-2\/publikace-clenu-sovamm\/berankova-helena-1956\/","title":{"rendered":"Ber\u00e1nkov\u00e1 Helena (1956-)"},"content":{"rendered":"<p><em>Narozena 29.\u00a05.\u00a01956 v\u00a0Kyjov\u011b. Folkloristka, etnografka a\u00a0muzejn\u00ed pracovnice.<\/em><br \/>\n<a href=\"https:\/\/sovamm.cz\/wordpress\/sovpis\/autori\/helena-berankova\/\">Autor SOVPIS<\/a> \u00a6 <a href=\"https:\/\/sovamm.wordpress.com\/who-is-who\/helena-berankova\/\" target=\"_blank\" rel=\"noopener\">Who is who in SOVAMM<\/a><\/p>\n\t\t\t<div class=\"book-review-wrapper orderedby-title\" id=\"book-review-6583\">\n\t\t\t\t<h3><a href=\"https:\/\/sovamm.cz\/wordpress\/book-review\/josef-klvana-1857-1919\/\">Josef Klva\u0148a: (1857-1919)<\/a><\/h3>\n\t\t\t\t<div class=\"book-review-sc post-6583 book-review type-book-review status-publish has-post-thumbnail hentry genre-biografie genre-obrazova-publikace book-author-berankova-helena book-author-klvana-josef\">\n\t\t\t\t\t\t\t\t\t\t\t<a href=\"https:\/\/sovamm.cz\/wordpress\/book-review\/josef-klvana-1857-1919\/\" title=\"Josef Klva\u0148a: (1857-1919)\" class=\"alignleft pull-left thumbnail\">\n\t\t\t\t\t\t\t<img loading=\"lazy\" decoding=\"async\" width=\"133\" height=\"181\" src=\"https:\/\/i0.wp.com\/sovamm.cz\/wordpress\/wp-content\/uploads\/2025\/02\/JosefKlvana.jpg?fit=133%2C181&amp;ssl=1\" class=\"attachment-book-cover size-book-cover wp-post-image\" alt=\"\" srcset=\"https:\/\/i0.wp.com\/sovamm.cz\/wordpress\/wp-content\/uploads\/2025\/02\/JosefKlvana.jpg?w=1038&amp;ssl=1 1038w, https:\/\/i0.wp.com\/sovamm.cz\/wordpress\/wp-content\/uploads\/2025\/02\/JosefKlvana.jpg?resize=221%2C300&amp;ssl=1 221w, https:\/\/i0.wp.com\/sovamm.cz\/wordpress\/wp-content\/uploads\/2025\/02\/JosefKlvana.jpg?resize=754%2C1024&amp;ssl=1 754w, https:\/\/i0.wp.com\/sovamm.cz\/wordpress\/wp-content\/uploads\/2025\/02\/JosefKlvana.jpg?resize=768%2C1043&amp;ssl=1 768w, https:\/\/i0.wp.com\/sovamm.cz\/wordpress\/wp-content\/uploads\/2025\/02\/JosefKlvana.jpg?resize=133%2C181&amp;ssl=1 133w, https:\/\/i0.wp.com\/sovamm.cz\/wordpress\/wp-content\/uploads\/2025\/02\/JosefKlvana.jpg?w=948&amp;ssl=1 948w\" sizes=\"auto, (max-width: 133px) 100vw, 133px\" data-attachment-id=\"6582\" data-permalink=\"https:\/\/sovamm.cz\/wordpress\/josefklvana\/\" data-orig-file=\"https:\/\/i0.wp.com\/sovamm.cz\/wordpress\/wp-content\/uploads\/2025\/02\/JosefKlvana.jpg?fit=1038%2C1410&amp;ssl=1\" data-orig-size=\"1038,1410\" data-comments-opened=\"1\" data-image-meta=\"{&quot;aperture&quot;:&quot;0&quot;,&quot;credit&quot;:&quot;&quot;,&quot;camera&quot;:&quot;&quot;,&quot;caption&quot;:&quot;&quot;,&quot;created_timestamp&quot;:&quot;0&quot;,&quot;copyright&quot;:&quot;&quot;,&quot;focal_length&quot;:&quot;0&quot;,&quot;iso&quot;:&quot;0&quot;,&quot;shutter_speed&quot;:&quot;0&quot;,&quot;title&quot;:&quot;&quot;,&quot;orientation&quot;:&quot;1&quot;}\" data-image-title=\"JosefKlvana\" data-image-description=\"\" data-image-caption=\"\" data-large-file=\"https:\/\/i0.wp.com\/sovamm.cz\/wordpress\/wp-content\/uploads\/2025\/02\/JosefKlvana.jpg?fit=474%2C644&amp;ssl=1\" \/>\t\t\t\t\t\t<\/a>\n\t\t\t\t\t\n\t\t\t\t\t\t\t\t\t\t\t\t<p>KLVA\u0147A, Josef. Josef Klva\u0148a: (1857-1919) : n\u00e1\u010drtky m\u00e9ho \u017eivotopisu : pam\u011bti a&nbsp;fotografie. [Brno]: Moravsk\u00e9 zemsk\u00e9 muzeum, 2018. ISBN 978-80-7028-510-7.<\/p>\n\t\t\t\t\t\t\t\t\t\t<\/div>\n\n\t\t\t\t<div class=\"post-meta\">\n\t\t\t\t\t\t\t\t\t<\/div>\n\t\t\t\t<div class=\"post-data\">\n\t\t\t\t\t\t\t\t\t\t\t\t\t\t\t\t<span class=\"genre\"><strong>\u017d\u00e1nr:<\/strong> <a href=\"https:\/\/sovamm.cz\/wordpress\/?genre=biografie\">biografie<\/a>, <a href=\"https:\/\/sovamm.cz\/wordpress\/?genre=obrazova-publikace\">obrazov\u00e1 publikace<\/a><\/span><br \/>\n\t\t\t\t\t\t\t\t\t\t\t\t\t\t\t\t\t\t\t\t\t\t\t\t<\/div>\n\t\t\t<\/div>\n\t\t\t\t\t\t<div class=\"book-review-wrapper orderedby-title\" id=\"book-review-6577\">\n\t\t\t\t<h3><a href=\"https:\/\/sovamm.cz\/wordpress\/book-review\/lidova-kultura-na-morave-v-zrcadle-casu\/\">Lidov\u00e1 kultura na Morav\u011b v&nbsp;zrcadle \u010dasu<\/a><\/h3>\n\t\t\t\t<div class=\"book-review-sc post-6577 book-review type-book-review status-publish has-post-thumbnail hentry genre-popularne-naucna-literatura-cs book-author-berankova-helena book-author-charvatova-irma book-author-dvorakova-hana\">\n\t\t\t\t\t\t\t\t\t\t\t<a href=\"https:\/\/sovamm.cz\/wordpress\/book-review\/lidova-kultura-na-morave-v-zrcadle-casu\/\" title=\"Lidov\u00e1 kultura na Morav\u011b v&nbsp;zrcadle \u010dasu\" class=\"alignleft pull-left thumbnail\">\n\t\t\t\t\t\t\t<img loading=\"lazy\" decoding=\"async\" width=\"133\" height=\"167\" src=\"https:\/\/i0.wp.com\/sovamm.cz\/wordpress\/wp-content\/uploads\/2025\/02\/LidovaKulturaNaMorave.jpg?fit=133%2C167&amp;ssl=1\" class=\"attachment-book-cover size-book-cover wp-post-image\" alt=\"\" srcset=\"https:\/\/i0.wp.com\/sovamm.cz\/wordpress\/wp-content\/uploads\/2025\/02\/LidovaKulturaNaMorave.jpg?w=1038&amp;ssl=1 1038w, https:\/\/i0.wp.com\/sovamm.cz\/wordpress\/wp-content\/uploads\/2025\/02\/LidovaKulturaNaMorave.jpg?resize=239%2C300&amp;ssl=1 239w, https:\/\/i0.wp.com\/sovamm.cz\/wordpress\/wp-content\/uploads\/2025\/02\/LidovaKulturaNaMorave.jpg?resize=816%2C1024&amp;ssl=1 816w, https:\/\/i0.wp.com\/sovamm.cz\/wordpress\/wp-content\/uploads\/2025\/02\/LidovaKulturaNaMorave.jpg?resize=768%2C964&amp;ssl=1 768w, https:\/\/i0.wp.com\/sovamm.cz\/wordpress\/wp-content\/uploads\/2025\/02\/LidovaKulturaNaMorave.jpg?resize=133%2C167&amp;ssl=1 133w, https:\/\/i0.wp.com\/sovamm.cz\/wordpress\/wp-content\/uploads\/2025\/02\/LidovaKulturaNaMorave.jpg?w=948&amp;ssl=1 948w\" sizes=\"auto, (max-width: 133px) 100vw, 133px\" data-attachment-id=\"6576\" data-permalink=\"https:\/\/sovamm.cz\/wordpress\/lidovakulturanamorave\/\" data-orig-file=\"https:\/\/i0.wp.com\/sovamm.cz\/wordpress\/wp-content\/uploads\/2025\/02\/LidovaKulturaNaMorave.jpg?fit=1038%2C1303&amp;ssl=1\" data-orig-size=\"1038,1303\" data-comments-opened=\"1\" data-image-meta=\"{&quot;aperture&quot;:&quot;0&quot;,&quot;credit&quot;:&quot;&quot;,&quot;camera&quot;:&quot;&quot;,&quot;caption&quot;:&quot;&quot;,&quot;created_timestamp&quot;:&quot;0&quot;,&quot;copyright&quot;:&quot;&quot;,&quot;focal_length&quot;:&quot;0&quot;,&quot;iso&quot;:&quot;0&quot;,&quot;shutter_speed&quot;:&quot;0&quot;,&quot;title&quot;:&quot;&quot;,&quot;orientation&quot;:&quot;1&quot;}\" data-image-title=\"LidovaKulturaNaMorave\" data-image-description=\"\" data-image-caption=\"\" data-large-file=\"https:\/\/i0.wp.com\/sovamm.cz\/wordpress\/wp-content\/uploads\/2025\/02\/LidovaKulturaNaMorave.jpg?fit=474%2C595&amp;ssl=1\" \/>\t\t\t\t\t\t<\/a>\n\t\t\t\t\t\n\t\t\t\t\t\t\t\t\t\t\t\t<p>BER\u00c1NKOV\u00c1, Helena a&nbsp;DVO\u0158\u00c1KOV\u00c1, Hana (ed.). Lidov\u00e1 kultura na Morav\u011b v&nbsp;zrcadle \u010dasu. Brno: Moravsk\u00e9 zemsk\u00e9 muzeum, 2021. ISBN 978-80-7028-563-3.<\/p>\n\t\t\t\t\t\t\t\t\t\t<\/div>\n\n\t\t\t\t<div class=\"post-meta\">\n\t\t\t\t\t\t\t\t\t<\/div>\n\t\t\t\t<div class=\"post-data\">\n\t\t\t\t\t\t\t\t\t\t\t\t\t\t\t\t<span class=\"genre\"><strong>\u017d\u00e1nr:<\/strong> <a href=\"https:\/\/sovamm.cz\/wordpress\/?genre=popularne-naucna-literatura-cs\">popul\u00e1rn\u011b nau\u010dn\u00e1 literatura<\/a><\/span><br \/>\n\t\t\t\t\t\t\t\t\t\t\t\t\t\t\t\t\t\t\t\t\t\t\t\t<\/div>\n\t\t\t<\/div>\n\t\t\t\n","protected":false},"excerpt":{"rendered":"<p>Narozena 29.\u00a05.\u00a01956 v\u00a0Kyjov\u011b. Folkloristka, etnografka a\u00a0muzejn\u00ed pracovnice. Autor SOVPIS \u00a6 Who is who in SOVAMM<\/p>\n","protected":false},"author":2,"featured_media":0,"parent":5279,"menu_order":0,"comment_status":"closed","ping_status":"closed","template":"","meta":{"jetpack_post_was_ever_published":false,"footnotes":""},"class_list":["post-6574","page","type-page","status-publish","hentry","has-post-thumbnail"],"jetpack_shortlink":"https:\/\/wp.me\/P8dB8l-1I2","jetpack_sharing_enabled":true,"_links":{"self":[{"href":"https:\/\/sovamm.cz\/wordpress\/wp-json\/wp\/v2\/pages\/6574","targetHints":{"allow":["GET"]}}],"collection":[{"href":"https:\/\/sovamm.cz\/wordpress\/wp-json\/wp\/v2\/pages"}],"about":[{"href":"https:\/\/sovamm.cz\/wordpress\/wp-json\/wp\/v2\/types\/page"}],"author":[{"embeddable":true,"href":"https:\/\/sovamm.cz\/wordpress\/wp-json\/wp\/v2\/users\/2"}],"replies":[{"embeddable":true,"href":"https:\/\/sovamm.cz\/wordpress\/wp-json\/wp\/v2\/comments?post=6574"}],"version-history":[{"count":3,"href":"https:\/\/sovamm.cz\/wordpress\/wp-json\/wp\/v2\/pages\/6574\/revisions"}],"predecessor-version":[{"id":6579,"href":"https:\/\/sovamm.cz\/wordpress\/wp-json\/wp\/v2\/pages\/6574\/revisions\/6579"}],"up":[{"embeddable":true,"href":"https:\/\/sovamm.cz\/wordpress\/wp-json\/wp\/v2\/pages\/5279"}],"wp:attachment":[{"href":"https:\/\/sovamm.cz\/wordpress\/wp-json\/wp\/v2\/media?parent=6574"}],"curies":[{"name":"wp","href":"https:\/\/api.w.org\/{rel}","templated":true}]}}