{"id":5688,"date":"2024-01-14T06:30:35","date_gmt":"2024-01-14T05:30:35","guid":{"rendered":"https:\/\/www.sovamm.cz\/wordpress\/?page_id=5688"},"modified":"2025-03-14T10:53:40","modified_gmt":"2025-03-14T09:53:40","slug":"helena-berankova","status":"publish","type":"page","link":"https:\/\/sovamm.cz\/wordpress\/sovpis\/autori\/helena-berankova\/","title":{"rendered":"Helena Ber\u00e1nkov\u00e1"},"content":{"rendered":"<p><em>Narozena 29.&nbsp;5.&nbsp;1956 v&nbsp;Kyjov\u011b. Folkloristka, etnografka a&nbsp;muzejn\u00ed pracovnice.<\/em><\/p>\n<ul>\n<li>\u010clen <a href=\"https:\/\/sovamm.wordpress.com\/\" target=\"_blank\" rel=\"noopener\">SOVAMM<\/a><\/li>\n<li>\u010clen\u00a0<a href=\"http:\/\/www.narodopisnaspolecnost.cz\/\" target=\"_blank\" rel=\"noopener noreferrer\">\u010cesk\u00e9 n\u00e1rodopisn\u00e9 spole\u010dnosti<\/a><\/li>\n<li><span class=\"field_678 fieldRepetition_0 subfield_a subfieldRepetition_0\" title=\"biblio. n. histor. \u00fadaje\">\u010clen\u00a0<a href=\"http:\/\/www.narodopisnaspolecnost.cz\/index.php\/o-nas\/komise-cns\/komise-pro-lidove-stavitelstvi-sidla-a-bydleni-pri-ceske-narodopisne-spolecnosti\" target=\"_blank\" rel=\"noopener noreferrer\">Komise pro<\/a><\/span><a href=\"http:\/\/www.narodopisnaspolecnost.cz\/index.php\/o-nas\/komise-cns\/komise-pro-lidove-stavitelstvi-sidla-a-bydleni-pri-ceske-narodopisne-spolecnosti\" target=\"_blank\" rel=\"noopener noreferrer\">\u00a0lidov\u00e9 stavitelstv\u00ed, s\u00eddla a&nbsp;bydlen\u00ed p\u0159i&nbsp;\u010cNS\u00a0<\/a><\/li>\n<li>\u010clen redak\u010dn\u00ed rady N\u00e1rodopisn\u00e9ho v\u011bstn\u00edku<\/li>\n<\/ul>\n<p>Stru\u010dn\u00e1 biografie a\u00a0bibliografie:\u00a0<a href=\"https:\/\/sovamm.wordpress.com\/who-is-who\/helena-berankova\/\" target=\"_blank\" rel=\"noopener\"><em>Who is who in SOVAMM<\/em><\/a><\/p>\n<p>N\u00e1rodn\u00ed autority \u010cR<i>:\u00a0<\/i><a href=\"https:\/\/aleph.nkp.cz\/F\/?local_base=aut&amp;func=find-c&amp;ccl_term=ica=jn20010601359\" target=\"_blank\" rel=\"noopener\">jn20010601359<\/a><\/p>\n<p>E-po\u0161ta: berankova@sovamm.cz<\/p>\n","protected":false},"excerpt":{"rendered":"<p>Narozena 29.&nbsp;5.&nbsp;1956 v&nbsp;Kyjov\u011b. Folkloristka, etnografka a&nbsp;muzejn\u00ed pracovnice. \u010clen SOVAMM \u010clen\u00a0\u010cesk\u00e9 n\u00e1rodopisn\u00e9 spole\u010dnosti \u010clen\u00a0Komise pro\u00a0lidov\u00e9 stavitelstv\u00ed, s\u00eddla a&nbsp;bydlen\u00ed p\u0159i&nbsp;\u010cNS\u00a0 \u010clen redak\u010dn\u00ed rady N\u00e1rodopisn\u00e9ho v\u011bstn\u00edku Stru\u010dn\u00e1 biografie a\u00a0bibliografie:\u00a0Who is who in SOVAMM &hellip; <a href=\"https:\/\/sovamm.cz\/wordpress\/sovpis\/autori\/helena-berankova\/\" class=\"more-link\">Pokra\u010dov\u00e1n\u00ed textu <span class=\"screen-reader-text\">Helena Ber\u00e1nkov\u00e1<\/span> <span class=\"meta-nav\">&rarr;<\/span><\/a><\/p>\n","protected":false},"author":2,"featured_media":0,"parent":128,"menu_order":20,"comment_status":"closed","ping_status":"closed","template":"","meta":{"jetpack_post_was_ever_published":false,"footnotes":""},"class_list":["post-5688","page","type-page","status-publish","hentry"],"jetpack_shortlink":"https:\/\/wp.me\/P8dB8l-1tK","jetpack_sharing_enabled":true,"_links":{"self":[{"href":"https:\/\/sovamm.cz\/wordpress\/wp-json\/wp\/v2\/pages\/5688","targetHints":{"allow":["GET"]}}],"collection":[{"href":"https:\/\/sovamm.cz\/wordpress\/wp-json\/wp\/v2\/pages"}],"about":[{"href":"https:\/\/sovamm.cz\/wordpress\/wp-json\/wp\/v2\/types\/page"}],"author":[{"embeddable":true,"href":"https:\/\/sovamm.cz\/wordpress\/wp-json\/wp\/v2\/users\/2"}],"replies":[{"embeddable":true,"href":"https:\/\/sovamm.cz\/wordpress\/wp-json\/wp\/v2\/comments?post=5688"}],"version-history":[{"count":2,"href":"https:\/\/sovamm.cz\/wordpress\/wp-json\/wp\/v2\/pages\/5688\/revisions"}],"predecessor-version":[{"id":5690,"href":"https:\/\/sovamm.cz\/wordpress\/wp-json\/wp\/v2\/pages\/5688\/revisions\/5690"}],"up":[{"embeddable":true,"href":"https:\/\/sovamm.cz\/wordpress\/wp-json\/wp\/v2\/pages\/128"}],"wp:attachment":[{"href":"https:\/\/sovamm.cz\/wordpress\/wp-json\/wp\/v2\/media?parent=5688"}],"curies":[{"name":"wp","href":"https:\/\/api.w.org\/{rel}","templated":true}]}}