{"id":5336,"date":"2023-01-23T09:55:26","date_gmt":"2023-01-23T08:55:26","guid":{"rendered":"https:\/\/www.sovamm.cz\/wordpress\/?page_id=5336"},"modified":"2025-01-10T00:21:18","modified_gmt":"2025-01-09T23:21:18","slug":"outline-of-the-development-of-rural-settlement-patterns-in-bohemia","status":"publish","type":"page","link":"https:\/\/sovamm.cz\/wordpress\/en\/publications\/we-publissed\/outline-of-the-development-of-rural-settlement-patterns-in-bohemia\/","title":{"rendered":"Outline of the development of rural settlement patterns in Bohemia"},"content":{"rendered":"<p><a href=\"https:\/\/www.sovamm.cz\/wordpress\/autori\/jiri-skabrada\/\">\u0160KABRADA, Ji\u0159\u00ed<\/a>. <em>N\u00e1stin v\u00fdvoje vesnick\u00fdch p\u016fdorys\u016f a&nbsp;plu\u017ein v&nbsp;\u010cech\u00e1ch: K&nbsp;v\u00fdpov\u011bdn\u00ed schopnosti map stabiln\u00edho katastru<\/em>. 1st ed. Brno: Spole\u010dnost pro obnovu vesnice a&nbsp;mal\u00e9ho m\u011bsta, z. s., 2022.&nbsp;348 stran. ISBN 978-80-907440-3-5.<\/p>\n<p><!--more--><\/p>\n<a href=\"https:\/\/sovamm.cz\/wordpress\/wp-content\/uploads\/2023\/01\/NVVPP_2022_summary.pdf\" class=\"pdfemb-viewer\" style=\"\" data-width=\"max\" data-height=\"max\" data-toolbar=\"bottom\" data-toolbar-fixed=\"off\">NVVPP_2022_summary<\/a>\n<ul>\n<li><a href=\"https:\/\/www.sovamm.cz\/wordpress\/wp-content\/uploads\/2023\/01\/NVVPP_2022_summary.pdf\" target=\"_blank\" rel=\"noopener\">Summary \u00a6 Zusammenfassung<\/a><\/li>\n<\/ul>\n<a href=\"https:\/\/sovamm.cz\/wordpress\/wp-content\/uploads\/2022\/12\/NVVPP_SOVAMM_2022_presR.pdf\" class=\"pdfemb-viewer\" style=\"\" data-width=\"max\" data-height=\"max\" data-toolbar=\"bottom\" data-toolbar-fixed=\"off\">NVVPP_SOVAMM_2022_presR<\/a>\n<ul>\n<li><a href=\"https:\/\/www.sovamm.cz\/wordpress\/wp-content\/uploads\/2022\/12\/NVVPP_SOVAMM_2022_orezVr.pdf\" target=\"_blank\" rel=\"noopener\">Book extract (PDF)<\/a><\/li>\n<\/ul>\n<p>&nbsp;<\/p>\n<ul>\n<li><a href=\"https:\/\/www.sovamm.cz\/wordpress\/en\/we-publissed\/\">We Published \u2192<\/a><\/li>\n<\/ul>\n","protected":false},"excerpt":{"rendered":"<p>\u0160KABRADA, Ji\u0159\u00ed. N\u00e1stin v\u00fdvoje vesnick\u00fdch p\u016fdorys\u016f a&nbsp;plu\u017ein v&nbsp;\u010cech\u00e1ch: K&nbsp;v\u00fdpov\u011bdn\u00ed schopnosti map stabiln\u00edho katastru. 1st ed. Brno: Spole\u010dnost pro obnovu vesnice a&nbsp;mal\u00e9ho m\u011bsta, z. s., 2022.&nbsp;348 stran. ISBN 978-80-907440-3-5.<\/p>\n","protected":false},"author":2,"featured_media":5017,"parent":5309,"menu_order":0,"comment_status":"closed","ping_status":"closed","template":"","meta":{"jetpack_post_was_ever_published":false,"footnotes":""},"class_list":["post-5336","page","type-page","status-publish","has-post-thumbnail","hentry"],"jetpack_shortlink":"https:\/\/wp.me\/P8dB8l-1o4","jetpack_sharing_enabled":true,"_links":{"self":[{"href":"https:\/\/sovamm.cz\/wordpress\/wp-json\/wp\/v2\/pages\/5336","targetHints":{"allow":["GET"]}}],"collection":[{"href":"https:\/\/sovamm.cz\/wordpress\/wp-json\/wp\/v2\/pages"}],"about":[{"href":"https:\/\/sovamm.cz\/wordpress\/wp-json\/wp\/v2\/types\/page"}],"author":[{"embeddable":true,"href":"https:\/\/sovamm.cz\/wordpress\/wp-json\/wp\/v2\/users\/2"}],"replies":[{"embeddable":true,"href":"https:\/\/sovamm.cz\/wordpress\/wp-json\/wp\/v2\/comments?post=5336"}],"version-history":[{"count":5,"href":"https:\/\/sovamm.cz\/wordpress\/wp-json\/wp\/v2\/pages\/5336\/revisions"}],"predecessor-version":[{"id":6375,"href":"https:\/\/sovamm.cz\/wordpress\/wp-json\/wp\/v2\/pages\/5336\/revisions\/6375"}],"up":[{"embeddable":true,"href":"https:\/\/sovamm.cz\/wordpress\/wp-json\/wp\/v2\/pages\/5309"}],"wp:featuredmedia":[{"embeddable":true,"href":"https:\/\/sovamm.cz\/wordpress\/wp-json\/wp\/v2\/media\/5017"}],"wp:attachment":[{"href":"https:\/\/sovamm.cz\/wordpress\/wp-json\/wp\/v2\/media?parent=5336"}],"curies":[{"name":"wp","href":"https:\/\/api.w.org\/{rel}","templated":true}]}}