{"id":5334,"date":"2023-01-23T09:52:08","date_gmt":"2023-01-23T08:52:08","guid":{"rendered":"https:\/\/www.sovamm.cz\/wordpress\/?page_id=5334"},"modified":"2025-01-10T00:22:27","modified_gmt":"2025-01-09T23:22:27","slug":"vernacular-architecture-in-southern-bohemia","status":"publish","type":"page","link":"https:\/\/sovamm.cz\/wordpress\/en\/publications\/we-publissed\/vernacular-architecture-in-southern-bohemia\/","title":{"rendered":"Vernacular architecture in southern Bohemia"},"content":{"rendered":"<p><a href=\"https:\/\/www.sovamm.cz\/wordpress\/autori\/jiri-skabrada\/\">\u0160KABRADA, Ji\u0159\u00ed<\/a> at al,. <em>Lidov\u00e1 architektura v\u00a0ji\u017en\u00edch \u010cech\u00e1ch<\/em>. 1st ed.. Brno: Spole\u010dnost pro obnovu vesnice a&nbsp;mal\u00e9ho m\u011bsta, z. s., 2021. ISBN 978-80-907440-1-1<br \/>\n2nd ed. Brno: Spole\u010dnost pro obnovu vesnice a&nbsp;mal\u00e9ho m\u011bsta, z. s., 2021. ISBN 978-80-907440-2-8<!--more--><\/p>\n<a href=\"https:\/\/sovamm.cz\/wordpress\/wp-content\/uploads\/2023\/01\/JCLA_2021_summary.pdf\" class=\"pdfemb-viewer\" style=\"\" data-width=\"max\" data-height=\"max\" data-toolbar=\"bottom\" data-toolbar-fixed=\"off\">JCLA_2021_summary<\/a>\n<ul>\n<li><a href=\"https:\/\/www.sovamm.cz\/wordpress\/wp-content\/uploads\/2023\/01\/JCLA_2021_summary.pdf\" target=\"_blank\" rel=\"noopener\">Summary \u00a6 Zusammenfassung<\/a><\/li>\n<\/ul>\n<a href=\"https:\/\/sovamm.cz\/wordpress\/wp-content\/uploads\/2021\/05\/JCLA_Prezent_Wr2.pdf\" class=\"pdfemb-viewer\" style=\"\" data-width=\"max\" data-height=\"max\" data-toolbar=\"bottom\" data-toolbar-fixed=\"off\">JCLA_Prezent_Wr2<\/a>\n<ul>\n<li><a href=\"https:\/\/www.sovamm.cz\/wordpress\/wp-content\/uploads\/2021\/05\/JCLA_Prezent_r.pdf\" target=\"_blank\" rel=\"noopener noreferrer\">Book extract (PDF)<\/a><\/li>\n<\/ul>\n<p>&nbsp;<\/p>\n<ul>\n<li><a href=\"https:\/\/www.sovamm.cz\/wordpress\/en\/we-publissed\/\">We Published \u2192<\/a><\/li>\n<\/ul>\n","protected":false},"excerpt":{"rendered":"<p>\u0160KABRADA, Ji\u0159\u00ed at al,. Lidov\u00e1 architektura v\u00a0ji\u017en\u00edch \u010cech\u00e1ch. 1st ed.. Brno: Spole\u010dnost pro obnovu vesnice a&nbsp;mal\u00e9ho m\u011bsta, z. s., 2021. ISBN 978-80-907440-1-1&nbsp;2nd ed. Brno: Spole\u010dnost pro obnovu vesnice a&nbsp;mal\u00e9ho &hellip; <a href=\"https:\/\/sovamm.cz\/wordpress\/en\/publications\/we-publissed\/vernacular-architecture-in-southern-bohemia\/\" class=\"more-link\">Pokra\u010dov\u00e1n\u00ed textu <span class=\"screen-reader-text\">Vernacular architecture in southern Bohemia<\/span> <span class=\"meta-nav\">&rarr;<\/span><\/a><\/p>\n","protected":false},"author":2,"featured_media":3224,"parent":5309,"menu_order":0,"comment_status":"closed","ping_status":"closed","template":"","meta":{"jetpack_post_was_ever_published":false,"footnotes":""},"class_list":["post-5334","page","type-page","status-publish","has-post-thumbnail","hentry"],"jetpack_shortlink":"https:\/\/wp.me\/P8dB8l-1o2","jetpack_sharing_enabled":true,"_links":{"self":[{"href":"https:\/\/sovamm.cz\/wordpress\/wp-json\/wp\/v2\/pages\/5334","targetHints":{"allow":["GET"]}}],"collection":[{"href":"https:\/\/sovamm.cz\/wordpress\/wp-json\/wp\/v2\/pages"}],"about":[{"href":"https:\/\/sovamm.cz\/wordpress\/wp-json\/wp\/v2\/types\/page"}],"author":[{"embeddable":true,"href":"https:\/\/sovamm.cz\/wordpress\/wp-json\/wp\/v2\/users\/2"}],"replies":[{"embeddable":true,"href":"https:\/\/sovamm.cz\/wordpress\/wp-json\/wp\/v2\/comments?post=5334"}],"version-history":[{"count":4,"href":"https:\/\/sovamm.cz\/wordpress\/wp-json\/wp\/v2\/pages\/5334\/revisions"}],"predecessor-version":[{"id":6376,"href":"https:\/\/sovamm.cz\/wordpress\/wp-json\/wp\/v2\/pages\/5334\/revisions\/6376"}],"up":[{"embeddable":true,"href":"https:\/\/sovamm.cz\/wordpress\/wp-json\/wp\/v2\/pages\/5309"}],"wp:featuredmedia":[{"embeddable":true,"href":"https:\/\/sovamm.cz\/wordpress\/wp-json\/wp\/v2\/media\/3224"}],"wp:attachment":[{"href":"https:\/\/sovamm.cz\/wordpress\/wp-json\/wp\/v2\/media?parent=5334"}],"curies":[{"name":"wp","href":"https:\/\/api.w.org\/{rel}","templated":true}]}}