{"id":5309,"date":"2023-01-22T19:01:23","date_gmt":"2023-01-22T18:01:23","guid":{"rendered":"https:\/\/www.sovamm.cz\/wordpress\/?page_id=5309"},"modified":"2025-03-13T16:07:04","modified_gmt":"2025-03-13T15:07:04","slug":"we-publissed","status":"publish","type":"page","link":"https:\/\/sovamm.cz\/wordpress\/en\/publications\/we-publissed\/","title":{"rendered":"We Published:"},"content":{"rendered":"\t\t\t<div class=\"book-review-wrapper orderedby-date\" id=\"book-review-5330\">\n\t\t\t\t<h3><a href=\"https:\/\/sovamm.cz\/wordpress\/en\/book-review\/outline-of-the-development-of-rural-settlement-patterns-in-bohemia\/\">Outline of the development of rural settlement patterns in Bohemia<\/a><\/h3>\n\t\t\t\t<div class=\"book-review-sc post-5330 book-review type-book-review status-publish has-post-thumbnail hentry genre-popular-science genre-science-book genre-sovpis-en book-author-skabrada-jiri subject-published-by-sovamm subject-published-with-sovpis\">\n\t\t\t\t\t\t\t\t\t\t\t<a href=\"https:\/\/sovamm.cz\/wordpress\/en\/book-review\/outline-of-the-development-of-rural-settlement-patterns-in-bohemia\/\" title=\"Outline of the development of rural settlement patterns in Bohemia\" class=\"alignleft pull-left thumbnail\">\n\t\t\t\t\t\t\t<img loading=\"lazy\" decoding=\"async\" width=\"133\" height=\"170\" src=\"https:\/\/i0.wp.com\/sovamm.cz\/wordpress\/wp-content\/uploads\/2022\/12\/Obalka_predni-scaled-e1671653964104.jpg?fit=133%2C170&amp;ssl=1\" class=\"attachment-book-cover size-book-cover wp-post-image\" alt=\"\" data-attachment-id=\"5003\" data-permalink=\"https:\/\/sovamm.cz\/wordpress\/book-review\/nastin-vyvoje-vesnickych-pudorysu-a-pluzin-v-cechach\/obalka_predni\/\" data-orig-file=\"https:\/\/i0.wp.com\/sovamm.cz\/wordpress\/wp-content\/uploads\/2022\/12\/Obalka_predni-scaled-e1671653964104.jpg?fit=813%2C1038&amp;ssl=1\" data-orig-size=\"813,1038\" data-comments-opened=\"1\" data-image-meta=\"{&quot;aperture&quot;:&quot;0&quot;,&quot;credit&quot;:&quot;&quot;,&quot;camera&quot;:&quot;&quot;,&quot;caption&quot;:&quot;&quot;,&quot;created_timestamp&quot;:&quot;0&quot;,&quot;copyright&quot;:&quot;&quot;,&quot;focal_length&quot;:&quot;0&quot;,&quot;iso&quot;:&quot;0&quot;,&quot;shutter_speed&quot;:&quot;0&quot;,&quot;title&quot;:&quot;&quot;,&quot;orientation&quot;:&quot;0&quot;}\" data-image-title=\"Obalka_predni\" data-image-description=\"\" data-image-caption=\"\" data-large-file=\"https:\/\/i0.wp.com\/sovamm.cz\/wordpress\/wp-content\/uploads\/2022\/12\/Obalka_predni-scaled-e1671653964104.jpg?fit=474%2C605&amp;ssl=1\" \/>\t\t\t\t\t\t<\/a>\n\t\t\t\t\t\n\t\t\t\t\t\t\t\t\t\t\t\t<p>\u0160KABRADA, Ji\u0159\u00ed. N\u00e1stin v\u00fdvoje vesnick\u00fdch p\u016fdorys\u016f a&nbsp;plu\u017ein v&nbsp;\u010cech\u00e1ch: K&nbsp;v\u00fdpov\u011bdn\u00ed schopnosti map stabiln\u00edho katastru. 1st ed. Brno: Spole\u010dnost pro obnovu vesnice a&nbsp;mal\u00e9ho m\u011bsta, z. s., 2022.&nbsp;348 stran. ISBN 978-80-907440-3-5.<\/p>\n\t\t\t\t\t\t\t\t\t\t<\/div>\n\n\t\t\t\t<div class=\"post-meta\">\n\t\t\t\t\t\t\t\t\t<\/div>\n\t\t\t\t<div class=\"post-data\">\n\t\t\t\t\t\t\t\t\t\t\t\t\t\t\t\t<span class=\"genre\"><strong>\u017d\u00e1nr:<\/strong> <a href=\"https:\/\/sovamm.cz\/wordpress\/?genre=popular-science\">popular science<\/a>, <a href=\"https:\/\/sovamm.cz\/wordpress\/?genre=science-book\">science book<\/a>, <a href=\"https:\/\/sovamm.cz\/wordpress\/?genre=sovpis-en\">SOVPIS<\/a><\/span><br \/>\n\t\t\t\t\t\t\t\t\t\t\t\t\t\t\t\t\t\t\t\t\t<span class=\"subjects\"><strong>T\u00e9mata:<\/strong> <a href=\"https:\/\/sovamm.cz\/wordpress\/?subject=published-by-sovamm\">Published by SOVAMM<\/a>, <a href=\"https:\/\/sovamm.cz\/wordpress\/?subject=published-with-sovpis\">Published with SOVPIS<\/a><\/span><br \/>\n\t\t\t\t\t\t\t\t\t\t\t\t\t\t<\/div>\n\t\t\t<\/div>\n\t\t\t\t\t\t<div class=\"book-review-wrapper orderedby-date\" id=\"book-review-5327\">\n\t\t\t\t<h3><a href=\"https:\/\/sovamm.cz\/wordpress\/en\/book-review\/vernacular-architecture-in-southern-bohemia\/\">Vernacular architecture in southern Bohemia<\/a><\/h3>\n\t\t\t\t<div class=\"book-review-sc post-5327 book-review type-book-review status-publish has-post-thumbnail hentry genre-popular-science genre-science-book genre-sovpis-en book-author-kuca-karel book-author-naprstek book-author-pesta-jan book-author-skabrada-jiri book-author-tykal-roman subject-published-by-sovamm subject-published-with-sovpis\">\n\t\t\t\t\t\t\t\t\t\t\t<a href=\"https:\/\/sovamm.cz\/wordpress\/en\/book-review\/vernacular-architecture-in-southern-bohemia\/\" title=\"Vernacular architecture in southern Bohemia\" class=\"alignleft pull-left thumbnail\">\n\t\t\t\t\t\t\t<img loading=\"lazy\" decoding=\"async\" width=\"133\" height=\"170\" src=\"https:\/\/i0.wp.com\/sovamm.cz\/wordpress\/wp-content\/uploads\/2021\/05\/Tit_JCLA_Prezent_r-scaled-e1620570715130.jpg?fit=133%2C170&amp;ssl=1\" class=\"attachment-book-cover size-book-cover wp-post-image\" alt=\"\" srcset=\"https:\/\/i0.wp.com\/sovamm.cz\/wordpress\/wp-content\/uploads\/2021\/05\/Tit_JCLA_Prezent_r-scaled-e1620570715130.jpg?w=1038&amp;ssl=1 1038w, https:\/\/i0.wp.com\/sovamm.cz\/wordpress\/wp-content\/uploads\/2021\/05\/Tit_JCLA_Prezent_r-scaled-e1620570715130.jpg?w=948&amp;ssl=1 948w\" sizes=\"auto, (max-width: 133px) 100vw, 133px\" data-attachment-id=\"3505\" data-permalink=\"https:\/\/sovamm.cz\/wordpress\/tit_jcla_prezent_r\/\" data-orig-file=\"https:\/\/i0.wp.com\/sovamm.cz\/wordpress\/wp-content\/uploads\/2021\/05\/Tit_JCLA_Prezent_r-scaled-e1620570715130.jpg?fit=1038%2C1325&amp;ssl=1\" data-orig-size=\"1038,1325\" data-comments-opened=\"1\" data-image-meta=\"{&quot;aperture&quot;:&quot;0&quot;,&quot;credit&quot;:&quot;&quot;,&quot;camera&quot;:&quot;&quot;,&quot;caption&quot;:&quot;&quot;,&quot;created_timestamp&quot;:&quot;0&quot;,&quot;copyright&quot;:&quot;&quot;,&quot;focal_length&quot;:&quot;0&quot;,&quot;iso&quot;:&quot;0&quot;,&quot;shutter_speed&quot;:&quot;0&quot;,&quot;title&quot;:&quot;&quot;,&quot;orientation&quot;:&quot;0&quot;}\" data-image-title=\"Tit_JCLA_Prezent_r\" data-image-description=\"\" data-image-caption=\"\" data-large-file=\"https:\/\/i0.wp.com\/sovamm.cz\/wordpress\/wp-content\/uploads\/2021\/05\/Tit_JCLA_Prezent_r-scaled-e1620570715130.jpg?fit=474%2C605&amp;ssl=1\" \/>\t\t\t\t\t\t<\/a>\n\t\t\t\t\t\n\t\t\t\t\t\t\t\t\t\t\t\t<p>\u0160KABRADA, Ji\u0159\u00ed at al,. Lidov\u00e1 architektura v\u00a0ji\u017en\u00edch \u010cech\u00e1ch. 1st ed.. Brno: Spole\u010dnost pro obnovu vesnice a&nbsp;mal\u00e9ho m\u011bsta, z. s., 2021. ISBN 978-80-907440-1-1<br \/>\n2nd ed. Brno: Spole\u010dnost pro obnovu vesnice a&nbsp;mal\u00e9ho m\u011bsta, z. s., 2021. ISBN 978-80-907440-2-8<\/p>\n\t\t\t\t\t\t\t\t\t\t<\/div>\n\n\t\t\t\t<div class=\"post-meta\">\n\t\t\t\t\t\t\t\t\t<\/div>\n\t\t\t\t<div class=\"post-data\">\n\t\t\t\t\t\t\t\t\t\t\t\t\t\t\t\t<span class=\"genre\"><strong>\u017d\u00e1nr:<\/strong> <a href=\"https:\/\/sovamm.cz\/wordpress\/?genre=popular-science\">popular science<\/a>, <a href=\"https:\/\/sovamm.cz\/wordpress\/?genre=science-book\">science book<\/a>, <a href=\"https:\/\/sovamm.cz\/wordpress\/?genre=sovpis-en\">SOVPIS<\/a><\/span><br \/>\n\t\t\t\t\t\t\t\t\t\t\t\t\t\t\t\t\t\t\t\t\t<span class=\"subjects\"><strong>T\u00e9mata:<\/strong> <a href=\"https:\/\/sovamm.cz\/wordpress\/?subject=published-by-sovamm\">Published by SOVAMM<\/a>, <a href=\"https:\/\/sovamm.cz\/wordpress\/?subject=published-with-sovpis\">Published with SOVPIS<\/a><\/span><br \/>\n\t\t\t\t\t\t\t\t\t\t\t\t\t\t<\/div>\n\t\t\t<\/div>\n\t\t\t\t\t\t<div class=\"book-review-wrapper orderedby-date\" id=\"book-review-5320\">\n\t\t\t\t<h3><a href=\"https:\/\/sovamm.cz\/wordpress\/en\/book-review\/the-oldest-rural-houses-in-east-bohemia\/\">The oldest rural houses in East Bohemia<\/a><\/h3>\n\t\t\t\t<div class=\"book-review-sc post-5320 book-review type-book-review status-publish has-post-thumbnail hentry genre-popular-science genre-science-book genre-sovpis-en book-author-cejpova-miroslava book-author-dostal-petr book-author-dragoun-zdenek book-author-ebel-martin book-author-filous-tomas book-author-gabriel-frantisek book-author-kyncl-josef book-author-kyncl-tomas book-author-nemcova-zdenka book-author-paterova-vladimira book-author-stejskal-david book-author-stranska-varekova-zuzana book-author-svec-jiri book-author-syrova-anyzova-zuzana book-author-syrovy-jiri book-author-tomkova-blanka book-author-vaclavik-frantisek-r book-author-zahradnik-pavel subject-published-by-sovamm subject-published-with-sovpis\">\n\t\t\t\t\t\t\t\t\t\t\t<a href=\"https:\/\/sovamm.cz\/wordpress\/en\/book-review\/the-oldest-rural-houses-in-east-bohemia\/\" title=\"The oldest rural houses in East Bohemia\" class=\"alignleft pull-left thumbnail\">\n\t\t\t\t\t\t\t<img loading=\"lazy\" decoding=\"async\" width=\"133\" height=\"172\" src=\"https:\/\/i0.wp.com\/sovamm.cz\/wordpress\/wp-content\/uploads\/2019\/03\/NVD_2018-1.jpg?fit=133%2C172&amp;ssl=1\" class=\"attachment-book-cover size-book-cover wp-post-image\" alt=\"\" srcset=\"https:\/\/i0.wp.com\/sovamm.cz\/wordpress\/wp-content\/uploads\/2019\/03\/NVD_2018-1.jpg?w=1038&amp;ssl=1 1038w, https:\/\/i0.wp.com\/sovamm.cz\/wordpress\/wp-content\/uploads\/2019\/03\/NVD_2018-1.jpg?resize=233%2C300&amp;ssl=1 233w, https:\/\/i0.wp.com\/sovamm.cz\/wordpress\/wp-content\/uploads\/2019\/03\/NVD_2018-1.jpg?resize=768%2C991&amp;ssl=1 768w, https:\/\/i0.wp.com\/sovamm.cz\/wordpress\/wp-content\/uploads\/2019\/03\/NVD_2018-1.jpg?resize=794%2C1024&amp;ssl=1 794w, https:\/\/i0.wp.com\/sovamm.cz\/wordpress\/wp-content\/uploads\/2019\/03\/NVD_2018-1.jpg?resize=133%2C172&amp;ssl=1 133w, https:\/\/i0.wp.com\/sovamm.cz\/wordpress\/wp-content\/uploads\/2019\/03\/NVD_2018-1.jpg?w=948&amp;ssl=1 948w\" sizes=\"auto, (max-width: 133px) 100vw, 133px\" data-attachment-id=\"2579\" data-permalink=\"https:\/\/sovamm.cz\/wordpress\/book-review\/nejstarsi-venkovske-domy\/nvd_2018-1\/\" data-orig-file=\"https:\/\/i0.wp.com\/sovamm.cz\/wordpress\/wp-content\/uploads\/2019\/03\/NVD_2018-1.jpg?fit=1038%2C1339&amp;ssl=1\" data-orig-size=\"1038,1339\" data-comments-opened=\"1\" data-image-meta=\"{&quot;aperture&quot;:&quot;0&quot;,&quot;credit&quot;:&quot;&quot;,&quot;camera&quot;:&quot;&quot;,&quot;caption&quot;:&quot;&quot;,&quot;created_timestamp&quot;:&quot;0&quot;,&quot;copyright&quot;:&quot;&quot;,&quot;focal_length&quot;:&quot;0&quot;,&quot;iso&quot;:&quot;0&quot;,&quot;shutter_speed&quot;:&quot;0&quot;,&quot;title&quot;:&quot;&quot;,&quot;orientation&quot;:&quot;1&quot;}\" data-image-title=\"NVD_2018-1\" data-image-description=\"\" data-image-caption=\"\" data-large-file=\"https:\/\/i0.wp.com\/sovamm.cz\/wordpress\/wp-content\/uploads\/2019\/03\/NVD_2018-1.jpg?fit=474%2C611&amp;ssl=1\" \/>\t\t\t\t\t\t<\/a>\n\t\t\t\t\t\n\t\t\t\t\t\t\t\t\t\t\t\t<p>\u0160KABRADA, Ji\u0159\u00ed, Zuzana SYROV\u00c1-AN\u00dd\u017dOV\u00c1 et al. Nejstar\u0161\u00ed venkovsk\u00e9 domy ve v\u00fdchodn\u00edch \u010cech\u00e1ch.1st ed.. Pardubice: Univerzita Pardubice, Fakulta filozofick\u00e1; Brno: Spole\u010dnost pro obnovu vesnice a&nbsp;mal\u00e9ho m\u011bsta, z. s., 2018.&nbsp;512 stran. ISBN 978-80-7560-126-1 (Univerzita Pardubice), 978-80-907440-0-4 (Spole\u010dnost pro obnovu vesnice a&nbsp;mal\u00e9ho m\u011bsta, z. s.).<\/p>\n\t\t\t\t\t\t\t\t\t\t<\/div>\n\n\t\t\t\t<div class=\"post-meta\">\n\t\t\t\t\t\t\t\t\t<\/div>\n\t\t\t\t<div class=\"post-data\">\n\t\t\t\t\t\t\t\t\t\t\t\t\t\t\t\t<span class=\"genre\"><strong>\u017d\u00e1nr:<\/strong> <a href=\"https:\/\/sovamm.cz\/wordpress\/?genre=popular-science\">popular science<\/a>, <a href=\"https:\/\/sovamm.cz\/wordpress\/?genre=science-book\">science book<\/a>, <a href=\"https:\/\/sovamm.cz\/wordpress\/?genre=sovpis-en\">SOVPIS<\/a><\/span><br \/>\n\t\t\t\t\t\t\t\t\t\t\t\t\t\t\t\t\t\t\t\t\t<span class=\"subjects\"><strong>T\u00e9mata:<\/strong> <a href=\"https:\/\/sovamm.cz\/wordpress\/?subject=published-by-sovamm\">Published by SOVAMM<\/a>, <a href=\"https:\/\/sovamm.cz\/wordpress\/?subject=published-with-sovpis\">Published with SOVPIS<\/a><\/span><br \/>\n\t\t\t\t\t\t\t\t\t\t\t\t\t\t<\/div>\n\t\t\t<\/div>\n\t\t\t\n<p><em>Books published by the \u00a0Association for the Renewal of the Village and the Small Town (Spole\u010dnost pro obnovu vesnice a\u00a0mal\u00e9ho m\u011bsta, z. s. \u2013\u00a0 SOVAMM), can be ordered from the SOVAMM secretary:<\/em><br \/>\n<em>Zuzana Syrov\u00e1, Kur\u0161ova 30, 635&nbsp;00 Brno-Bystrc,<\/em><br \/>\n<em>phone: (+420) 736657048<\/em><br \/>\n<em>e-mail: syrova@sovamm.cz<\/em><\/p>\n<p><em>Personal pick-up is possible by agreement at the SOVAMM office in Brno or at contact points. When sending by mail, we charge a&nbsp;packaging fee of CZK 50 and the currently applicable postage in addition to the price of the publication.<\/em><\/p>\n","protected":false},"excerpt":{"rendered":"<p>Books published by the \u00a0Association for the Renewal of the Village and the Small Town (Spole\u010dnost pro obnovu vesnice a\u00a0mal\u00e9ho m\u011bsta, z. s. \u2013\u00a0 SOVAMM), can be ordered from the &hellip; <a href=\"https:\/\/sovamm.cz\/wordpress\/en\/book-review\/the-oldest-rural-houses-in-east-bohemia\/\" class=\"more-link\">Pokra\u010dov\u00e1n\u00ed textu <span class=\"screen-reader-text\">The oldest rural houses in East Bohemia<\/span> <span class=\"meta-nav\">&rarr;<\/span><\/a><\/p>\n","protected":false},"author":2,"featured_media":3522,"parent":5373,"menu_order":1,"comment_status":"closed","ping_status":"closed","template":"","meta":{"jetpack_post_was_ever_published":false,"footnotes":""},"class_list":["post-5309","page","type-page","status-publish","has-post-thumbnail","hentry"],"jetpack_shortlink":"https:\/\/wp.me\/P8dB8l-1nD","jetpack_sharing_enabled":true,"_links":{"self":[{"href":"https:\/\/sovamm.cz\/wordpress\/wp-json\/wp\/v2\/pages\/5309","targetHints":{"allow":["GET"]}}],"collection":[{"href":"https:\/\/sovamm.cz\/wordpress\/wp-json\/wp\/v2\/pages"}],"about":[{"href":"https:\/\/sovamm.cz\/wordpress\/wp-json\/wp\/v2\/types\/page"}],"author":[{"embeddable":true,"href":"https:\/\/sovamm.cz\/wordpress\/wp-json\/wp\/v2\/users\/2"}],"replies":[{"embeddable":true,"href":"https:\/\/sovamm.cz\/wordpress\/wp-json\/wp\/v2\/comments?post=5309"}],"version-history":[{"count":4,"href":"https:\/\/sovamm.cz\/wordpress\/wp-json\/wp\/v2\/pages\/5309\/revisions"}],"predecessor-version":[{"id":6809,"href":"https:\/\/sovamm.cz\/wordpress\/wp-json\/wp\/v2\/pages\/5309\/revisions\/6809"}],"up":[{"embeddable":true,"href":"https:\/\/sovamm.cz\/wordpress\/wp-json\/wp\/v2\/pages\/5373"}],"wp:featuredmedia":[{"embeddable":true,"href":"https:\/\/sovamm.cz\/wordpress\/wp-json\/wp\/v2\/media\/3522"}],"wp:attachment":[{"href":"https:\/\/sovamm.cz\/wordpress\/wp-json\/wp\/v2\/media?parent=5309"}],"curies":[{"name":"wp","href":"https:\/\/api.w.org\/{rel}","templated":true}]}}