{"id":5008,"date":"2022-12-21T22:52:14","date_gmt":"2022-12-21T21:52:14","guid":{"rendered":"https:\/\/www.sovamm.cz\/wordpress\/?page_id=5008"},"modified":"2023-01-19T18:53:42","modified_gmt":"2023-01-19T17:53:42","slug":"objednavka-nvvpp-202201","status":"publish","type":"page","link":"https:\/\/sovamm.cz\/wordpress\/publikace-2\/publikovano-se-sovpis\/nastin-vyvoje-vesnickych-pudorysu-a-pluzin-v-cechach\/objednavka-nvvpp-202201\/","title":{"rendered":"Objedn\u00e1vka NVVPP 202201"},"content":{"rendered":"<p>Z\u00e1vazn\u011b objedn\u00e1v\u00e1m publikaci<br \/>\n<a href=\"https:\/\/www.sovamm.cz\/wordpress\/nastin-vyvoje-vesnickych-pudorysu-a-pluzin-v-cechach\/\" target=\"_blank\" rel=\"noopener\">\u0160KABRADA, Ji\u0159\u00ed.\u00a0<em>N\u00e1stin v\u00fdvoje vesnick\u00fdch p\u016fdorys\u016f a\u00a0plu\u017ein v\u00a0\u010cech\u00e1ch: K\u00a0v\u00fdpov\u011bdn\u00ed schopnosti map stabiln\u00edho katastru<\/em>. Vyd\u00e1n\u00ed prvn\u00ed. Brno: Spole\u010dnost pro obnovu vesnice a\u00a0mal\u00e9ho m\u011bsta, z. s., 2022.\u00a0348 stran. ISBN 978-80-907440-3-5.<\/a><br \/>\nKod projektu SOVAMM <a href=\"https:\/\/sovamm.wordpress.com\/jak-podporit-cinnost-a-projekty-sovamm\/kody-projektu-sovamm\/\" target=\"_blank\" rel=\"noopener noreferrer\">202201<\/a>.<\/p>\n<div class=\"frm_forms  with_frm_style frm_style_formidable-style\" id=\"frm_form_5_container\" >\n<form enctype=\"multipart\/form-data\" method=\"post\" class=\"frm-show-form \" id=\"form_contact-form289a51cfc362\" >\n<div class=\"frm_form_fields \">\n<fieldset>\n<legend class=\"frm_screen_reader\">NVVPP - objednavka<\/legend>\r\n\r\n<div class=\"frm_fields_container\">\n<input type=\"hidden\" name=\"frm_action\" value=\"create\" \/>\n<input type=\"hidden\" name=\"form_id\" value=\"5\" \/>\n<input type=\"hidden\" name=\"frm_hide_fields_5\" id=\"frm_hide_fields_5\" value=\"\" \/>\n<input type=\"hidden\" name=\"form_key\" value=\"contact-form289a51cfc362\" \/>\n<input type=\"hidden\" name=\"item_meta[0]\" value=\"\" \/>\n<input type=\"hidden\" id=\"frm_submit_entry_5\" name=\"frm_submit_entry_5\" value=\"67a473507e\" \/><input type=\"hidden\" name=\"_wp_http_referer\" value=\"\/wordpress\/wp-json\/wp\/v2\/pages\/5008\" \/><div id=\"frm_field_46_container\" class=\"frm_form_field form-field  frm_required_field frm_inline_container frm_first frm_third\">\r\n    <label for=\"field_e6lis63ec4f19c66b2\" class=\"frm_primary_label\">Po\u010det ks\r\n        <span class=\"frm_required\">*<\/span>\r\n    <\/label>\r\n    <input type=\"number\" id=\"field_e6lis63ec4f19c66b2\" name=\"item_meta[46]\" value=\"\"  data-reqmsg=\"Toto pole nem\u016f\u017ee b\u00fdt pr\u00e1zdn\u00e9.\" aria-required=\"true\" data-invmsg=\"Zadejte pros\u00edm cel\u00e9 \u010d\u00edslo.\" aria-invalid=\"false\"   min=\"1\" max=\"10\" step=\"1\"\/>\r\n    \r\n    \r\n<\/div>\n<div id=\"frm_field_47_container\" class=\"frm_form_field form-field  frm_top_container frm_first frm_half\">\r\n    <label for=\"field_81tcv6d0bf1881e2\" class=\"frm_primary_label\">Organizace\r\n        <span class=\"frm_required\"><\/span>\r\n    <\/label>\r\n    <input type=\"text\" id=\"field_81tcv6d0bf1881e2\" name=\"item_meta[47]\" value=\"\"  data-invmsg=\"Name is invalid\" aria-invalid=\"false\"  \/>\r\n    \r\n    \r\n<\/div>\n<div id=\"frm_field_48_container\" class=\"frm_form_field form-field  frm_top_container frm_fourth\">\r\n    <label for=\"field_qh4icy3aba8e352762\" class=\"frm_primary_label\">I\u010cO\r\n        <span class=\"frm_required\"><\/span>\r\n    <\/label>\r\n    <input type=\"text\" id=\"field_qh4icy3aba8e352762\" name=\"item_meta[48]\" value=\"\"  data-invmsg=\"Name is invalid\" aria-invalid=\"false\"  \/>\r\n    \r\n    \r\n<\/div>\n<div id=\"frm_field_49_container\" class=\"frm_form_field form-field  frm_top_container frm_fourth\">\r\n    <label for=\"field_jhbssdc6de7fd732\" class=\"frm_primary_label\">DI\u010c\r\n        <span class=\"frm_required\"><\/span>\r\n    <\/label>\r\n    <input type=\"text\" id=\"field_jhbssdc6de7fd732\" name=\"item_meta[49]\" value=\"\"  data-invmsg=\"Name is invalid\" aria-invalid=\"false\"  \/>\r\n    \r\n    \r\n<\/div>\n<div id=\"frm_field_50_container\" class=\"frm_form_field form-field  frm_required_field frm_top_container frm_first frm_half\">\r\n    <label for=\"field_ocfup1314eaa68f712\" class=\"frm_primary_label\">P\u0159\u00edjmen\u00ed\r\n        <span class=\"frm_required\">*<\/span>\r\n    <\/label>\r\n    <input type=\"text\" id=\"field_ocfup1314eaa68f712\" name=\"item_meta[50]\" value=\"\"  data-reqmsg=\"Toto pole nem\u016f\u017ee b\u00fdt pr\u00e1zdn\u00e9.\" aria-required=\"true\" data-invmsg=\"Last is invalid\" aria-invalid=\"false\"  \/>\r\n    \r\n    \r\n<\/div>\n<div id=\"frm_field_51_container\" class=\"frm_form_field form-field  frm_required_field frm_top_container frm_half\">\r\n    <label for=\"field_mrp0g56936153e62\" class=\"frm_primary_label\">Jm\u00e9no\r\n        <span class=\"frm_required\"><\/span>\r\n    <\/label>\r\n    <input type=\"text\" id=\"field_mrp0g56936153e62\" name=\"item_meta[51]\" value=\"\"  data-reqmsg=\"Toto pole nem\u016f\u017ee b\u00fdt pr\u00e1zdn\u00e9.\" aria-required=\"true\" data-invmsg=\"Last is invalid\" aria-invalid=\"false\"  \/>\r\n    \r\n    \r\n<\/div>\n<div id=\"frm_field_52_container\" class=\"frm_form_field form-field  frm_required_field frm_top_container frm_first frm_half\">\r\n    <label for=\"field_29yf4d32408987ae42\" class=\"frm_primary_label\">E-mail\r\n        <span class=\"frm_required\">*<\/span>\r\n    <\/label>\r\n    <input type=\"email\" id=\"field_29yf4d32408987ae42\" name=\"item_meta[52]\" value=\"\"  data-reqmsg=\"Toto pole nem\u016f\u017ee b\u00fdt pr\u00e1zdn\u00e9.\" aria-required=\"true\" data-invmsg=\"Zadejte pros\u00edm e-mail ve spr\u00e1vn\u00e9m form\u00e1tu.\" aria-invalid=\"false\"  \/>\r\n    \r\n    \r\n<\/div>\n<div id=\"frm_field_53_container\" class=\"frm_form_field form-field  frm_required_field frm_top_container frm_half\">\r\n    <label for=\"field_1vjk1a126179aea2\" class=\"frm_primary_label\">Mobiln\u00ed telefon\r\n        <span class=\"frm_required\">*<\/span>\r\n    <\/label>\r\n    <input type=\"tel\" id=\"field_1vjk1a126179aea2\" name=\"item_meta[53]\" value=\"\"  data-reqmsg=\"Toto pole nem\u016f\u017ee b\u00fdt pr\u00e1zdn\u00e9.\" aria-required=\"true\" data-invmsg=\"Zadejte pros\u00edm \u010d\u00edslo ve form\u00e1tu +420123456789.\" aria-invalid=\"false\" pattern=\"\\+\\d\\d\\d\\d\\d\\d\\d\\d\\d\\d\\d\\d$\"  \/>\r\n    \r\n    \r\n<\/div>\n<div id=\"frm_field_54_container\" class=\"frm_form_field form-field  frm_required_field frm_top_container frm_full frm_full vertical_radio\">\r\n    <label for=\"field_s2n2nb30a53bf8e2\" class=\"frm_primary_label\">Odb\u011br\r\n        <span class=\"frm_required\">*<\/span>\r\n    <\/label>\r\n    <div class=\"frm_opt_container\">\t\t<div class=\"frm_radio\" id=\"frm_radio_54-0\">\t\t\t<label  for=\"field_s2n2nb30a53bf8e2-0\">\n\t\t\t\t\t<input type=\"radio\" name=\"item_meta[54]\" id=\"field_s2n2nb30a53bf8e2-0\" value=\"A osobn\u00ed odb\u011br\"\n\t\t data-reqmsg=\"Toto pole nem\u016f\u017ee b\u00fdt pr\u00e1zdn\u00e9.\" data-invmsg=\"Odb\u011br is invalid\"   \/> A osobn\u00ed odb\u011br<\/label><\/div>\n\t\t<div class=\"frm_radio\" id=\"frm_radio_54-1\">\t\t\t<label  for=\"field_s2n2nb30a53bf8e2-1\">\n\t\t\t\t\t<input type=\"radio\" name=\"item_meta[54]\" id=\"field_s2n2nb30a53bf8e2-1\" value=\"B zaslat na n\u00ed\u017ee uvedenou adresu\"\n\t\t data-reqmsg=\"Toto pole nem\u016f\u017ee b\u00fdt pr\u00e1zdn\u00e9.\" data-invmsg=\"Odb\u011br is invalid\"   \/> B zaslat na n\u00ed\u017ee uvedenou adresu<\/label><\/div>\n\t\t<div class=\"frm_radio\" id=\"frm_radio_54-2\">\t\t\t<label  for=\"field_s2n2nb30a53bf8e2-2\">\n\t\t\t\t\t<input type=\"radio\" name=\"item_meta[54]\" id=\"field_s2n2nb30a53bf8e2-2\" value=\"C zaslat k vyzvednut\u00ed na po\u0161t\u011b\"\n\t\t data-reqmsg=\"Toto pole nem\u016f\u017ee b\u00fdt pr\u00e1zdn\u00e9.\" data-invmsg=\"Odb\u011br is invalid\"   \/> C zaslat k vyzvednut\u00ed na po\u0161t\u011b<\/label><\/div>\n<\/div>\r\n    <div class=\"frm_description\" id=\"frm_desc_field_s2n2nb30a53bf8e2\">Podle zvolen\u00e9 mo\u017enosti A,B,C up\u0159esn\u011bte pros\u00edm \u00fadaje n\u00ed\u017ee. \r\nOsobn\u00ed odb\u011br je mo\u017en\u00fd po dohod\u011b v kancel\u00e1\u0159i SOVAMM v Brn\u011b nebo na kontaktn\u00edch m\u00edst\u011b v Praze; v nejbli\u017e\u0161\u00ed dob\u011b i v \u010cesk\u00fdch Bud\u011bjovic\u00edch nebo Pardubic\u00edch.\r\nP\u0159i zas\u00edl\u00e1n\u00ed po\u0161tou \u00fa\u010dtujeme baln\u00e9 50,- K\u010d a aktu\u00e1ln\u011b platn\u00e9 po\u0161tovn\u00e9. <\/div>\r\n    \r\n<\/div>\n<div id=\"frm_field_55_container\" class=\"frm_form_field form-field  frm_top_container frm12 frm_first vertical_radio\">\r\n    <label for=\"field_r44v8b78145623\" class=\"frm_primary_label\">A M\u00edsto odb\u011bru\r\n        <span class=\"frm_required\"><\/span>\r\n    <\/label>\r\n    <div class=\"frm_opt_container\">\t\t<div class=\"frm_radio\" id=\"frm_radio_55-0\">\t\t\t<label  for=\"field_r44v8b78145623-0\">\n\t\t\t\t\t<input type=\"radio\" name=\"item_meta[55]\" id=\"field_r44v8b78145623-0\" value=\"Brno\"\n\t\t data-invmsg=\"A M\u00edsto odb\u011bru is invalid\"   \/> Brno<\/label><\/div>\n\t\t<div class=\"frm_radio\" id=\"frm_radio_55-1\">\t\t\t<label  for=\"field_r44v8b78145623-1\">\n\t\t\t\t\t<input type=\"radio\" name=\"item_meta[55]\" id=\"field_r44v8b78145623-1\" value=\"Praha\"\n\t\t data-invmsg=\"A M\u00edsto odb\u011bru is invalid\"   \/> Praha<\/label><\/div>\n\t\t<div class=\"frm_radio\" id=\"frm_radio_55-3\">\t\t\t<label  for=\"field_r44v8b78145623-3\">\n\t\t\t\t\t<input type=\"radio\" name=\"item_meta[55]\" id=\"field_r44v8b78145623-3\" value=\"jin\u00e9 (k up\u0159esn\u011bn\u00ed v pozn\u00e1mk\u00e1ch)\"\n\t\t data-invmsg=\"A M\u00edsto odb\u011bru is invalid\"   \/> jin\u00e9 (k up\u0159esn\u011bn\u00ed v pozn\u00e1mk\u00e1ch)<\/label><\/div>\n\t\t<div class=\"frm_radio\" id=\"frm_radio_55-4\">\t\t\t<label  for=\"field_r44v8b78145623-4\">\n\t\t\t\t\t<input type=\"radio\" name=\"item_meta[55]\" id=\"field_r44v8b78145623-4\" value=\"-\"\n\t\t data-invmsg=\"A M\u00edsto odb\u011bru is invalid\"   \/> -<\/label><\/div>\n<\/div>\r\n    \r\n    \r\n<\/div>\n<div id=\"frm_field_57_container\" class=\"frm_form_field form-field  frm_top_container frm_third\">\r\n    <label for=\"field_c6zrc812a7a46be2\" class=\"frm_primary_label\">B PS\u010c\r\n        <span class=\"frm_required\"><\/span>\r\n    <\/label>\r\n    <input type=\"text\" id=\"field_c6zrc812a7a46be2\" name=\"item_meta[57]\" value=\"\"  maxlength=\"5\" data-invmsg=\"Adresa pro zasl\u00e1n\u00ed is invalid\" aria-invalid=\"false\"  \/>\r\n    \r\n    \r\n<\/div>\n<div id=\"frm_field_56_container\" class=\"frm_form_field form-field  frm_top_container frm_two_thirds\">\r\n    <label for=\"field_9jv0r13bf3cc605fe2\" class=\"frm_primary_label\">B Adresa (ulice \u010dp.\/\u010d.o., obec)\r\n        <span class=\"frm_required\"><\/span>\r\n    <\/label>\r\n    <input type=\"text\" id=\"field_9jv0r13bf3cc605fe2\" name=\"item_meta[56]\" value=\"\"  data-invmsg=\"B Adresa (ulice \u010dp.\/\u010do., obec) is invalid\" aria-invalid=\"false\"  \/>\r\n    \r\n    \r\n<\/div>\n<div id=\"frm_field_58_container\" class=\"frm_form_field form-field  frm_top_container frm_first frm_third\">\r\n    <label for=\"field_64bey7c8c26149d2\" class=\"frm_primary_label\">C PS\u010c po\u0161ty \r\n        <span class=\"frm_required\"><\/span>\r\n    <\/label>\r\n    <input type=\"text\" id=\"field_64bey7c8c26149d2\" name=\"item_meta[58]\" value=\"\"  maxlength=\"5\" data-invmsg=\"Adresa pro zasl\u00e1n\u00ed is invalid\" aria-invalid=\"false\"  \/>\r\n    \r\n    \r\n<\/div>\n<div id=\"frm_field_59_container\" class=\"frm_form_field form-field  frm_top_container frm_two_thirds\">\r\n    <label for=\"field_zmfap26a9f31ac12\" class=\"frm_primary_label\">C N\u00e1zev po\u0161ty\r\n        <span class=\"frm_required\"><\/span>\r\n    <\/label>\r\n    <input type=\"text\" id=\"field_zmfap26a9f31ac12\" name=\"item_meta[59]\" value=\"\"  data-invmsg=\"Adresa pro zasl\u00e1n\u00ed is invalid\" aria-invalid=\"false\"  \/>\r\n    \r\n    \r\n<\/div>\n<div id=\"frm_field_60_container\" class=\"frm_form_field form-field  frm_top_container frm_full\">\r\n    <label for=\"field_orkxb3375b96d8a2\" class=\"frm_primary_label\">Pozn\u00e1mky, up\u0159esn\u011bn\u00ed\r\n        <span class=\"frm_required\"><\/span>\r\n    <\/label>\r\n    <textarea name=\"item_meta[60]\" id=\"field_orkxb3375b96d8a2\" rows=\"5\"  data-invmsg=\"Pozn\u00e1mky, up\u0159esn\u011bn\u00ed is invalid\" aria-invalid=\"false\"  ><\/textarea>\r\n    \r\n    \r\n<\/div>\n<div id=\"frm_field_61_container\" class=\"frm_form_field form-field  frm_none_container\">\r\n    <label  class=\"frm_primary_label\">CAPTCHA\r\n        <span class=\"frm_required\"><\/span>\r\n    <\/label>\r\n    <div  id=\"field_ix4p3fdd3a945ab2\" class=\"g-recaptcha\" data-sitekey=\"6LdJG4sUAAAAAE-6AEBnkChKI1HFWkFgUum6FdLi\" data-size=\"normal\" data-theme=\"light\"><\/div>\r\n    <div class=\"frm_description\" id=\"frm_desc_field_ix4p3fdd3a945ab2\">Potvr\u010fte pros\u00edm, \u017ee nejste robot.<\/div>\r\n    \r\n<\/div>\n<div id=\"frm_field_66_container\" class=\"frm_form_field form-field \">\n\t<div class=\"frm_submit\">\r\n\r\n<button class=\"frm_button_submit\" type=\"submit\"  >Odeslat.<\/button>\r\n\r\n<\/div>\n<\/div>\n\t<input type=\"hidden\" name=\"item_key\" value=\"\" \/>\n\t\t\t<div id=\"frm_field_142_container\">\n\t\t\t<label for=\"field_gmwh6\" >\n\t\t\t\tIf you are human, leave this field blank.\t\t\t<\/label>\n\t\t\t<input  id=\"field_gmwh6\" type=\"text\" class=\"frm_form_field form-field frm_verify\" name=\"item_meta[142]\" value=\"\"  \/>\n\t\t<\/div>\n\t\t<input name=\"frm_state\" type=\"hidden\" value=\"GntcR42kEpXNoHnMQXBpzOK02VSnTalbAv7\/+cpXP9I=\" \/><\/div>\n<\/fieldset>\n<\/div>\n\n<p style=\"display: none !important;\" class=\"akismet-fields-container\" data-prefix=\"ak_\"><label>&#916;<textarea name=\"ak_hp_textarea\" cols=\"45\" rows=\"8\" maxlength=\"100\"><\/textarea><\/label><input type=\"hidden\" id=\"ak_js_1\" name=\"ak_js\" value=\"175\"\/><script data-jetpack-boost=\"ignore\">document.getElementById( \"ak_js_1\" ).setAttribute( \"value\", ( new Date() ).getTime() );<\/script><\/p><\/form>\n<\/div>\n\n","protected":false},"excerpt":{"rendered":"<p>Z\u00e1vazn\u011b objedn\u00e1v\u00e1m publikaci \u0160KABRADA, Ji\u0159\u00ed.\u00a0N\u00e1stin v\u00fdvoje vesnick\u00fdch p\u016fdorys\u016f a\u00a0plu\u017ein v\u00a0\u010cech\u00e1ch: K\u00a0v\u00fdpov\u011bdn\u00ed schopnosti map stabiln\u00edho katastru. Vyd\u00e1n\u00ed prvn\u00ed. Brno: Spole\u010dnost pro obnovu vesnice a\u00a0mal\u00e9ho m\u011bsta, z. s., 2022.\u00a0348 stran. ISBN 978-80-907440-3-5. &hellip; <a href=\"https:\/\/sovamm.cz\/wordpress\/publikace-2\/publikovano-se-sovpis\/nastin-vyvoje-vesnickych-pudorysu-a-pluzin-v-cechach\/objednavka-nvvpp-202201\/\" class=\"more-link\">Pokra\u010dov\u00e1n\u00ed textu <span class=\"screen-reader-text\">Objedn\u00e1vka NVVPP 202201<\/span> <span class=\"meta-nav\">&rarr;<\/span><\/a><\/p>\n","protected":false},"author":2,"featured_media":0,"parent":4988,"menu_order":0,"comment_status":"closed","ping_status":"closed","template":"","meta":{"jetpack_post_was_ever_published":false,"footnotes":""},"class_list":["post-5008","page","type-page","status-publish","hentry"],"jetpack_shortlink":"https:\/\/wp.me\/P8dB8l-1iM","jetpack_sharing_enabled":true,"_links":{"self":[{"href":"https:\/\/sovamm.cz\/wordpress\/wp-json\/wp\/v2\/pages\/5008","targetHints":{"allow":["GET"]}}],"collection":[{"href":"https:\/\/sovamm.cz\/wordpress\/wp-json\/wp\/v2\/pages"}],"about":[{"href":"https:\/\/sovamm.cz\/wordpress\/wp-json\/wp\/v2\/types\/page"}],"author":[{"embeddable":true,"href":"https:\/\/sovamm.cz\/wordpress\/wp-json\/wp\/v2\/users\/2"}],"replies":[{"embeddable":true,"href":"https:\/\/sovamm.cz\/wordpress\/wp-json\/wp\/v2\/comments?post=5008"}],"version-history":[{"count":2,"href":"https:\/\/sovamm.cz\/wordpress\/wp-json\/wp\/v2\/pages\/5008\/revisions"}],"predecessor-version":[{"id":5010,"href":"https:\/\/sovamm.cz\/wordpress\/wp-json\/wp\/v2\/pages\/5008\/revisions\/5010"}],"up":[{"embeddable":true,"href":"https:\/\/sovamm.cz\/wordpress\/wp-json\/wp\/v2\/pages\/4988"}],"wp:attachment":[{"href":"https:\/\/sovamm.cz\/wordpress\/wp-json\/wp\/v2\/media?parent=5008"}],"curies":[{"name":"wp","href":"https:\/\/api.w.org\/{rel}","templated":true}]}}