{"id":4988,"date":"2022-12-21T22:36:55","date_gmt":"2022-12-21T21:36:55","guid":{"rendered":"https:\/\/www.sovamm.cz\/wordpress\/?page_id=4988"},"modified":"2025-03-13T10:18:36","modified_gmt":"2025-03-13T09:18:36","slug":"nastin-vyvoje-vesnickych-pudorysu-a-pluzin-v-cechach","status":"publish","type":"page","link":"https:\/\/sovamm.cz\/wordpress\/publikace-2\/publikovano-se-sovpis\/nastin-vyvoje-vesnickych-pudorysu-a-pluzin-v-cechach\/","title":{"rendered":"N\u00e1stin v\u00fdvoje vesnick\u00fdch p\u016fdorys\u016f a&nbsp;plu\u017ein v&nbsp;\u010cech\u00e1ch"},"content":{"rendered":"<h5 id=\"ji\u0159\u00ed-\u0160kabrada\">Ji\u0159\u00ed \u0160kabrada<\/h5>\n<p><em>Vydala Spole\u010dnost pro obnovu vesnice a&nbsp;mal\u00e9ho m\u011bsta, z.s. v&nbsp;roce 2022 jako svou t\u0159et\u00ed publikaci. Kniha vy\u0161la s&nbsp;laskavou podporou Ministerstva kultury \u010cR.<\/em><\/p>\n<p>Autor, <a href=\"https:\/\/sovamm.cz\/wordpress\/sovpis\/autori\/jiri-skabrada\/\">Ji\u0159\u00ed \u0160kabrada<\/a>,\u00a0se sna\u017e\u00ed o&nbsp;nov\u00fd pohled na mechanismus v\u00fdvoje vesnick\u00fdch p\u016fdorys\u016f a&nbsp;plu\u017ein, v\u010detn\u011b odhalov\u00e1n\u00ed m\u011br a&nbsp;modul\u016f p\u0159i&nbsp;pravideln\u00e9m vyty\u010dov\u00e1n\u00ed v&nbsp;novov\u011bku i&nbsp;ve st\u0159edov\u011bku. P\u016fdorysy vesnic a&nbsp;jejich plu\u017einy p\u0159itom ch\u00e1pe jako celek, jeho\u017e jednotliv\u00e9 slo\u017eky se mohly v&nbsp;\u010dase prom\u011b\u0148ovat. Jako podklad vyu\u017e\u00edv\u00e1 zejm\u00e9na mapy stabiln\u00edho katastru, co\u017e sou\u010dasn\u011b znamen\u00e1 dal\u0161\u00ed roz\u0161\u00ed\u0159en\u00ed pozn\u00e1v\u00e1n\u00ed informac\u00ed, obsa\u017een\u00fdch v&nbsp;tomto unik\u00e1tn\u00edm archivn\u00edm fondu.<\/p>\n<p>Prolistovat uk\u00e1zku z&nbsp;knihy <strong><em>N\u00e1stin v\u00fdvoje vesnick\u00fdch p\u016fdorys\u016f a&nbsp;plu\u017ein v&nbsp;\u010cech\u00e1ch: K&nbsp;v\u00fdpov\u011bdn\u00ed schopnosti map stabiln\u00edho katastru <\/em><\/strong>(ISBN 978-80-907440-3-5)\u00a0a dozv\u011bd\u011bt se n\u011bco v\u00edce o&nbsp;jej\u00edm obsahu m\u016f\u017eete zde:<\/p>\n<a href=\"https:\/\/sovamm.cz\/wordpress\/wp-content\/uploads\/2022\/12\/NVVPP_SOVAMM_2022_presR.pdf\" class=\"pdfemb-viewer\" style=\"\" data-width=\"max\" data-height=\"max\" data-toolbar=\"bottom\" data-toolbar-fixed=\"off\">NVVPP_SOVAMM_2022_presR<\/a>\n<ul>\n<li><a href=\"https:\/\/sovamm.cz\/wordpress\/wp-content\/uploads\/2022\/12\/NVVPP_SOVAMM_2022_orezVr.pdf\" target=\"_blank\" rel=\"noopener\">Uk\u00e1zka ke sta\u017een\u00ed<\/a><\/li>\n<\/ul>\n<h6 id=\"objedn\u00e1vky:\">Objedn\u00e1vky:<\/h6>\n<p>Publikaci je mo\u017eno objednat u\u00a0sekret\u00e1\u0159e SOVAMM:<br \/>\n<i>Zuzana Syrov\u00e1, Kur\u0161ova 30, 635\u00a000 Brno-Bystrc,\u00a0<\/i><br \/>\n<i>tel.: (+420) 736657048<\/i><br \/>\n<i>e-po\u0161ta: syrova@sovamm.cz<\/i><\/p>\n<p>Osobn\u00ed odb\u011br po&nbsp;dohod\u011b v&nbsp;kancel\u00e1\u0159i SOVAMM v&nbsp;Brn\u011b a&nbsp;na kontaktn\u00edm m\u00edst\u011b v&nbsp;Praze; v&nbsp;nejbli\u017e\u0161\u00ed dob\u011b bude mo\u017en\u00fd i&nbsp;v&nbsp;\u010cesk\u00fdch Bud\u011bjovic\u00edch nebo Pardubic\u00edch.<br \/>\nCena publikace je 690,- K\u010d (490,- \u010dlenov\u00e9 SOVAMM). P\u0159i&nbsp;zas\u00edl\u00e1n\u00ed po\u0161tou k&nbsp;n\u00ed \u00fa\u010dtujeme baln\u00e9 50,- K\u010d a&nbsp;aktu\u00e1ln\u011b platn\u00e9 po\u0161tovn\u00e9.<br \/>\n(SOVAMM nen\u00ed pl\u00e1tcem DPH.)<\/p>\n<p>K objedn\u00e1n\u00ed je mo\u017eno t\u00e9\u017e vyu\u017e\u00edt\u00a0<a href=\"https:\/\/sovamm.cz\/wordpress\/objednavka-nvvpp-202201\/\" target=\"_blank\" rel=\"noopener\">interaktivn\u00ed online formul\u00e1\u0159<\/a>.<\/p>\n<ul>\n<li><a href=\"https:\/\/sovamm.cz\/wordpress\/publikovano-se-sovpis\/\" target=\"_blank\" rel=\"noopener\">Vydali jsme \u2192<\/a><\/li>\n<\/ul>\n<p>Aktualizov\u00e1no: <span class=\"last-modified-timestamp\">13\/03\/2025 10:18<\/span><\/p>\n<ul>\n<li>Ilustra\u010dn\u00ed foto: <em>Nov\u00e1 Dlouh\u00e1 Ves u&nbsp;Su\u0161ice \u2013 \u0159ada typov\u00fdch dvojdom\u016f, v&nbsp;pop\u0159ed\u00ed s&nbsp;objektem bez novodob\u00fdch z\u00e1sah\u016f do pr\u016f\u010del\u00ed (foto Ji\u0159\u00ed \u0160kabrada 1973).<\/em><\/li>\n<\/ul>\n","protected":false},"excerpt":{"rendered":"<p>Ji\u0159\u00ed \u0160kabrada Vydala Spole\u010dnost pro obnovu vesnice a&nbsp;mal\u00e9ho m\u011bsta, z.s. v&nbsp;roce 2022 jako svou t\u0159et\u00ed publikaci. Kniha vy\u0161la s&nbsp;laskavou podporou Ministerstva kultury \u010cR. Autor, Ji\u0159\u00ed \u0160kabrada,\u00a0se sna\u017e\u00ed o&nbsp;nov\u00fd pohled na &hellip; <a href=\"https:\/\/sovamm.cz\/wordpress\/publikace-2\/publikovano-se-sovpis\/nastin-vyvoje-vesnickych-pudorysu-a-pluzin-v-cechach\/\" class=\"more-link\">Pokra\u010dov\u00e1n\u00ed textu <span class=\"screen-reader-text\">N\u00e1stin v\u00fdvoje vesnick\u00fdch p\u016fdorys\u016f a&nbsp;plu\u017ein v&nbsp;\u010cech\u00e1ch<\/span> <span class=\"meta-nav\">&rarr;<\/span><\/a><\/p>\n","protected":false},"author":2,"featured_media":5017,"parent":3506,"menu_order":0,"comment_status":"closed","ping_status":"closed","template":"","meta":{"jetpack_post_was_ever_published":false,"footnotes":""},"class_list":["post-4988","page","type-page","status-publish","has-post-thumbnail","hentry"],"jetpack_shortlink":"https:\/\/wp.me\/P8dB8l-1is","jetpack_sharing_enabled":true,"_links":{"self":[{"href":"https:\/\/sovamm.cz\/wordpress\/wp-json\/wp\/v2\/pages\/4988","targetHints":{"allow":["GET"]}}],"collection":[{"href":"https:\/\/sovamm.cz\/wordpress\/wp-json\/wp\/v2\/pages"}],"about":[{"href":"https:\/\/sovamm.cz\/wordpress\/wp-json\/wp\/v2\/types\/page"}],"author":[{"embeddable":true,"href":"https:\/\/sovamm.cz\/wordpress\/wp-json\/wp\/v2\/users\/2"}],"replies":[{"embeddable":true,"href":"https:\/\/sovamm.cz\/wordpress\/wp-json\/wp\/v2\/comments?post=4988"}],"version-history":[{"count":20,"href":"https:\/\/sovamm.cz\/wordpress\/wp-json\/wp\/v2\/pages\/4988\/revisions"}],"predecessor-version":[{"id":5787,"href":"https:\/\/sovamm.cz\/wordpress\/wp-json\/wp\/v2\/pages\/4988\/revisions\/5787"}],"up":[{"embeddable":true,"href":"https:\/\/sovamm.cz\/wordpress\/wp-json\/wp\/v2\/pages\/3506"}],"wp:featuredmedia":[{"embeddable":true,"href":"https:\/\/sovamm.cz\/wordpress\/wp-json\/wp\/v2\/media\/5017"}],"wp:attachment":[{"href":"https:\/\/sovamm.cz\/wordpress\/wp-json\/wp\/v2\/media?parent=4988"}],"curies":[{"name":"wp","href":"https:\/\/api.w.org\/{rel}","templated":true}]}}