{"id":495,"date":"2016-10-17T06:45:03","date_gmt":"2016-10-17T04:45:03","guid":{"rendered":"http:\/\/sovamm.cz\/wordpress\/community\/"},"modified":"2025-03-13T13:48:40","modified_gmt":"2025-03-13T12:48:40","slug":"community","status":"publish","type":"page","link":"https:\/\/sovamm.cz\/wordpress\/sovpis\/community\/","title":{"rendered":"Forum"},"content":{"rendered":"<div class=\"members-access-error\">Toto diskusn\u00ed f\u00f3rum je ur\u010deno spolupracovn\u00edk\u016fm SOVPIS.<br \/>\nPro jeho zobrazen\u00ed mus\u00edte b\u00fdt <a href=\"https:\/\/sovamm.cz\/wordpress\/prihlaseni\/\" target=\"_blank\" rel=\"noopener\">p\u0159ihl\u00e1\u0161eni<\/a>.<\/div>\n","protected":false},"excerpt":{"rendered":"<div class=\"members-access-error\">Toto diskusn\u00ed f\u00f3rum je ur\u010deno spolupracovn\u00edk\u016fm SOVPIS.<br \/>\nPro jeho zobrazen\u00ed mus\u00edte b\u00fdt <a href=\"https:\/\/sovamm.cz\/wordpress\/prihlaseni\/\" target=\"_blank\" rel=\"noopener\">p\u0159ihl\u00e1\u0161eni<\/a>.<\/div>\n","protected":false},"author":1,"featured_media":0,"parent":7,"menu_order":15,"comment_status":"closed","ping_status":"closed","template":"","meta":{"jetpack_post_was_ever_published":false,"footnotes":""},"class_list":["post-495","page","type-page","status-publish","hentry"],"jetpack_shortlink":"https:\/\/wp.me\/P8dB8l-7Z","jetpack_sharing_enabled":false,"_links":{"self":[{"href":"https:\/\/sovamm.cz\/wordpress\/wp-json\/wp\/v2\/pages\/495","targetHints":{"allow":["GET"]}}],"collection":[{"href":"https:\/\/sovamm.cz\/wordpress\/wp-json\/wp\/v2\/pages"}],"about":[{"href":"https:\/\/sovamm.cz\/wordpress\/wp-json\/wp\/v2\/types\/page"}],"author":[{"embeddable":true,"href":"https:\/\/sovamm.cz\/wordpress\/wp-json\/wp\/v2\/users\/1"}],"replies":[{"embeddable":true,"href":"https:\/\/sovamm.cz\/wordpress\/wp-json\/wp\/v2\/comments?post=495"}],"version-history":[{"count":2,"href":"https:\/\/sovamm.cz\/wordpress\/wp-json\/wp\/v2\/pages\/495\/revisions"}],"predecessor-version":[{"id":6084,"href":"https:\/\/sovamm.cz\/wordpress\/wp-json\/wp\/v2\/pages\/495\/revisions\/6084"}],"up":[{"embeddable":true,"href":"https:\/\/sovamm.cz\/wordpress\/wp-json\/wp\/v2\/pages\/7"}],"wp:attachment":[{"href":"https:\/\/sovamm.cz\/wordpress\/wp-json\/wp\/v2\/media?parent=495"}],"curies":[{"name":"wp","href":"https:\/\/api.w.org\/{rel}","templated":true}]}}