{"id":4196,"date":"2022-01-03T18:12:22","date_gmt":"2022-01-03T17:12:22","guid":{"rendered":"https:\/\/www.sovamm.cz\/wordpress\/?page_id=4196"},"modified":"2022-01-03T19:46:26","modified_gmt":"2022-01-03T18:46:26","slug":"jaroslav-vajdis-2","status":"publish","type":"page","link":"https:\/\/sovamm.cz\/wordpress\/en\/exhibitions\/exhibition-macel-vajdis\/macel-vajdis-2\/jaroslav-vajdis-2\/","title":{"rendered":"Jaroslav Vajdi\u0161"},"content":{"rendered":"<p><em>(27.\u200a2.\u200a1920 P\u0159\u00edlepy \u2013 16.\u200a9.\u200a2006 Prague)<\/em><\/p>\n<p>He was born in P\u0159\u00edlepy near Hole\u0161ov. He grew up in Hodon\u00edn where his family moved in 1921. He graduated from a&nbsp;secondary school there. After his school-leaving exam and the closing of universities in 1939, he did a&nbsp;variety of jobs, including half a&nbsp;year at the archbishop\u00b4s sawmill in Ostravice. From 1941 he worked as a&nbsp;technician at a&nbsp;land improvement company in Poho\u0159elice. After the war, he completed eight semesters at the University of Technology of Dr E. Bene\u0161 in Brno, where he successfully passed his first state examinations in July 1947, but his studies were terminated by political screenings in 1949.<\/p>\n<p><img data-recalc-dims=\"1\" loading=\"lazy\" decoding=\"async\" data-attachment-id=\"3723\" data-permalink=\"https:\/\/sovamm.cz\/wordpress\/vystavy\/vystava-macel-vajdis\/macel-vajdis\/jaroslav-vajdis\/img_20211204_0036_upr\/\" data-orig-file=\"https:\/\/i0.wp.com\/sovamm.cz\/wordpress\/wp-content\/uploads\/2021\/12\/IMG_20211204_0036_upr.jpg?fit=716%2C1012&amp;ssl=1\" data-orig-size=\"716,1012\" data-comments-opened=\"1\" data-image-meta=\"{&quot;aperture&quot;:&quot;0&quot;,&quot;credit&quot;:&quot;&quot;,&quot;camera&quot;:&quot;&quot;,&quot;caption&quot;:&quot;&quot;,&quot;created_timestamp&quot;:&quot;0&quot;,&quot;copyright&quot;:&quot;&quot;,&quot;focal_length&quot;:&quot;0&quot;,&quot;iso&quot;:&quot;0&quot;,&quot;shutter_speed&quot;:&quot;0&quot;,&quot;title&quot;:&quot;&quot;,&quot;orientation&quot;:&quot;1&quot;}\" data-image-title=\"IMG_20211204_0036_upr\" data-image-description=\"\" data-image-caption=\"\" data-large-file=\"https:\/\/i0.wp.com\/sovamm.cz\/wordpress\/wp-content\/uploads\/2021\/12\/IMG_20211204_0036_upr.jpg?fit=474%2C670&amp;ssl=1\" class=\"aligncenter wp-image-3723 size-medium\" src=\"https:\/\/i0.wp.com\/www.sovamm.cz\/wordpress\/wp-content\/uploads\/2021\/12\/IMG_20211204_0036_upr-212x300.jpg?resize=212%2C300&#038;ssl=1\" alt=\"\" width=\"212\" height=\"300\" srcset=\"https:\/\/i0.wp.com\/sovamm.cz\/wordpress\/wp-content\/uploads\/2021\/12\/IMG_20211204_0036_upr.jpg?resize=212%2C300&amp;ssl=1 212w, https:\/\/i0.wp.com\/sovamm.cz\/wordpress\/wp-content\/uploads\/2021\/12\/IMG_20211204_0036_upr.jpg?resize=133%2C188&amp;ssl=1 133w, https:\/\/i0.wp.com\/sovamm.cz\/wordpress\/wp-content\/uploads\/2021\/12\/IMG_20211204_0036_upr.jpg?w=716&amp;ssl=1 716w\" sizes=\"auto, (max-width: 212px) 100vw, 212px\" \/><\/p>\n<p style=\"text-align: center;\"><em>Jaroslav Vajdi\u0161, photo from the 1948 student card.<\/em><\/p>\n<p>Then he worked at the Institute for Architecture and Regional Planning (\u00daA\u00daP), which was incorporated into the Research Institute of Building Engineering and Architecture (V\u00daVA) in 1954. In 1957, he moved to the State Institute for the Reconstruction of Historical Cities and Monuments (S\u00daRPMO), where he began to research and document the historical core of Prague. Among the projects in which he took part during that period he appreciated the survey of the monastery in P\u0159edkl\u00e1\u0161te\u0159\u00ed near Ti\u0161nov. He also succeeded in getting his own group for the research and documentation of vernacular architecture, a&nbsp;discipline which he began to observe at the Faculty of Architecture and with which he also dealt at the \u00daA\u00daP and V\u00daVA. In the studio of vernacular architecture which he then led until his retirement, he produced a&nbsp;large number of documentation and surveys ranging from inventory to historic structure analysis works. He created hundreds of simple surveys at a&nbsp;scale of 1:100 and dozens of elaborate surveys whose characteristic handwriting is also artistically remarkable and unmistakable.<\/p>\n<p>His entire professional career is connected with documentation of and historical research into vernacular architecture. His publications are mainly based on his research activities in the regions of Slov\u00e1cko, Pomorav\u00ed and Podyj\u00ed, in Wallachia, in the \u0160umperk area and in the region of Vyso\u010dina. Together with Zden\u011bk Mi\u0161urec and Zden\u011bk Zast\u00e1vka, he participated in the model of vernacular buildings classification, which stood at the birth of computer processing of data on these buildings, even though he never learned to use a&nbsp;computer.<\/p>\n<p><img data-recalc-dims=\"1\" loading=\"lazy\" decoding=\"async\" data-attachment-id=\"3720\" data-permalink=\"https:\/\/sovamm.cz\/wordpress\/vystavy\/vystava-macel-vajdis\/macel-vajdis\/jaroslav-vajdis\/img_20211204_0039_upr\/\" data-orig-file=\"https:\/\/i0.wp.com\/sovamm.cz\/wordpress\/wp-content\/uploads\/2021\/12\/IMG_20211204_0039_upr-e1639520621976.jpg?fit=1038%2C674&amp;ssl=1\" data-orig-size=\"1038,674\" data-comments-opened=\"1\" data-image-meta=\"{&quot;aperture&quot;:&quot;0&quot;,&quot;credit&quot;:&quot;&quot;,&quot;camera&quot;:&quot;CanoScan LiDE 120&quot;,&quot;caption&quot;:&quot;&quot;,&quot;created_timestamp&quot;:&quot;&quot;,&quot;copyright&quot;:&quot;&quot;,&quot;focal_length&quot;:&quot;0&quot;,&quot;iso&quot;:&quot;0&quot;,&quot;shutter_speed&quot;:&quot;0&quot;,&quot;title&quot;:&quot;&quot;,&quot;orientation&quot;:&quot;1&quot;}\" data-image-title=\"IMG_20211204_0039_upr\" data-image-description=\"\" data-image-caption=\"\" data-large-file=\"https:\/\/i0.wp.com\/sovamm.cz\/wordpress\/wp-content\/uploads\/2021\/12\/IMG_20211204_0039_upr-e1639520621976.jpg?fit=474%2C308&amp;ssl=1\" class=\"alignnone size-large wp-image-3720\" src=\"https:\/\/i0.wp.com\/www.sovamm.cz\/wordpress\/wp-content\/uploads\/2021\/12\/IMG_20211204_0039_upr-1024x665.jpg?resize=474%2C308&#038;ssl=1\" alt=\"\" width=\"474\" height=\"308\" \/><\/p>\n<p style=\"text-align: center;\"><em>Jaroslav Vajdi\u0161 with Ji\u0159\u00ed \u0160kabrada in the studio in the New Town Hall in the early 1980s.<\/em><\/p>\n<p>An important component in Vajdi\u0161&#8217;s&nbsp;work is his artistic output. He dealt with drawing and, marginally, painting, but it is his photographic work that is especially appreciated; he focussed on landscapes and natural details, in addition to vernacular architecture and villages, and he did not ignore people and animals. He received his theoretical training at the Czech Club of Amateur Photographers (\u010cKFA) in Brno. After arriving in Prague in 1949, he was also a&nbsp;member of its national committee. His photographs were presented at many domestic and international exhibitions. According to his own recollections, his participation in the exhibition <em>Architektura v&nbsp;\u010desk\u00e9m n\u00e1rodn\u00edm d\u011bdictv\u00ed<\/em> [Architecture in the Czech National Heritage] was significant for him.<\/p>\n<p><em><a href=\"https:\/\/www.sovamm.cz\/wordpress\/en\/macel-vajdis-2\/\">\u2192 M\u00e1\u010del \u2014 Vajdi\u0161<\/a><\/em><\/p>\n<h3>Solo Exhibitions:<\/h3>\n<ul>\n<li>1966 \u2013 Fotochema Exhibition Hall, Prague, IV.<\/li>\n<li><a href=\"https:\/\/www.sovamm.cz\/wordpress\/wp-content\/uploads\/2021\/12\/Vajdis_1968.pdf\" target=\"_blank\" rel=\"noopener\">1968 \u2013 <em>Photographs of Landscapes and Villages<\/em>, House of the Lords of Kun\u0161t\u00e1t, Brno, I.\u2013II.<\/a><\/li>\n<li>1977 \u2013 <em>Leningrad in Jaroslav Vajdi\u0161\u00b4s Photographs<\/em>, Local History Institute, \u0160umperk, V.<\/li>\n<li><a href=\"https:\/\/www.sovamm.cz\/wordpress\/wp-content\/uploads\/2021\/12\/Vajdis_1981.pdf\" target=\"_blank\" rel=\"noopener\">1981 \u2013 <em>A Land of Thankful Returns<\/em>, Institute of Folk Art, Str\u00e1\u017enice, IV.\u2013V.<\/a><\/li>\n<li>1982 \u2013 <em>Landscapes and Vernacular Architecture<\/em>, Department of General Surgery, Vysok\u00e9 M\u00fdto Hospital, Vysok\u00e9 M\u00fdto, II.<\/li>\n<li>1985 \u2013 Ethnographical Museum in T\u0159eb\u00edz, T\u0159ebiz, VI.\u2013VII.<\/li>\n<li><a href=\"https:\/\/www.sovamm.cz\/wordpress\/wp-content\/uploads\/2021\/12\/Vajdis_1987.pdf\" target=\"_blank\" rel=\"noopener\">1987 \u2013 <em>Jaroslav Vajdi\u0161: Photographs<\/em>, Gallery of the Local History Museum in Slan\u00fd, Slan\u00fd, IV.\u2013V.<\/a><\/li>\n<\/ul>\n<h3>Collective Exhibitions:<\/h3>\n<ul>\n<li>1957 \u2013 <em>Czechoslovak Photography<\/em>, Moscow, Leningrad.<\/li>\n<li>1961\u20131998 \u2013\u00a0<em>The People in Five Generations<\/em>, permanent exhibition at the Moravian Museum in Brno, Palace of Noble Ladies Brno.<\/li>\n<li>1967 \u2013<em> Architecture and Environment<\/em> (on the occasion of a&nbsp;congress of the International Union of Architects &#8211; UIA), Prague Castle Riding Hall, Prague.<\/li>\n<li>1967 \u2013 <em>Vernacular Architecture in Czechoslovakia<\/em>, organized by S\u00daPPOP Prague, Italy.<\/li>\n<li>1971 \u2013\u00a0<em>Protection of Vernacular Architecture Monuments<\/em> (on the occasion of an ICOMOS symposium), \u0160trbsk\u00e9 pleso and Brno, VIII.\u2013IX.<\/li>\n<li>1979 \u2013 <em>L\u2019architecture populaire en Europe<\/em>, Maisons paysannes d\u2019Ile de France, Paris.<\/li>\n<li>1982 \u2013 <em>Open-Air Museums<\/em>, Ethnographical Museum in T\u0159eb\u00edz, T\u0159eb\u00edz, VI.\u2013X.<\/li>\n<li>1984 \u2013\u00a0<em>Vernacular Architecture in Central Bohemia<\/em>, Museum of Central Bohemia in Roztoky, Roztoky near Prague.<\/li>\n<li>1987 \u2013\u00a0<em>The Czech and Slovak People in Photographs Taken by Ethnographers<\/em>, Institute of Folk Art, Str\u00e1\u017enice, and then in further cities.<\/li>\n<li>2021 \u2013\u00a0<em>Str\u00e1\u017enice Open-Air Museum 1981\u20132021: Exhibition on the 40<sup>th<\/sup> Anniversary of the Open-Air Museum of Rural Architecture in South-East Moravia. Also dedicated to a&nbsp;significant jubilee of the ethnologist Josef Jan\u010d\u00e1\u0159 and the 100<sup>th<\/sup> anniversary of the birth of the architects Jaroslav Vajdi\u0161 and Otakar M\u00e1\u010del<\/em>, National Institute of Folk Culture, Str\u00e1\u017enice, 13.\u200aVI.\u201331.\u200aX.<\/li>\n<\/ul>\n<h3>Heritage documentation and surveys:<\/h3>\n<ul>\n<li>South-Moravian Region \u2013 the ethnographic regions of Luha\u010dovick\u00e9 Z\u00e1les\u00ed, Kopanice, Hor\u0148\u00e1cko, Vy\u0161kovsko, Bohemian-Moravian Highlands, Kr\u00e1tk\u00e1, Slov\u00e1cko, Rymice, Kameni\u010dky, Trhonice and others.<\/li>\n<li>District of Pilsen-North.<\/li>\n<li>District of Rokycany \u2013 Dob\u0159\u00edv and Stra\u0161ice.<\/li>\n<li>District of Pilsen-South \u2013 a&nbsp;summarizing report about the condition of heritage buildings.<\/li>\n<li>Municipality of Stachy.<\/li>\n<li>District of Cheb, survey aiming at a&nbsp;not implemented intention to create a&nbsp;conservation area with half-timbered buildings.<\/li>\n<li>Significant participation in the survey of the historical core of Prague; separately survey of the historical core of B\u0159evnov.<\/li>\n<li>Rough survey of Vrchlab\u00ed for the needs of regional planning.<\/li>\n<li>Survey of Dobr\u0161\u00edna.<\/li>\n<li>District of \u0160umperk, survey of heritage buildings and restitution of damaged and disappeared parts..<\/li>\n<li>Survey of Ma\u0159atice near Uhersk\u00e9 Hradi\u0161t\u011b with focus on the forms of wine cellars and barns.<\/li>\n<li>Survey of a&nbsp;district with weavers\u00b4 houses at the textile production workshop in Kout in \u0160umava.<\/li>\n<li>Survey of the southern part of Loket.<\/li>\n<li>Survey of the Nov\u00e9 M\u011bsto nad Metuj\u00ed surroundings.<\/li>\n<li>Church in Slavo\u0148ov.<\/li>\n<li>Documentation and evaluation of buildings in Horn\u00ed and Doln\u00ed Vidim.<\/li>\n<\/ul>\n<h3>Heritage recording:<\/h3>\n<ul>\n<li>Church in Dukovanech, 1:50<\/li>\n<li>Block of houses in the southern part of the square in Loket, 1:50<\/li>\n<li>Church in T\u011b\u0161ov near Zl\u00edn<\/li>\n<li>Monastery in P\u0159edkl\u00e1\u0161te\u0159\u00ed near Ti\u0161nov<\/li>\n<li>Kr\u00e1sn\u00e1 L\u00edpa, house No. 1, 1:50<\/li>\n<li>T\u0159e\u0161tina near \u0160umperk, house No. 22, 1:50<\/li>\n<li>Vit\u011bjovice near Netolice, house No. 15, 1:50<\/li>\n<li>\u017damberk, timber inn, 1:50<\/li>\n<li>Prague, eastern front side of the Old Town Square, 1:200<\/li>\n<li>Prague, New Town Hall, 1:50<\/li>\n<\/ul>\n<h3>Publications:<\/h3>\n<ul>\n<li>N\u011bkter\u00e9 z\u00e1sady architektonick\u00e9 tvorby ve vesnici. <em>\u010cesk\u00fd lid<\/em>. 1954, 41(4), p.&nbsp;149\u2013155.<\/li>\n<li><em>Komposice architektury: soubor stat\u00ed. Odd\u00edl 4.&nbsp;\u010c\u00e1st 3, Komposice \u010desk\u00e9 a&nbsp;slovensk\u00e9 architektury. Komposice \u010desk\u00e9 a&nbsp;slovensk\u00e9 architektury 19.&nbsp;stolet\u00ed. Komposice \u010desk\u00e9 a&nbsp;slovensk\u00e9 architektury lidov\u00e9<\/em> (with Ji\u0159\u00ed Van\u010dura ans Karel Prager). Praha: V\u00daVA, 1955. V\u00fdzkumn\u00e9 \u00fakoly Komposice architektury; Odd\u00edl 4. D\u00edl\u010d\u00ed \u00fakol 6.&nbsp;a&nbsp;7.<\/li>\n<li><em>Slov\u00e1cko: architektonick\u00fd v\u00fdvoj vesnice<\/em> (with Otakar M\u00e1\u010del). Praha: Nakladatelstv\u00ed \u010deskoslovensk\u00fdch v\u00fdtvarn\u00fdch um\u011blc\u016f, 1958.&nbsp;\u010cesk\u00e1 architektura. Velk\u00e1 \u0159ada.<\/li>\n<li>Tendence v\u00fdvoje forem vesnick\u00fdch staveb na Slov\u00e1cku. <em>Architektura \u010cSR<\/em>. 1958, 3(7).<\/li>\n<li><em>Krajina ve fotografii<\/em>. Praha: Orbis, 1960. Fotor\u00e1dce.<\/li>\n<li>Architektura vesnic v&nbsp;\u010cech\u00e1ch a&nbsp;na Morav\u011b (with Karel Prager). In: WIRTH, Zden\u011bk, Ivan BORKOVSK\u00dd a&nbsp;Augusta M\u00dcLLEROV\u00c1. <em>Architektura v&nbsp;\u010desk\u00e9m n\u00e1rodn\u00edm d\u011bdictv\u00ed<\/em>. Praha: SNKLU, 1961. Architektura.<\/li>\n<li>Das l\u00e4ndliche Bauwesen des m\u00e4hrischen Walachei. In: <em>Ethnographica: ro\u010denka<\/em>. Brno: Krajsk\u00e9 nakladatelstv\u00ed. 1962, 3\u20134, p.&nbsp;368\u2013392. Etnografick\u00e9 tisky Moravsk\u00e9ho musea v&nbsp;Brn\u011b.<\/li>\n<li>La\u017eansk\u00fd pal\u00e1c na Star\u00e9m M\u011bst\u011b pra\u017esk\u00e9m (with Dobroslav L\u00edbal). <em>Pam\u00e1tkov\u00e1 p\u00e9\u010de<\/em>. 1962, 22(7), p.&nbsp;199\u2013201.<\/li>\n<li>Pam\u00e1tkov\u00e1 p\u00e9\u010de a&nbsp;architektura vesnic. In: <em>Sborn\u00edk p\u0159edn\u00e1\u0161ek na konferenci S\u00daRPMO<\/em>, 1964.<\/li>\n<li>Nov\u00e9 poznatky o&nbsp;stavebn\u00edm v\u00fdvoji Prahy (Rom\u00e1nsk\u00e9 domy na Star\u00e9m M\u011bst\u011b, D\u016fm Jana Velvara, D\u016fm U&nbsp;supa, Kostel a&nbsp;kl\u00e1\u0161ter sv.&nbsp;Havla, B\u00fdval\u00fd kl\u00e1\u0161ter sv.&nbsp;Anny, Dva \u00faseky v&nbsp;Dlouh\u00e9 ulici, Skupina dom\u016f v&nbsp;Jilsk\u00e9 ulici) (with Dobroslav L\u00edbal and others). In: <em>Stalet\u00e1 Praha. <\/em>Praha: Orbis, 1965, p.&nbsp;74\u2013105.<\/li>\n<li>Na malostransk\u00e9m n\u00e1m\u011bst\u00ed (with Dobroslav L\u00edbal). In: <em>Stalet\u00e1 Praha III<\/em>. Praha: Orbis, 1967, p.&nbsp;161\u2013168.<\/li>\n<li>Studie prostorov\u00e9 skladby obytn\u00fdch budov v&nbsp;Lokti. <em>Pam\u00e1tkov\u00e1 p\u00e9\u010de<\/em>. 1968, 28(8), p.&nbsp;225\u2013231, 256.<\/li>\n<li>Usedlosti v&nbsp;okol\u00ed Poli\u010dky. <em>Pam\u00e1tkov\u00e1 p\u00e9\u010de<\/em>. 1968, 28(10), p.&nbsp;289\u2013303, 320.<\/li>\n<li>K v\u00fdvoji vesnick\u00e9 architektury. <em>Technick\u00fd t\u00fdden\u00edk<\/em>. 1969, 27(33), p.&nbsp;4.<\/li>\n<li>Ochrana pam\u00e1tek lidov\u00e9 architektury. In: <em>Sborn\u00edk p\u0159edn\u00e1\u0161ek z&nbsp;mezin\u00e1rodn\u00edho symposia \u201eP\u0159\u00edsp\u011bvek k&nbsp;syst\u00e9mu standardn\u00ed inventarizace stavebn\u00edch pam\u00e1tek\u201c<\/em>. Praha \u2013 N\u00e1m\u011b\u0161\u0165, 10.\u201317.&nbsp;z\u00e1\u0159\u00ed 1969, Praha: 1969.<\/li>\n<li>Konstrukce a&nbsp;forma v&nbsp;lidov\u00e9 architektu\u0159e.<em> Obnova pam\u00e1tek: \u010dasopis pro stavebn\u011b restaur\u00e1torskou pr\u00e1ci<\/em>. \u0160umperk: Vlastiv\u011bdn\u00fd \u00fastav. 1971, 3(2), p.&nbsp;39\u201353<\/li>\n<li><a href=\"https:\/\/www.sovamm.cz\/wordpress\/wp-content\/uploads\/2021\/12\/Vajdis_1971.pdf\" target=\"_blank\" rel=\"noopener\">Architektonick\u00fd charakter vesnic p\u0159i&nbsp;Morav\u011b a&nbsp;Dyji. <em>Pam\u00e1tkov\u00e1 p\u00e9\u010de<\/em>. 1971, 31(2), p.&nbsp;90\u2013101, 127, 128.<\/a><\/li>\n<li>Rostrie\u0161ten\u00e9 sily. <em>Projekt<\/em>. 1971, 14(147\u2013148), p.&nbsp;272\u2013277.<\/li>\n<li>La mesure en tant que partie du syst\u00e8me de documentation de l\u2019architecture folklorique. In: <em>Symposion International sur le mesurage des monuments.<\/em> Brno, 1971, p.&nbsp;141\u2013147.<\/li>\n<li>Formy ztv\u00e1rn\u011bn\u00ed prvk\u016f a&nbsp;architektonick\u00fdch hmot lidov\u00fdch staveb na Vala\u0161sku, zvl\u00e1\u0161t\u011b v&nbsp;jeho okrajov\u00fdch \u00fazem\u00edch. In: MJARTAN, J\u00e1n, ed.<em> \u013dudov\u00e9 stavite\u013estvo v&nbsp;karpatskej oblasti<\/em>. Bratislava, 1974, p.&nbsp;54\u201356. Ethnographia Carpatica.<\/li>\n<li>Wohnaitz und Behausung der Dorfbev\u00f6lkerung. In: HASALOV\u00c1, V\u011bra and Jaroslav VAJDI\u0160. <em>Die Volkskunst in der Tschechoslowakei.<\/em> Praha: Artia, 1974, p.&nbsp;33\u201383.<\/li>\n<li>Architektonick\u00e9 pam\u00e1tky v&nbsp;prost\u0159ed\u00ed dne\u0161n\u00ed vesnice. In: TOME\u0160, Josef, V\u00e1clav FROLEC and Miroslav KREJ\u010c\u00cd, ed. <em>\u017divotn\u00ed prost\u0159ed\u00ed a&nbsp;tradice<\/em>. Brno: Blok, 1975, p.&nbsp;61\u201363. Lidov\u00e1 kultura a&nbsp;sou\u010dasnost.<\/li>\n<li>Protection de l\u2019architecture populaire des sites prot\u00e9g\u00e9s. Symposium ICOMOS 1971. In: <em>Monumentorum tutela &#8211; Ochrana pamiatok: sborn\u00edk pamiatkovej starostlivosti.<\/em> Bratislava: Obzor. 1976, 9, p.&nbsp;239\u2013255.<\/li>\n<li>Pr\u016fzkum pam\u00e1tek vesnick\u00e9 v\u00fdstavby v&nbsp;okrese \u0160umperk. In: <em>Severn\u00ed Morava: Vlastiv\u011bdn\u00fd sborn\u00edk<\/em>. 1976, p.&nbsp;3\u201331.<\/li>\n<li>Prostorov\u00e9 a&nbsp;hmotov\u00e9 \u0159e\u0161en\u00ed architektury na Vala\u0161sku. <em>Slovensk\u00fd n\u00e1rodopis \/ Slovak Ethnology.<\/em> 1976, 24(2), p.&nbsp;280\u2013284.<\/li>\n<li>Lidov\u00e1 architektura, pod\u00edl na \u010dinnosti S\u00daRPMO. <em>Bulletin S\u00daRPMO<\/em>. 1978, 1\u20132, p.&nbsp;3\u201312.<\/li>\n<li>Zpr\u00e1va o&nbsp;jedn\u00e1n\u00ed konference ICOMOS \u2013 1977. <em>Bulletin S\u00daRPMO<\/em>. 1978, 1\u20132, p.&nbsp;13\u201315.<\/li>\n<li>P\u0159ipom\u00ednka skromn\u00e9 architektury. In: <em>Zpr\u00e1vy Klubu za starou Prahu: Sborn\u00edk za l\u00e9ta 1972\u20131975<\/em>. Praha, 1978, p.&nbsp;45\u201350.<\/li>\n<li><a href=\"https:\/\/na.nulk.cz\/1979\/3\/Nr.html#04\" target=\"_blank\" rel=\"noopener\">Stavebn\u00ed v\u00fdvoj obce Kr\u00e1tk\u00e1. <em>N\u00e1rodopisn\u00e9 aktuality<\/em>. 1979, 16(3), p.&nbsp;198\u2013210.<\/a><\/li>\n<li><a href=\"https:\/\/na.nulk.cz\/1980\/3\/Nr.html#01\" target=\"_blank\" rel=\"noopener\">K charakteru star\u00fdch rouben\u00fdch budov. <em>N\u00e1rodopisn\u00e9 aktuality<\/em>. 1980, 17(3), p.&nbsp;169\u2013189.<\/a><\/li>\n<li><em>Klasifika\u010dn\u00ed syst\u00e9m \u201eLidov\u00e1 stavba\u201c<\/em> (with Zden\u011bk Mi\u0161urec and Zden\u011bk Zast\u00e1vka). Praha: \u00dastav pro etnografii a&nbsp;folkloristiku \u010cSAV, 1982. Opera ethnologica.<\/li>\n<li><em>Lidov\u00e1 architektura St\u0159edo\u010desk\u00e9ho kraje<\/em> (with Ji\u0159\u00ed \u0160kabrada). Praha: St\u0159edisko st\u00e1tn\u00ed pam\u00e1tkov\u00e9 p\u00e9\u010de a&nbsp;ochrany p\u0159\u00edrody St\u0159edo\u010desk\u00e9ho kraje, 1984. Pam\u00e1tky St\u0159edo\u010desk\u00e9ho kraje.<\/li>\n<li>Usedlosti s&nbsp;uzav\u0159en\u00fdm dvorem na pomez\u00ed \u010cech a&nbsp;Moravy. In: <em>Sborn\u00edk p\u0159\u00edsp\u011bvk\u016f z&nbsp;pracovn\u00edho semin\u00e1\u0159e, konan\u00e9ho ve dnech 17.&nbsp;a&nbsp;18.&nbsp;\u0159\u00edjna 1984 ve Svobodn\u00fdch Hamrech<\/em>. Pardubice: KSSPPOP v&nbsp;Pardubic\u00edch, 1986, p.&nbsp;38\u201350.<\/li>\n<li><a href=\"https:\/\/na.nulk.cz\/1986\/3\/Nr.html#02\" target=\"_blank\" rel=\"noopener\">D\u0159ev\u011bn\u00e9 stavby na \u0160umpersku. <em>N\u00e1rodopisn\u00e9 aktuality<\/em>. 1986, 23(3), s. 134\u2013163. \u2016 Tradi\u010dn\u00ed stavebn\u00ed klenebn\u00ed prvky ve stavitelstv\u00ed vesnic. In: \u0160KABRADA, Ji\u0159\u00ed, ed. <em>Vesnick\u00fd d\u016fm v&nbsp;16.&nbsp;a&nbsp;17.&nbsp;stolet\u00ed<\/em>. Praha: \u010cVUT, 1992, p.&nbsp;86\u201396.<\/a><\/li>\n<li>Formy a&nbsp;v\u00fdvoj z\u00e1stavby zanikl\u00e9ho m\u011bste\u010dka Zahr\u00e1dky. In: <em>Sborn\u00edk vlastiv\u011bdn\u00fdch prac\u00ed z&nbsp;Podblanicka<\/em>. Bene\u0161ov: Muzeum okresu Bene\u0161ov; Okresn\u00ed archiv, 1997, p.&nbsp;191\u2013205.<\/li>\n<li><a href=\"https:\/\/www.sovamm.cz\/wordpress\/wp-content\/uploads\/2021\/12\/Vajdis_2001.pdf\" target=\"_blank\" rel=\"noopener\">P\u0159\u00edrodn\u00ed materi\u00e1ly ve stavebnictv\u00ed vesnic v&nbsp;Pomorav\u00ed. In: KUBEL\u00cdK, Martin, Milan PAVL\u00cdK a&nbsp;Josef \u0160TULC, ed. <em>Historick\u00e1 inspirace: sborn\u00edk k&nbsp;poct\u011b Dobroslava L\u00edbala<\/em>. Praha: Jalna, 2001, p.&nbsp;427\u2013440.<\/a><\/li>\n<\/ul>\n<h3>Illustrations \/ published surveys and photographs:<\/h3>\n<ul>\n<li>POL\u00c1\u0160KOV\u00c1, Eva. <em>Hor\u00e1cko: lidov\u00e9 stavby<\/em>. Brno: KSSPPOP, 1966.<\/li>\n<li>POL\u00c1\u0160KOV\u00c1, Eva. <em>Luha\u010dovick\u00e9 Z\u00e1les\u00ed: lidov\u00e9 stavby.<\/em> Brno: KSSPPOP, 1966.<\/li>\n<li>POL\u00c1\u0160KOV\u00c1, Eva. <em>Slov\u00e1cko: lidov\u00e9 stavby.<\/em> Brno: KSSPPOP, 1966.<\/li>\n<li>FROLEC, V\u00e1clav, Josef VA\u0158EKA a&nbsp;\u0160tefan MRU\u0160KOVI\u010c. <em>Lidov\u00e1 architektura: encyklopedie.<\/em> Praha: SNTL, 1983.<\/li>\n<\/ul>\n<p><em>Updated: <span class=\"last-modified-timestamp\">03\/01\/2022 19:46<\/span><\/em><\/p>\n","protected":false},"excerpt":{"rendered":"<p>(27.\u200a2.\u200a1920 P\u0159\u00edlepy \u2013 16.\u200a9.\u200a2006 Prague) He was born in P\u0159\u00edlepy near Hole\u0161ov. He grew up in Hodon\u00edn where his family moved in 1921. He graduated from a&nbsp;secondary school there. After &hellip; <a href=\"https:\/\/sovamm.cz\/wordpress\/en\/exhibitions\/exhibition-macel-vajdis\/macel-vajdis-2\/jaroslav-vajdis-2\/\" class=\"more-link\">Pokra\u010dov\u00e1n\u00ed textu <span class=\"screen-reader-text\">Jaroslav Vajdi\u0161<\/span> <span class=\"meta-nav\">&rarr;<\/span><\/a><\/p>\n","protected":false},"author":2,"featured_media":0,"parent":4226,"menu_order":0,"comment_status":"closed","ping_status":"closed","template":"","meta":{"jetpack_post_was_ever_published":false,"footnotes":""},"class_list":["post-4196","page","type-page","status-publish","hentry"],"jetpack_shortlink":"https:\/\/wp.me\/P8dB8l-15G","jetpack_sharing_enabled":true,"_links":{"self":[{"href":"https:\/\/sovamm.cz\/wordpress\/wp-json\/wp\/v2\/pages\/4196","targetHints":{"allow":["GET"]}}],"collection":[{"href":"https:\/\/sovamm.cz\/wordpress\/wp-json\/wp\/v2\/pages"}],"about":[{"href":"https:\/\/sovamm.cz\/wordpress\/wp-json\/wp\/v2\/types\/page"}],"author":[{"embeddable":true,"href":"https:\/\/sovamm.cz\/wordpress\/wp-json\/wp\/v2\/users\/2"}],"replies":[{"embeddable":true,"href":"https:\/\/sovamm.cz\/wordpress\/wp-json\/wp\/v2\/comments?post=4196"}],"version-history":[{"count":29,"href":"https:\/\/sovamm.cz\/wordpress\/wp-json\/wp\/v2\/pages\/4196\/revisions"}],"predecessor-version":[{"id":4248,"href":"https:\/\/sovamm.cz\/wordpress\/wp-json\/wp\/v2\/pages\/4196\/revisions\/4248"}],"up":[{"embeddable":true,"href":"https:\/\/sovamm.cz\/wordpress\/wp-json\/wp\/v2\/pages\/4226"}],"wp:attachment":[{"href":"https:\/\/sovamm.cz\/wordpress\/wp-json\/wp\/v2\/media?parent=4196"}],"curies":[{"name":"wp","href":"https:\/\/api.w.org\/{rel}","templated":true}]}}