{"id":4157,"date":"2022-01-03T11:43:17","date_gmt":"2022-01-03T10:43:17","guid":{"rendered":"https:\/\/www.sovamm.cz\/wordpress\/?page_id=4157"},"modified":"2022-01-03T12:19:40","modified_gmt":"2022-01-03T11:19:40","slug":"sovpis-localities-z-2","status":"publish","type":"page","link":"https:\/\/sovamm.cz\/wordpress\/en\/sovpis-2\/sovpis-localities-a-z\/sovpis-localities-z-2\/","title":{"rendered":"SOVPIS Localities: \u017d"},"content":{"rendered":"<p>A summary of localities and links to the map of Heritage Catalogue, SOVPIS folders accessible through Photo Station, and SOVAMM documents stored in MIS.<\/p>\n<p><strong><a href=\"https:\/\/www.sovamm.cz\/wordpress\/en\/sovpis-2\/sovpis-localities-a-z\/sovpis-localities-a\/\">A<\/a> \u00a6 <a href=\"https:\/\/www.sovamm.cz\/wordpress\/en\/sovpis-2\/sovpis-localities-a-z\/sovpis-localities-b\/\">B<\/a> \u00a6 <a href=\"https:\/\/www.sovamm.cz\/wordpress\/en\/sovpis-2\/sovpis-localities-a-z\/sovpis-localities-c\/\">C<\/a> \u00a6 <a href=\"https:\/\/www.sovamm.cz\/wordpress\/en\/sovpis-2\/sovpis-localities-a-z\/sovpis-localities-c-2\/\">\u010c<\/a> \u00a6 <a href=\"https:\/\/www.sovamm.cz\/wordpress\/en\/sovpis-2\/sovpis-localities-a-z\/sovpis-localities-d\/\">D<\/a> \u00a6 <a href=\"https:\/\/www.sovamm.cz\/wordpress\/en\/sovpis-2\/sovpis-localities-a-z\/sovpis-localities-e\/\">E<\/a> \u00a6 <a href=\"https:\/\/www.sovamm.cz\/wordpress\/en\/sovpis-2\/sovpis-localities-a-z\/sovpis-localities-f\/\">F<\/a> \u00a6 <a href=\"https:\/\/www.sovamm.cz\/wordpress\/en\/sovpis-2\/sovpis-localities-a-z\/sovpis-localities-g\/\">G<\/a> \u00a6 <a href=\"https:\/\/www.sovamm.cz\/wordpress\/en\/sovpis-2\/sovpis-localities-a-z\/sovpis-localities-h\/\">H<\/a> \u00a6 <a href=\"https:\/\/www.sovamm.cz\/wordpress\/en\/sovpis-2\/sovpis-localities-a-z\/sovpis-localities-ch\/\">CH<\/a> \u00a6 <a href=\"https:\/\/www.sovamm.cz\/wordpress\/en\/sovpis-2\/sovpis-localities-a-z\/sovpis-localities-i\/\">I<\/a> \u00a6 <a href=\"https:\/\/www.sovamm.cz\/wordpress\/en\/sovpis-2\/sovpis-localities-a-z\/sovpis-localities-j\/\">J<\/a> \u00a6 <a href=\"https:\/\/www.sovamm.cz\/wordpress\/en\/sovpis-2\/sovpis-localities-a-z\/sovpis-localities-k\/\">K<\/a> \u00a6 <a href=\"https:\/\/www.sovamm.cz\/wordpress\/en\/sovpis-2\/sovpis-localities-a-z\/sovpis-localities-l\/\">L<\/a> \u00a6 <a href=\"https:\/\/www.sovamm.cz\/wordpress\/en\/sovpis-2\/sovpis-localities-a-z\/sovpis-localities-m\/\">M<\/a> \u00a6 <a href=\"https:\/\/www.sovamm.cz\/wordpress\/en\/sovpis-2\/sovpis-localities-a-z\/sovpis-localities-n\/\">N<\/a> \u00a6 <a href=\"https:\/\/www.sovamm.cz\/wordpress\/en\/sovpis-2\/sovpis-localities-a-z\/sovpis-localities-o\/\">O<\/a> \u00a6 <a href=\"https:\/\/www.sovamm.cz\/wordpress\/en\/sovpis-2\/sovpis-localities-a-z\/sovpis-localities-p\/\">P<\/a> \u00a6 Q \u00a6 <a href=\"https:\/\/www.sovamm.cz\/wordpress\/en\/sovpis-2\/sovpis-localities-a-z\/sovpis-localities-r\/\">R<\/a> \u00a6 <a href=\"https:\/\/www.sovamm.cz\/wordpress\/en\/sovpis-2\/sovpis-localities-a-z\/sovpis-localities-r-2\/\">\u0158<\/a> \u00a6 <a href=\"https:\/\/www.sovamm.cz\/wordpress\/en\/sovpis-2\/sovpis-localities-a-z\/sovpis-localities-s\/\">S<\/a> \u00a6 <a href=\"https:\/\/www.sovamm.cz\/wordpress\/en\/sovpis-2\/sovpis-localities-a-z\/sovpis-localities-s-2\/\">\u0160<\/a> \u00a6 <a href=\"https:\/\/www.sovamm.cz\/wordpress\/en\/sovpis-2\/sovpis-localities-a-z\/sovpis-localities-t\/\">T<\/a> \u00a6 <a href=\"https:\/\/www.sovamm.cz\/wordpress\/en\/sovpis-2\/sovpis-localities-a-z\/sovpis-localities-u\/\">U<\/a> \u00a6 <a href=\"https:\/\/www.sovamm.cz\/wordpress\/en\/sovpis-2\/sovpis-localities-a-z\/sovpis-localities-v\/\">V<\/a> \u00a6 W \u00a6 X \u00a6 Y \u00a6 <a href=\"https:\/\/www.sovamm.cz\/wordpress\/en\/sovpis-2\/sovpis-localities-a-z\/sovpis-localities-z\/\">Z<\/a> \u00a6 <a href=\"https:\/\/www.sovamm.cz\/wordpress\/en\/sovpis-2\/sovpis-localities-a-z\/sovpis-localities-z-2\/\">\u017d<\/a><\/strong><\/p>\n\n<table id=\"tablepress-40\" class=\"tablepress tablepress-id-40\">\n<thead>\n<tr class=\"row-1\">\n\t<td class=\"column-1\"><\/td><td class=\"column-2\"><\/td><th class=\"column-3\">Lokalita<br \/>\n<\/th><td class=\"column-4\"><\/td><td class=\"column-5\"><\/td><td class=\"column-6\"><\/td>\n<\/tr>\n<\/thead>\n<tbody class=\"row-striping row-hover\">\n<\/tbody>\n<tfoot>\n<tr class=\"row-2\">\n\t<td class=\"column-1\"><\/td><td class=\"column-2\"><\/td><th class=\"column-3\">Lokalita<\/th><td class=\"column-4\"><\/td><td class=\"column-5\"><\/td><td class=\"column-6\"><\/td>\n<\/tr>\n<\/tfoot>\n<\/table>\n<!-- #tablepress-40 from cache -->\n<p>Updated 2022-01-03 10:04:05<\/p>\n<p>More about the table and its content see <a href=\"https:\/\/www.sovamm.cz\/wordpress\/en\/sovpis-localities\/about-sovpis-localities-table\/\">here<\/a>.<\/p>\n<ul>\n<li><a href=\"https:\/\/www.sovamm.cz\/wordpress\/en\/map-of-sovpis-localities\/\">Map of SOVPIS localities<\/a><\/li>\n<\/ul>\n<p><a href=\"https:\/\/creativecommons.org\/licenses\/by-nc-nd\/4.0\/\" target=\"_blank\" rel=\"license noopener noreferrer\"><img data-recalc-dims=\"1\" decoding=\"async\" src=\"https:\/\/i0.wp.com\/i.creativecommons.org\/l\/by-nc-nd\/4.0\/88x31.png?w=474&#038;ssl=1\" alt=\"Creative Commons License\" \/><\/a><\/p>\n<p>The SOVPIS is published under <a href=\"https:\/\/creativecommons.org\/licenses\/by-nc-nd\/4.0\/deed.en\" rel=\"license\">Creative Commons Attribution-NonCommercial-NoDerivatives 4.0 International<\/a> license.<\/p>\n","protected":false},"excerpt":{"rendered":"<p>A summary of localities and links to the map of Heritage Catalogue, SOVPIS folders accessible through Photo Station, and SOVAMM documents stored in MIS. A&nbsp;\u00a6 B \u00a6 C \u00a6 &hellip; <a href=\"https:\/\/sovamm.cz\/wordpress\/en\/sovpis-2\/sovpis-localities-a-z\/sovpis-localities-z-2\/\" class=\"more-link\">Pokra\u010dov\u00e1n\u00ed textu <span class=\"screen-reader-text\">SOVPIS Localities: \u017d<\/span> <span class=\"meta-nav\">&rarr;<\/span><\/a><\/p>\n","protected":false},"author":2,"featured_media":0,"parent":4103,"menu_order":28,"comment_status":"closed","ping_status":"closed","template":"","meta":{"jetpack_post_was_ever_published":false,"footnotes":""},"class_list":["post-4157","page","type-page","status-publish","hentry"],"jetpack_shortlink":"https:\/\/wp.me\/P8dB8l-153","jetpack_sharing_enabled":true,"_links":{"self":[{"href":"https:\/\/sovamm.cz\/wordpress\/wp-json\/wp\/v2\/pages\/4157","targetHints":{"allow":["GET"]}}],"collection":[{"href":"https:\/\/sovamm.cz\/wordpress\/wp-json\/wp\/v2\/pages"}],"about":[{"href":"https:\/\/sovamm.cz\/wordpress\/wp-json\/wp\/v2\/types\/page"}],"author":[{"embeddable":true,"href":"https:\/\/sovamm.cz\/wordpress\/wp-json\/wp\/v2\/users\/2"}],"replies":[{"embeddable":true,"href":"https:\/\/sovamm.cz\/wordpress\/wp-json\/wp\/v2\/comments?post=4157"}],"version-history":[{"count":2,"href":"https:\/\/sovamm.cz\/wordpress\/wp-json\/wp\/v2\/pages\/4157\/revisions"}],"predecessor-version":[{"id":4187,"href":"https:\/\/sovamm.cz\/wordpress\/wp-json\/wp\/v2\/pages\/4157\/revisions\/4187"}],"up":[{"embeddable":true,"href":"https:\/\/sovamm.cz\/wordpress\/wp-json\/wp\/v2\/pages\/4103"}],"wp:attachment":[{"href":"https:\/\/sovamm.cz\/wordpress\/wp-json\/wp\/v2\/media?parent=4157"}],"curies":[{"name":"wp","href":"https:\/\/api.w.org\/{rel}","templated":true}]}}