{"id":4105,"date":"2022-01-03T11:00:54","date_gmt":"2022-01-03T10:00:54","guid":{"rendered":"https:\/\/www.sovamm.cz\/wordpress\/?page_id=4105"},"modified":"2022-01-03T11:55:27","modified_gmt":"2022-01-03T10:55:27","slug":"sovpis-localities-a","status":"publish","type":"page","link":"https:\/\/sovamm.cz\/wordpress\/en\/sovpis-2\/sovpis-localities-a-z\/sovpis-localities-a\/","title":{"rendered":"SOVPIS Localities: A"},"content":{"rendered":"<p>A summary of localities and links to the map of Heritage Catalogue, SOVPIS folders accessible through Photo Station, and SOVAMM documents stored in MIS.<\/p>\n<p><strong><a href=\"https:\/\/www.sovamm.cz\/wordpress\/en\/sovpis-2\/sovpis-localities-a-z\/sovpis-localities-a\/\">A<\/a> \u00a6 <a href=\"https:\/\/www.sovamm.cz\/wordpress\/en\/sovpis-2\/sovpis-localities-a-z\/sovpis-localities-b\/\">B<\/a> \u00a6 <a href=\"https:\/\/www.sovamm.cz\/wordpress\/en\/sovpis-2\/sovpis-localities-a-z\/sovpis-localities-c\/\">C<\/a> \u00a6 <a href=\"https:\/\/www.sovamm.cz\/wordpress\/en\/sovpis-2\/sovpis-localities-a-z\/sovpis-localities-c-2\/\">\u010c<\/a> \u00a6 <a href=\"https:\/\/www.sovamm.cz\/wordpress\/en\/sovpis-2\/sovpis-localities-a-z\/sovpis-localities-d\/\">D<\/a> \u00a6 <a href=\"https:\/\/www.sovamm.cz\/wordpress\/en\/sovpis-2\/sovpis-localities-a-z\/sovpis-localities-e\/\">E<\/a> \u00a6 <a href=\"https:\/\/www.sovamm.cz\/wordpress\/en\/sovpis-2\/sovpis-localities-a-z\/sovpis-localities-f\/\">F<\/a> \u00a6 <a href=\"https:\/\/www.sovamm.cz\/wordpress\/en\/sovpis-2\/sovpis-localities-a-z\/sovpis-localities-g\/\">G<\/a> \u00a6 <a href=\"https:\/\/www.sovamm.cz\/wordpress\/en\/sovpis-2\/sovpis-localities-a-z\/sovpis-localities-h\/\">H<\/a> \u00a6 <a href=\"https:\/\/www.sovamm.cz\/wordpress\/en\/sovpis-2\/sovpis-localities-a-z\/sovpis-localities-ch\/\">CH<\/a> \u00a6 <a href=\"https:\/\/www.sovamm.cz\/wordpress\/en\/sovpis-2\/sovpis-localities-a-z\/sovpis-localities-i\/\">I<\/a> \u00a6 <a href=\"https:\/\/www.sovamm.cz\/wordpress\/en\/sovpis-2\/sovpis-localities-a-z\/sovpis-localities-j\/\">J<\/a> \u00a6 <a href=\"https:\/\/www.sovamm.cz\/wordpress\/en\/sovpis-2\/sovpis-localities-a-z\/sovpis-localities-k\/\">K<\/a> \u00a6 <a href=\"https:\/\/www.sovamm.cz\/wordpress\/en\/sovpis-2\/sovpis-localities-a-z\/sovpis-localities-l\/\">L<\/a> \u00a6 <a href=\"https:\/\/www.sovamm.cz\/wordpress\/en\/sovpis-2\/sovpis-localities-a-z\/sovpis-localities-m\/\">M<\/a> \u00a6 <a href=\"https:\/\/www.sovamm.cz\/wordpress\/en\/sovpis-2\/sovpis-localities-a-z\/sovpis-localities-n\/\">N<\/a> \u00a6 <a href=\"https:\/\/www.sovamm.cz\/wordpress\/en\/sovpis-2\/sovpis-localities-a-z\/sovpis-localities-o\/\">O<\/a> \u00a6 <a href=\"https:\/\/www.sovamm.cz\/wordpress\/en\/sovpis-2\/sovpis-localities-a-z\/sovpis-localities-p\/\">P<\/a> \u00a6 Q \u00a6 <a href=\"https:\/\/www.sovamm.cz\/wordpress\/en\/sovpis-2\/sovpis-localities-a-z\/sovpis-localities-r\/\">R<\/a> \u00a6 <a href=\"https:\/\/www.sovamm.cz\/wordpress\/en\/sovpis-2\/sovpis-localities-a-z\/sovpis-localities-r-2\/\">\u0158<\/a> \u00a6 <a href=\"https:\/\/www.sovamm.cz\/wordpress\/en\/sovpis-2\/sovpis-localities-a-z\/sovpis-localities-s\/\">S<\/a> \u00a6 <a href=\"https:\/\/www.sovamm.cz\/wordpress\/en\/sovpis-2\/sovpis-localities-a-z\/sovpis-localities-s-2\/\">\u0160<\/a> \u00a6 <a href=\"https:\/\/www.sovamm.cz\/wordpress\/en\/sovpis-2\/sovpis-localities-a-z\/sovpis-localities-t\/\">T<\/a> \u00a6 <a href=\"https:\/\/www.sovamm.cz\/wordpress\/en\/sovpis-2\/sovpis-localities-a-z\/sovpis-localities-u\/\">U<\/a> \u00a6 <a href=\"https:\/\/www.sovamm.cz\/wordpress\/en\/sovpis-2\/sovpis-localities-a-z\/sovpis-localities-v\/\">V<\/a> \u00a6 W \u00a6 X \u00a6 Y \u00a6 <a href=\"https:\/\/www.sovamm.cz\/wordpress\/en\/sovpis-2\/sovpis-localities-a-z\/sovpis-localities-z\/\">Z<\/a> \u00a6 <a href=\"https:\/\/www.sovamm.cz\/wordpress\/en\/sovpis-2\/sovpis-localities-a-z\/sovpis-localities-z-2\/\">\u017d<\/a><\/strong><\/p>\n\n<table id=\"tablepress-14\" class=\"tablepress tablepress-id-14\">\n<thead>\n<tr class=\"row-1\">\n\t<td class=\"column-1\"><\/td><td class=\"column-2\"><\/td><th class=\"column-3\">Lokalita<br \/>\n<\/th><td class=\"column-4\"><\/td><td class=\"column-5\"><\/td><td class=\"column-6\"><\/td>\n<\/tr>\n<\/thead>\n<tbody class=\"row-striping row-hover\">\n<tr class=\"row-2\">\n\t<td class=\"column-1\"><img loading=\"lazy\" decoding=\"async\" src=\"https:\/\/archiv.sovamm.cz\/photo\/webapi\/thumb.php?api=SYNO.PhotoStation.Thumb&amp;method=get&amp;version=1&amp;size=small&amp;id=photo_534f565049532f435a452f41646f6c666f766963655f3030303131_31393836303632315f53795a5f6469615f3131382d33362e6a7067&amp;rotate_version=0&amp;thumb_sig=2f766f6c756d65312f70686f746f2f534f565049532f435a452f41646f6c666f766963655f30303031312f31393836303632315f53795a5f6469615f3131382d33362e6a7067&amp;mtime=1484933158&amp;SynoToken=ec8rkv31jiqev703o327b7f3g6\" width=\"124\" height=\"80\" alt=\"\" class=\"alignnone size-thumbnail\" \/><\/td><td class=\"column-2\">00011<\/td><td class=\"column-3\">Adolfovice \/Jesen\u00edk\/ ves<\/td><td class=\"column-4\"><a href=\"https:\/\/geoportal.npu.cz\/webappbuilder\/apps\/93\/?se=Prostorov%C4%9B%20identifika%C4%8Dn%C3%AD%20prvky%20IISPP&amp;la=2&amp;fk0=KOD_CZ&amp;fv0=11&amp;zo=1\" target=\"_blank\" rel=\"noopener noreferrer\">mapa<\/a><\/td><td class=\"column-5\"><a href=\"https:\/\/archiv.sovamm.cz\/photo\/?t=Albums\/album_534f56504953\/album_534f565049532f435a45\/album_534f565049532f435a452f41646f6c666f766963655f3030303131#Albums\/album_534f56504953\/album_534f565049532f435a45\/album_534f565049532f435a452f41646f6c666f766963655f3030303131\" target=\"_blank\" rel=\"noopener noreferrer\">SOVPIS<\/a><\/td><td class=\"column-6\"><a href=\"http:\/\/iispp.npu.cz\/mis_public\/searchDocument.htm?search=lokalita%3A+11+AND+fond%3A+Archiv+SOVAMM\" target=\"_blank\" rel=\"noopener noreferrer\">MIS<\/a><\/td>\n<\/tr>\n<tr class=\"row-3\">\n\t<td class=\"column-1\"><img loading=\"lazy\" decoding=\"async\" src=\"https:\/\/archiv.sovamm.cz\/photo\/webapi\/thumb.php?api=SYNO.PhotoStation.Thumb&amp;method=get&amp;version=1&amp;size=small&amp;id=photo_534f565049532f435a452f416c6272656368746963652d752d5375736963655f3030303139_31393837303430355f53795a5f6469615f3134392d32392e6a7067&amp;rotate_version=0&amp;thumb_sig=2f766f6c756d65312f70686f746f2f534f565049532f435a452f416c6272656368746963652d752d5375736963655f30303031392f31393837303430355f53795a5f6469615f3134392d32392e6a7067&amp;mtime=1484933541&amp;SynoToken=ec8rkv31jiqev703o327b7f3g6\" width=\"124\" height=\"80\" alt=\"\" class=\"alignnone size-thumbnail\" \/><\/td><td class=\"column-2\">00019<\/td><td class=\"column-3\">Albrechtice u Su\u0161ice \/Su\u0161ice\/ ves<\/td><td class=\"column-4\"><a href=\"https:\/\/geoportal.npu.cz\/webappbuilder\/apps\/93\/?se=Prostorov%C4%9B%20identifika%C4%8Dn%C3%AD%20prvky%20IISPP&amp;la=2&amp;fk0=KOD_CZ&amp;fv0=19&amp;zo=1\" target=\"_blank\" rel=\"noopener noreferrer\">mapa<\/a><\/td><td class=\"column-5\"><a href=\"https:\/\/archiv.sovamm.cz\/photo\/?t=Albums\/album_534f56504953\/album_534f565049532f435a45\/album_534f565049532f435a452f416c6272656368746963652d752d5375736963655f3030303139#Albums\/album_534f56504953\/album_534f565049532f435a45\/album_534f565049532f435a452f416c6272656368746963652d752d5375736963655f3030303139\" target=\"_blank\" rel=\"noopener noreferrer\">SOVPIS<\/a><\/td><td class=\"column-6\"><a href=\"http:\/\/iispp.npu.cz\/mis_public\/searchDocument.htm?search=lokalita%3A+19+AND+fond%3A+Archiv+SOVAMM\" target=\"_blank\" rel=\"noopener noreferrer\">MIS<\/a><\/td>\n<\/tr>\n<tr class=\"row-4\">\n\t<td class=\"column-1\"><img loading=\"lazy\" decoding=\"async\" src=\"https:\/\/archiv.sovamm.cz\/photo\/webapi\/thumb.php?api=SYNO.PhotoStation.Thumb&amp;method=get&amp;version=1&amp;size=small&amp;id=photo_534f565049532f435a452f416c656e696e612d4c686f74615f3030303334_31393837303732325f53795a5f6469615f3137382d30332e6a7067&amp;rotate_version=0&amp;thumb_sig=2f766f6c756d65312f70686f746f2f534f565049532f435a452f416c656e696e612d4c686f74615f30303033342f31393837303732325f53795a5f6469615f3137382d30332e6a7067&amp;mtime=1485107835&amp;SynoToken=5ba9rfs584nromn9lbh4cr1336\" width=\"124\" height=\"80\" alt=\"\" class=\"alignnone size-thumbnail\" \/><\/td><td class=\"column-2\">00034<\/td><td class=\"column-3\">Alenina Lhota \/Jistebnice\/ ves<\/td><td class=\"column-4\"><a href=\"https:\/\/geoportal.npu.cz\/webappbuilder\/apps\/93\/?se=Prostorov%C4%9B%20identifika%C4%8Dn%C3%AD%20prvky%20IISPP&amp;la=2&amp;fk0=KOD_CZ&amp;fv0=34&amp;zo=1\" target=\"_blank\" rel=\"noopener noreferrer\">mapa<\/a><\/td><td class=\"column-5\"><a href=\"https:\/\/archiv.sovamm.cz\/photo\/?t=Albums\/album_534f56504953\/album_534f565049532f435a45\/album_534f565049532f435a452f416c656e696e612d4c686f74615f3030303334#Albums\/album_534f56504953\/album_534f565049532f435a45\/album_534f565049532f435a452f416c656e696e612d4c686f74615f3030303334\" target=\"_blank\" rel=\"noopener noreferrer\">SOVPIS<\/a><\/td><td class=\"column-6\"><a href=\"http:\/\/iispp.npu.cz\/mis_public\/searchDocument.htm?search=lokalita%3A+34+AND+fond%3A+Archiv+SOVAMM\" target=\"_blank\" rel=\"noopener noreferrer\">MIS<\/a><\/td>\n<\/tr>\n<tr class=\"row-5\">\n\t<td class=\"column-1\"><img loading=\"lazy\" decoding=\"async\" src=\"https:\/\/archiv.sovamm.cz\/photo\/webapi\/thumb.php?api=SYNO.PhotoStation.Thumb&amp;method=get&amp;version=1&amp;size=small&amp;id=photo_534f565049532f435a452f416e64656c736b612d486f72615f3030303535_31393837303431395f53795a5f6469615f3135332d30352e6a7067&amp;rotate_version=0&amp;thumb_sig=2f766f6c756d65312f70686f746f2f534f565049532f435a452f416e64656c736b612d486f72615f30303035352f31393837303431395f53795a5f6469615f3135332d30352e6a7067&amp;mtime=1484933951&amp;SynoToken=ec8rkv31jiqev703o327b7f3g6\" width=\"124\" height=\"80\" alt=\"\" class=\"alignnone size-thumbnail\" \/><\/td><td class=\"column-2\">00055<\/td><td class=\"column-3\">And\u011blsk\u00e1 Hora \/Brunt\u00e1l\/ m\u011bsto<\/td><td class=\"column-4\"><a href=\"https:\/\/geoportal.npu.cz\/webappbuilder\/apps\/93\/?se=Prostorov%C4%9B%20identifika%C4%8Dn%C3%AD%20prvky%20IISPP&amp;la=2&amp;fk0=KOD_CZ&amp;fv0=55&amp;zo=1\" target=\"_blank\" rel=\"noopener noreferrer\">mapa<\/a><\/td><td class=\"column-5\"><a href=\"https:\/\/archiv.sovamm.cz\/photo\/?t=Albums\/album_534f56504953\/album_534f565049532f435a45\/album_534f565049532f435a452f416e64656c736b612d486f72615f3030303535#Albums\/album_534f56504953\/album_534f565049532f435a45\/album_534f565049532f435a452f416e64656c736b612d486f72615f3030303535\" target=\"_blank\" rel=\"noopener noreferrer\">SOVPIS<\/a><\/td><td class=\"column-6\"><a href=\"http:\/\/iispp.npu.cz\/mis_public\/searchDocument.htm?search=lokalita%3A+55+AND+fond%3A+Archiv+SOVAMM\" target=\"_blank\" rel=\"noopener noreferrer\">MIS<\/a><\/td>\n<\/tr>\n<tr class=\"row-6\">\n\t<td class=\"column-1\"><img loading=\"lazy\" decoding=\"async\" src=\"https:\/\/archiv.sovamm.cz\/photo\/webapi\/thumb.php?api=SYNO.PhotoStation.Thumb&amp;method=get&amp;version=1&amp;size=small&amp;id=photo_534f565049532f435a452f416e6e696e5f3030303635_31393839303832355f53795a5f6469615f3235322d30382e6a7067&amp;rotate_version=0&amp;thumb_sig=2f766f6c756d65312f70686f746f2f534f565049532f435a452f416e6e696e5f30303036352f31393839303832355f53795a5f6469615f3235322d30382e6a7067&amp;mtime=1486226383&amp;SynoToken=0vkil2l8p2k3rdispv0t5mrb10\" width=\"124\" height=\"80\" alt=\"\" class=\"alignnone size-thumbnail\" \/><\/td><td class=\"column-2\">00065<\/td><td class=\"column-3\">Ann\u00edn \/Kojet\u00edn\/ ves<\/td><td class=\"column-4\"><a href=\"https:\/\/geoportal.npu.cz\/webappbuilder\/apps\/93\/?se=Prostorov%C4%9B%20identifika%C4%8Dn%C3%AD%20prvky%20IISPP&amp;la=2&amp;fk0=KOD_CZ&amp;fv0=65&amp;zo=1\" target=\"_blank\" rel=\"noopener noreferrer\">mapa<\/a><\/td><td class=\"column-5\"><a href=\"https:\/\/archiv.sovamm.cz\/photo\/?t=Albums\/album_534f56504953\/album_534f565049532f435a45\/album_534f565049532f435a452f416e6e696e5f3030303635#Albums\/album_534f56504953\/album_534f565049532f435a45\/album_534f565049532f435a452f416e6e696e5f3030303635\" target=\"_blank\" rel=\"noopener noreferrer\">SOVPIS<\/a><\/td><td class=\"column-6\"><a href=\"http:\/\/iispp.npu.cz\/mis_public\/searchDocument.htm?search=lokalita%3A+65+AND+fond%3A+Archiv+SOVAMM\" target=\"_blank\" rel=\"noopener noreferrer\">MIS<\/a><\/td>\n<\/tr>\n<tr class=\"row-7\">\n\t<td class=\"column-1\"><img loading=\"lazy\" decoding=\"async\" src=\"https:\/\/archiv.sovamm.cz\/photo\/webapi\/thumb.php?api=SYNO.PhotoStation.Thumb&amp;method=get&amp;version=1&amp;size=large&amp;id=photo_534f565049532f435a452f416e746f6e696e6f766f2d55646f6c695f3232363134_3230303230335f4b754b5f6e65675f303230335f303135333d6b61706c652d58283137383929752e6a7067&amp;rotate_version=0&amp;thumb_sig=2f766f6c756d65312f70686f746f2f534f565049532f435a452f416e746f6e696e6f766f2d55646f6c695f32323631342f3230303230335f4b754b5f6e65675f303230335f303135333d6b61706c652d58283137383929752e6a7067&amp;mtime=1516384112&amp;SynoToken=8bdgd5agl5te5ahh67h7oiq0t6\" width=\"124\" height=\"80\" class=\"alignnone size-large\" \/><\/td><td class=\"column-2\">22614<\/td><td class=\"column-3\">Anton\u00ednovo \u00dadol\u00ed \/Cvikov\/ v\u00edska<\/td><td class=\"column-4\"><a href=\"https:\/\/geoportal.npu.cz\/webappbuilder\/apps\/93\/?se=Prostorov%C4%9B%20identifika%C4%8Dn%C3%AD%20prvky%20IISPP&amp;la=2&amp;fk0=KOD_CZ&amp;fv0=22614&amp;zo=1\" target=\"_blank\" rel=\"noopener noreferrer\">mapa<\/a><\/td><td class=\"column-5\"><a href=\"https:\/\/archiv.sovamm.cz\/photo\/?t=Albums\/album_534f56504953\/album_534f565049532f435a45\/album_534f565049532f435a452f416e746f6e696e6f766f2d55646f6c695f3232363134#Albums\/album_534f56504953\/album_534f565049532f435a45\/album_534f565049532f435a452f416e746f6e696e6f766f2d55646f6c695f3232363134\" rel=\"noopener noreferrer\" target=\"_blank\">SOVPIS<\/a><\/td><td class=\"column-6\"><a href=\"http:\/\/iispp.npu.cz\/mis_public\/searchDocument.htm?search=lokalita%3A+22614+AND+fond%3A+Archiv+SOVAMM\" target=\"_blank\" rel=\"noopener noreferrer\">MIS<\/a><\/td>\n<\/tr>\n<tr class=\"row-8\">\n\t<td class=\"column-1\"><img loading=\"lazy\" decoding=\"async\" src=\"https:\/\/archiv.sovamm.cz\/photo\/webapi\/thumb.php?api=SYNO.PhotoStation.Thumb&amp;method=get&amp;version=1&amp;size=small&amp;id=photo_534f565049532f435a452f416e746f6e696e75762d55646f6c5f3030303734_31393835303330375f53795a5f6469615f3036392d30382e6a7067&amp;rotate_version=0&amp;thumb_sig=2f766f6c756d65312f70686f746f2f534f565049532f435a452f416e746f6e696e75762d55646f6c5f30303037342f31393835303330375f53795a5f6469615f3036392d30382e6a7067&amp;mtime=1484506616&amp;SynoToken=8bdgd5agl5te5ahh67h7oiq0t6\" width=\"124\" height=\"80\" class=\"alignnone size-large\" \/><\/td><td class=\"column-2\">00074<\/td><td class=\"column-3\">Anton\u00edn\u016fv \u00dadol \/Svoboda nad \u00dapou\/ v\u00edska<\/td><td class=\"column-4\"><a href=\"https:\/\/geoportal.npu.cz\/webappbuilder\/apps\/93\/?se=Prostorov%C4%9B%20identifika%C4%8Dn%C3%AD%20prvky%20IISPP&amp;la=2&amp;fk0=KOD_CZ&amp;fv0=74&amp;zo=1\" target=\"_blank\" rel=\"noopener noreferrer\">mapa<\/a><\/td><td class=\"column-5\"><a href=\"https:\/\/archiv.sovamm.cz\/photo\/?t=Albums\/album_534f56504953\/album_534f565049532f435a45\/album_534f565049532f435a452f416e746f6e696e75762d55646f6c5f3030303734#Albums\/album_534f56504953\/album_534f565049532f435a45\/album_534f565049532f435a452f416e746f6e696e75762d55646f6c5f3030303734\" target=\"_blank\" rel=\"noopener noreferrer\">SOVPIS<\/a><\/td><td class=\"column-6\"><a href=\"http:\/\/iispp.npu.cz\/mis_public\/searchDocument.htm?search=lokalita%3A+74+AND+fond%3A+Archiv+SOVAMM\" target=\"_blank\" rel=\"noopener noreferrer\">MIS<\/a><\/td>\n<\/tr>\n<tr class=\"row-9\">\n\t<td class=\"column-1\"><img loading=\"lazy\" decoding=\"async\" src=\"https:\/\/archiv.sovamm.cz\/photo\/webapi\/thumb.php?api=SYNO.PhotoStation.Thumb&amp;method=get&amp;version=1&amp;size=small&amp;id=photo_534f565049532f435a452f417263686c65626f765f3030303739_31393836303932375f53795a5f6469615f3133342d33322e6a7067&amp;rotate_version=0&amp;thumb_sig=2f766f6c756d65312f70686f746f2f534f565049532f435a452f417263686c65626f765f30303037392f31393836303932375f53795a5f6469615f3133342d33322e6a7067&amp;mtime=1484934370&amp;SynoToken=ec8rkv31jiqev703o327b7f3g6\" width=\"124\" height=\"80\" alt=\"\" class=\"alignnone size-thumbnail\" \/><\/td><td class=\"column-2\">00079<\/td><td class=\"column-3\">Archlebov \/\u017dd\u00e1nice\/ b\u00fdv. m\u011bstys<\/td><td class=\"column-4\"><a href=\"https:\/\/geoportal.npu.cz\/webappbuilder\/apps\/93\/?se=Prostorov%C4%9B%20identifika%C4%8Dn%C3%AD%20prvky%20IISPP&amp;la=2&amp;fk0=KOD_CZ&amp;fv0=79&amp;zo=1\" target=\"_blank\" rel=\"noopener noreferrer\">mapa<\/a><\/td><td class=\"column-5\"><a href=\"https:\/\/archiv.sovamm.cz\/photo\/?t=Albums\/album_534f56504953\/album_534f565049532f435a45\/album_534f565049532f435a452f417263686c65626f765f3030303739#Albums\/album_534f56504953\/album_534f565049532f435a45\/album_534f565049532f435a452f417263686c65626f765f3030303739\" target=\"_blank\" rel=\"noopener noreferrer\">SOVPIS<\/a><\/td><td class=\"column-6\"><a href=\"http:\/\/iispp.npu.cz\/mis_public\/searchDocument.htm?search=lokalita%3A+79+AND+fond%3A+Archiv+SOVAMM\" target=\"_blank\" rel=\"noopener noreferrer\">MIS<\/a><\/td>\n<\/tr>\n<tr class=\"row-10\">\n\t<td class=\"column-1\"><img loading=\"lazy\" decoding=\"async\" src=\"https:\/\/archiv.sovamm.cz\/photo\/webapi\/thumb.php?api=SYNO.PhotoStation.Thumb&amp;method=get&amp;version=1&amp;size=small&amp;id=photo_534f565049532f435a452f41726e6f6c746963655f3030303834_32303037303732315f43654d5f6469675f50373231363036352e4a5047&amp;rotate_version=0&amp;thumb_sig=2f766f6c756d65312f70686f746f2f534f565049532f435a452f41726e6f6c746963655f30303038342f32303037303732315f43654d5f6469675f50373231363036352e4a5047&amp;mtime=1516357769&amp;SynoToken=81lpt090iu8ni9slgajemrptf7\" width=\"124\" height=\"80\" class=\"alignnone size-large\" \/><\/td><td class=\"column-2\">00084<\/td><td class=\"column-3\">Arnoltice \/D\u011b\u010d\u00edn\/ b\u00fdv. m\u011bstys<\/td><td class=\"column-4\"><a href=\"https:\/\/geoportal.npu.cz\/webappbuilder\/apps\/93\/?se=Prostorov%C4%9B%20identifika%C4%8Dn%C3%AD%20prvky%20IISPP&amp;la=2&amp;fk0=KOD_CZ&amp;fv0=84&amp;zo=1\" target=\"_blank\" rel=\"noopener noreferrer\">mapa<\/a><\/td><td class=\"column-5\"><a href=\"https:\/\/archiv.sovamm.cz\/photo\/?t=Albums\/album_534f56504953\/album_534f565049532f435a45\/album_534f565049532f435a452f41726e6f6c746963655f3030303834#Albums\/album_534f56504953\/album_534f565049532f435a45\/album_534f565049532f435a452f41726e6f6c746963655f3030303834\" rel=\"noopener noreferrer\" target=\"_blank\">SOVPIS<\/a><\/td><td class=\"column-6\"><a href=\"http:\/\/iispp.npu.cz\/mis_public\/searchDocument.htm?search=lokalita%3A+84+AND+fond%3A+Archiv+SOVAMM\" target=\"_blank\" rel=\"noopener noreferrer\">MIS<\/a><\/td>\n<\/tr>\n<tr class=\"row-11\">\n\t<td class=\"column-1\"><img loading=\"lazy\" decoding=\"async\" src=\"https:\/\/archiv.sovamm.cz\/photo\/webapi\/thumb.php?api=SYNO.PhotoStation.Thumb&amp;method=get&amp;version=1&amp;size=small&amp;id=photo_534f565049532f435a452f41726e6f73746f765f3030303838_31393838303430345f53795a5f6469615f3139322d33342e6a7067&amp;rotate_version=0&amp;thumb_sig=2f766f6c756d65312f70686f746f2f534f565049532f435a452f41726e6f73746f765f30303038382f31393838303430345f53795a5f6469615f3139322d33342e6a7067&amp;mtime=1485370462&amp;SynoToken=h53ai1823ejoumlei0c3lphrc2\" width=\"124\" height=\"80\" alt=\"\" class=\"alignnone size-thumbnail\" \/><\/td><td class=\"column-2\">00088<\/td><td class=\"column-3\">Arno\u0161tov \/Nov\u00e1 Paka\/ ves<\/td><td class=\"column-4\"><a href=\"https:\/\/geoportal.npu.cz\/webappbuilder\/apps\/93\/?se=Prostorov%C4%9B%20identifika%C4%8Dn%C3%AD%20prvky%20IISPP&amp;la=2&amp;fk0=KOD_CZ&amp;fv0=88&amp;zo=1\" target=\"_blank\" rel=\"noopener noreferrer\">mapa<\/a><\/td><td class=\"column-5\"><a href=\"https:\/\/archiv.sovamm.cz\/photo\/?t=Albums\/album_534f56504953\/album_534f565049532f435a45\/album_534f565049532f435a452f41726e6f73746f765f3030303838#Albums\/album_534f56504953\/album_534f565049532f435a45\/album_534f565049532f435a452f41726e6f73746f765f3030303838\" target=\"_blank\" rel=\"noopener noreferrer\">SOVPIS<\/a><\/td><td class=\"column-6\"><a href=\"http:\/\/iispp.npu.cz\/mis_public\/searchDocument.htm?search=lokalita%3A+88+AND+fond%3A+Archiv+SOVAMM\" target=\"_blank\" rel=\"noopener noreferrer\">MIS<\/a><\/td>\n<\/tr>\n<\/tbody>\n<tfoot>\n<tr class=\"row-12\">\n\t<td class=\"column-1\"><\/td><td class=\"column-2\"><\/td><th class=\"column-3\">Lokalita<\/th><td class=\"column-4\"><\/td><td class=\"column-5\"><\/td><td class=\"column-6\"><\/td>\n<\/tr>\n<\/tfoot>\n<\/table>\n<!-- #tablepress-14 from cache -->\n<p>Updated 2024-05-23 09:28:49<\/p>\n<p>More about the table and its content see <a href=\"https:\/\/www.sovamm.cz\/wordpress\/en\/sovpis-localities\/about-sovpis-localities-table\/\">here<\/a>.<\/p>\n<ul>\n<li><a href=\"https:\/\/www.sovamm.cz\/wordpress\/en\/map-of-sovpis-localities\/\">Map of SOVPIS localities<\/a><\/li>\n<\/ul>\n<p><a href=\"https:\/\/creativecommons.org\/licenses\/by-nc-nd\/4.0\/\" target=\"_blank\" rel=\"license noopener noreferrer\"><img data-recalc-dims=\"1\" decoding=\"async\" src=\"https:\/\/i0.wp.com\/i.creativecommons.org\/l\/by-nc-nd\/4.0\/88x31.png?w=474&#038;ssl=1\" alt=\"Creative Commons License\" \/><\/a><\/p>\n<p>The SOVPIS is published under <a href=\"https:\/\/creativecommons.org\/licenses\/by-nc-nd\/4.0\/deed.en\" rel=\"license\">Creative Commons Attribution-NonCommercial-NoDerivatives 4.0 International<\/a> license.<\/p>\n","protected":false},"excerpt":{"rendered":"<p>A summary of localities and links to the map of Heritage Catalogue, SOVPIS folders accessible through Photo Station, and SOVAMM documents stored in MIS. A&nbsp;\u00a6 B \u00a6 C \u00a6 &hellip; <a href=\"https:\/\/sovamm.cz\/wordpress\/en\/sovpis-2\/sovpis-localities-a-z\/sovpis-localities-a\/\" class=\"more-link\">Pokra\u010dov\u00e1n\u00ed textu <span class=\"screen-reader-text\">SOVPIS Localities: A<\/span> <span class=\"meta-nav\">&rarr;<\/span><\/a><\/p>\n","protected":false},"author":2,"featured_media":0,"parent":4103,"menu_order":1,"comment_status":"closed","ping_status":"closed","template":"","meta":{"jetpack_post_was_ever_published":false,"footnotes":""},"class_list":["post-4105","page","type-page","status-publish","hentry"],"jetpack_shortlink":"https:\/\/wp.me\/P8dB8l-14d","jetpack_sharing_enabled":true,"_links":{"self":[{"href":"https:\/\/sovamm.cz\/wordpress\/wp-json\/wp\/v2\/pages\/4105","targetHints":{"allow":["GET"]}}],"collection":[{"href":"https:\/\/sovamm.cz\/wordpress\/wp-json\/wp\/v2\/pages"}],"about":[{"href":"https:\/\/sovamm.cz\/wordpress\/wp-json\/wp\/v2\/types\/page"}],"author":[{"embeddable":true,"href":"https:\/\/sovamm.cz\/wordpress\/wp-json\/wp\/v2\/users\/2"}],"replies":[{"embeddable":true,"href":"https:\/\/sovamm.cz\/wordpress\/wp-json\/wp\/v2\/comments?post=4105"}],"version-history":[{"count":2,"href":"https:\/\/sovamm.cz\/wordpress\/wp-json\/wp\/v2\/pages\/4105\/revisions"}],"predecessor-version":[{"id":4161,"href":"https:\/\/sovamm.cz\/wordpress\/wp-json\/wp\/v2\/pages\/4105\/revisions\/4161"}],"up":[{"embeddable":true,"href":"https:\/\/sovamm.cz\/wordpress\/wp-json\/wp\/v2\/pages\/4103"}],"wp:attachment":[{"href":"https:\/\/sovamm.cz\/wordpress\/wp-json\/wp\/v2\/media?parent=4105"}],"curies":[{"name":"wp","href":"https:\/\/api.w.org\/{rel}","templated":true}]}}