{"id":4103,"date":"2022-01-03T10:57:04","date_gmt":"2022-01-03T09:57:04","guid":{"rendered":"https:\/\/www.sovamm.cz\/wordpress\/?page_id=4103"},"modified":"2025-03-13T14:58:43","modified_gmt":"2025-03-13T13:58:43","slug":"sovpis-localities-a-z","status":"publish","type":"page","link":"https:\/\/sovamm.cz\/wordpress\/en\/sovpis-2\/sovpis-localities-a-z\/","title":{"rendered":"SOVPIS Localities A-Z"},"content":{"rendered":"<p>A summary of localities and links to the map of Heritage Catalogue, SOVPIS folders accessible through Photo Station, and SOVAMM documents stored in MIS.<\/p>\n<p><strong><a href=\"https:\/\/www.sovamm.cz\/wordpress\/en\/sovpis-2\/sovpis-localities-a-z\/sovpis-localities-a\/\">A<\/a> \u00a6 <a href=\"https:\/\/www.sovamm.cz\/wordpress\/en\/sovpis-2\/sovpis-localities-a-z\/sovpis-localities-b\/\">B<\/a> \u00a6 <a href=\"https:\/\/www.sovamm.cz\/wordpress\/en\/sovpis-2\/sovpis-localities-a-z\/sovpis-localities-c\/\">C<\/a> \u00a6 <a href=\"https:\/\/www.sovamm.cz\/wordpress\/en\/sovpis-2\/sovpis-localities-a-z\/sovpis-localities-c-2\/\">\u010c<\/a> \u00a6 <a href=\"https:\/\/www.sovamm.cz\/wordpress\/en\/sovpis-2\/sovpis-localities-a-z\/sovpis-localities-d\/\">D<\/a> \u00a6 <a href=\"https:\/\/www.sovamm.cz\/wordpress\/en\/sovpis-2\/sovpis-localities-a-z\/sovpis-localities-e\/\">E<\/a> \u00a6 <a href=\"https:\/\/www.sovamm.cz\/wordpress\/en\/sovpis-2\/sovpis-localities-a-z\/sovpis-localities-f\/\">F<\/a> \u00a6 <a href=\"https:\/\/www.sovamm.cz\/wordpress\/en\/sovpis-2\/sovpis-localities-a-z\/sovpis-localities-g\/\">G<\/a> \u00a6 <a href=\"https:\/\/www.sovamm.cz\/wordpress\/en\/sovpis-2\/sovpis-localities-a-z\/sovpis-localities-h\/\">H<\/a> \u00a6 <a href=\"https:\/\/www.sovamm.cz\/wordpress\/en\/sovpis-2\/sovpis-localities-a-z\/sovpis-localities-ch\/\">CH<\/a> \u00a6 <a href=\"https:\/\/www.sovamm.cz\/wordpress\/en\/sovpis-2\/sovpis-localities-a-z\/sovpis-localities-i\/\">I<\/a> \u00a6 <a href=\"https:\/\/www.sovamm.cz\/wordpress\/en\/sovpis-2\/sovpis-localities-a-z\/sovpis-localities-j\/\">J<\/a> \u00a6 <a href=\"https:\/\/www.sovamm.cz\/wordpress\/en\/sovpis-2\/sovpis-localities-a-z\/sovpis-localities-k\/\">K<\/a> \u00a6 <a href=\"https:\/\/www.sovamm.cz\/wordpress\/en\/sovpis-2\/sovpis-localities-a-z\/sovpis-localities-l\/\">L<\/a> \u00a6 <a href=\"https:\/\/www.sovamm.cz\/wordpress\/en\/sovpis-2\/sovpis-localities-a-z\/sovpis-localities-m\/\">M<\/a> \u00a6 <a href=\"https:\/\/www.sovamm.cz\/wordpress\/en\/sovpis-2\/sovpis-localities-a-z\/sovpis-localities-n\/\">N<\/a> \u00a6 <a href=\"https:\/\/www.sovamm.cz\/wordpress\/en\/sovpis-2\/sovpis-localities-a-z\/sovpis-localities-o\/\">O<\/a> \u00a6 <a href=\"https:\/\/www.sovamm.cz\/wordpress\/en\/sovpis-2\/sovpis-localities-a-z\/sovpis-localities-p\/\">P<\/a> \u00a6 Q \u00a6 <a href=\"https:\/\/www.sovamm.cz\/wordpress\/en\/sovpis-2\/sovpis-localities-a-z\/sovpis-localities-r\/\">R<\/a> \u00a6 <a href=\"https:\/\/www.sovamm.cz\/wordpress\/en\/sovpis-2\/sovpis-localities-a-z\/sovpis-localities-r-2\/\">\u0158<\/a> \u00a6 <a href=\"https:\/\/www.sovamm.cz\/wordpress\/en\/sovpis-2\/sovpis-localities-a-z\/sovpis-localities-s\/\">S<\/a> \u00a6 <a href=\"https:\/\/www.sovamm.cz\/wordpress\/en\/sovpis-2\/sovpis-localities-a-z\/sovpis-localities-s-2\/\">\u0160<\/a> \u00a6 <a href=\"https:\/\/www.sovamm.cz\/wordpress\/en\/sovpis-2\/sovpis-localities-a-z\/sovpis-localities-t\/\">T<\/a> \u00a6 <a href=\"https:\/\/www.sovamm.cz\/wordpress\/en\/sovpis-2\/sovpis-localities-a-z\/sovpis-localities-u\/\">U<\/a> \u00a6 <a href=\"https:\/\/www.sovamm.cz\/wordpress\/en\/sovpis-2\/sovpis-localities-a-z\/sovpis-localities-v\/\">V<\/a> \u00a6 W \u00a6 X \u00a6 Y \u00a6 <a href=\"https:\/\/www.sovamm.cz\/wordpress\/en\/sovpis-2\/sovpis-localities-a-z\/sovpis-localities-z\/\">Z<\/a> \u00a6 <a href=\"https:\/\/www.sovamm.cz\/wordpress\/en\/sovpis-2\/sovpis-localities-a-z\/sovpis-localities-z-2\/\">\u017d<\/a><\/strong><\/p>\n<p>More about the table and its content see <a href=\"https:\/\/www.sovamm.cz\/wordpress\/en\/sovpis-localities\/about-sovpis-localities-table\/\">here<\/a>.<\/p>\n<ul>\n<li><a href=\"https:\/\/www.sovamm.cz\/wordpress\/en\/map-of-sovpis-localities\/\">Map of SOVPIS localities<\/a><\/li>\n<\/ul>\n<p><a href=\"https:\/\/creativecommons.org\/licenses\/by-nc-nd\/4.0\/\" target=\"_blank\" rel=\"license noopener noreferrer\"><img data-recalc-dims=\"1\" decoding=\"async\" src=\"https:\/\/i0.wp.com\/i.creativecommons.org\/l\/by-nc-nd\/4.0\/88x31.png?w=474&#038;ssl=1\" alt=\"Creative Commons License\" \/><\/a><\/p>\n<p>The SOVPIS is published under <a href=\"https:\/\/creativecommons.org\/licenses\/by-nc-nd\/4.0\/deed.en\" rel=\"license\">Creative Commons Attribution-NonCommercial-NoDerivatives 4.0 International<\/a> license.<\/p>\n","protected":false},"excerpt":{"rendered":"<p>A summary of localities and links to the map of Heritage Catalogue, SOVPIS folders accessible through Photo Station, and SOVAMM documents stored in MIS. A&nbsp;\u00a6 B \u00a6 C \u00a6 &hellip; <a href=\"https:\/\/sovamm.cz\/wordpress\/en\/sovpis-2\/sovpis-localities-a-z\/\" class=\"more-link\">Pokra\u010dov\u00e1n\u00ed textu <span class=\"screen-reader-text\">SOVPIS Localities A-Z<\/span> <span class=\"meta-nav\">&rarr;<\/span><\/a><\/p>\n","protected":false},"author":2,"featured_media":0,"parent":2948,"menu_order":5,"comment_status":"closed","ping_status":"closed","template":"","meta":{"jetpack_post_was_ever_published":false,"footnotes":""},"class_list":["post-4103","page","type-page","status-publish","hentry"],"jetpack_shortlink":"https:\/\/wp.me\/P8dB8l-14b","jetpack_sharing_enabled":true,"_links":{"self":[{"href":"https:\/\/sovamm.cz\/wordpress\/wp-json\/wp\/v2\/pages\/4103","targetHints":{"allow":["GET"]}}],"collection":[{"href":"https:\/\/sovamm.cz\/wordpress\/wp-json\/wp\/v2\/pages"}],"about":[{"href":"https:\/\/sovamm.cz\/wordpress\/wp-json\/wp\/v2\/types\/page"}],"author":[{"embeddable":true,"href":"https:\/\/sovamm.cz\/wordpress\/wp-json\/wp\/v2\/users\/2"}],"replies":[{"embeddable":true,"href":"https:\/\/sovamm.cz\/wordpress\/wp-json\/wp\/v2\/comments?post=4103"}],"version-history":[{"count":4,"href":"https:\/\/sovamm.cz\/wordpress\/wp-json\/wp\/v2\/pages\/4103\/revisions"}],"predecessor-version":[{"id":6808,"href":"https:\/\/sovamm.cz\/wordpress\/wp-json\/wp\/v2\/pages\/4103\/revisions\/6808"}],"up":[{"embeddable":true,"href":"https:\/\/sovamm.cz\/wordpress\/wp-json\/wp\/v2\/pages\/2948"}],"wp:attachment":[{"href":"https:\/\/sovamm.cz\/wordpress\/wp-json\/wp\/v2\/media?parent=4103"}],"curies":[{"name":"wp","href":"https:\/\/api.w.org\/{rel}","templated":true}]}}