{"id":4073,"date":"2022-01-03T10:15:15","date_gmt":"2022-01-03T09:15:15","guid":{"rendered":"https:\/\/www.sovamm.cz\/wordpress\/?page_id=4073"},"modified":"2022-01-03T10:21:28","modified_gmt":"2022-01-03T09:21:28","slug":"lokality-sovpis-z-2","status":"publish","type":"page","link":"https:\/\/sovamm.cz\/wordpress\/sovpis\/lokality-sovpis-2\/lokality-sovpis-z-2\/","title":{"rendered":"Lokality SOVPIS: \u017d"},"content":{"rendered":"<p><span class=\"tablepress-table-description tablepress-table-description-id-8\">P\u0159ehled lokalit s&nbsp;odkazy do mapy Pam\u00e1tkov\u00e9ho katalogu, slo\u017eek SOVPIS p\u0159\u00edstupn\u00fdch prost\u0159ednictv\u00edm Photo Station a&nbsp;dokument\u016f SOVAMM ulo\u017een\u00fdch v&nbsp;MIS.<\/span><\/p>\n<p><strong><a href=\"https:\/\/www.sovamm.cz\/wordpress\/lokality-sovpis-a\/\">A<\/a> \u00a6 <a href=\"https:\/\/www.sovamm.cz\/wordpress\/sovpis\/lokality-sovpis-2\/lokality-sovpis-b\/\">B<\/a> \u00a6 <a href=\"https:\/\/www.sovamm.cz\/wordpress\/sovpis\/lokality-sovpis-2\/lokality-sovpis-c\/\">C<\/a> \u00a6 <a href=\"https:\/\/www.sovamm.cz\/wordpress\/sovpis\/lokality-sovpis-2\/lokality-sovpis-c-2\/\">\u010c<\/a> \u00a6 <a href=\"https:\/\/www.sovamm.cz\/wordpress\/lokality-sovpis-d\/\">D<\/a> \u00a6 <a href=\"https:\/\/www.sovamm.cz\/wordpress\/sovpis\/lokality-sovpis-2\/lokality-sovpis-e\/\">E<\/a> \u00a6 <a href=\"https:\/\/www.sovamm.cz\/wordpress\/sovpis\/lokality-sovpis-2\/lokality-sovpis-f\/\">F<\/a> \u00a6 <a href=\"https:\/\/www.sovamm.cz\/wordpress\/sovpis\/lokality-sovpis-2\/lokality-sovpis-g\/\">G<\/a> \u00a6 <a href=\"https:\/\/www.sovamm.cz\/wordpress\/sovpis\/lokality-sovpis-2\/lokality-sovpis-h\/\">H<\/a> \u00a6 <a href=\"https:\/\/www.sovamm.cz\/wordpress\/sovpis\/lokality-sovpis-2\/lokality-sovpis-ch\/\">CH<\/a> \u00a6 <a href=\"https:\/\/www.sovamm.cz\/wordpress\/sovpis\/lokality-sovpis-2\/lokality-sovpis-i\/\">I<\/a> \u00a6 <a href=\"https:\/\/www.sovamm.cz\/wordpress\/sovpis\/lokality-sovpis-2\/lokality-sovpis-j\/\">J<\/a> \u00a6 <a href=\"https:\/\/www.sovamm.cz\/wordpress\/sovpis\/lokality-sovpis-2\/lokality-sovpis-k\/\">K<\/a> \u00a6 <a href=\"https:\/\/www.sovamm.cz\/wordpress\/sovpis\/lokality-sovpis-2\/lokality-sovpis-l\/\">L<\/a> \u00a6 <a href=\"https:\/\/www.sovamm.cz\/wordpress\/sovpis\/lokality-sovpis-2\/lokality-sovpis-m\/\">M<\/a> \u00a6 <a href=\"https:\/\/www.sovamm.cz\/wordpress\/sovpis\/lokality-sovpis-2\/lokality-sovpis-n\/\">N<\/a> \u00a6 <a href=\"https:\/\/www.sovamm.cz\/wordpress\/sovpis\/lokality-sovpis-2\/lokality-sovpis-o\/\">O<\/a> \u00a6 <a href=\"https:\/\/www.sovamm.cz\/wordpress\/sovpis\/lokality-sovpis-2\/lokality-sovpis-p\/\">P<\/a> \u00a6 Q \u00a6 <a href=\"https:\/\/www.sovamm.cz\/wordpress\/sovpis\/lokality-sovpis-2\/lokality-sovpis-r\/\">R<\/a> \u00a6 <a href=\"https:\/\/www.sovamm.cz\/wordpress\/sovpis\/lokality-sovpis-2\/lokality-sovpis-r-2\/\">\u0158<\/a> \u00a6 <a href=\"https:\/\/www.sovamm.cz\/wordpress\/sovpis\/lokality-sovpis-2\/lokality-sovpis-s\/\">S<\/a> \u00a6 <a href=\"https:\/\/www.sovamm.cz\/wordpress\/sovpis\/lokality-sovpis-2\/lokality-sovpis-s-2\/\">\u0160<\/a> \u00a6 <a href=\"https:\/\/www.sovamm.cz\/wordpress\/sovpis\/lokality-sovpis-2\/lokality-sovpis-t\/\">T<\/a> \u00a6 <a href=\"https:\/\/www.sovamm.cz\/wordpress\/sovpis\/lokality-sovpis-2\/lokality-sovpis-u\/\">U<\/a> \u00a6 <a href=\"https:\/\/www.sovamm.cz\/wordpress\/sovpis\/lokality-sovpis-2\/lokality-sovpis-v\/\">V<\/a> \u00a6 W \u00a6 X \u00a6 Y \u00a6 <a href=\"https:\/\/www.sovamm.cz\/wordpress\/sovpis\/lokality-sovpis-2\/lokality-sovpis-z\/\">Z<\/a> \u00a6 <a href=\"https:\/\/www.sovamm.cz\/wordpress\/sovpis\/lokality-sovpis-2\/lokality-sovpis-z-2\/\">\u017d<\/a><\/strong><\/p>\n\n<table id=\"tablepress-40\" class=\"tablepress tablepress-id-40\">\n<thead>\n<tr class=\"row-1\">\n\t<td class=\"column-1\"><\/td><td class=\"column-2\"><\/td><th class=\"column-3\">Lokalita<br \/>\n<\/th><td class=\"column-4\"><\/td><td class=\"column-5\"><\/td><td class=\"column-6\"><\/td>\n<\/tr>\n<\/thead>\n<tbody class=\"row-striping row-hover\">\n<\/tbody>\n<tfoot>\n<tr class=\"row-2\">\n\t<td class=\"column-1\"><\/td><td class=\"column-2\"><\/td><th class=\"column-3\">Lokalita<\/th><td class=\"column-4\"><\/td><td class=\"column-5\"><\/td><td class=\"column-6\"><\/td>\n<\/tr>\n<\/tfoot>\n<\/table>\n<!-- #tablepress-40 from cache -->\n<p>Aktualizov\u00e1no 2022-01-03 10:04:05<\/p>\n<p>V\u00edce o&nbsp;tabulce a&nbsp;jej\u00edm obsahu se dozv\u00edte <a href=\"https:\/\/www.sovamm.cz\/wordpress\/o-tabulce-lokalit-sovpis\/\">zde<\/a>.<\/p>\n<ul>\n<li><a href=\"https:\/\/www.sovamm.cz\/wordpress\/lokality-sovpis\/mapa-lokalit-sovpis\/\">Mapa lokalit SOVPIS<\/a><\/li>\n<\/ul>\n<p><a href=\"https:\/\/creativecommons.org\/licenses\/by-nc-nd\/4.0\/\" target=\"_blank\" rel=\"license noopener noreferrer\"><img data-recalc-dims=\"1\" decoding=\"async\" style=\"border-width: 0;\" src=\"https:\/\/i0.wp.com\/i.creativecommons.org\/l\/by-nc-nd\/4.0\/88x31.png?w=474&#038;ssl=1\" alt=\"Creative Commons License\" \/><\/a><\/p>\n<p>SOVPIS je zve\u0159ej\u0148ov\u00e1n pod licenc\u00ed <a href=\"https:\/\/creativecommons.org\/licenses\/by-nc-nd\/4.0\/deed.cs\" rel=\"license\">Creative Commons Uve\u010fte p\u016fvod-Neu\u017e\u00edvejte komer\u010dn\u011b-Nezpracov\u00e1vejte 4.0 Mezin\u00e1rodn\u00ed<\/a>.<\/p>\n","protected":false},"excerpt":{"rendered":"<p>P\u0159ehled lokalit s&nbsp;odkazy do mapy Pam\u00e1tkov\u00e9ho katalogu, slo\u017eek SOVPIS p\u0159\u00edstupn\u00fdch prost\u0159ednictv\u00edm Photo Station a&nbsp;dokument\u016f SOVAMM ulo\u017een\u00fdch v&nbsp;MIS. A&nbsp;\u00a6 B \u00a6 C \u00a6 \u010c \u00a6 D \u00a6 E \u00a6 F &hellip; <a href=\"https:\/\/sovamm.cz\/wordpress\/sovpis\/lokality-sovpis-2\/lokality-sovpis-z-2\/\" class=\"more-link\">Pokra\u010dov\u00e1n\u00ed textu <span class=\"screen-reader-text\">Lokality SOVPIS: \u017d<\/span> <span class=\"meta-nav\">&rarr;<\/span><\/a><\/p>\n","protected":false},"author":2,"featured_media":0,"parent":3273,"menu_order":28,"comment_status":"closed","ping_status":"closed","template":"","meta":{"jetpack_post_was_ever_published":false,"footnotes":""},"class_list":["post-4073","page","type-page","status-publish","hentry"],"jetpack_shortlink":"https:\/\/wp.me\/P8dB8l-13H","jetpack_sharing_enabled":true,"_links":{"self":[{"href":"https:\/\/sovamm.cz\/wordpress\/wp-json\/wp\/v2\/pages\/4073","targetHints":{"allow":["GET"]}}],"collection":[{"href":"https:\/\/sovamm.cz\/wordpress\/wp-json\/wp\/v2\/pages"}],"about":[{"href":"https:\/\/sovamm.cz\/wordpress\/wp-json\/wp\/v2\/types\/page"}],"author":[{"embeddable":true,"href":"https:\/\/sovamm.cz\/wordpress\/wp-json\/wp\/v2\/users\/2"}],"replies":[{"embeddable":true,"href":"https:\/\/sovamm.cz\/wordpress\/wp-json\/wp\/v2\/comments?post=4073"}],"version-history":[{"count":2,"href":"https:\/\/sovamm.cz\/wordpress\/wp-json\/wp\/v2\/pages\/4073\/revisions"}],"predecessor-version":[{"id":4076,"href":"https:\/\/sovamm.cz\/wordpress\/wp-json\/wp\/v2\/pages\/4073\/revisions\/4076"}],"up":[{"embeddable":true,"href":"https:\/\/sovamm.cz\/wordpress\/wp-json\/wp\/v2\/pages\/3273"}],"wp:attachment":[{"href":"https:\/\/sovamm.cz\/wordpress\/wp-json\/wp\/v2\/media?parent=4073"}],"curies":[{"name":"wp","href":"https:\/\/api.w.org\/{rel}","templated":true}]}}