{"id":4071,"date":"2022-01-03T10:12:47","date_gmt":"2022-01-03T09:12:47","guid":{"rendered":"https:\/\/www.sovamm.cz\/wordpress\/?page_id=4071"},"modified":"2022-01-03T10:49:55","modified_gmt":"2022-01-03T09:49:55","slug":"lokality-sovpis-z","status":"publish","type":"page","link":"https:\/\/sovamm.cz\/wordpress\/sovpis\/lokality-sovpis-2\/lokality-sovpis-z\/","title":{"rendered":"Lokality SOVPIS: Z"},"content":{"rendered":"<p><span class=\"tablepress-table-description tablepress-table-description-id-8\">P\u0159ehled lokalit s&nbsp;odkazy do mapy Pam\u00e1tkov\u00e9ho katalogu, slo\u017eek SOVPIS p\u0159\u00edstupn\u00fdch prost\u0159ednictv\u00edm Photo Station a&nbsp;dokument\u016f SOVAMM ulo\u017een\u00fdch v&nbsp;MIS.<\/span><\/p>\n<p><strong><a href=\"https:\/\/www.sovamm.cz\/wordpress\/lokality-sovpis-a\/\">A<\/a> \u00a6 <a href=\"https:\/\/www.sovamm.cz\/wordpress\/sovpis\/lokality-sovpis-2\/lokality-sovpis-b\/\">B<\/a> \u00a6 <a href=\"https:\/\/www.sovamm.cz\/wordpress\/sovpis\/lokality-sovpis-2\/lokality-sovpis-c\/\">C<\/a> \u00a6 <a href=\"https:\/\/www.sovamm.cz\/wordpress\/sovpis\/lokality-sovpis-2\/lokality-sovpis-c-2\/\">\u010c<\/a> \u00a6 <a href=\"https:\/\/www.sovamm.cz\/wordpress\/lokality-sovpis-d\/\">D<\/a> \u00a6 <a href=\"https:\/\/www.sovamm.cz\/wordpress\/sovpis\/lokality-sovpis-2\/lokality-sovpis-e\/\">E<\/a> \u00a6 <a href=\"https:\/\/www.sovamm.cz\/wordpress\/sovpis\/lokality-sovpis-2\/lokality-sovpis-f\/\">F<\/a> \u00a6 <a href=\"https:\/\/www.sovamm.cz\/wordpress\/sovpis\/lokality-sovpis-2\/lokality-sovpis-g\/\">G<\/a> \u00a6 <a href=\"https:\/\/www.sovamm.cz\/wordpress\/sovpis\/lokality-sovpis-2\/lokality-sovpis-h\/\">H<\/a> \u00a6 <a href=\"https:\/\/www.sovamm.cz\/wordpress\/sovpis\/lokality-sovpis-2\/lokality-sovpis-ch\/\">CH<\/a> \u00a6 <a href=\"https:\/\/www.sovamm.cz\/wordpress\/sovpis\/lokality-sovpis-2\/lokality-sovpis-i\/\">I<\/a> \u00a6 <a href=\"https:\/\/www.sovamm.cz\/wordpress\/sovpis\/lokality-sovpis-2\/lokality-sovpis-j\/\">J<\/a> \u00a6 <a href=\"https:\/\/www.sovamm.cz\/wordpress\/sovpis\/lokality-sovpis-2\/lokality-sovpis-k\/\">K<\/a> \u00a6 <a href=\"https:\/\/www.sovamm.cz\/wordpress\/sovpis\/lokality-sovpis-2\/lokality-sovpis-l\/\">L<\/a> \u00a6 <a href=\"https:\/\/www.sovamm.cz\/wordpress\/sovpis\/lokality-sovpis-2\/lokality-sovpis-m\/\">M<\/a> \u00a6 <a href=\"https:\/\/www.sovamm.cz\/wordpress\/sovpis\/lokality-sovpis-2\/lokality-sovpis-n\/\">N<\/a> \u00a6 <a href=\"https:\/\/www.sovamm.cz\/wordpress\/sovpis\/lokality-sovpis-2\/lokality-sovpis-o\/\">O<\/a> \u00a6 <a href=\"https:\/\/www.sovamm.cz\/wordpress\/sovpis\/lokality-sovpis-2\/lokality-sovpis-p\/\">P<\/a> \u00a6 Q \u00a6 <a href=\"https:\/\/www.sovamm.cz\/wordpress\/sovpis\/lokality-sovpis-2\/lokality-sovpis-r\/\">R<\/a> \u00a6 <a href=\"https:\/\/www.sovamm.cz\/wordpress\/sovpis\/lokality-sovpis-2\/lokality-sovpis-r-2\/\">\u0158<\/a> \u00a6 <a href=\"https:\/\/www.sovamm.cz\/wordpress\/sovpis\/lokality-sovpis-2\/lokality-sovpis-s\/\">S<\/a> \u00a6 <a href=\"https:\/\/www.sovamm.cz\/wordpress\/sovpis\/lokality-sovpis-2\/lokality-sovpis-s-2\/\">\u0160<\/a> \u00a6 <a href=\"https:\/\/www.sovamm.cz\/wordpress\/sovpis\/lokality-sovpis-2\/lokality-sovpis-t\/\">T<\/a> \u00a6 <a href=\"https:\/\/www.sovamm.cz\/wordpress\/sovpis\/lokality-sovpis-2\/lokality-sovpis-u\/\">U<\/a> \u00a6 <a href=\"https:\/\/www.sovamm.cz\/wordpress\/sovpis\/lokality-sovpis-2\/lokality-sovpis-v\/\">V<\/a> \u00a6 W \u00a6 X \u00a6 Y \u00a6 <a href=\"https:\/\/www.sovamm.cz\/wordpress\/sovpis\/lokality-sovpis-2\/lokality-sovpis-z\/\">Z<\/a> \u00a6 <a href=\"https:\/\/www.sovamm.cz\/wordpress\/sovpis\/lokality-sovpis-2\/lokality-sovpis-z-2\/\">\u017d<\/a><\/strong><\/p>\n\n<table id=\"tablepress-39\" class=\"tablepress tablepress-id-39\">\n<thead>\n<tr class=\"row-1\">\n\t<td class=\"column-1\"><\/td><td class=\"column-2\"><\/td><th class=\"column-3\">Lokalita<br \/>\n<\/th><td class=\"column-4\"><\/td><td class=\"column-5\"><\/td><td class=\"column-6\"><\/td>\n<\/tr>\n<\/thead>\n<tbody class=\"row-striping row-hover\">\n<tr class=\"row-2\">\n\t<td class=\"column-1\"><img loading=\"lazy\" decoding=\"async\" src=\"https:\/\/archiv.sovamm.cz\/photo\/webapi\/thumb.php?api=SYNO.PhotoStation.Thumb&amp;method=get&amp;version=1&amp;size=small&amp;id=photo_534f565049532f435a452f5a616c757a692d752d566c61737469626f72655f3138383434_31393832303730325f53795a5f6469615f3032342d32392e6a7067&amp;rotate_version=0&amp;thumb_sig=2f766f6c756d65312f70686f746f2f534f565049532f435a452f5a616c757a692d752d566c61737469626f72655f31383834342f31393832303730325f53795a5f6469615f3032342d32392e6a7067&amp;mtime=1483830967&amp;SynoToken=pbq99b7n32bitt3rih35q3a7i3\" width=\"124\" height=\"80\" alt=\"\" class=\"alignnone size-thumbnail\" \/><\/td><td class=\"column-2\">18844<\/td><td class=\"column-3\">Z\u00e1lu\u017e\u00ed u Vlastibo\u0159e \/Sob\u011bslav\/ ves<\/td><td class=\"column-4\"><a href=\"https:\/\/geoportal.npu.cz\/webappbuilder\/apps\/93\/?se=Prostorov%C4%9B%20identifika%C4%8Dn%C3%AD%20prvky%20IISPP&amp;la=2&amp;fk0=KOD_CZ&amp;fv0=18844&amp;zo=1\" target=\"_blank\" rel=\"noopener noreferrer\">mapa<\/a><\/td><td class=\"column-5\"><a href=\"https:\/\/archiv.sovamm.cz\/photo\/?t=Albums\/album_534f56504953\/album_534f565049532f435a45\/album_534f565049532f435a452f5a616c757a692d752d566c61737469626f72655f3138383434#Albums\/album_534f56504953\/album_534f565049532f435a45\/album_534f565049532f435a452f5a616c757a692d752d566c61737469626f72655f3138383434\" target=\"_blank\" rel=\"noopener noreferrer\">SOVPIS<\/a><\/td><td class=\"column-6\"><a href=\"http:\/\/iispp.npu.cz\/mis_public\/searchDocument.htm?search=lokalita%3A+18844+AND+fond%3A+Archiv+SOVAMM\" target=\"_blank\" rel=\"noopener noreferrer\">MIS<\/a><\/td>\n<\/tr>\n<tr class=\"row-3\">\n\t<td class=\"column-1\"><img loading=\"lazy\" decoding=\"async\" src=\"https:\/\/archiv.sovamm.cz\/photo\/webapi\/thumb.php?api=SYNO.PhotoStation.Thumb&amp;method=get&amp;version=1&amp;size=small&amp;id=photo_534f565049532f435a452f5a62796e795f3139303133_31393832303331345f53795a5f6469615f3032322d30362e6a7067&amp;rotate_version=0&amp;thumb_sig=2f766f6c756d65312f70686f746f2f534f565049532f435a452f5a62796e795f31393031332f31393832303331345f53795a5f6469615f3032322d30362e6a7067&amp;mtime=1483831191&amp;SynoToken=pbq99b7n32bitt3rih35q3a7i3\" width=\"124\" height=\"80\" alt=\"\" class=\"alignnone size-thumbnail\" \/><\/td><td class=\"column-2\">19013<\/td><td class=\"column-3\">Zbyny \/Doksy\/ ves<\/td><td class=\"column-4\"><a href=\"https:\/\/geoportal.npu.cz\/webappbuilder\/apps\/93\/?se=Prostorov%C4%9B%20identifika%C4%8Dn%C3%AD%20prvky%20IISPP&amp;la=2&amp;fk0=KOD_CZ&amp;fv0=19013&amp;zo=1\" target=\"_blank\" rel=\"noopener noreferrer\">mapa<\/a><\/td><td class=\"column-5\"><a href=\"https:\/\/archiv.sovamm.cz\/photo\/?t=Albums\/album_534f56504953\/album_534f565049532f435a45\/album_534f565049532f435a452f5a62796e795f3139303133#Albums\/album_534f56504953\/album_534f565049532f435a45\/album_534f565049532f435a452f5a62796e795f3139303133\" target=\"_blank\" rel=\"noopener noreferrer\">SOVPIS<\/a><\/td><td class=\"column-6\"><a href=\"http:\/\/iispp.npu.cz\/mis_public\/searchDocument.htm?search=lokalita%3A+19013+AND+fond%3A+Archiv+SOVAMM\" target=\"_blank\" rel=\"noopener noreferrer\">MIS<\/a><\/td>\n<\/tr>\n<\/tbody>\n<tfoot>\n<tr class=\"row-4\">\n\t<td class=\"column-1\"><\/td><td class=\"column-2\"><\/td><th class=\"column-3\">Lokalita<\/th><td class=\"column-4\"><\/td><td class=\"column-5\"><\/td><td class=\"column-6\"><\/td>\n<\/tr>\n<\/tfoot>\n<\/table>\n<!-- #tablepress-39 from cache -->\n<p>Aktualizov\u00e1no 2024-08-12 19:31:53<\/p>\n<p>V\u00edce o&nbsp;tabulce a&nbsp;jej\u00edm obsahu se dozv\u00edte <a href=\"https:\/\/www.sovamm.cz\/wordpress\/o-tabulce-lokalit-sovpis\/\">zde<\/a>.<\/p>\n<ul>\n<li><a href=\"https:\/\/www.sovamm.cz\/wordpress\/lokality-sovpis\/mapa-lokalit-sovpis\/\">Mapa lokalit SOVPIS<\/a><\/li>\n<\/ul>\n<p><a href=\"https:\/\/creativecommons.org\/licenses\/by-nc-nd\/4.0\/\" target=\"_blank\" rel=\"license noopener noreferrer\"><img data-recalc-dims=\"1\" decoding=\"async\" style=\"border-width: 0;\" src=\"https:\/\/i0.wp.com\/i.creativecommons.org\/l\/by-nc-nd\/4.0\/88x31.png?w=474&#038;ssl=1\" alt=\"Creative Commons License\" \/><\/a><\/p>\n<p>SOVPIS je zve\u0159ej\u0148ov\u00e1n pod licenc\u00ed <a href=\"https:\/\/creativecommons.org\/licenses\/by-nc-nd\/4.0\/deed.cs\" rel=\"license\">Creative Commons Uve\u010fte p\u016fvod-Neu\u017e\u00edvejte komer\u010dn\u011b-Nezpracov\u00e1vejte 4.0 Mezin\u00e1rodn\u00ed<\/a>.<\/p>\n","protected":false},"excerpt":{"rendered":"<p>P\u0159ehled lokalit s&nbsp;odkazy do mapy Pam\u00e1tkov\u00e9ho katalogu, slo\u017eek SOVPIS p\u0159\u00edstupn\u00fdch prost\u0159ednictv\u00edm Photo Station a&nbsp;dokument\u016f SOVAMM ulo\u017een\u00fdch v&nbsp;MIS. A&nbsp;\u00a6 B \u00a6 C \u00a6 \u010c \u00a6 D \u00a6 E \u00a6 F &hellip; <a href=\"https:\/\/sovamm.cz\/wordpress\/sovpis\/lokality-sovpis-2\/lokality-sovpis-z\/\" class=\"more-link\">Pokra\u010dov\u00e1n\u00ed textu <span class=\"screen-reader-text\">Lokality SOVPIS: Z<\/span> <span class=\"meta-nav\">&rarr;<\/span><\/a><\/p>\n","protected":false},"author":2,"featured_media":0,"parent":3273,"menu_order":27,"comment_status":"closed","ping_status":"closed","template":"","meta":{"jetpack_post_was_ever_published":false,"footnotes":""},"class_list":["post-4071","page","type-page","status-publish","hentry"],"jetpack_shortlink":"https:\/\/wp.me\/P8dB8l-13F","jetpack_sharing_enabled":true,"_links":{"self":[{"href":"https:\/\/sovamm.cz\/wordpress\/wp-json\/wp\/v2\/pages\/4071","targetHints":{"allow":["GET"]}}],"collection":[{"href":"https:\/\/sovamm.cz\/wordpress\/wp-json\/wp\/v2\/pages"}],"about":[{"href":"https:\/\/sovamm.cz\/wordpress\/wp-json\/wp\/v2\/types\/page"}],"author":[{"embeddable":true,"href":"https:\/\/sovamm.cz\/wordpress\/wp-json\/wp\/v2\/users\/2"}],"replies":[{"embeddable":true,"href":"https:\/\/sovamm.cz\/wordpress\/wp-json\/wp\/v2\/comments?post=4071"}],"version-history":[{"count":2,"href":"https:\/\/sovamm.cz\/wordpress\/wp-json\/wp\/v2\/pages\/4071\/revisions"}],"predecessor-version":[{"id":4102,"href":"https:\/\/sovamm.cz\/wordpress\/wp-json\/wp\/v2\/pages\/4071\/revisions\/4102"}],"up":[{"embeddable":true,"href":"https:\/\/sovamm.cz\/wordpress\/wp-json\/wp\/v2\/pages\/3273"}],"wp:attachment":[{"href":"https:\/\/sovamm.cz\/wordpress\/wp-json\/wp\/v2\/media?parent=4071"}],"curies":[{"name":"wp","href":"https:\/\/api.w.org\/{rel}","templated":true}]}}