{"id":4069,"date":"2022-01-03T10:10:28","date_gmt":"2022-01-03T09:10:28","guid":{"rendered":"https:\/\/www.sovamm.cz\/wordpress\/?page_id=4069"},"modified":"2022-01-03T10:49:10","modified_gmt":"2022-01-03T09:49:10","slug":"lokality-sovpis-v","status":"publish","type":"page","link":"https:\/\/sovamm.cz\/wordpress\/sovpis\/lokality-sovpis-2\/lokality-sovpis-v\/","title":{"rendered":"Lokality SOVPIS: V"},"content":{"rendered":"<p><span class=\"tablepress-table-description tablepress-table-description-id-8\">P\u0159ehled lokalit s&nbsp;odkazy do mapy Pam\u00e1tkov\u00e9ho katalogu, slo\u017eek SOVPIS p\u0159\u00edstupn\u00fdch prost\u0159ednictv\u00edm Photo Station a&nbsp;dokument\u016f SOVAMM ulo\u017een\u00fdch v&nbsp;MIS.<\/span><\/p>\n<p><strong><a href=\"https:\/\/www.sovamm.cz\/wordpress\/lokality-sovpis-a\/\">A<\/a> \u00a6 <a href=\"https:\/\/www.sovamm.cz\/wordpress\/sovpis\/lokality-sovpis-2\/lokality-sovpis-b\/\">B<\/a> \u00a6 <a href=\"https:\/\/www.sovamm.cz\/wordpress\/sovpis\/lokality-sovpis-2\/lokality-sovpis-c\/\">C<\/a> \u00a6 <a href=\"https:\/\/www.sovamm.cz\/wordpress\/sovpis\/lokality-sovpis-2\/lokality-sovpis-c-2\/\">\u010c<\/a> \u00a6 <a href=\"https:\/\/www.sovamm.cz\/wordpress\/lokality-sovpis-d\/\">D<\/a> \u00a6 <a href=\"https:\/\/www.sovamm.cz\/wordpress\/sovpis\/lokality-sovpis-2\/lokality-sovpis-e\/\">E<\/a> \u00a6 <a href=\"https:\/\/www.sovamm.cz\/wordpress\/sovpis\/lokality-sovpis-2\/lokality-sovpis-f\/\">F<\/a> \u00a6 <a href=\"https:\/\/www.sovamm.cz\/wordpress\/sovpis\/lokality-sovpis-2\/lokality-sovpis-g\/\">G<\/a> \u00a6 <a href=\"https:\/\/www.sovamm.cz\/wordpress\/sovpis\/lokality-sovpis-2\/lokality-sovpis-h\/\">H<\/a> \u00a6 <a href=\"https:\/\/www.sovamm.cz\/wordpress\/sovpis\/lokality-sovpis-2\/lokality-sovpis-ch\/\">CH<\/a> \u00a6 <a href=\"https:\/\/www.sovamm.cz\/wordpress\/sovpis\/lokality-sovpis-2\/lokality-sovpis-i\/\">I<\/a> \u00a6 <a href=\"https:\/\/www.sovamm.cz\/wordpress\/sovpis\/lokality-sovpis-2\/lokality-sovpis-j\/\">J<\/a> \u00a6 <a href=\"https:\/\/www.sovamm.cz\/wordpress\/sovpis\/lokality-sovpis-2\/lokality-sovpis-k\/\">K<\/a> \u00a6 <a href=\"https:\/\/www.sovamm.cz\/wordpress\/sovpis\/lokality-sovpis-2\/lokality-sovpis-l\/\">L<\/a> \u00a6 <a href=\"https:\/\/www.sovamm.cz\/wordpress\/sovpis\/lokality-sovpis-2\/lokality-sovpis-m\/\">M<\/a> \u00a6 <a href=\"https:\/\/www.sovamm.cz\/wordpress\/sovpis\/lokality-sovpis-2\/lokality-sovpis-n\/\">N<\/a> \u00a6 <a href=\"https:\/\/www.sovamm.cz\/wordpress\/sovpis\/lokality-sovpis-2\/lokality-sovpis-o\/\">O<\/a> \u00a6 <a href=\"https:\/\/www.sovamm.cz\/wordpress\/sovpis\/lokality-sovpis-2\/lokality-sovpis-p\/\">P<\/a> \u00a6 Q \u00a6 <a href=\"https:\/\/www.sovamm.cz\/wordpress\/sovpis\/lokality-sovpis-2\/lokality-sovpis-r\/\">R<\/a> \u00a6 <a href=\"https:\/\/www.sovamm.cz\/wordpress\/sovpis\/lokality-sovpis-2\/lokality-sovpis-r-2\/\">\u0158<\/a> \u00a6 <a href=\"https:\/\/www.sovamm.cz\/wordpress\/sovpis\/lokality-sovpis-2\/lokality-sovpis-s\/\">S<\/a> \u00a6 <a href=\"https:\/\/www.sovamm.cz\/wordpress\/sovpis\/lokality-sovpis-2\/lokality-sovpis-s-2\/\">\u0160<\/a> \u00a6 <a href=\"https:\/\/www.sovamm.cz\/wordpress\/sovpis\/lokality-sovpis-2\/lokality-sovpis-t\/\">T<\/a> \u00a6 <a href=\"https:\/\/www.sovamm.cz\/wordpress\/sovpis\/lokality-sovpis-2\/lokality-sovpis-u\/\">U<\/a> \u00a6 <a href=\"https:\/\/www.sovamm.cz\/wordpress\/sovpis\/lokality-sovpis-2\/lokality-sovpis-v\/\">V<\/a> \u00a6 W \u00a6 X \u00a6 Y \u00a6 <a href=\"https:\/\/www.sovamm.cz\/wordpress\/sovpis\/lokality-sovpis-2\/lokality-sovpis-z\/\">Z<\/a> \u00a6 <a href=\"https:\/\/www.sovamm.cz\/wordpress\/sovpis\/lokality-sovpis-2\/lokality-sovpis-z-2\/\">\u017d<\/a><\/strong><\/p>\n\n<table id=\"tablepress-38\" class=\"tablepress tablepress-id-38\">\n<thead>\n<tr class=\"row-1\">\n\t<td class=\"column-1\"><\/td><td class=\"column-2\"><\/td><th class=\"column-3\">Lokalita<br \/>\n<\/th><td class=\"column-4\"><\/td><td class=\"column-5\"><\/td><td class=\"column-6\"><\/td>\n<\/tr>\n<\/thead>\n<tbody class=\"row-striping row-hover\">\n<tr class=\"row-2\">\n\t<td class=\"column-1\"><img loading=\"lazy\" decoding=\"async\" src=\"https:\/\/archiv.sovamm.cz\/photo\/webapi\/thumb.php?api=SYNO.PhotoStation.Thumb&amp;method=get&amp;version=1&amp;size=small&amp;id=photo_534f565049532f435a452f56616c6b65726963655f31373234372f6370303233355f6462313335313638_31393030787878785f4566745f706f735f56616c6b5f6370303233355f30312e6a7067&amp;rotate_version=0&amp;thumb_sig=2f766f6c756d65312f70686f746f2f534f565049532f435a452f56616c6b65726963655f31373234372f6370303233355f64623133353136382f31393030787878785f4566745f706f735f56616c6b5f6370303233355f30312e6a7067&amp;mtime=1601229238&amp;SynoToken=stidmbvc10i6rqiqkmvg8iign4\" width=\"124\" height=\"80\" class=\"alignnone size-large\" \/><\/td><td class=\"column-2\">17247<\/td><td class=\"column-3\">Valke\u0159ice \/Bene\u0161ov nad Plou\u010dnic\u00ed\/ ves<\/td><td class=\"column-4\"><a href=\"https:\/\/geoportal.npu.cz\/webappbuilder\/apps\/93\/?se=Prostorov%C4%9B%20identifika%C4%8Dn%C3%AD%20prvky%20IISPP&amp;la=2&amp;fk0=KOD_CZ&amp;fv0=17247&amp;zo=1\" target=\"_blank\" rel=\"noopener noreferrer\">mapa<\/a><\/td><td class=\"column-5\"><a href=\"https:\/\/archiv.sovamm.cz\/photo\/?t=Albums\/album_534f56504953\/album_534f565049532f435a45\/album_534f565049532f435a452f56616c6b65726963655f3137323437#Albums\/album_534f56504953\/album_534f565049532f435a45\/album_534f565049532f435a452f56616c6b65726963655f3137323437\" rel=\"noopener noreferrer\" target=\"_blank\">SOVPIS<\/a><\/td><td class=\"column-6\"><a href=\"http:\/\/iispp.npu.cz\/mis_public\/searchDocument.htm?search=lokalita%3A+17247+AND+fond%3A+Archiv+SOVAMM\" target=\"_blank\" rel=\"noopener noreferrer\">MIS<\/a><\/td>\n<\/tr>\n<tr class=\"row-3\">\n\t<td class=\"column-1\"><img loading=\"lazy\" decoding=\"async\" src=\"https:\/\/archiv.sovamm.cz\/photo\/webapi\/thumb.php?api=SYNO.PhotoStation.Thumb&amp;method=get&amp;version=1&amp;size=small&amp;id=photo_534f565049532f435a452f56656c6b792d4465736f765f3331373531_31393834313233315f53795a5f6469615f3036362d31322e6a7067&amp;rotate_version=0&amp;thumb_sig=2f766f6c756d65312f70686f746f2f534f565049532f435a452f56656c6b792d4465736f765f33313735312f31393834313233315f53795a5f6469615f3036362d31322e6a7067&amp;mtime=1484487339&amp;SynoToken=3ietp6cp304m21lps9l2gn6nb2\" width=\"124\" height=\"80\" alt=\"\" class=\"alignnone size-thumbnail\" \/><\/td><td class=\"column-2\">31751<\/td><td class=\"column-3\">Velk\u00fd De\u0161ov \/Moravsk\u00e9 Bud\u011bjovice\/ ves<\/td><td class=\"column-4\"><a href=\"https:\/\/geoportal.npu.cz\/webappbuilder\/apps\/93\/?se=Prostorov%C4%9B%20identifika%C4%8Dn%C3%AD%20prvky%20IISPP&amp;la=2&amp;fk0=KOD_CZ&amp;fv0=31751&amp;zo=1\" target=\"_blank\" rel=\"noopener noreferrer\">mapa<\/a><\/td><td class=\"column-5\"><a href=\"https:\/\/archiv.sovamm.cz\/photo\/?t=Albums\/album_534f56504953\/album_534f565049532f435a45\/album_534f565049532f435a452f56656c6b792d4465736f765f3331373531#Albums\/album_534f56504953\/album_534f565049532f435a45\/album_534f565049532f435a452f56656c6b792d4465736f765f3331373531\" target=\"_blank\" rel=\"noopener noreferrer\">SOVPIS<\/a><\/td><td class=\"column-6\"><a href=\"http:\/\/iispp.npu.cz\/mis_public\/searchDocument.htm?search=lokalita%3A+31751+AND+fond%3A+Archiv+SOVAMM\" target=\"_blank\" rel=\"noopener noreferrer\">MIS<\/a><\/td>\n<\/tr>\n<tr class=\"row-4\">\n\t<td class=\"column-1\"><img loading=\"lazy\" decoding=\"async\" src=\"https:\/\/archiv.sovamm.cz\/photo\/webapi\/thumb.php?api=SYNO.PhotoStation.Thumb&amp;method=get&amp;version=1&amp;size=small&amp;id=photo_534f565049532f435a452f566c61737469626f725f3137393534_31393832303730325f53795a5f6469615f3032342d33362e6a7067&amp;rotate_version=0&amp;thumb_sig=2f766f6c756d65312f70686f746f2f534f565049532f435a452f566c61737469626f725f31373935342f31393832303730325f53795a5f6469615f3032342d33362e6a7067&amp;mtime=1483830585&amp;SynoToken=pbq99b7n32bitt3rih35q3a7i3\" width=\"124\" height=\"80\" alt=\"\" class=\"alignnone size-thumbnail\" \/><\/td><td class=\"column-2\">17954<\/td><td class=\"column-3\">Vlastibo\u0159 \/Sob\u011bslav\/ ves<\/td><td class=\"column-4\"><a href=\"https:\/\/geoportal.npu.cz\/webappbuilder\/apps\/93\/?se=Prostorov%C4%9B%20identifika%C4%8Dn%C3%AD%20prvky%20IISPP&amp;la=2&amp;fk0=KOD_CZ&amp;fv0=17954&amp;zo=1\" target=\"_blank\" rel=\"noopener noreferrer\">mapa<\/a><\/td><td class=\"column-5\"><a href=\"https:\/\/archiv.sovamm.cz\/photo\/?t=Albums\/album_534f56504953\/album_534f565049532f435a45\/album_534f565049532f435a452f566c61737469626f725f3137393534#Albums\/album_534f56504953\/album_534f565049532f435a45\/album_534f565049532f435a452f566c61737469626f725f3137393534\" target=\"_blank\" rel=\"noopener noreferrer\">SOVPIS<\/a><\/td><td class=\"column-6\"><a href=\"http:\/\/iispp.npu.cz\/mis_public\/searchDocument.htm?search=lokalita%3A+17954+AND+fond%3A+Archiv+SOVAMM\" target=\"_blank\" rel=\"noopener noreferrer\">MIS<\/a><\/td>\n<\/tr>\n<tr class=\"row-5\">\n\t<td class=\"column-1\"><img loading=\"lazy\" decoding=\"async\" src=\"https:\/\/archiv.sovamm.cz\/photo\/webapi\/thumb.php?api=SYNO.PhotoStation.Thumb&amp;method=get&amp;version=1&amp;size=small&amp;id=photo_534f565049532f435a452f5679736b6f76736b652d507265646d657374695f3236373437_31393838303731355f53795a5f6469615f3230362d31392e6a7067&amp;rotate_version=0&amp;thumb_sig=2f766f6c756d65312f70686f746f2f534f565049532f435a452f5679736b6f76736b652d507265646d657374695f32363734372f31393838303731355f53795a5f6469615f3230362d31392e6a7067&amp;mtime=1640889818&amp;SynoToken=da26e4189ef6bdbfe5a7e34f295c0bd6\" width=\"124\" height=\"80\" class=\"alignnone size-large\" \/><\/td><td class=\"column-2\">26747<\/td><td class=\"column-3\">Vy\u0161kovsk\u00e9 P\u0159edm\u011bst\u00ed \/Kojet\u00edn\/ b\u00fdv. m\u011bstsk\u00e1 \u010dtvr\u0165<\/td><td class=\"column-4\"><a href=\"https:\/\/geoportal.npu.cz\/webappbuilder\/apps\/93\/?se=Prostorov%C4%9B%20identifika%C4%8Dn%C3%AD%20prvky%20IISPP&amp;la=2&amp;fk0=KOD_CZ&amp;fv0=26747&amp;zo=1\" target=\"_blank\" rel=\"noopener noreferrer\">mapa<\/a><\/td><td class=\"column-5\"><a href=\"https:\/\/archiv.sovamm.cz\/photo\/?t=Albums\/album_534f56504953\/album_534f565049532f435a45\/album_534f565049532f435a452f5679736b6f76736b652d507265646d657374695f3236373437#Albums\/album_534f56504953\/album_534f565049532f435a45\/album_534f565049532f435a452f5679736b6f76736b652d507265646d657374695f3236373437\" rel=\"noopener\" target=\"_blank\">SOVPIS<\/a><\/td><td class=\"column-6\"><a href=\"http:\/\/iispp.npu.cz\/mis_public\/searchDocument.htm?search=lokalita%3A+26747+AND+fond%3A+Archiv+SOVAMM\" target=\"_blank\" rel=\"noopener noreferrer\">MIS<\/a><\/td>\n<\/tr>\n<\/tbody>\n<tfoot>\n<tr class=\"row-6\">\n\t<td class=\"column-1\"><\/td><td class=\"column-2\"><\/td><th class=\"column-3\">Lokalita<\/th><td class=\"column-4\"><\/td><td class=\"column-5\"><\/td><td class=\"column-6\"><\/td>\n<\/tr>\n<\/tfoot>\n<\/table>\n<!-- #tablepress-38 from cache -->\n<p>Aktualizov\u00e1no 2024-08-12 19:34:30<\/p>\n<p>V\u00edce o&nbsp;tabulce a&nbsp;jej\u00edm obsahu se dozv\u00edte <a href=\"https:\/\/www.sovamm.cz\/wordpress\/o-tabulce-lokalit-sovpis\/\">zde<\/a>.<\/p>\n<ul>\n<li><a href=\"https:\/\/www.sovamm.cz\/wordpress\/lokality-sovpis\/mapa-lokalit-sovpis\/\">Mapa lokalit SOVPIS<\/a><\/li>\n<\/ul>\n<p><a href=\"https:\/\/creativecommons.org\/licenses\/by-nc-nd\/4.0\/\" target=\"_blank\" rel=\"license noopener noreferrer\"><img data-recalc-dims=\"1\" decoding=\"async\" style=\"border-width: 0;\" src=\"https:\/\/i0.wp.com\/i.creativecommons.org\/l\/by-nc-nd\/4.0\/88x31.png?w=474&#038;ssl=1\" alt=\"Creative Commons License\" \/><\/a><\/p>\n<p>SOVPIS je zve\u0159ej\u0148ov\u00e1n pod licenc\u00ed <a href=\"https:\/\/creativecommons.org\/licenses\/by-nc-nd\/4.0\/deed.cs\" rel=\"license\">Creative Commons Uve\u010fte p\u016fvod-Neu\u017e\u00edvejte komer\u010dn\u011b-Nezpracov\u00e1vejte 4.0 Mezin\u00e1rodn\u00ed<\/a>.<\/p>\n","protected":false},"excerpt":{"rendered":"<p>P\u0159ehled lokalit s&nbsp;odkazy do mapy Pam\u00e1tkov\u00e9ho katalogu, slo\u017eek SOVPIS p\u0159\u00edstupn\u00fdch prost\u0159ednictv\u00edm Photo Station a&nbsp;dokument\u016f SOVAMM ulo\u017een\u00fdch v&nbsp;MIS. A&nbsp;\u00a6 B \u00a6 C \u00a6 \u010c \u00a6 D \u00a6 E \u00a6 F &hellip; <a href=\"https:\/\/sovamm.cz\/wordpress\/sovpis\/lokality-sovpis-2\/lokality-sovpis-v\/\" class=\"more-link\">Pokra\u010dov\u00e1n\u00ed textu <span class=\"screen-reader-text\">Lokality SOVPIS: V<\/span> <span class=\"meta-nav\">&rarr;<\/span><\/a><\/p>\n","protected":false},"author":2,"featured_media":0,"parent":3273,"menu_order":26,"comment_status":"closed","ping_status":"closed","template":"","meta":{"jetpack_post_was_ever_published":false,"footnotes":""},"class_list":["post-4069","page","type-page","status-publish","hentry"],"jetpack_shortlink":"https:\/\/wp.me\/P8dB8l-13D","jetpack_sharing_enabled":true,"_links":{"self":[{"href":"https:\/\/sovamm.cz\/wordpress\/wp-json\/wp\/v2\/pages\/4069","targetHints":{"allow":["GET"]}}],"collection":[{"href":"https:\/\/sovamm.cz\/wordpress\/wp-json\/wp\/v2\/pages"}],"about":[{"href":"https:\/\/sovamm.cz\/wordpress\/wp-json\/wp\/v2\/types\/page"}],"author":[{"embeddable":true,"href":"https:\/\/sovamm.cz\/wordpress\/wp-json\/wp\/v2\/users\/2"}],"replies":[{"embeddable":true,"href":"https:\/\/sovamm.cz\/wordpress\/wp-json\/wp\/v2\/comments?post=4069"}],"version-history":[{"count":2,"href":"https:\/\/sovamm.cz\/wordpress\/wp-json\/wp\/v2\/pages\/4069\/revisions"}],"predecessor-version":[{"id":4101,"href":"https:\/\/sovamm.cz\/wordpress\/wp-json\/wp\/v2\/pages\/4069\/revisions\/4101"}],"up":[{"embeddable":true,"href":"https:\/\/sovamm.cz\/wordpress\/wp-json\/wp\/v2\/pages\/3273"}],"wp:attachment":[{"href":"https:\/\/sovamm.cz\/wordpress\/wp-json\/wp\/v2\/media?parent=4069"}],"curies":[{"name":"wp","href":"https:\/\/api.w.org\/{rel}","templated":true}]}}