{"id":3982,"date":"2022-01-02T23:30:30","date_gmt":"2022-01-02T22:30:30","guid":{"rendered":"https:\/\/www.sovamm.cz\/wordpress\/?page_id=3982"},"modified":"2022-01-03T10:30:37","modified_gmt":"2022-01-03T09:30:37","slug":"lokality-sovpis-f","status":"publish","type":"page","link":"https:\/\/sovamm.cz\/wordpress\/sovpis\/lokality-sovpis-2\/lokality-sovpis-f\/","title":{"rendered":"Lokality SOVPIS: F"},"content":{"rendered":"<p><span class=\"tablepress-table-description tablepress-table-description-id-8\">P\u0159ehled lokalit s&nbsp;odkazy do mapy Pam\u00e1tkov\u00e9ho katalogu, slo\u017eek SOVPIS p\u0159\u00edstupn\u00fdch prost\u0159ednictv\u00edm Photo Station a&nbsp;dokument\u016f SOVAMM ulo\u017een\u00fdch v&nbsp;MIS.<\/span><\/p>\n<p><strong><a href=\"https:\/\/www.sovamm.cz\/wordpress\/lokality-sovpis-a\/\">A<\/a> \u00a6 <a href=\"https:\/\/www.sovamm.cz\/wordpress\/sovpis\/lokality-sovpis-2\/lokality-sovpis-b\/\">B<\/a> \u00a6 <a href=\"https:\/\/www.sovamm.cz\/wordpress\/sovpis\/lokality-sovpis-2\/lokality-sovpis-c\/\">C<\/a> \u00a6 <a href=\"https:\/\/www.sovamm.cz\/wordpress\/sovpis\/lokality-sovpis-2\/lokality-sovpis-c-2\/\">\u010c<\/a> \u00a6 <a href=\"https:\/\/www.sovamm.cz\/wordpress\/lokality-sovpis-d\/\">D<\/a> \u00a6 <a href=\"https:\/\/www.sovamm.cz\/wordpress\/sovpis\/lokality-sovpis-2\/lokality-sovpis-e\/\">E<\/a> \u00a6 <a href=\"https:\/\/www.sovamm.cz\/wordpress\/sovpis\/lokality-sovpis-2\/lokality-sovpis-f\/\">F<\/a> \u00a6 <a href=\"https:\/\/www.sovamm.cz\/wordpress\/sovpis\/lokality-sovpis-2\/lokality-sovpis-g\/\">G<\/a> \u00a6 <a href=\"https:\/\/www.sovamm.cz\/wordpress\/sovpis\/lokality-sovpis-2\/lokality-sovpis-h\/\">H<\/a> \u00a6 <a href=\"https:\/\/www.sovamm.cz\/wordpress\/sovpis\/lokality-sovpis-2\/lokality-sovpis-ch\/\">CH<\/a> \u00a6 <a href=\"https:\/\/www.sovamm.cz\/wordpress\/sovpis\/lokality-sovpis-2\/lokality-sovpis-i\/\">I<\/a> \u00a6 <a href=\"https:\/\/www.sovamm.cz\/wordpress\/sovpis\/lokality-sovpis-2\/lokality-sovpis-j\/\">J<\/a> \u00a6 <a href=\"https:\/\/www.sovamm.cz\/wordpress\/sovpis\/lokality-sovpis-2\/lokality-sovpis-k\/\">K<\/a> \u00a6 <a href=\"https:\/\/www.sovamm.cz\/wordpress\/sovpis\/lokality-sovpis-2\/lokality-sovpis-l\/\">L<\/a> \u00a6 <a href=\"https:\/\/www.sovamm.cz\/wordpress\/sovpis\/lokality-sovpis-2\/lokality-sovpis-m\/\">M<\/a> \u00a6 <a href=\"https:\/\/www.sovamm.cz\/wordpress\/sovpis\/lokality-sovpis-2\/lokality-sovpis-n\/\">N<\/a> \u00a6 <a href=\"https:\/\/www.sovamm.cz\/wordpress\/sovpis\/lokality-sovpis-2\/lokality-sovpis-o\/\">O<\/a> \u00a6 <a href=\"https:\/\/www.sovamm.cz\/wordpress\/sovpis\/lokality-sovpis-2\/lokality-sovpis-p\/\">P<\/a> \u00a6 Q \u00a6 <a href=\"https:\/\/www.sovamm.cz\/wordpress\/sovpis\/lokality-sovpis-2\/lokality-sovpis-r\/\">R<\/a> \u00a6 <a href=\"https:\/\/www.sovamm.cz\/wordpress\/sovpis\/lokality-sovpis-2\/lokality-sovpis-r-2\/\">\u0158<\/a> \u00a6 <a href=\"https:\/\/www.sovamm.cz\/wordpress\/sovpis\/lokality-sovpis-2\/lokality-sovpis-s\/\">S<\/a> \u00a6 <a href=\"https:\/\/www.sovamm.cz\/wordpress\/sovpis\/lokality-sovpis-2\/lokality-sovpis-s-2\/\">\u0160<\/a> \u00a6 <a href=\"https:\/\/www.sovamm.cz\/wordpress\/sovpis\/lokality-sovpis-2\/lokality-sovpis-t\/\">T<\/a> \u00a6 <a href=\"https:\/\/www.sovamm.cz\/wordpress\/sovpis\/lokality-sovpis-2\/lokality-sovpis-u\/\">U<\/a> \u00a6 <a href=\"https:\/\/www.sovamm.cz\/wordpress\/sovpis\/lokality-sovpis-2\/lokality-sovpis-v\/\">V<\/a> \u00a6 W \u00a6 X \u00a6 Y \u00a6 <a href=\"https:\/\/www.sovamm.cz\/wordpress\/sovpis\/lokality-sovpis-2\/lokality-sovpis-z\/\">Z<\/a> \u00a6 <a href=\"https:\/\/www.sovamm.cz\/wordpress\/sovpis\/lokality-sovpis-2\/lokality-sovpis-z-2\/\">\u017d<\/a><\/strong><\/p>\n\n<table id=\"tablepress-20\" class=\"tablepress tablepress-id-20\">\n<thead>\n<tr class=\"row-1\">\n\t<td class=\"column-1\"><\/td><td class=\"column-2\"><\/td><th class=\"column-3\">Lokalita<br \/>\n<\/th><td class=\"column-4\"><\/td><td class=\"column-5\"><\/td><td class=\"column-6\"><\/td>\n<\/tr>\n<\/thead>\n<tbody class=\"row-striping row-hover\">\n<tr class=\"row-2\">\n\t<td class=\"column-1\"><img loading=\"lazy\" decoding=\"async\" src=\"https:\/\/archiv.sovamm.cz\/photo\/webapi\/thumb.php?api=SYNO.PhotoStation.Thumb&amp;method=get&amp;version=1&amp;size=small&amp;id=photo_534f565049532f435a452f466f72745f3033343833_31393835303330365f53795a5f6469615f3036382d32372e6a7067&amp;rotate_version=0&amp;thumb_sig=2f766f6c756d65312f70686f746f2f534f565049532f435a452f466f72745f30333438332f31393835303330365f53795a5f6469615f3036382d32372e6a7067&amp;mtime=1484504197&amp;SynoToken=3ietp6cp304m21lps9l2gn6nb2\" width=\"124\" height=\"80\" alt=\"\" class=\"alignnone size-thumbnail\" \/><\/td><td class=\"column-2\">03483<\/td><td class=\"column-3\">Fo\u0159t \/Vrchlab\u00ed\/ ves<\/td><td class=\"column-4\"><a href=\"https:\/\/geoportal.npu.cz\/webappbuilder\/apps\/93\/?se=Prostorov%C4%9B%20identifika%C4%8Dn%C3%AD%20prvky%20IISPP&amp;la=2&amp;fk0=KOD_CZ&amp;fv0=3483&amp;zo=1\" target=\"_blank\" rel=\"noopener noreferrer\">mapa<\/a><\/td><td class=\"column-5\"><a href=\"https:\/\/archiv.sovamm.cz\/photo\/?t=Albums\/album_534f56504953\/album_534f565049532f435a45\/album_534f565049532f435a452f466f72745f3033343833#Albums\/album_534f56504953\/album_534f565049532f435a45\/album_534f565049532f435a452f466f72745f3033343833\" target=\"_blank\" rel=\"noopener noreferrer\">SOVPIS<\/a><\/td><td class=\"column-6\"><a href=\"http:\/\/iispp.npu.cz\/mis_public\/searchDocument.htm?search=lokalita%3A+3483+AND+fond%3A+Archiv+SOVAMM\" target=\"_blank\" rel=\"noopener noreferrer\">MIS<\/a><\/td>\n<\/tr>\n<tr class=\"row-3\">\n\t<td class=\"column-1\"><img loading=\"lazy\" decoding=\"async\" src=\"https:\/\/archiv.sovamm.cz\/photo\/webapi\/thumb.php?api=SYNO.PhotoStation.Thumb&amp;method=get&amp;version=1&amp;size=small&amp;id=photo_534f565049532f435a452f4672616e636f76612d4c686f74615f3033343837_31393935303232355f53795a5f6469615f3237302d33322e746966&amp;rotate_version=0&amp;thumb_sig=2f766f6c756d65312f70686f746f2f534f565049532f435a452f4672616e636f76612d4c686f74615f30333438372f31393935303232355f53795a5f6469615f3237302d33322e746966&amp;mtime=1517161471&amp;SynoToken=fipebvp80at55arbj8pomfci97\" width=\"124\" height=\"80\" class=\"alignnone size-large\" \/><\/td><td class=\"column-2\">03487<\/td><td class=\"column-3\">Francova Lhota \/Vala\u0161sk\u00e9 Klobouky\/ ves<\/td><td class=\"column-4\"><a href=\"https:\/\/geoportal.npu.cz\/webappbuilder\/apps\/93\/?se=Prostorov%C4%9B%20identifika%C4%8Dn%C3%AD%20prvky%20IISPP&amp;la=2&amp;fk0=KOD_CZ&amp;fv0=3487&amp;zo=1\" target=\"_blank\" rel=\"noopener noreferrer\">mapa<\/a><\/td><td class=\"column-5\"><a href=\"https:\/\/archiv.sovamm.cz\/photo\/?t=Albums\/album_534f56504953\/album_534f565049532f435a45\/album_534f565049532f435a452f4672616e636f76612d4c686f74615f3033343837#Albums\/album_534f56504953\/album_534f565049532f435a45\/album_534f565049532f435a452f4672616e636f76612d4c686f74615f3033343837\" rel=\"noopener noreferrer\" target=\"_blank\">SOVPIS<\/a><\/td><td class=\"column-6\"><a href=\"http:\/\/iispp.npu.cz\/mis_public\/searchDocument.htm?search=lokalita%3A+3487+AND+fond%3A+Archiv+SOVAMM\" target=\"_blank\" rel=\"noopener noreferrer\">MIS<\/a><\/td>\n<\/tr>\n<tr class=\"row-4\">\n\t<td class=\"column-1\"><img loading=\"lazy\" decoding=\"async\" src=\"https:\/\/archiv.sovamm.cz\/photo\/webapi\/thumb.php?api=SYNO.PhotoStation.Thumb&amp;method=get&amp;version=1&amp;size=small&amp;id=photo_534f565049532f435a452f4672616e7469736b6f765f3033343937_31393835303531305f53795a5f6469615f3037362d31372e6a7067&amp;rotate_version=0&amp;thumb_sig=2f766f6c756d65312f70686f746f2f534f565049532f435a452f4672616e7469736b6f765f30333439372f31393835303531305f53795a5f6469615f3037362d31372e6a7067&amp;mtime=1484504880&amp;SynoToken=3ietp6cp304m21lps9l2gn6nb2\" width=\"124\" height=\"80\" alt=\"\" class=\"alignnone size-thumbnail\" \/><\/td><td class=\"column-2\">03497<\/td><td class=\"column-3\">Franti\u0161kov \/Rokytnice nad Jizerou\/ ves<\/td><td class=\"column-4\"><a href=\"https:\/\/geoportal.npu.cz\/webappbuilder\/apps\/93\/?se=Prostorov%C4%9B%20identifika%C4%8Dn%C3%AD%20prvky%20IISPP&amp;la=2&amp;fk0=KOD_CZ&amp;fv0=3497&amp;zo=1\" target=\"_blank\" rel=\"noopener noreferrer\">mapa<\/a><\/td><td class=\"column-5\"><a href=\"https:\/\/archiv.sovamm.cz\/photo\/?t=Albums\/album_534f56504953\/album_534f565049532f435a45\/album_534f565049532f435a452f4672616e7469736b6f765f3033343937#Albums\/album_534f56504953\/album_534f565049532f435a45\/album_534f565049532f435a452f4672616e7469736b6f765f3033343937\" target=\"_blank\" rel=\"noopener noreferrer\">SOVPIS<\/a><\/td><td class=\"column-6\"><a href=\"http:\/\/iispp.npu.cz\/mis_public\/searchDocument.htm?search=lokalita%3A+3497+AND+fond%3A+Archiv+SOVAMM\" target=\"_blank\" rel=\"noopener noreferrer\">MIS<\/a><\/td>\n<\/tr>\n<tr class=\"row-5\">\n\t<td class=\"column-1\"><img loading=\"lazy\" decoding=\"async\" src=\"https:\/\/archiv.sovamm.cz\/photo\/webapi\/thumb.php?api=SYNO.PhotoStation.Thumb&amp;method=get&amp;version=1&amp;size=small&amp;id=photo_534f565049532f435a452f467279646c616e745f3033353133_3230303230335f4b754b5f6e65675f303230335f303038352e6a7067&amp;rotate_version=0&amp;thumb_sig=2f766f6c756d65312f70686f746f2f534f565049532f435a452f467279646c616e745f30333531332f3230303230335f4b754b5f6e65675f303230335f303038352e6a7067&amp;mtime=1517162511&amp;SynoToken=fipebvp80at55arbj8pomfci97\" width=\"80\" height=\"124\" class=\"alignnone size-large\" \/><\/td><td class=\"column-2\">03513<\/td><td class=\"column-3\">Fr\u00fddlant \/Fr\u00fddlant\/ m\u011bsto<\/td><td class=\"column-4\"><a href=\"https:\/\/geoportal.npu.cz\/webappbuilder\/apps\/93\/?se=Prostorov%C4%9B%20identifika%C4%8Dn%C3%AD%20prvky%20IISPP&amp;la=2&amp;fk0=KOD_CZ&amp;fv0=3513&amp;zo=1\" target=\"_blank\" rel=\"noopener noreferrer\">mapa<\/a><\/td><td class=\"column-5\"><a href=\"https:\/\/archiv.sovamm.cz\/photo\/?t=Albums\/album_534f56504953\/album_534f565049532f435a45\/album_534f565049532f435a452f467279646c616e745f3033353133#Albums\/album_534f56504953\/album_534f565049532f435a45\/album_534f565049532f435a452f467279646c616e745f3033353133\" rel=\"noopener noreferrer\" target=\"_blank\">SOVPIS<\/a><\/td><td class=\"column-6\"><a href=\"http:\/\/iispp.npu.cz\/mis_public\/searchDocument.htm?search=lokalita%3A+3513+AND+fond%3A+Archiv+SOVAMM\" target=\"_blank\" rel=\"noopener noreferrer\">MIS<\/a><\/td>\n<\/tr>\n<tr class=\"row-6\">\n\t<td class=\"column-1\"><img loading=\"lazy\" decoding=\"async\" src=\"https:\/\/archiv.sovamm.cz\/photo\/webapi\/thumb.php?api=SYNO.PhotoStation.Thumb&amp;method=get&amp;version=1&amp;size=small&amp;id=photo_534f565049532f435a452f467279736176612d706f642d5a616b6f766f752d686f726f755f3033353139_31393832303232365f53795a5f6469615f3032392d32332e6a7067&amp;rotate_version=0&amp;thumb_sig=2f766f6c756d65312f70686f746f2f534f565049532f435a452f467279736176612d706f642d5a616b6f766f752d686f726f755f30333531392f31393832303232365f53795a5f6469615f3032392d32332e6a7067&amp;mtime=1484505149&amp;SynoToken=3ietp6cp304m21lps9l2gn6nb2\" width=\"124\" height=\"80\" alt=\"\" class=\"alignnone size-thumbnail\" \/><\/td><td class=\"column-2\">03519<\/td><td class=\"column-3\">Fry\u0161ava pod \u017d\u00e1kovou horou \/Nov\u00e9 M\u011bsto na Morav\u011b\/ ves<\/td><td class=\"column-4\"><a href=\"https:\/\/geoportal.npu.cz\/webappbuilder\/apps\/93\/?se=Prostorov%C4%9B%20identifika%C4%8Dn%C3%AD%20prvky%20IISPP&amp;la=2&amp;fk0=KOD_CZ&amp;fv0=3519&amp;zo=1\" target=\"_blank\" rel=\"noopener noreferrer\">mapa<\/a><\/td><td class=\"column-5\"><a href=\"https:\/\/archiv.sovamm.cz\/photo\/?t=Albums\/album_534f56504953\/album_534f565049532f435a45\/album_534f565049532f435a452f467279736176612d706f642d5a616b6f766f752d686f726f755f3033353139#Albums\/album_534f56504953\/album_534f565049532f435a45\/album_534f565049532f435a452f467279736176612d706f642d5a616b6f766f752d686f726f755f3033353139\" target=\"_blank\" rel=\"noopener noreferrer\">SOVPIS<\/a><\/td><td class=\"column-6\"><a href=\"http:\/\/iispp.npu.cz\/mis_public\/searchDocument.htm?search=lokalita%3A+3519+AND+fond%3A+Archiv+SOVAMM\" target=\"_blank\" rel=\"noopener noreferrer\">MIS<\/a><\/td>\n<\/tr>\n<\/tbody>\n<tfoot>\n<tr class=\"row-7\">\n\t<td class=\"column-1\"><\/td><td class=\"column-2\"><\/td><th class=\"column-3\">Lokalita<\/th><td class=\"column-4\"><\/td><td class=\"column-5\"><\/td><td class=\"column-6\"><\/td>\n<\/tr>\n<\/tfoot>\n<\/table>\n<!-- #tablepress-20 from cache -->\n<p>Aktualizov\u00e1no 2024-06-21 18:05:18<\/p>\n<p>V\u00edce o&nbsp;tabulce a&nbsp;jej\u00edm obsahu se dozv\u00edte <a href=\"https:\/\/www.sovamm.cz\/wordpress\/o-tabulce-lokalit-sovpis\/\">zde<\/a>.<\/p>\n<ul>\n<li><a href=\"https:\/\/www.sovamm.cz\/wordpress\/lokality-sovpis\/mapa-lokalit-sovpis\/\">Mapa lokalit SOVPIS<\/a><\/li>\n<\/ul>\n<p><a href=\"https:\/\/creativecommons.org\/licenses\/by-nc-nd\/4.0\/\" target=\"_blank\" rel=\"license noopener noreferrer\"><img data-recalc-dims=\"1\" decoding=\"async\" style=\"border-width: 0;\" src=\"https:\/\/i0.wp.com\/i.creativecommons.org\/l\/by-nc-nd\/4.0\/88x31.png?w=474&#038;ssl=1\" alt=\"Creative Commons License\" \/><\/a><\/p>\n<p>SOVPIS je zve\u0159ej\u0148ov\u00e1n pod licenc\u00ed <a href=\"https:\/\/creativecommons.org\/licenses\/by-nc-nd\/4.0\/deed.cs\" rel=\"license\">Creative Commons Uve\u010fte p\u016fvod-Neu\u017e\u00edvejte komer\u010dn\u011b-Nezpracov\u00e1vejte 4.0 Mezin\u00e1rodn\u00ed<\/a>.<\/p>\n","protected":false},"excerpt":{"rendered":"<p>P\u0159ehled lokalit s&nbsp;odkazy do mapy Pam\u00e1tkov\u00e9ho katalogu, slo\u017eek SOVPIS p\u0159\u00edstupn\u00fdch prost\u0159ednictv\u00edm Photo Station a&nbsp;dokument\u016f SOVAMM ulo\u017een\u00fdch v&nbsp;MIS. A&nbsp;\u00a6 B \u00a6 C \u00a6 \u010c \u00a6 D \u00a6 E \u00a6 F &hellip; <a href=\"https:\/\/sovamm.cz\/wordpress\/sovpis\/lokality-sovpis-2\/lokality-sovpis-f\/\" class=\"more-link\">Pokra\u010dov\u00e1n\u00ed textu <span class=\"screen-reader-text\">Lokality SOVPIS: F<\/span> <span class=\"meta-nav\">&rarr;<\/span><\/a><\/p>\n","protected":false},"author":2,"featured_media":0,"parent":3273,"menu_order":7,"comment_status":"closed","ping_status":"closed","template":"","meta":{"jetpack_post_was_ever_published":false,"footnotes":""},"class_list":["post-3982","page","type-page","status-publish","hentry"],"jetpack_shortlink":"https:\/\/wp.me\/P8dB8l-12e","jetpack_sharing_enabled":true,"_links":{"self":[{"href":"https:\/\/sovamm.cz\/wordpress\/wp-json\/wp\/v2\/pages\/3982","targetHints":{"allow":["GET"]}}],"collection":[{"href":"https:\/\/sovamm.cz\/wordpress\/wp-json\/wp\/v2\/pages"}],"about":[{"href":"https:\/\/sovamm.cz\/wordpress\/wp-json\/wp\/v2\/types\/page"}],"author":[{"embeddable":true,"href":"https:\/\/sovamm.cz\/wordpress\/wp-json\/wp\/v2\/users\/2"}],"replies":[{"embeddable":true,"href":"https:\/\/sovamm.cz\/wordpress\/wp-json\/wp\/v2\/comments?post=3982"}],"version-history":[{"count":2,"href":"https:\/\/sovamm.cz\/wordpress\/wp-json\/wp\/v2\/pages\/3982\/revisions"}],"predecessor-version":[{"id":4083,"href":"https:\/\/sovamm.cz\/wordpress\/wp-json\/wp\/v2\/pages\/3982\/revisions\/4083"}],"up":[{"embeddable":true,"href":"https:\/\/sovamm.cz\/wordpress\/wp-json\/wp\/v2\/pages\/3273"}],"wp:attachment":[{"href":"https:\/\/sovamm.cz\/wordpress\/wp-json\/wp\/v2\/media?parent=3982"}],"curies":[{"name":"wp","href":"https:\/\/api.w.org\/{rel}","templated":true}]}}