{"id":3668,"date":"2021-11-15T19:52:56","date_gmt":"2021-11-15T18:52:56","guid":{"rendered":"https:\/\/www.sovamm.cz\/wordpress\/?page_id=3668"},"modified":"2025-03-14T10:54:32","modified_gmt":"2025-03-14T09:54:32","slug":"jiri-blaha","status":"publish","type":"page","link":"https:\/\/sovamm.cz\/wordpress\/sovpis\/autori\/jiri-blaha\/","title":{"rendered":"Ji\u0159\u00ed Bl\u00e1ha"},"content":{"rendered":"<p><em>Narozen 26.&nbsp;1.&nbsp;1970 v\u00a0Liberci \u2013 Ruprechtic\u00edch. Stavebn\u00ed historik, pedagog a&nbsp;v\u00fdzkumn\u00fd pracovn\u00edk zab\u00fdvaj\u00edc\u00ed se historick\u00fdmi stavebn\u00edmi konstrukcemi, p\u0159edev\u0161\u00edm d\u0159ev\u011bn\u00fdmi krovy.<\/em><\/p>\n<ul>\n<li>\u010clen\u00a0<a href=\"https:\/\/sovamm.wordpress.com\/\" target=\"_blank\" rel=\"noopener noreferrer\">SOVAMM,<\/a><\/li>\n<li>Zakl\u00e1daj\u00edc\u00ed \u010dlen\u00a0<a href=\"http:\/\/www.svornik.cz\/\">Sdru\u017een\u00ed pro stavebn\u011bhistorick\u00fd pr\u016fzkum<\/a><\/li>\n<li>\u010clen\u00a0<a href=\"http:\/\/www.icomos.cz\/\">\u010cesk\u00e9ho n\u00e1rodn\u00edho komit\u00e9tu ICOMOS<\/a><\/li>\n<\/ul>\n<p>N\u00e1rodn\u00ed autority \u010cR:<strong> \u00a0<\/strong><a href=\"https:\/\/aleph.nkp.cz\/F\/?local_base=aut&amp;func=find-c&amp;ccl_term=ica=xx0002003\" target=\"_blank\" rel=\"noopener\">xx0002003<\/a><\/p>\n<p>E-po\u0161ta: blaha@sovamm.cz<\/p>\n","protected":false},"excerpt":{"rendered":"<p>Narozen 26.&nbsp;1.&nbsp;1970 v\u00a0Liberci \u2013 Ruprechtic\u00edch. Stavebn\u00ed historik, pedagog a&nbsp;v\u00fdzkumn\u00fd pracovn\u00edk zab\u00fdvaj\u00edc\u00ed se historick\u00fdmi stavebn\u00edmi konstrukcemi, p\u0159edev\u0161\u00edm d\u0159ev\u011bn\u00fdmi krovy. \u010clen\u00a0SOVAMM, Zakl\u00e1daj\u00edc\u00ed \u010dlen\u00a0Sdru\u017een\u00ed pro stavebn\u011bhistorick\u00fd pr\u016fzkum \u010clen\u00a0\u010cesk\u00e9ho n\u00e1rodn\u00edho komit\u00e9tu ICOMOS N\u00e1rodn\u00ed autority &hellip; <a href=\"https:\/\/sovamm.cz\/wordpress\/sovpis\/autori\/jiri-blaha\/\" class=\"more-link\">Pokra\u010dov\u00e1n\u00ed textu <span class=\"screen-reader-text\">Ji\u0159\u00ed Bl\u00e1ha<\/span> <span class=\"meta-nav\">&rarr;<\/span><\/a><\/p>\n","protected":false},"author":2,"featured_media":0,"parent":128,"menu_order":21,"comment_status":"closed","ping_status":"closed","template":"","meta":{"jetpack_post_was_ever_published":false,"footnotes":""},"class_list":["post-3668","page","type-page","status-publish","hentry"],"jetpack_shortlink":"https:\/\/wp.me\/P8dB8l-Xa","jetpack_sharing_enabled":true,"_links":{"self":[{"href":"https:\/\/sovamm.cz\/wordpress\/wp-json\/wp\/v2\/pages\/3668","targetHints":{"allow":["GET"]}}],"collection":[{"href":"https:\/\/sovamm.cz\/wordpress\/wp-json\/wp\/v2\/pages"}],"about":[{"href":"https:\/\/sovamm.cz\/wordpress\/wp-json\/wp\/v2\/types\/page"}],"author":[{"embeddable":true,"href":"https:\/\/sovamm.cz\/wordpress\/wp-json\/wp\/v2\/users\/2"}],"replies":[{"embeddable":true,"href":"https:\/\/sovamm.cz\/wordpress\/wp-json\/wp\/v2\/comments?post=3668"}],"version-history":[{"count":4,"href":"https:\/\/sovamm.cz\/wordpress\/wp-json\/wp\/v2\/pages\/3668\/revisions"}],"predecessor-version":[{"id":5692,"href":"https:\/\/sovamm.cz\/wordpress\/wp-json\/wp\/v2\/pages\/3668\/revisions\/5692"}],"up":[{"embeddable":true,"href":"https:\/\/sovamm.cz\/wordpress\/wp-json\/wp\/v2\/pages\/128"}],"wp:attachment":[{"href":"https:\/\/sovamm.cz\/wordpress\/wp-json\/wp\/v2\/media?parent=3668"}],"curies":[{"name":"wp","href":"https:\/\/api.w.org\/{rel}","templated":true}]}}