{"id":3588,"date":"2021-07-25T15:01:37","date_gmt":"2021-07-25T13:01:37","guid":{"rendered":"https:\/\/www.sovamm.cz\/wordpress\/?page_id=3588"},"modified":"2026-02-14T14:53:52","modified_gmt":"2026-02-14T13:53:52","slug":"kapitola-11-uzemni-okruhy-lidove-architektury","status":"publish","type":"page","link":"https:\/\/sovamm.cz\/wordpress\/publikace-2\/publikovano-se-sovpis\/lidova-architektura-v-jiznich-cechach\/kapitola-11-uzemni-okruhy-lidove-architektury\/","title":{"rendered":"Kapitola 11: \u00dazemn\u00ed okruhy lidov\u00e9 architektury"},"content":{"rendered":"<p><a href=\"https:\/\/www.sovamm.cz\/wordpress\/autori\/jiri-skabrada\/\">\u0160KABRADA, Ji\u0159\u00ed<\/a>\u00a0a\u00a0kol.\u00a0<em>Lidov\u00e1 architektura v\u00a0ji\u017en\u00edch \u010cech\u00e1ch<\/em>. Vyd\u00e1n\u00ed prvn\u00ed. Brno: Spole\u010dnost pro obnovu vesnice a\u00a0mal\u00e9ho m\u011bsta, z. s., 2021. ISBN 978-80-907440-1-1<br \/>\nVyd\u00e1n\u00ed druh\u00e9. Brno: Spole\u010dnost pro obnovu vesnice a\u00a0mal\u00e9ho m\u011bsta, z. s., 2021. ISBN 978-80-907440-2-8<\/p>\n<h5 id=\"dokumenty-z-cd-p\u0159\u00edlohy-knihy\">Dokumenty z&nbsp;CD p\u0159\u00edlohy knihy<br \/>\nve form\u00e1tu PDF ke sta\u017een\u00ed:<\/h5>\n<a href=\"https:\/\/sovamm.cz\/wordpress\/wp-content\/uploads\/2021\/07\/JC_LA_2021-kap11.pdf\" class=\"pdfemb-viewer\" style=\"\" data-width=\"max\" data-height=\"max\" data-toolbar=\"bottom\" data-toolbar-fixed=\"off\">JC_LA_2021-kap11<\/a>\n<p style=\"text-align: center;\">&#8211;<\/p>\n<ul>\n<li><a href=\"https:\/\/www.sovamm.cz\/wordpress\/wp-content\/uploads\/2021\/07\/JC_LA_2021-kap11.pdf\" target=\"_blank\" rel=\"noopener noreferrer\">Kapitola 11: \u00dazemn\u00ed okruhy lidov\u00e9 architektury (Jan Pe\u0161ta)<\/a><\/li>\n<li><a href=\"https:\/\/www.sovamm.cz\/wordpress\/wp-content\/uploads\/2021\/07\/JC_LA_2021-obsah.pdf\" target=\"_blank\" rel=\"noopener noreferrer\">Obsah knihy<\/a><\/li>\n<li><a href=\"https:\/\/www.sovamm.cz\/wordpress\/wp-content\/uploads\/2021\/07\/JC_LA_2021-rejstrik.pdf\" target=\"_blank\" rel=\"noopener noreferrer\">Rejst\u0159\u00edk<\/a><\/li>\n<\/ul>\n","protected":false},"excerpt":{"rendered":"<p>\u0160KABRADA, Ji\u0159\u00ed\u00a0a\u00a0kol.\u00a0Lidov\u00e1 architektura v\u00a0ji\u017en\u00edch \u010cech\u00e1ch. Vyd\u00e1n\u00ed prvn\u00ed. Brno: Spole\u010dnost pro obnovu vesnice a\u00a0mal\u00e9ho m\u011bsta, z. s., 2021. ISBN 978-80-907440-1-1 Vyd\u00e1n\u00ed druh\u00e9. Brno: Spole\u010dnost pro obnovu vesnice a\u00a0mal\u00e9ho m\u011bsta, z. s., &hellip; <a href=\"https:\/\/sovamm.cz\/wordpress\/publikace-2\/publikovano-se-sovpis\/lidova-architektura-v-jiznich-cechach\/kapitola-11-uzemni-okruhy-lidove-architektury\/\" class=\"more-link\">Pokra\u010dov\u00e1n\u00ed textu <span class=\"screen-reader-text\">Kapitola 11: \u00dazemn\u00ed okruhy lidov\u00e9 architektury<\/span> <span class=\"meta-nav\">&rarr;<\/span><\/a><\/p>\n","protected":false},"author":2,"featured_media":654,"parent":3479,"menu_order":0,"comment_status":"closed","ping_status":"closed","template":"","meta":{"jetpack_post_was_ever_published":false,"footnotes":""},"class_list":["post-3588","page","type-page","status-publish","has-post-thumbnail","hentry"],"jetpack_shortlink":"https:\/\/wp.me\/P8dB8l-VS","jetpack_sharing_enabled":true,"_links":{"self":[{"href":"https:\/\/sovamm.cz\/wordpress\/wp-json\/wp\/v2\/pages\/3588","targetHints":{"allow":["GET"]}}],"collection":[{"href":"https:\/\/sovamm.cz\/wordpress\/wp-json\/wp\/v2\/pages"}],"about":[{"href":"https:\/\/sovamm.cz\/wordpress\/wp-json\/wp\/v2\/types\/page"}],"author":[{"embeddable":true,"href":"https:\/\/sovamm.cz\/wordpress\/wp-json\/wp\/v2\/users\/2"}],"replies":[{"embeddable":true,"href":"https:\/\/sovamm.cz\/wordpress\/wp-json\/wp\/v2\/comments?post=3588"}],"version-history":[{"count":11,"href":"https:\/\/sovamm.cz\/wordpress\/wp-json\/wp\/v2\/pages\/3588\/revisions"}],"predecessor-version":[{"id":3604,"href":"https:\/\/sovamm.cz\/wordpress\/wp-json\/wp\/v2\/pages\/3588\/revisions\/3604"}],"up":[{"embeddable":true,"href":"https:\/\/sovamm.cz\/wordpress\/wp-json\/wp\/v2\/pages\/3479"}],"wp:featuredmedia":[{"embeddable":true,"href":"https:\/\/sovamm.cz\/wordpress\/wp-json\/wp\/v2\/media\/654"}],"wp:attachment":[{"href":"https:\/\/sovamm.cz\/wordpress\/wp-json\/wp\/v2\/media?parent=3588"}],"curies":[{"name":"wp","href":"https:\/\/api.w.org\/{rel}","templated":true}]}}