{"id":353,"date":"2016-10-15T20:07:07","date_gmt":"2016-10-15T18:07:07","guid":{"rendered":"http:\/\/sovamm.cz\/wordpress\/?page_id=353"},"modified":"2017-12-30T01:05:53","modified_gmt":"2017-12-30T00:05:53","slug":"jak-vytvorit-v-prispevku-odkazy","status":"publish","type":"page","link":"https:\/\/sovamm.cz\/wordpress\/navody\/blog-aneb-blok-sovpis\/jak-vytvorit-v-prispevku-odkazy\/","title":{"rendered":"Jak vytvo\u0159it v&nbsp;textu odkazy"},"content":{"rendered":"<p>Pokud chceme ve WordPress do textu p\u0159\u00edsp\u011bvku vlo\u017eit interaktivn\u00ed odkaz na jinou str\u00e1nku SOVPIS nebo ciz\u00ed web je to velmi jednoduch\u00e9. Sta\u010d\u00ed kurzorem vybrat text, kter\u00fd m\u00e1 tvo\u0159it odkaz. a&nbsp;vybrat tla\u010d\u00edtko <em>Vlo\u017eit upravit odkaz<\/em> (ikona \u010dl\u00e1nku \u0159et\u011bzu)<\/p>\n<p><img data-recalc-dims=\"1\" loading=\"lazy\" decoding=\"async\" data-attachment-id=\"366\" data-permalink=\"https:\/\/sovamm.cz\/wordpress\/navody\/blog-aneb-blok-sovpis\/jak-vytvorit-v-prispevku-odkazy\/navod_odkaz_01\/\" data-orig-file=\"https:\/\/i0.wp.com\/sovamm.cz\/wordpress\/wp-content\/uploads\/2016\/10\/navod_odkaz_01.jpg?fit=520%2C188&amp;ssl=1\" data-orig-size=\"520,188\" data-comments-opened=\"1\" data-image-meta=\"{&quot;aperture&quot;:&quot;0&quot;,&quot;credit&quot;:&quot;&quot;,&quot;camera&quot;:&quot;&quot;,&quot;caption&quot;:&quot;&quot;,&quot;created_timestamp&quot;:&quot;0&quot;,&quot;copyright&quot;:&quot;&quot;,&quot;focal_length&quot;:&quot;0&quot;,&quot;iso&quot;:&quot;0&quot;,&quot;shutter_speed&quot;:&quot;0&quot;,&quot;title&quot;:&quot;&quot;,&quot;orientation&quot;:&quot;0&quot;}\" data-image-title=\"navod_odkaz_01\" data-image-description=\"\" data-image-caption=\"\" data-medium-file=\"https:\/\/i0.wp.com\/sovamm.cz\/wordpress\/wp-content\/uploads\/2016\/10\/navod_odkaz_01.jpg?fit=300%2C108&amp;ssl=1\" data-large-file=\"https:\/\/i0.wp.com\/sovamm.cz\/wordpress\/wp-content\/uploads\/2016\/10\/navod_odkaz_01.jpg?fit=474%2C171&amp;ssl=1\" class=\"alignnone wp-image-366\" src=\"https:\/\/i0.wp.com\/sovamm.cz\/wordpress\/wp-content\/uploads\/2016\/10\/navod_odkaz_01-300x108.jpg?resize=474%2C172\" alt=\"navod_odkaz_01\" width=\"474\" height=\"172\" srcset=\"https:\/\/i0.wp.com\/sovamm.cz\/wordpress\/wp-content\/uploads\/2016\/10\/navod_odkaz_01.jpg?resize=300%2C108&amp;ssl=1 300w, https:\/\/i0.wp.com\/sovamm.cz\/wordpress\/wp-content\/uploads\/2016\/10\/navod_odkaz_01.jpg?w=520&amp;ssl=1 520w\" sizes=\"auto, (max-width: 474px) 100vw, 474px\" \/><\/p>\n<p>Po kliknut\u00ed na ni se objev\u00ed okno, do n\u011bho\u017e odkaz (okop\u00edrovan\u00e9 URL c\u00edlov\u00e9 str\u00e1nky) vlo\u017e\u00edme a&nbsp;klikneme na tla\u010d\u00edtko s&nbsp;ikonou \u21b5 (<em>Pou\u017e\u00edt<\/em>).<\/p>\n<p><img data-recalc-dims=\"1\" loading=\"lazy\" decoding=\"async\" data-attachment-id=\"367\" data-permalink=\"https:\/\/sovamm.cz\/wordpress\/navody\/blog-aneb-blok-sovpis\/jak-vytvorit-v-prispevku-odkazy\/navod_odkaz_03\/\" data-orig-file=\"https:\/\/i0.wp.com\/sovamm.cz\/wordpress\/wp-content\/uploads\/2016\/10\/navod_odkaz_03.jpg?fit=525%2C215&amp;ssl=1\" data-orig-size=\"525,215\" data-comments-opened=\"1\" data-image-meta=\"{&quot;aperture&quot;:&quot;0&quot;,&quot;credit&quot;:&quot;&quot;,&quot;camera&quot;:&quot;&quot;,&quot;caption&quot;:&quot;&quot;,&quot;created_timestamp&quot;:&quot;0&quot;,&quot;copyright&quot;:&quot;&quot;,&quot;focal_length&quot;:&quot;0&quot;,&quot;iso&quot;:&quot;0&quot;,&quot;shutter_speed&quot;:&quot;0&quot;,&quot;title&quot;:&quot;&quot;,&quot;orientation&quot;:&quot;0&quot;}\" data-image-title=\"navod_odkaz_03\" data-image-description=\"\" data-image-caption=\"\" data-medium-file=\"https:\/\/i0.wp.com\/sovamm.cz\/wordpress\/wp-content\/uploads\/2016\/10\/navod_odkaz_03.jpg?fit=300%2C123&amp;ssl=1\" data-large-file=\"https:\/\/i0.wp.com\/sovamm.cz\/wordpress\/wp-content\/uploads\/2016\/10\/navod_odkaz_03.jpg?fit=474%2C194&amp;ssl=1\" class=\"alignnone wp-image-367\" src=\"https:\/\/i0.wp.com\/sovamm.cz\/wordpress\/wp-content\/uploads\/2016\/10\/navod_odkaz_03-300x123.jpg?resize=474%2C194\" alt=\"navod_odkaz_03\" width=\"474\" height=\"194\" srcset=\"https:\/\/i0.wp.com\/sovamm.cz\/wordpress\/wp-content\/uploads\/2016\/10\/navod_odkaz_03.jpg?resize=300%2C123&amp;ssl=1 300w, https:\/\/i0.wp.com\/sovamm.cz\/wordpress\/wp-content\/uploads\/2016\/10\/navod_odkaz_03.jpg?w=525&amp;ssl=1 525w\" sizes=\"auto, (max-width: 474px) 100vw, 474px\" \/><\/p>\n<p>Pokud chceme p\u0159ed vytvo\u0159en\u00edm odkazu zobrazit podrobn\u011bj\u0161\u00ed dialogov\u00e9 okno, klikneme na sousedn\u00ed ikonu &#8222;ozuben\u00e9ho kola&#8220;:<\/p>\n<p><img data-recalc-dims=\"1\" loading=\"lazy\" decoding=\"async\" data-attachment-id=\"368\" data-permalink=\"https:\/\/sovamm.cz\/wordpress\/navody\/blog-aneb-blok-sovpis\/jak-vytvorit-v-prispevku-odkazy\/navod_odkaz_04\/\" data-orig-file=\"https:\/\/i0.wp.com\/sovamm.cz\/wordpress\/wp-content\/uploads\/2016\/10\/navod_odkaz_04.jpg?fit=515%2C514&amp;ssl=1\" data-orig-size=\"515,514\" data-comments-opened=\"1\" data-image-meta=\"{&quot;aperture&quot;:&quot;0&quot;,&quot;credit&quot;:&quot;&quot;,&quot;camera&quot;:&quot;&quot;,&quot;caption&quot;:&quot;&quot;,&quot;created_timestamp&quot;:&quot;0&quot;,&quot;copyright&quot;:&quot;&quot;,&quot;focal_length&quot;:&quot;0&quot;,&quot;iso&quot;:&quot;0&quot;,&quot;shutter_speed&quot;:&quot;0&quot;,&quot;title&quot;:&quot;&quot;,&quot;orientation&quot;:&quot;0&quot;}\" data-image-title=\"navod_odkaz_04\" data-image-description=\"\" data-image-caption=\"\" data-medium-file=\"https:\/\/i0.wp.com\/sovamm.cz\/wordpress\/wp-content\/uploads\/2016\/10\/navod_odkaz_04.jpg?fit=300%2C300&amp;ssl=1\" data-large-file=\"https:\/\/i0.wp.com\/sovamm.cz\/wordpress\/wp-content\/uploads\/2016\/10\/navod_odkaz_04.jpg?fit=474%2C473&amp;ssl=1\" class=\"alignnone wp-image-368\" src=\"https:\/\/i0.wp.com\/sovamm.cz\/wordpress\/wp-content\/uploads\/2016\/10\/navod_odkaz_04-300x300.jpg?resize=474%2C473\" alt=\"navod_odkaz_04\" width=\"474\" height=\"473\" srcset=\"https:\/\/i0.wp.com\/sovamm.cz\/wordpress\/wp-content\/uploads\/2016\/10\/navod_odkaz_04.jpg?resize=300%2C300&amp;ssl=1 300w, https:\/\/i0.wp.com\/sovamm.cz\/wordpress\/wp-content\/uploads\/2016\/10\/navod_odkaz_04.jpg?resize=150%2C150&amp;ssl=1 150w, https:\/\/i0.wp.com\/sovamm.cz\/wordpress\/wp-content\/uploads\/2016\/10\/navod_odkaz_04.jpg?w=515&amp;ssl=1 515w\" sizes=\"auto, (max-width: 474px) 100vw, 474px\" \/><\/p>\n<p>V n\u011bm m\u016f\u017eeme upravovat jak vlastn\u00ed odkaz v&nbsp;poli URL, tak v&nbsp;poli pod n\u00edm text odkazu, kter\u00fd se m\u00e1 objevit v&nbsp;p\u0159\u00edsp\u011bvku. Nav\u00edc je\u0161t\u011b m\u016f\u017eeme zatrhnout za\u0161krt\u00e1v\u00e1tko, \u017ee chceme tento odkaz otev\u0159\u00edt do nov\u00e9ho okna prohl\u00ed\u017ee\u010de.<br \/>\n<em>Nebo m\u016f\u017eete snadno vyhledat existuj\u00edc\u00ed obsah webu<\/em>, jak se p\u00ed\u0161e pod t\u00edmto zatr\u017e\u00edtkem. Sta\u010d\u00ed vybrat ze seznamu v\u0161ech str\u00e1nek a&nbsp;p\u0159\u00edsp\u011bvk\u016f \u010di&nbsp;\u010dl\u00e1nk\u016f publikovan\u00fdch na na\u0161em webu, ve kter\u00fdch lze nav\u00edc snadno vyhled\u00e1vat. URL nen\u00ed v&nbsp;tomto p\u0159\u00edpad\u011b t\u0159eba kop\u00edrovat, sta\u010d\u00ed kliknout na vyhledan\u00fd \u0159\u00e1dek.<\/p>\n<p>Text vytvo\u0159en\u00e9ho odkazu v&nbsp;textu zezelen\u00e1. Pokud ho chceme upravit, sta\u010d\u00ed do n\u011bj kliknout. Objev\u00ed se dialogov\u00e9 okno, v&nbsp;n\u011bm\u017e pro opravu odkazu pou\u017eijeme tla\u010d\u00edtko s&nbsp;ikonou tu\u017eky, pro odstran\u011bn\u00ed odkazu pak tla\u010d\u00edtko s&nbsp;ikonou &#8222;x&#8220;.<\/p>\n<p><img data-recalc-dims=\"1\" loading=\"lazy\" decoding=\"async\" data-attachment-id=\"370\" data-permalink=\"https:\/\/sovamm.cz\/wordpress\/navody\/blog-aneb-blok-sovpis\/jak-vytvorit-v-prispevku-odkazy\/navod_odkaz_05\/\" data-orig-file=\"https:\/\/i0.wp.com\/sovamm.cz\/wordpress\/wp-content\/uploads\/2016\/10\/navod_odkaz_05.jpg?fit=501%2C215&amp;ssl=1\" data-orig-size=\"501,215\" data-comments-opened=\"1\" data-image-meta=\"{&quot;aperture&quot;:&quot;0&quot;,&quot;credit&quot;:&quot;&quot;,&quot;camera&quot;:&quot;&quot;,&quot;caption&quot;:&quot;&quot;,&quot;created_timestamp&quot;:&quot;0&quot;,&quot;copyright&quot;:&quot;&quot;,&quot;focal_length&quot;:&quot;0&quot;,&quot;iso&quot;:&quot;0&quot;,&quot;shutter_speed&quot;:&quot;0&quot;,&quot;title&quot;:&quot;&quot;,&quot;orientation&quot;:&quot;0&quot;}\" data-image-title=\"navod_odkaz_05\" data-image-description=\"\" data-image-caption=\"\" data-medium-file=\"https:\/\/i0.wp.com\/sovamm.cz\/wordpress\/wp-content\/uploads\/2016\/10\/navod_odkaz_05.jpg?fit=300%2C129&amp;ssl=1\" data-large-file=\"https:\/\/i0.wp.com\/sovamm.cz\/wordpress\/wp-content\/uploads\/2016\/10\/navod_odkaz_05.jpg?fit=474%2C203&amp;ssl=1\" class=\"alignnone wp-image-370\" src=\"https:\/\/i0.wp.com\/sovamm.cz\/wordpress\/wp-content\/uploads\/2016\/10\/navod_odkaz_05-300x129.jpg?resize=474%2C203\" alt=\"navod_odkaz_05\" width=\"474\" height=\"203\" srcset=\"https:\/\/i0.wp.com\/sovamm.cz\/wordpress\/wp-content\/uploads\/2016\/10\/navod_odkaz_05.jpg?resize=300%2C129&amp;ssl=1 300w, https:\/\/i0.wp.com\/sovamm.cz\/wordpress\/wp-content\/uploads\/2016\/10\/navod_odkaz_05.jpg?w=501&amp;ssl=1 501w\" sizes=\"auto, (max-width: 474px) 100vw, 474px\" \/><\/p>\n<ul>\n<li style=\"text-align: right;\"><a href=\"http:\/\/sovamm.cz\/wordpress\/navody\/blog-aneb-blok-sovpis\/\">Hlavn\u00ed str\u00e1nka n\u00e1vod\u016f ke str\u00e1nk\u00e1m a&nbsp;blogu\/bloku SOVPIS \u2192<\/a><\/li>\n<\/ul>\n<p>&nbsp;<\/p>\n<p>Aktualizov\u00e1no: <span class=\"last-modified-timestamp\">30\/12\/2017 01:05<\/span><\/p>\n<p>&nbsp;<\/p>\n<p>&nbsp;<\/p>\n","protected":false},"excerpt":{"rendered":"<p>Pokud chceme ve WordPress do textu p\u0159\u00edsp\u011bvku vlo\u017eit interaktivn\u00ed odkaz na jinou str\u00e1nku SOVPIS nebo ciz\u00ed web je to velmi jednoduch\u00e9. Sta\u010d\u00ed kurzorem vybrat text, kter\u00fd m\u00e1 tvo\u0159it odkaz. a&nbsp;vybrat &hellip; <a href=\"https:\/\/sovamm.cz\/wordpress\/navody\/blog-aneb-blok-sovpis\/jak-vytvorit-v-prispevku-odkazy\/\" class=\"more-link\">Pokra\u010dov\u00e1n\u00ed textu <span class=\"screen-reader-text\">Jak vytvo\u0159it v&nbsp;textu odkazy<\/span> <span class=\"meta-nav\">&rarr;<\/span><\/a><\/p>\n","protected":false},"author":2,"featured_media":0,"parent":267,"menu_order":0,"comment_status":"closed","ping_status":"closed","template":"","meta":{"jetpack_post_was_ever_published":false,"footnotes":""},"class_list":["post-353","page","type-page","status-publish","hentry"],"jetpack_shortlink":"https:\/\/wp.me\/P8dB8l-5H","jetpack_sharing_enabled":true,"_links":{"self":[{"href":"https:\/\/sovamm.cz\/wordpress\/wp-json\/wp\/v2\/pages\/353","targetHints":{"allow":["GET"]}}],"collection":[{"href":"https:\/\/sovamm.cz\/wordpress\/wp-json\/wp\/v2\/pages"}],"about":[{"href":"https:\/\/sovamm.cz\/wordpress\/wp-json\/wp\/v2\/types\/page"}],"author":[{"embeddable":true,"href":"https:\/\/sovamm.cz\/wordpress\/wp-json\/wp\/v2\/users\/2"}],"replies":[{"embeddable":true,"href":"https:\/\/sovamm.cz\/wordpress\/wp-json\/wp\/v2\/comments?post=353"}],"version-history":[{"count":0,"href":"https:\/\/sovamm.cz\/wordpress\/wp-json\/wp\/v2\/pages\/353\/revisions"}],"up":[{"embeddable":true,"href":"https:\/\/sovamm.cz\/wordpress\/wp-json\/wp\/v2\/pages\/267"}],"wp:attachment":[{"href":"https:\/\/sovamm.cz\/wordpress\/wp-json\/wp\/v2\/media?parent=353"}],"curies":[{"name":"wp","href":"https:\/\/api.w.org\/{rel}","templated":true}]}}