{"id":3506,"date":"2021-05-09T18:10:24","date_gmt":"2021-05-09T16:10:24","guid":{"rendered":"https:\/\/www.sovamm.cz\/wordpress\/?page_id=3506"},"modified":"2025-03-13T10:36:22","modified_gmt":"2025-03-13T09:36:22","slug":"publikovano-se-sovpis","status":"publish","type":"page","link":"https:\/\/sovamm.cz\/wordpress\/publikace-2\/publikovano-se-sovpis\/","title":{"rendered":"Vydali jsme:"},"content":{"rendered":"\t\t\t<div class=\"book-review-wrapper orderedby-date\" id=\"book-review-5002\">\n\t\t\t\t<h3><a href=\"https:\/\/sovamm.cz\/wordpress\/book-review\/nastin-vyvoje-vesnickych-pudorysu-a-pluzin-v-cechach\/\">N\u00e1stin v\u00fdvoje vesnick\u00fdch p\u016fdorys\u016f a&nbsp;plu\u017ein v&nbsp;\u010cech\u00e1ch<\/a><\/h3>\n\t\t\t\t<div class=\"book-review-sc post-5002 book-review type-book-review status-publish has-post-thumbnail hentry genre-odborna-literatura-cs genre-popularne-naucna-literatura-cs genre-sovpis-cs book-author-skabrada-jiri subject-publikace-sovamm-cs subject-publikovano-se-sovpis-cs\">\n\t\t\t\t\t\t\t\t\t\t\t<a href=\"https:\/\/sovamm.cz\/wordpress\/book-review\/nastin-vyvoje-vesnickych-pudorysu-a-pluzin-v-cechach\/\" title=\"N\u00e1stin v\u00fdvoje vesnick\u00fdch p\u016fdorys\u016f a&nbsp;plu\u017ein v&nbsp;\u010cech\u00e1ch\" class=\"alignleft pull-left thumbnail\">\n\t\t\t\t\t\t\t<img loading=\"lazy\" decoding=\"async\" width=\"133\" height=\"170\" src=\"https:\/\/i0.wp.com\/sovamm.cz\/wordpress\/wp-content\/uploads\/2022\/12\/Obalka_predni-scaled-e1671653964104.jpg?fit=133%2C170&amp;ssl=1\" class=\"attachment-book-cover size-book-cover wp-post-image\" alt=\"\" data-attachment-id=\"5003\" data-permalink=\"https:\/\/sovamm.cz\/wordpress\/book-review\/nastin-vyvoje-vesnickych-pudorysu-a-pluzin-v-cechach\/obalka_predni\/\" data-orig-file=\"https:\/\/i0.wp.com\/sovamm.cz\/wordpress\/wp-content\/uploads\/2022\/12\/Obalka_predni-scaled-e1671653964104.jpg?fit=813%2C1038&amp;ssl=1\" data-orig-size=\"813,1038\" data-comments-opened=\"1\" data-image-meta=\"{&quot;aperture&quot;:&quot;0&quot;,&quot;credit&quot;:&quot;&quot;,&quot;camera&quot;:&quot;&quot;,&quot;caption&quot;:&quot;&quot;,&quot;created_timestamp&quot;:&quot;0&quot;,&quot;copyright&quot;:&quot;&quot;,&quot;focal_length&quot;:&quot;0&quot;,&quot;iso&quot;:&quot;0&quot;,&quot;shutter_speed&quot;:&quot;0&quot;,&quot;title&quot;:&quot;&quot;,&quot;orientation&quot;:&quot;0&quot;}\" data-image-title=\"Obalka_predni\" data-image-description=\"\" data-image-caption=\"\" data-large-file=\"https:\/\/i0.wp.com\/sovamm.cz\/wordpress\/wp-content\/uploads\/2022\/12\/Obalka_predni-scaled-e1671653964104.jpg?fit=474%2C605&amp;ssl=1\" \/>\t\t\t\t\t\t<\/a>\n\t\t\t\t\t\n\t\t\t\t\t\t\t\t\t\t\t\t<p>\u0160KABRADA, Ji\u0159\u00ed. N\u00e1stin v\u00fdvoje vesnick\u00fdch p\u016fdorys\u016f a&nbsp;plu\u017ein v&nbsp;\u010cech\u00e1ch: K&nbsp;v\u00fdpov\u011bdn\u00ed schopnosti map stabiln\u00edho katastru. Vyd\u00e1n\u00ed prvn\u00ed. Brno: Spole\u010dnost pro obnovu vesnice a&nbsp;mal\u00e9ho m\u011bsta, z. s., 2022.&nbsp;348 stran. ISBN 978-80-907440-3-5.<\/p>\n\t\t\t\t\t\t\t\t\t\t<\/div>\n\n\t\t\t\t<div class=\"post-meta\">\n\t\t\t\t\t\t\t\t\t<\/div>\n\t\t\t\t<div class=\"post-data\">\n\t\t\t\t\t\t\t\t\t\t\t\t\t\t\t\t<span class=\"genre\"><strong>\u017d\u00e1nr:<\/strong> <a href=\"https:\/\/sovamm.cz\/wordpress\/?genre=odborna-literatura-cs\">odborn\u00e1 literatura<\/a>, <a href=\"https:\/\/sovamm.cz\/wordpress\/?genre=popularne-naucna-literatura-cs\">popul\u00e1rn\u011b nau\u010dn\u00e1 literatura<\/a>, <a href=\"https:\/\/sovamm.cz\/wordpress\/?genre=sovpis-cs\">SOVPIS<\/a><\/span><br \/>\n\t\t\t\t\t\t\t\t\t\t\t\t\t\t\t\t\t\t\t\t\t<span class=\"subjects\"><strong>T\u00e9mata:<\/strong> <a href=\"https:\/\/sovamm.cz\/wordpress\/?subject=publikace-sovamm-cs\">Publikace SOVAMM<\/a>, <a href=\"https:\/\/sovamm.cz\/wordpress\/?subject=publikovano-se-sovpis-cs\">Publikov\u00e1no se SOVPIS<\/a><\/span><br \/>\n\t\t\t\t\t\t\t\t\t\t\t\t\t\t<\/div>\n\t\t\t<\/div>\n\t\t\t\t\t\t<div class=\"book-review-wrapper orderedby-date\" id=\"book-review-3498\">\n\t\t\t\t<h3><a href=\"https:\/\/sovamm.cz\/wordpress\/book-review\/lidova-architektura-v-jiznich-cechach\/\">Lidov\u00e1 architektura v\u00a0ji\u017en\u00edch \u010cech\u00e1ch<\/a><\/h3>\n\t\t\t\t<div class=\"book-review-sc post-3498 book-review type-book-review status-publish has-post-thumbnail hentry genre-odborna-literatura-cs genre-popularne-naucna-literatura-cs genre-sovpis-cs book-author-kuca-karel book-author-naprstek book-author-pesta-jan book-author-skabrada-jiri book-author-tykal-roman subject-publikace-sovamm-cs subject-publikovano-se-sovpis-cs\">\n\t\t\t\t\t\t\t\t\t\t\t<a href=\"https:\/\/sovamm.cz\/wordpress\/book-review\/lidova-architektura-v-jiznich-cechach\/\" title=\"Lidov\u00e1 architektura v\u00a0ji\u017en\u00edch \u010cech\u00e1ch\" class=\"alignleft pull-left thumbnail\">\n\t\t\t\t\t\t\t<img loading=\"lazy\" decoding=\"async\" width=\"133\" height=\"170\" src=\"https:\/\/i0.wp.com\/sovamm.cz\/wordpress\/wp-content\/uploads\/2021\/05\/Tit_JCLA_Prezent_r-scaled-e1620570715130.jpg?fit=133%2C170&amp;ssl=1\" class=\"attachment-book-cover size-book-cover wp-post-image\" alt=\"\" srcset=\"https:\/\/i0.wp.com\/sovamm.cz\/wordpress\/wp-content\/uploads\/2021\/05\/Tit_JCLA_Prezent_r-scaled-e1620570715130.jpg?w=1038&amp;ssl=1 1038w, https:\/\/i0.wp.com\/sovamm.cz\/wordpress\/wp-content\/uploads\/2021\/05\/Tit_JCLA_Prezent_r-scaled-e1620570715130.jpg?w=948&amp;ssl=1 948w\" sizes=\"auto, (max-width: 133px) 100vw, 133px\" data-attachment-id=\"3505\" data-permalink=\"https:\/\/sovamm.cz\/wordpress\/tit_jcla_prezent_r\/\" data-orig-file=\"https:\/\/i0.wp.com\/sovamm.cz\/wordpress\/wp-content\/uploads\/2021\/05\/Tit_JCLA_Prezent_r-scaled-e1620570715130.jpg?fit=1038%2C1325&amp;ssl=1\" data-orig-size=\"1038,1325\" data-comments-opened=\"1\" data-image-meta=\"{&quot;aperture&quot;:&quot;0&quot;,&quot;credit&quot;:&quot;&quot;,&quot;camera&quot;:&quot;&quot;,&quot;caption&quot;:&quot;&quot;,&quot;created_timestamp&quot;:&quot;0&quot;,&quot;copyright&quot;:&quot;&quot;,&quot;focal_length&quot;:&quot;0&quot;,&quot;iso&quot;:&quot;0&quot;,&quot;shutter_speed&quot;:&quot;0&quot;,&quot;title&quot;:&quot;&quot;,&quot;orientation&quot;:&quot;0&quot;}\" data-image-title=\"Tit_JCLA_Prezent_r\" data-image-description=\"\" data-image-caption=\"\" data-large-file=\"https:\/\/i0.wp.com\/sovamm.cz\/wordpress\/wp-content\/uploads\/2021\/05\/Tit_JCLA_Prezent_r-scaled-e1620570715130.jpg?fit=474%2C605&amp;ssl=1\" \/>\t\t\t\t\t\t<\/a>\n\t\t\t\t\t\n\t\t\t\t\t\t\t\t\t\t\t\t<p>\u0160KABRADA, Ji\u0159\u00ed a&nbsp;kol. Lidov\u00e1 architektura v\u00a0ji\u017en\u00edch \u010cech\u00e1ch. Vyd\u00e1n\u00ed prvn\u00ed. Brno: Spole\u010dnost pro obnovu vesnice a&nbsp;mal\u00e9ho m\u011bsta, z. s., 2021. ISBN 978-80-907440-1-1<br \/>\nVyd\u00e1n\u00ed druh\u00e9. Brno: Spole\u010dnost pro obnovu vesnice a&nbsp;mal\u00e9ho m\u011bsta, z. s., 2021. ISBN 978-80-907440-2-8.<\/p>\n\t\t\t\t\t\t\t\t\t\t<\/div>\n\n\t\t\t\t<div class=\"post-meta\">\n\t\t\t\t\t\t\t\t\t<\/div>\n\t\t\t\t<div class=\"post-data\">\n\t\t\t\t\t\t\t\t\t\t\t\t\t\t\t\t<span class=\"genre\"><strong>\u017d\u00e1nr:<\/strong> <a href=\"https:\/\/sovamm.cz\/wordpress\/?genre=odborna-literatura-cs\">odborn\u00e1 literatura<\/a>, <a href=\"https:\/\/sovamm.cz\/wordpress\/?genre=popularne-naucna-literatura-cs\">popul\u00e1rn\u011b nau\u010dn\u00e1 literatura<\/a>, <a href=\"https:\/\/sovamm.cz\/wordpress\/?genre=sovpis-cs\">SOVPIS<\/a><\/span><br \/>\n\t\t\t\t\t\t\t\t\t\t\t\t\t\t\t\t\t\t\t\t\t<span class=\"subjects\"><strong>T\u00e9mata:<\/strong> <a href=\"https:\/\/sovamm.cz\/wordpress\/?subject=publikace-sovamm-cs\">Publikace SOVAMM<\/a>, <a href=\"https:\/\/sovamm.cz\/wordpress\/?subject=publikovano-se-sovpis-cs\">Publikov\u00e1no se SOVPIS<\/a><\/span><br \/>\n\t\t\t\t\t\t\t\t\t\t\t\t\t\t<\/div>\n\t\t\t<\/div>\n\t\t\t\t\t\t<div class=\"book-review-wrapper orderedby-date\" id=\"book-review-2545\">\n\t\t\t\t<h3><a href=\"https:\/\/sovamm.cz\/wordpress\/book-review\/nejstarsi-venkovske-domy\/\">Nejstar\u0161\u00ed venkovsk\u00e9 domy ve v\u00fdchodn\u00edch \u010cech\u00e1ch<\/a><\/h3>\n\t\t\t\t<div class=\"book-review-sc post-2545 book-review type-book-review status-publish has-post-thumbnail hentry genre-odborna-literatura-cs genre-popularne-naucna-literatura-cs genre-sovpis-cs book-author-cejpova-miroslava book-author-dostal-petr book-author-ebel-martin book-author-filous-tomas book-author-gabriel-frantisek book-author-kyncl-josef book-author-kyncl-tomas book-author-nemcova-zdenka book-author-paterova-vladimira book-author-ruzickova-renata book-author-siglova-tereza book-author-skabrada-jiri book-author-stejskal-david book-author-stranska-varekova-zuzana book-author-svec-jiri book-author-syrova-anyzova-zuzana book-author-syrovy-jiri book-author-tomkova-blanka book-author-vaclavik-frantisek-r book-author-zahradnik-pavel subject-publikace-sovamm-cs subject-publikovano-se-sovpis-cs\">\n\t\t\t\t\t\t\t\t\t\t\t<a href=\"https:\/\/sovamm.cz\/wordpress\/book-review\/nejstarsi-venkovske-domy\/\" title=\"Nejstar\u0161\u00ed venkovsk\u00e9 domy ve v\u00fdchodn\u00edch \u010cech\u00e1ch\" class=\"alignleft pull-left thumbnail\">\n\t\t\t\t\t\t\t<img loading=\"lazy\" decoding=\"async\" width=\"133\" height=\"172\" src=\"https:\/\/i0.wp.com\/sovamm.cz\/wordpress\/wp-content\/uploads\/2019\/03\/NVD_2018-1.jpg?fit=133%2C172&amp;ssl=1\" class=\"attachment-book-cover size-book-cover wp-post-image\" alt=\"\" srcset=\"https:\/\/i0.wp.com\/sovamm.cz\/wordpress\/wp-content\/uploads\/2019\/03\/NVD_2018-1.jpg?w=1038&amp;ssl=1 1038w, https:\/\/i0.wp.com\/sovamm.cz\/wordpress\/wp-content\/uploads\/2019\/03\/NVD_2018-1.jpg?resize=233%2C300&amp;ssl=1 233w, https:\/\/i0.wp.com\/sovamm.cz\/wordpress\/wp-content\/uploads\/2019\/03\/NVD_2018-1.jpg?resize=768%2C991&amp;ssl=1 768w, https:\/\/i0.wp.com\/sovamm.cz\/wordpress\/wp-content\/uploads\/2019\/03\/NVD_2018-1.jpg?resize=794%2C1024&amp;ssl=1 794w, https:\/\/i0.wp.com\/sovamm.cz\/wordpress\/wp-content\/uploads\/2019\/03\/NVD_2018-1.jpg?resize=133%2C172&amp;ssl=1 133w, https:\/\/i0.wp.com\/sovamm.cz\/wordpress\/wp-content\/uploads\/2019\/03\/NVD_2018-1.jpg?w=948&amp;ssl=1 948w\" sizes=\"auto, (max-width: 133px) 100vw, 133px\" data-attachment-id=\"2579\" data-permalink=\"https:\/\/sovamm.cz\/wordpress\/book-review\/nejstarsi-venkovske-domy\/nvd_2018-1\/\" data-orig-file=\"https:\/\/i0.wp.com\/sovamm.cz\/wordpress\/wp-content\/uploads\/2019\/03\/NVD_2018-1.jpg?fit=1038%2C1339&amp;ssl=1\" data-orig-size=\"1038,1339\" data-comments-opened=\"1\" data-image-meta=\"{&quot;aperture&quot;:&quot;0&quot;,&quot;credit&quot;:&quot;&quot;,&quot;camera&quot;:&quot;&quot;,&quot;caption&quot;:&quot;&quot;,&quot;created_timestamp&quot;:&quot;0&quot;,&quot;copyright&quot;:&quot;&quot;,&quot;focal_length&quot;:&quot;0&quot;,&quot;iso&quot;:&quot;0&quot;,&quot;shutter_speed&quot;:&quot;0&quot;,&quot;title&quot;:&quot;&quot;,&quot;orientation&quot;:&quot;1&quot;}\" data-image-title=\"NVD_2018-1\" data-image-description=\"\" data-image-caption=\"\" data-large-file=\"https:\/\/i0.wp.com\/sovamm.cz\/wordpress\/wp-content\/uploads\/2019\/03\/NVD_2018-1.jpg?fit=474%2C611&amp;ssl=1\" \/>\t\t\t\t\t\t<\/a>\n\t\t\t\t\t\n\t\t\t\t\t\t\t\t\t\t\t\t<p>\u0160KABRADA, Ji\u0159\u00ed, Zuzana SYROV\u00c1-AN\u00dd\u017dOV\u00c1, et al. Nejstar\u0161\u00ed venkovsk\u00e9 domy ve v\u00fdchodn\u00edch \u010cech\u00e1ch. Vyd\u00e1n\u00ed prvn\u00ed. Pardubice: Univerzita Pardubice, Fakulta filozofick\u00e1; Brno: Spole\u010dnost pro obnovu vesnice a&nbsp;mal\u00e9ho m\u011bsta, z. s., 2018.&nbsp;512 stran. ISBN 978-80-7560-126-1 (Univerzita Pardubice), 978-80-907440-0-4 (Spole\u010dnost pro obnovu vesnice a&nbsp;mal\u00e9ho m\u011bsta, z. s.).<\/p>\n\t\t\t\t\t\t\t\t\t\t<\/div>\n\n\t\t\t\t<div class=\"post-meta\">\n\t\t\t\t\t\t\t\t\t<\/div>\n\t\t\t\t<div class=\"post-data\">\n\t\t\t\t\t\t\t\t\t\t\t\t\t\t\t\t<span class=\"genre\"><strong>\u017d\u00e1nr:<\/strong> <a href=\"https:\/\/sovamm.cz\/wordpress\/?genre=odborna-literatura-cs\">odborn\u00e1 literatura<\/a>, <a href=\"https:\/\/sovamm.cz\/wordpress\/?genre=popularne-naucna-literatura-cs\">popul\u00e1rn\u011b nau\u010dn\u00e1 literatura<\/a>, <a href=\"https:\/\/sovamm.cz\/wordpress\/?genre=sovpis-cs\">SOVPIS<\/a><\/span><br \/>\n\t\t\t\t\t\t\t\t\t\t\t\t\t\t\t\t\t\t\t\t\t<span class=\"subjects\"><strong>T\u00e9mata:<\/strong> <a href=\"https:\/\/sovamm.cz\/wordpress\/?subject=publikace-sovamm-cs\">Publikace SOVAMM<\/a>, <a href=\"https:\/\/sovamm.cz\/wordpress\/?subject=publikovano-se-sovpis-cs\">Publikov\u00e1no se SOVPIS<\/a><\/span><br \/>\n\t\t\t\t\t\t\t\t\t\t\t\t\t\t<\/div>\n\t\t\t<\/div>\n\t\t\t\n<p>&nbsp;<\/p>\n<p>Publikace, kter\u00e9 vydala Spole\u010dnost pro obnovu vesnice a&nbsp;mal\u00e9ho m\u011bsta, z. s., m\u016f\u017eete objednat u&nbsp;sekret\u00e1\u0159e SOVAMM:<br \/>\n<i>Zuzana Syrov\u00e1, Kur\u0161ova 30, 635\u00a000 Brno-Bystrc,\u00a0<\/i><br \/>\n<i>tel.: (+420) 736657048<\/i><br \/>\n<i>e-po\u0161ta: syrova@sovamm.cz <\/i><\/p>\n<p><em>Osobn\u00ed odb\u011br je mo\u017en\u00fd po&nbsp;dohod\u011b v&nbsp;kancel\u00e1\u0159i SOVAMM v&nbsp;Brn\u011b nebo na kontaktn\u00edch v\u00fddejn\u00edch m\u00edstech. P\u0159i&nbsp;zas\u00edl\u00e1n\u00ed po\u0161tou k&nbsp;cen\u011b publikace \u00fa\u010dtujeme baln\u00e9 50,- K\u010d a&nbsp;aktu\u00e1ln\u011b platn\u00e9 po\u0161tovn\u00e9.<\/em><\/p>\n","protected":false},"excerpt":{"rendered":"<p>&nbsp; Publikace, kter\u00e9 vydala Spole\u010dnost pro obnovu vesnice a&nbsp;mal\u00e9ho m\u011bsta, z. s., m\u016f\u017eete objednat u&nbsp;sekret\u00e1\u0159e SOVAMM: Zuzana Syrov\u00e1, Kur\u0161ova 30, 635\u00a000 Brno-Bystrc,\u00a0 tel.: (+420) 736657048 e-po\u0161ta: syrova@sovamm.cz Osobn\u00ed odb\u011br je &hellip; <a href=\"https:\/\/sovamm.cz\/wordpress\/book-review\/nejstarsi-venkovske-domy\/\" class=\"more-link\">Pokra\u010dov\u00e1n\u00ed textu <span class=\"screen-reader-text\">Nejstar\u0161\u00ed venkovsk\u00e9 domy ve v\u00fdchodn\u00edch \u010cech\u00e1ch<\/span> <span class=\"meta-nav\">&rarr;<\/span><\/a><\/p>\n","protected":false},"author":2,"featured_media":3522,"parent":5368,"menu_order":1,"comment_status":"closed","ping_status":"closed","template":"","meta":{"jetpack_post_was_ever_published":false,"footnotes":""},"class_list":["post-3506","page","type-page","status-publish","has-post-thumbnail","hentry"],"jetpack_shortlink":"https:\/\/wp.me\/P8dB8l-Uy","jetpack_sharing_enabled":true,"_links":{"self":[{"href":"https:\/\/sovamm.cz\/wordpress\/wp-json\/wp\/v2\/pages\/3506","targetHints":{"allow":["GET"]}}],"collection":[{"href":"https:\/\/sovamm.cz\/wordpress\/wp-json\/wp\/v2\/pages"}],"about":[{"href":"https:\/\/sovamm.cz\/wordpress\/wp-json\/wp\/v2\/types\/page"}],"author":[{"embeddable":true,"href":"https:\/\/sovamm.cz\/wordpress\/wp-json\/wp\/v2\/users\/2"}],"replies":[{"embeddable":true,"href":"https:\/\/sovamm.cz\/wordpress\/wp-json\/wp\/v2\/comments?post=3506"}],"version-history":[{"count":21,"href":"https:\/\/sovamm.cz\/wordpress\/wp-json\/wp\/v2\/pages\/3506\/revisions"}],"predecessor-version":[{"id":6771,"href":"https:\/\/sovamm.cz\/wordpress\/wp-json\/wp\/v2\/pages\/3506\/revisions\/6771"}],"up":[{"embeddable":true,"href":"https:\/\/sovamm.cz\/wordpress\/wp-json\/wp\/v2\/pages\/5368"}],"wp:featuredmedia":[{"embeddable":true,"href":"https:\/\/sovamm.cz\/wordpress\/wp-json\/wp\/v2\/media\/3522"}],"wp:attachment":[{"href":"https:\/\/sovamm.cz\/wordpress\/wp-json\/wp\/v2\/media?parent=3506"}],"curies":[{"name":"wp","href":"https:\/\/api.w.org\/{rel}","templated":true}]}}