{"id":3479,"date":"2021-05-09T15:16:45","date_gmt":"2021-05-09T13:16:45","guid":{"rendered":"https:\/\/www.sovamm.cz\/wordpress\/?page_id=3479"},"modified":"2026-02-14T15:45:01","modified_gmt":"2026-02-14T14:45:01","slug":"lidova-architektura-v-jiznich-cechach","status":"publish","type":"page","link":"https:\/\/sovamm.cz\/wordpress\/publikace-2\/publikovano-se-sovpis\/lidova-architektura-v-jiznich-cechach\/","title":{"rendered":"Lidov\u00e1 architektura v&nbsp;ji\u017en\u00edch \u010cech\u00e1ch"},"content":{"rendered":"<h5 id=\"ji\u0159\u00ed-\u0160kabrada-a-kol\">Ji\u0159\u00ed \u0160kabrada a&nbsp;kol.<\/h5>\n<p><em>Vydala Spole\u010dnost pro obnovu vesnice a&nbsp;mal\u00e9ho m\u011bsta, z.s. v&nbsp;roce 2021 jako svou druhou publikaci. Kniha vy\u0161la s&nbsp;laskavou podporou Ministerstva kultury \u010cR.<\/em><\/p>\n<p>Kniha <em>Lidov\u00e1 architektura v\u00a0ji\u017en\u00edch \u010cech\u00e1ch<\/em> vznikla jako novelizace titulu, vydan\u00e9ho p\u0159ed v\u00edce ne\u017e t\u0159iceti lety v&nbsp;\u010cesk\u00fdch Bud\u011bjovic\u00edch (<a href=\"https:\/\/sovamm.cz\/wordpress\/book-review\/jihoceska-lidova-architektura\/\">VOD\u011aRA, Svatopluk a\u00a0Ji\u0159\u00ed \u0160KABRADA. <i>Jiho\u010desk\u00e1 lidov\u00e1 architektura<\/i>. \u010cesk\u00e9 Bud\u011bjovice: Jiho\u010desk\u00e9 nakladatelstv\u00ed, 1986<\/a>). <span id=\"more-3225\"><\/span>Oproti p\u016fvodn\u00edmu titulu je napsan\u00e1 v&nbsp;podstat\u011b nov\u011b a&nbsp;obs\u00e1hleji, proto\u017ee mohla b\u00fdt obohacena o&nbsp;v\u00fdsledky mno\u017estv\u00ed dokumentac\u00ed i&nbsp;pr\u016fzkum\u016f r\u016fzn\u00e9ho druhu \u2013 od plo\u0161n\u00fdch, prov\u00e1d\u011bn\u00fdch p\u0159ed prohla\u0161ov\u00e1n\u00edm vesnick\u00fdch pam\u00e1tkov\u00fdch rezervac\u00ed a&nbsp;z\u00f3n v&nbsp;devades\u00e1t\u00fdch letech 20.&nbsp;stolet\u00ed, a\u017e po&nbsp;podrobn\u00e9 pr\u016fzkumy jednotliv\u00fdch objekt\u016f, op\u0159en\u00e9 dnes i&nbsp;o&nbsp;dendrochronologick\u00e1 datov\u00e1n\u00ed.<br \/>\nNov\u00e1 kniha vznikla ji\u017e bez \u00fa\u010dasti Svatopluka Vod\u011bry, kter\u00fd zem\u0159el v&nbsp;roce 2001. <a href=\"https:\/\/sovamm.cz\/wordpress\/sovpis\/autori\/jiri-skabrada\/\">Ji\u0159\u00ed \u0160kabrada<\/a> ke spolupr\u00e1ci p\u0159izval <a href=\"https:\/\/sovamm.wordpress.com\/who-is-who\/karel-kuca\/\">Karla Ku\u010du<\/a> (vymezen\u00ed, z\u00e1kladn\u00ed charakteristika a&nbsp;s\u00eddeln\u00ed v\u00fdvoj ji\u017en\u00edch \u010cech), Ivana N\u00e1prstka (pam\u00e1tkov\u00e1 p\u00e9\u010de), <a href=\"https:\/\/sovamm.wordpress.com\/who-is-who\/jan-pesta\/\">Jana Pe\u0161tu<\/a> (\u00fazemn\u00ed okruhy lidov\u00e9 architektury) a&nbsp;<a href=\"https:\/\/sovamm.wordpress.com\/who-is-who\/roman-tykal\/\">Romana Tykala<\/a> (v\u00fdvoj pozn\u00e1v\u00e1n\u00ed lidov\u00e9 architektury v&nbsp;ji\u017en\u00edch \u010cech\u00e1ch). Krat\u0161\u00edmi texty p\u0159isp\u011bli d\u00e1le Ivan Min\u00e1\u0159 a&nbsp;Daniel \u0160nejd.<\/p>\n<p>Prolistovat uk\u00e1zku z&nbsp;knihy a&nbsp;dozv\u011bd\u011bt se n\u011bco v\u00edce o&nbsp;jej\u00edm obsahu a&nbsp;autorech m\u016f\u017eete zde:<\/p>\n<a href=\"https:\/\/sovamm.cz\/wordpress\/wp-content\/uploads\/2021\/05\/JCLA_Prezent_Wr2.pdf\" class=\"pdfemb-viewer\" style=\"\" data-width=\"max\" data-height=\"max\" data-toolbar=\"bottom\" data-toolbar-fixed=\"off\">JCLA_Prezent_Wr2<\/a>\n<ul>\n<li><a href=\"https:\/\/sovamm.cz\/wordpress\/wp-content\/uploads\/2021\/05\/JCLA_Prezent_r.pdf\" target=\"_blank\" rel=\"noopener noreferrer\">Uk\u00e1zka ke sta\u017een\u00ed<\/a><\/li>\n<\/ul>\n<p>Vych\u00e1z\u00ed ve dvou vyd\u00e1n\u00edch, prvn\u00ed &#8211; ISBN 978-80-907440-1-1 &#8211; jako neprodejn\u00e1 metodick\u00e1 publikace Jiho\u010desk\u00e9ho krajsk\u00e9ho \u00fa\u0159adu, druh\u00e9 s&nbsp;podporou MK \u010cR &#8211; ISBN 978-80-907440-2-8 &#8211; je ur\u010deno pro prodej. P\u0159\u00edlohou je CD-ROM, na kter\u00e9m je um\u00edst\u011bna jednak kapitola 11 (\u00dazemn\u00ed okruhy lidov\u00e9 architektury), jednak sken p\u016fvodn\u00ed knihy <em>Jiho\u010desk\u00e1 lidov\u00e1 architektura<\/em>, vydan\u00e9 v&nbsp;roce 1986.<\/p>\n<ul>\n<li>Dokumenty z&nbsp;CD p\u0159\u00edlohy knihy ke sta\u017een\u00ed\n<ul>\n<li><a href=\"https:\/\/sovamm.cz\/wordpress\/wp-content\/uploads\/2021\/07\/JC_LA_2021-kap11.pdf\" target=\"_blank\" rel=\"noopener noreferrer\">Kapitola 11 (\u00dazemn\u00ed okruhy lidov\u00e9 architektury)<\/a><\/li>\n<li><a href=\"https:\/\/sovamm.cz\/wordpress\/publikace-2\/publikovano-se-sovpis\/lidova-architektura-v-jiznich-cechach\/jihoceska-lidova-architektura-1986\/\" target=\"_blank\" rel=\"noopener\">VOD\u011aRA, Svatopluk a\u00a0Ji\u0159\u00ed \u0160KABRADA.\u00a0<em>Jiho\u010desk\u00e1 lidov\u00e1 architektura<\/em>. \u010cesk\u00e9 Bud\u011bjovice: Jiho\u010desk\u00e9 nakladatelstv\u00ed, 1986<\/a>.<\/li>\n<\/ul>\n<\/li>\n<\/ul>\n<h6 id=\"objedn\u00e1vky:\">Objedn\u00e1vky:<\/h6>\n<p>Publikaci je mo\u017eno objednat u&nbsp;sekret\u00e1\u0159e SOVAMM:<br \/>\n<i>Zuzana Syrov\u00e1, Kur\u0161ova 30, 635\u00a000 Brno-Bystrc,\u00a0<\/i><br \/>\n<i>tel.: (+420) 736657048<\/i><br \/>\n<i>e-po\u0161ta: syrova@sovamm.cz <\/i><\/p>\n<p>Osobn\u00ed odb\u011br po&nbsp;dohod\u011b v&nbsp;kancel\u00e1\u0159i SOVAMM v&nbsp;Brn\u011b a&nbsp;rovn\u011b\u017e na kontaktn\u00edch v\u00fddejn\u00edch m\u00edstech v&nbsp;Praze, \u010cesk\u00fdch Bud\u011bjovic\u00edch nebo Pardubic\u00edch.<br \/>\nCena publikace je 790,- K\u010d (590,- \u010dlenov\u00e9 SOVAMM). P\u0159i&nbsp;zas\u00edl\u00e1n\u00ed po\u0161tou k&nbsp;n\u00ed \u00fa\u010dtujeme baln\u00e9 50,- K\u010d a&nbsp;aktu\u00e1ln\u011b platn\u00e9 po\u0161tovn\u00e9.<br \/>\n(SOVAMM nen\u00ed pl\u00e1tcem DPH.)<\/p>\n<p>K objedn\u00e1n\u00ed je mo\u017eno t\u00e9\u017e vyu\u017e\u00edt <a href=\"https:\/\/sovamm.cz\/wordpress\/objednavka-jcla-202001\/\">interaktivn\u00ed online formul\u00e1\u0159<\/a>.<\/p>\n<ul>\n<li><a href=\"https:\/\/sovamm.cz\/wordpress\/publikovano-se-sovpis\/\" target=\"_blank\" rel=\"noopener\">Vydali jsme \u2192<\/a><\/li>\n<\/ul>\n<p>Aktualizov\u00e1no: <span class=\"last-modified-timestamp\">14\/02\/2026 15:45<\/span><\/p>\n<ul>\n<li>Ilustra\u010dn\u00ed foto: <em>Tabulka s&nbsp;n\u00e1pisem ozna\u010duj\u00edc\u00edm p\u016fvodn\u00ed \u010dp.&nbsp;2 (dnes \u010dp.&nbsp;109) v&nbsp;Budi\u010dovic\u00edch; Ji\u0159\u00ed \u0160kabrada 2000.<\/em><\/li>\n<\/ul>\n","protected":false},"excerpt":{"rendered":"<p>Ji\u0159\u00ed \u0160kabrada a&nbsp;kol. Vydala Spole\u010dnost pro obnovu vesnice a&nbsp;mal\u00e9ho m\u011bsta, z.s. v&nbsp;roce 2021 jako svou druhou publikaci. Kniha vy\u0161la s&nbsp;laskavou podporou Ministerstva kultury \u010cR. Kniha Lidov\u00e1 architektura v\u00a0ji\u017en\u00edch \u010cech\u00e1ch vznikla &hellip; <a href=\"https:\/\/sovamm.cz\/wordpress\/publikace-2\/publikovano-se-sovpis\/lidova-architektura-v-jiznich-cechach\/\" class=\"more-link\">Pokra\u010dov\u00e1n\u00ed textu <span class=\"screen-reader-text\">Lidov\u00e1 architektura v&nbsp;ji\u017en\u00edch \u010cech\u00e1ch<\/span> <span class=\"meta-nav\">&rarr;<\/span><\/a><\/p>\n","protected":false},"author":2,"featured_media":3224,"parent":3506,"menu_order":0,"comment_status":"closed","ping_status":"closed","template":"","meta":{"jetpack_post_was_ever_published":false,"footnotes":""},"class_list":["post-3479","page","type-page","status-publish","has-post-thumbnail","hentry"],"jetpack_shortlink":"https:\/\/wp.me\/P8dB8l-U7","jetpack_sharing_enabled":true,"_links":{"self":[{"href":"https:\/\/sovamm.cz\/wordpress\/wp-json\/wp\/v2\/pages\/3479","targetHints":{"allow":["GET"]}}],"collection":[{"href":"https:\/\/sovamm.cz\/wordpress\/wp-json\/wp\/v2\/pages"}],"about":[{"href":"https:\/\/sovamm.cz\/wordpress\/wp-json\/wp\/v2\/types\/page"}],"author":[{"embeddable":true,"href":"https:\/\/sovamm.cz\/wordpress\/wp-json\/wp\/v2\/users\/2"}],"replies":[{"embeddable":true,"href":"https:\/\/sovamm.cz\/wordpress\/wp-json\/wp\/v2\/comments?post=3479"}],"version-history":[{"count":33,"href":"https:\/\/sovamm.cz\/wordpress\/wp-json\/wp\/v2\/pages\/3479\/revisions"}],"predecessor-version":[{"id":7466,"href":"https:\/\/sovamm.cz\/wordpress\/wp-json\/wp\/v2\/pages\/3479\/revisions\/7466"}],"up":[{"embeddable":true,"href":"https:\/\/sovamm.cz\/wordpress\/wp-json\/wp\/v2\/pages\/3506"}],"wp:featuredmedia":[{"embeddable":true,"href":"https:\/\/sovamm.cz\/wordpress\/wp-json\/wp\/v2\/media\/3224"}],"wp:attachment":[{"href":"https:\/\/sovamm.cz\/wordpress\/wp-json\/wp\/v2\/media?parent=3479"}],"curies":[{"name":"wp","href":"https:\/\/api.w.org\/{rel}","templated":true}]}}