{"id":3326,"date":"2020-09-28T17:17:58","date_gmt":"2020-09-28T15:17:58","guid":{"rendered":"https:\/\/www.sovamm.cz\/wordpress\/?page_id=3326"},"modified":"2025-03-13T13:45:35","modified_gmt":"2025-03-13T12:45:35","slug":"uzivani-dokumentu-sovpis","status":"publish","type":"page","link":"https:\/\/sovamm.cz\/wordpress\/sovpis\/uzivani-dokumentu-sovpis\/","title":{"rendered":"U\u017e\u00edv\u00e1n\u00ed dokument\u016f SOVPIS"},"content":{"rendered":"<p>Dokumenty SOVPIS zve\u0159ej\u0148ujeme pod licenc\u00ed <a href=\"https:\/\/creativecommons.org\/licenses\/by-nc-nd\/4.0\/deed.cs\" target=\"_blank\" rel=\"noopener noreferrer\">Creative Commons <span id=\"xmp_license_name\">Uve\u010fte p\u016fvod-Neu\u017e\u00edvejte komer\u010dn\u011b-Nezpracov\u00e1vejte 4.0 Mezin\u00e1rodn\u00ed<\/span><\/a><span id=\"xmp_license_name\">, tedy CC BY-NC-ND 4.0 International<\/span>.<\/p>\n<p>Znamen\u00e1 to, \u017ee tato d\u00edla sm\u00edte d\u00e1le \u0161\u00ed\u0159it za p\u0159edpokladu, \u017ee uvedete autorstv\u00ed a&nbsp;odkaz na pou\u017eit\u00e9 licen\u010dn\u00ed podm\u00ednky a&nbsp;nebude-li Va\u0161e u\u017eit\u00ed vyvol\u00e1vat dojem, \u017ee by poskytovatel licence podporoval nebo schvaloval V\u00e1s nebo V\u00e1\u0161 zp\u016fsob u\u017eit\u00ed d\u00edla. Je zak\u00e1z\u00e1no u\u017e\u00edvat d\u00edlo pro komer\u010dn\u00ed \u00fa\u010dely. Pokud d\u00edlo zpracujete, zpracujete s&nbsp;jin\u00fdmi d\u00edly, dopln\u00edte nebo jinak zm\u011bn\u00edte, nesm\u00edte toto upraven\u00e9 d\u00edlo d\u00e1le \u0161\u00ed\u0159it.<\/p>\n<ul>\n<li>Pln\u00e9 zn\u011bn\u00ed licen\u010dn\u00edch podm\u00ednek v&nbsp;\u010de\u0161tin\u011b: <a href=\"https:\/\/creativecommons.org\/licenses\/by-nc-nd\/4.0\/legalcode.cs\" target=\"_blank\" rel=\"noopener noreferrer\">CC BY-NC-ND 4.0<\/a><\/li>\n<\/ul>\n<p>&nbsp;<\/p>\n<p>Pokud V\u00e1m licence Creative Commons nic ne\u0159\u00edkaj\u00ed, m\u016f\u017eete si o\u00a0nich p\u0159e\u010d\u00edst na str\u00e1nk\u00e1ch <a href=\"http:\/\/www.creativecommons.cz\/\" target=\"_blank\" rel=\"noopener noreferrer\">Creative Commons, \u010cesk\u00e1 republika<\/a>. Jsou na nich publikov\u00e1na pro u\u017eivatele d\u011bl CC i&nbsp;<strong>obecn\u00e1 pravidla,<\/strong> <strong><a href=\"https:\/\/www.creativecommons.cz\/pro-uzivatele\/nabyvani-licence\/\">jak spr\u00e1vn\u011b uv\u00e9st p\u016fvod neboli jak spr\u00e1vn\u011b d\u00edlo citovat<\/a><\/strong>, z&nbsp;nich\u017e\u00a0 pro u\u017eivatele d\u00edla vypl\u00fdvaj\u00ed tyto povinnosti:<strong><br \/>\n<\/strong><\/p>\n<p><em>Uv\u00e9st p\u016fvod je z\u00e1kladn\u00ed povinnost\u00ed, kterou mus\u00ed nabyvatel (tj.&nbsp;u\u017eivatel) d\u00edla dodr\u017eovat. Aby bylo mo\u017eno dob\u0159e identifikovat d\u00edlo a&nbsp;tak\u00e9 licenci, pod kterou je vystaveno, pou\u017e\u00edv\u00e1 se n\u00e1sleduj\u00edc\u00ed postup s&nbsp;akronymem NAZL:<\/em><\/p>\n<ul>\n<li><em><strong>N\u00e1zev d\u00edla:<\/strong> Pokud je n\u00e1zev zn\u00e1m\u00fd, je t\u0159eba ho uv\u00e9st. Za p\u0159edpokladu, \u017ee\u00a0nen\u00ed, nejedn\u00e1 se o&nbsp;p\u0159ek\u00e1\u017eku pro spr\u00e1vn\u00e9 uveden\u00ed autorstv\u00ed.<\/em><\/li>\n<li><em><strong>Autor d\u00edla:<\/strong>\u00a0Uv\u00e9st autora je nutn\u00e9 v\u017edy, pokud v\u0161ak nen\u00ed stanoveno jinak. P\u0159i&nbsp;uv\u00e1d\u011bn\u00ed jm\u00e9na autora je nutn\u00e9 se \u0159\u00eddit jeho p\u0159\u00e1n\u00edm (a&nbsp;to i&nbsp;ohledn\u011b dal\u0161\u00edch informac\u00ed, nap\u0159.&nbsp;o&nbsp;tom, kde bylo d\u00edlo prvn\u011b publikov\u00e1no). Pokud autor nechce b\u00fdt uveden, pak ho nen\u00ed mo\u017en\u00e9 neuv\u00e1d\u011bt. Pokud autor vystupuje nap\u0159.&nbsp;pod pseudonymem nebo p\u0159ezd\u00edvkou, m\u016f\u017eete (mus\u00edte) uv\u00e9st i&nbsp;tuto.<\/em><\/li>\n<li><em><strong>Zdroj:<\/strong>\u00a0Tedy odkaz, odkud bylo d\u00edlo z\u00edsk\u00e1no. Obvykle se bude jednat o&nbsp;URL odkaz (internetovou\u00a0adresu), ze kter\u00e9 bylo k&nbsp;d\u00edlu p\u0159istoupeno.<\/em><\/li>\n<li><em><strong>Licence:<\/strong> N\u00e1zev licence Creative Commons a&nbsp;odkaz jej\u00ed podm\u00ednky\u00a0\u2013 neposta\u010duje uv\u00e9st, \u017ee se jedn\u00e1 o&nbsp;licenci Creative Commons, je t\u0159eba uv\u00e9st o&nbsp;kterou konkr\u00e9tn\u011b (varianta a&nbsp;verze) a&nbsp;op\u011bt poskytnout k&nbsp;n\u00ed vedouc\u00ed URL odkaz.<\/em><\/li>\n<\/ul>\n<h6 id=\"--uveden\u00ed-p\u016fvodu-aneb-\u201ccre\"><\/h6>\n<h6 id=\"uveden\u00ed-p\u016fvodu-aneb-\u201ccredi\">Uveden\u00ed p\u016fvodu aneb \u201c<b>Credit lines required by license<\/b>\u201d &#8211; povinn\u00e9 \u00fadaje vypl\u00fdvaj\u00edc\u00ed z&nbsp;licence pro dokumenty z&nbsp;archivu SOVAMM \/\u00a0 SOVIS<\/h6>\n<p>Zp\u016fsob, jak tyto \u00fadaje uv\u00e1d\u011bt se pro dokumenty z&nbsp;archivu SOVAMM \/ SOVPIS bude drobn\u011b li\u0161it podle toho, zda se jedn\u00e1 o&nbsp;dokumenty z&nbsp;prim\u00e1rn\u00edho \u00falo\u017ei\u0161t\u011b dostupn\u00e9 prost\u0159ednictv\u00edm aplikace <strong><a href=\"https:\/\/archiv.sovamm.cz\/photo\" target=\"_blank\" rel=\"noopener noreferrer\">Photo Station<\/a><\/strong> nebo o&nbsp;dokumenty publikovan\u00e9 prost\u0159ednictv\u00edm tzv.&nbsp;Metainforma\u010dn\u00edho syst\u00e9mu (<strong><a href=\"http:\/\/iispp.npu.cz\/mis_public\" target=\"_blank\" rel=\"noopener noreferrer\">MIS<\/a><\/strong>), kter\u00fd je sou\u010d\u00e1st\u00ed Integrovan\u00e9ho informa\u010dn\u00edho syst\u00e9mu pam\u00e1tkov\u00e9ho p\u00e9\u010de (<a href=\"https:\/\/iispp.npu.cz\/\" target=\"_blank\" rel=\"noopener noreferrer\">IISPP<\/a>).<br \/>\n<em>Podrobn\u011bji k&nbsp;obou zp\u016fsob\u016fm zve\u0159ej\u0148ov\u00e1n\u00ed viz\u00a0<a href=\"https:\/\/www.sovamm.cz\/wordpress\/verejny-prostor\/\">Ve\u0159ejn\u00fd prostor<\/a>.<\/em><\/p>\n<p>Citace m\u00e1 v\u017edy vedle podoby dlouh\u00e9 s&nbsp;p\u0159esn\u00fdm uveden\u00edm jednotliv\u00fdch URL pot\u0159ebnou pro ti\u0161t\u011bn\u00e9 u\u017eit\u00ed dokument\u016f i&nbsp;zkr\u00e1cenou podobu pro prost\u0159ed\u00ed Internetu, kde lze splnit povinnost uv\u00e9st odkaz na zn\u011bn\u00ed licence stejn\u011b jako na zdroj hyperlinkem.<\/p>\n<h5 id=\"a\/-dokumenty-sovpis-via-photo-\">a\/ Dokumenty SOVPIS <strong>via<\/strong> <strong><a href=\"https:\/\/archiv.sovamm.cz\/photo\" target=\"_blank\" rel=\"noopener noreferrer\">Photo Station<\/a>:<\/strong><\/h5>\n<p>Spr\u00e1vn\u00e1 citace by m\u011bla vypadat takto:<\/p>\n<p><em>[n\u00e1zev lokality a jej\u00ed k\u00f3d (n\u00e1zev souboru) v SOVPIS] od autora [autor\/auto\u0159i v SOVPIS] ze zdroje [archiv SOVAMM \/ SOVPIS] dostupn\u00fd na https:\/\/archiv.sovamm.cz\/photo\/#!Albums\/album_534f56504953\/&#8230; licencovan\u00fd pod CC BY NC ND 4.0 mezin\u00e1rodn\u00ed, licen\u010dn\u00ed podm\u00ednky jsou dostupn\u00e9 na <a href=\"https:\/\/creativecommons.org\/licenses\/by-nc-nd\/4.0\/deed.cs\">https:\/\/creativecommons.org\/licenses\/by-nc-nd\/4.0\/deed.cs<\/a><\/em><\/p>\n<p>N\u00e1zev lokality jej\u00ed k\u00f3d (Kod_CZ) zjist\u00edte z&nbsp;n\u00e1zvu slo\u017eky v&nbsp;SOVPIS.<br \/>\nN\u00e1zvy jednotliv\u00fdch soubor\u016f jsou v&nbsp;SOVPIS zaps\u00e1ny ve form\u00e1tu YYYYMMDD (datum)-k\u00f3d autora-zkratka media (<em>dia, neg, pos, dig, kres, vid<\/em>)-p\u016fvodn\u00ed n\u00e1zev souboru v\u00a0archivu autora.<br \/>\nAutorsk\u00e9 k\u00f3dy s&nbsp;odkazy na autorsk\u00e9 str\u00e1nky najdete v&nbsp;tabulce <a href=\"https:\/\/www.sovamm.cz\/wordpress\/wordpress\/autori\/\" target=\"_blank\" rel=\"noopener noreferrer\">Auto\u0159i SOVPIS<\/a>.<br \/>\nOdkazy na jednotliv\u00e9 soubory publikovan\u00e9 prost\u0159ednictv\u00edm Photostation jsou ne\u00fam\u011brn\u011b dlouh\u00e9, proto posta\u010duje v&nbsp;p\u0159\u00edpad\u011b nekr\u00e1cen\u00e9ho odkazu uv\u00e9st URL SOVPIS.<\/p>\n<p>Pro konkretn\u00ed dokument m\u016f\u017ee citace vypadat nap\u0159.&nbsp;takto:<\/p>\n<p><em>Ka\u0148ovice 06360 (19900224_SyZ_dia_268-18) od autora Zuzana Syrov\u00e1 &#8211; An\u00fd\u017eov\u00e1 (<a href=\"https:\/\/www.sovamm.cz\/wordpress\/sovpis\/autori\/zuzana-syrova-anyzova\/\" target=\"_blank\" rel=\"noopener noreferrer\">https:\/\/www.sovamm.cz\/wordpress\/sovpis\/autori\/zuzana-syrova-anyzova\/<\/a>) ze zdroje archiv SOVAMM \/ SOVPIS dostupn\u00fd na\u00a0<a href=\"https:\/\/archiv.sovamm.cz\/photo\/#!Albums\/album_534f56504953\" target=\"_blank\" rel=\"noopener noreferrer\">https:\/\/archiv.sovamm.cz\/photo\/#!Albums\/album_534f56504953<\/a> licencovan\u00fd pod CC BY NC ND 4.0 mezin\u00e1rodn\u00ed, licen\u010dn\u00ed podm\u00ednky jsou dostupn\u00e9 na <a href=\"https:\/\/creativecommons.org\/licenses\/by-nc-nd\/4.0\/deed.cs\">https:\/\/creativecommons.org\/licenses\/by-nc-nd\/4.0\/deed.cs<\/a><\/em><\/p>\n<p>Ve zkr\u00e1cen\u00e9 verzi pro pou\u017eit\u00ed na internetu:<\/p>\n<p><em><a href=\"https:\/\/archiv.sovamm.cz\/photo\/#!Albums\/album_534f56504953\/album_534f565049532f435a45\/album_534f565049532f435a452f4b616e6f766963655f3036333630\/photo_534f565049532f435a452f4b616e6f766963655f3036333630_31393930303232345f53795a5f6469615f3236382d31382e746966\" target=\"_blank\" rel=\"noopener noreferrer\">Ka\u0148ovice 06360 (19900224_SyZ_dia_268-18)<\/a> od autora <a href=\"https:\/\/www.sovamm.cz\/wordpress\/sovpis\/autori\/zuzana-syrova-anyzova\/\" target=\"_blank\" rel=\"noopener noreferrer\">Zuzana Syrov\u00e1 &#8211; An\u00fd\u017eov\u00e1<\/a> ze zdroje archiv SOVAMM \/ <a href=\"https:\/\/archiv.sovamm.cz\/photo\/#!Albums\/album_534f56504953\" target=\"_blank\" rel=\"noopener noreferrer\">SOVPIS<\/a>\u00a0 licencovan\u00fd pod <a href=\"https:\/\/creativecommons.org\/licenses\/by-nc-nd\/4.0\/deed.cs\" target=\"_blank\" rel=\"noopener noreferrer\">CC BY NC ND 4.0<\/a> mezin\u00e1rodn\u00ed.<\/em><\/p>\n<h5 id=\"b\/-dokumenty-sovpis-via-mis:\">b\/ Dokumenty SOVPIS via <strong><a href=\"http:\/\/iispp.npu.cz\/mis_public\" target=\"_blank\" rel=\"noopener noreferrer\">MIS<\/a><\/strong><span style=\"color: #000000;\">:<\/span><\/h5>\n<p>Spr\u00e1vn\u00e1 citace by m\u011bla vypadat takto:<\/p>\n<p>[popis dokumentu v MIS] od autora [autor\/auto\u0159i v MIS] ze zdroje [archiv SOVAMM \/ SOVPIS] via [Metainforma\u010dn\u00ed syst\u00e9m (MIS) N\u00e1rodn\u00edho pam\u00e1tkov\u00e9ho \u00fastavu] dostupn\u00fd na https:\/\/iispp.npu.cz\/mis_public\/documentDetail.htm?id=[doc_id] licencovan\u00fd pod CC BY NC ND 4.0 mezin\u00e1rodn\u00ed, licen\u010dn\u00ed podm\u00ednky jsou dostupn\u00e9 na <a href=\"https:\/\/creativecommons.org\/licenses\/by-nc-nd\/4.0\/deed.cs\">https:\/\/creativecommons.org\/licenses\/by-nc-nd\/4.0\/deed.cs<\/a><\/p>\n<p>Pro konkretn\u00ed dokument m\u016f\u017ee citace vypadat nap\u0159.&nbsp;takto:<\/p>\n<p><em>Ka\u0148ovice, komora a&nbsp;d\u016fm usedlosti \u010dp.&nbsp;23 od autora Zuzana Syrov\u00e1 &#8211; An\u00fd\u017eov\u00e1 (1956-) ze zdroje archiv SOVAMM \/ SOVPIS via Metainforma\u010dn\u00ed syst\u00e9m (MIS) N\u00e1rodn\u00edho pam\u00e1tkov\u00e9ho \u00fastavu dostupn\u00fd na <a href=\"https:\/\/iispp.npu.cz\/mis_public\/documentDetail.htm?id=176269\" target=\"_blank\" rel=\"noopener noreferrer\">https:\/\/iispp.npu.cz\/mis_public\/documentDetail.htm?id=176269<\/a> licencovan\u00fd pod CC BY NC ND 4.0 mezin\u00e1rodn\u00ed, licen\u010dn\u00ed podm\u00ednky jsou dostupn\u00e9 na <a href=\"https:\/\/creativecommons.org\/licenses\/by-nc-nd\/4.0\/deed.cs\">https:\/\/creativecommons.org\/licenses\/by-nc-nd\/4.0\/deed.cs<\/a>.<\/em><\/p>\n<p>Ve zkr\u00e1cen\u00e9 verzi pro pou\u017eit\u00ed na internetu:<\/p>\n<p><em><a href=\"https:\/\/iispp.npu.cz\/mis_public\/documentDetail.htm?id=176269\" target=\"_blank\" rel=\"noopener noreferrer\">Ka\u0148ovice, komora a&nbsp;d\u016fm usedlosti \u010dp.&nbsp;23<\/a> od autora Zuzana Syrov\u00e1 &#8211; An\u00fd\u017eov\u00e1 (1956-) ze zdroje archiv SOVAMM \/ SOVPIS via <a href=\"https:\/\/iispp.npu.cz\/mis\/public\/homepage.htm\" target=\"_blank\" rel=\"noopener noreferrer\">MIS NP\u00da<\/a> licencovan\u00fd pod <a href=\"https:\/\/creativecommons.org\/licenses\/by-nc-nd\/4.0\/deed.cs\" target=\"_blank\" rel=\"noopener noreferrer\">CC BY NC ND 4.0<\/a> mezin\u00e1rodn\u00ed.<\/em><\/p>\n<p>&nbsp;<\/p>\n<p>Uv\u00e9st p\u016fvod tak, jak bylo uvedeno v\u00fd\u0161e, mus\u00edte v\u017edy, kdy\u017e je d\u00edlo d\u00e1le \u0161\u00ed\u0159eno ve\u0159ejnosti. V&nbsp;p\u0159\u00edpad\u011b, \u017ee d\u00edlo u\u017e\u00edv\u00e1te pouze pro svoje osobn\u00ed \u00fa\u010dely a&nbsp;d\u00e1le ho nikomu nezp\u0159\u00edstup\u0148ujete, nemus\u00edte ho informacemi o&nbsp;p\u016fvodu opat\u0159ovat. Chcete-li u\u017e\u00edt d\u00edlo nad r\u00e1mec stanoven\u00e9 licence, vyu\u017eijte pros\u00edm n\u00e1\u0161 <a href=\"https:\/\/www.sovamm.cz\/wordpress\/kontaktni-formular\/\">kontaktn\u00ed formul\u00e1\u0159<\/a> nebo kontaktujte p\u0159\u00edmo jednotliv\u00e9 <a href=\"https:\/\/www.sovamm.cz\/wordpress\/sovpis\/autori\/\">autory SOVPIS<\/a>.<\/p>\n<p>&nbsp;<\/p>\n<p><em>Pozn\u00e1mka:<\/em><\/p>\n<p><em>Soubory ulo\u017een\u00e9 na prim\u00e1rn\u00edm \u00falo\u017ei\u0161ti SOVPIS i&nbsp;v&nbsp;MIS maj\u00ed v&nbsp;metadatech v\u017edy p\u0159ipojenu licenci s&nbsp;odkazem na str\u00e1nku autora na str\u00e1nk\u00e1ch SOVPIS. Tato metadata jsou ve form\u00e1tu XMP, kter\u00fd se ve v\u0161ech programech se nemus\u00ed zobrazovat stejn\u011b. Bezprobl\u00e9mov\u011b lze zjistit pomoc\u00ed vlastnost\u00ed souboru dostupn\u00fdch v&nbsp;programech Adobe.<\/em><\/p>\n","protected":false},"excerpt":{"rendered":"<p>Dokumenty SOVPIS zve\u0159ej\u0148ujeme pod licenc\u00ed Creative Commons Uve\u010fte p\u016fvod-Neu\u017e\u00edvejte komer\u010dn\u011b-Nezpracov\u00e1vejte 4.0 Mezin\u00e1rodn\u00ed, tedy CC BY-NC-ND 4.0 International. Znamen\u00e1 to, \u017ee tato d\u00edla sm\u00edte d\u00e1le \u0161\u00ed\u0159it za p\u0159edpokladu, \u017ee uvedete autorstv\u00ed &hellip; <a href=\"https:\/\/sovamm.cz\/wordpress\/sovpis\/uzivani-dokumentu-sovpis\/\" class=\"more-link\">Pokra\u010dov\u00e1n\u00ed textu <span class=\"screen-reader-text\">U\u017e\u00edv\u00e1n\u00ed dokument\u016f SOVPIS<\/span> <span class=\"meta-nav\">&rarr;<\/span><\/a><\/p>\n","protected":false},"author":2,"featured_media":0,"parent":7,"menu_order":22,"comment_status":"closed","ping_status":"closed","template":"","meta":{"jetpack_post_was_ever_published":false,"footnotes":""},"class_list":["post-3326","page","type-page","status-publish","hentry"],"jetpack_shortlink":"https:\/\/wp.me\/P8dB8l-RE","jetpack_sharing_enabled":true,"_links":{"self":[{"href":"https:\/\/sovamm.cz\/wordpress\/wp-json\/wp\/v2\/pages\/3326","targetHints":{"allow":["GET"]}}],"collection":[{"href":"https:\/\/sovamm.cz\/wordpress\/wp-json\/wp\/v2\/pages"}],"about":[{"href":"https:\/\/sovamm.cz\/wordpress\/wp-json\/wp\/v2\/types\/page"}],"author":[{"embeddable":true,"href":"https:\/\/sovamm.cz\/wordpress\/wp-json\/wp\/v2\/users\/2"}],"replies":[{"embeddable":true,"href":"https:\/\/sovamm.cz\/wordpress\/wp-json\/wp\/v2\/comments?post=3326"}],"version-history":[{"count":13,"href":"https:\/\/sovamm.cz\/wordpress\/wp-json\/wp\/v2\/pages\/3326\/revisions"}],"predecessor-version":[{"id":6796,"href":"https:\/\/sovamm.cz\/wordpress\/wp-json\/wp\/v2\/pages\/3326\/revisions\/6796"}],"up":[{"embeddable":true,"href":"https:\/\/sovamm.cz\/wordpress\/wp-json\/wp\/v2\/pages\/7"}],"wp:attachment":[{"href":"https:\/\/sovamm.cz\/wordpress\/wp-json\/wp\/v2\/media?parent=3326"}],"curies":[{"name":"wp","href":"https:\/\/api.w.org\/{rel}","templated":true}]}}