{"id":3250,"date":"2020-09-17T23:59:38","date_gmt":"2020-09-17T21:59:38","guid":{"rendered":"https:\/\/www.sovamm.cz\/wordpress\/?page_id=3250"},"modified":"2025-03-13T14:35:00","modified_gmt":"2025-03-13T13:35:00","slug":"guestbook","status":"publish","type":"page","link":"https:\/\/sovamm.cz\/wordpress\/en\/guestbook\/","title":{"rendered":"Guestbook"},"content":{"rendered":"<p>For guestbook in Czech language please use <a href=\"https:\/\/www.sovamm.cz\/wordpress\/navstevni-kniha-guestbook\/\">N\u00e1v\u0161t\u011bvn\u00ed kniha<\/a>.<\/p>\n","protected":false},"excerpt":{"rendered":"<p>For guestbook in Czech language please use N\u00e1v\u0161t\u011bvn\u00ed kniha.<\/p>\n","protected":false},"author":1,"featured_media":0,"parent":0,"menu_order":12,"comment_status":"open","ping_status":"closed","template":"","meta":{"jetpack_post_was_ever_published":false,"footnotes":""},"class_list":["post-3250","page","type-page","status-publish","hentry"],"jetpack_shortlink":"https:\/\/wp.me\/P8dB8l-Qq","jetpack_sharing_enabled":false,"_links":{"self":[{"href":"https:\/\/sovamm.cz\/wordpress\/wp-json\/wp\/v2\/pages\/3250","targetHints":{"allow":["GET"]}}],"collection":[{"href":"https:\/\/sovamm.cz\/wordpress\/wp-json\/wp\/v2\/pages"}],"about":[{"href":"https:\/\/sovamm.cz\/wordpress\/wp-json\/wp\/v2\/types\/page"}],"author":[{"embeddable":true,"href":"https:\/\/sovamm.cz\/wordpress\/wp-json\/wp\/v2\/users\/1"}],"replies":[{"embeddable":true,"href":"https:\/\/sovamm.cz\/wordpress\/wp-json\/wp\/v2\/comments?post=3250"}],"version-history":[{"count":4,"href":"https:\/\/sovamm.cz\/wordpress\/wp-json\/wp\/v2\/pages\/3250\/revisions"}],"predecessor-version":[{"id":6802,"href":"https:\/\/sovamm.cz\/wordpress\/wp-json\/wp\/v2\/pages\/3250\/revisions\/6802"}],"wp:attachment":[{"href":"https:\/\/sovamm.cz\/wordpress\/wp-json\/wp\/v2\/media?parent=3250"}],"curies":[{"name":"wp","href":"https:\/\/api.w.org\/{rel}","templated":true}]}}