{"id":3237,"date":"2020-09-17T21:57:17","date_gmt":"2020-09-17T19:57:17","guid":{"rendered":"https:\/\/www.sovamm.cz\/wordpress\/?page_id=3237"},"modified":"2025-03-13T13:51:52","modified_gmt":"2025-03-13T12:51:52","slug":"navstevni-kniha-guestbook","status":"publish","type":"page","link":"https:\/\/sovamm.cz\/wordpress\/navstevni-kniha-guestbook\/","title":{"rendered":"N\u00e1v\u0161t\u011bvn\u00ed kniha"},"content":{"rendered":"<div>\n<p>You can also use the <a href=\"https:\/\/www.sovamm.cz\/wordpress\/en\/guestbook\/\">Guestbook<\/a>.<\/p>\n<\/div>\n<div><\/div>\n","protected":false},"excerpt":{"rendered":"<p>You can also use the Guestbook.<\/p>\n","protected":false},"author":1,"featured_media":0,"parent":0,"menu_order":12,"comment_status":"open","ping_status":"closed","template":"","meta":{"jetpack_post_was_ever_published":false,"footnotes":""},"class_list":["post-3237","page","type-page","status-publish","hentry"],"jetpack_shortlink":"https:\/\/wp.me\/P8dB8l-Qd","jetpack_sharing_enabled":false,"_links":{"self":[{"href":"https:\/\/sovamm.cz\/wordpress\/wp-json\/wp\/v2\/pages\/3237","targetHints":{"allow":["GET"]}}],"collection":[{"href":"https:\/\/sovamm.cz\/wordpress\/wp-json\/wp\/v2\/pages"}],"about":[{"href":"https:\/\/sovamm.cz\/wordpress\/wp-json\/wp\/v2\/types\/page"}],"author":[{"embeddable":true,"href":"https:\/\/sovamm.cz\/wordpress\/wp-json\/wp\/v2\/users\/1"}],"replies":[{"embeddable":true,"href":"https:\/\/sovamm.cz\/wordpress\/wp-json\/wp\/v2\/comments?post=3237"}],"version-history":[{"count":11,"href":"https:\/\/sovamm.cz\/wordpress\/wp-json\/wp\/v2\/pages\/3237\/revisions"}],"predecessor-version":[{"id":3254,"href":"https:\/\/sovamm.cz\/wordpress\/wp-json\/wp\/v2\/pages\/3237\/revisions\/3254"}],"wp:attachment":[{"href":"https:\/\/sovamm.cz\/wordpress\/wp-json\/wp\/v2\/media?parent=3237"}],"curies":[{"name":"wp","href":"https:\/\/api.w.org\/{rel}","templated":true}]}}