{"id":319,"date":"2016-10-15T17:55:21","date_gmt":"2016-10-15T15:55:21","guid":{"rendered":"http:\/\/sovamm.cz\/wordpress\/?page_id=319"},"modified":"2017-12-30T01:00:36","modified_gmt":"2017-12-30T00:00:36","slug":"jak-napsat-prispevek","status":"publish","type":"page","link":"https:\/\/sovamm.cz\/wordpress\/navody\/blog-aneb-blok-sovpis\/jak-napsat-prispevek\/","title":{"rendered":"Jak na(psat) p\u0159\u00edsp\u011bvek"},"content":{"rendered":"<p style=\"text-align: left;\">Spolupracovn\u00edci SOVPIS registrovan\u00ed na t\u011bchto str\u00e1nk\u00e1ch maj\u00ed jako jedno ze sv\u00fdch z\u00e1kladn\u00edch u\u017eivatelsk\u00fdch pr\u00e1v mo\u017enost napsat p\u0159\u00edsp\u011bvek. V&nbsp;t\u00e9to \u010d\u00e1sti n\u00e1vodu se nebudeme v\u011bnovat tomu o&nbsp;\u010dem ps\u00e1t, ale jak tento \u00fakol zvl\u00e1dnout s&nbsp;dostupn\u00fdmi n\u00e1stroji redak\u010dn\u00edho syst\u00e9mu WordPress.<\/p>\n<p style=\"text-align: left;\">Nov\u00fd p\u0159\u00edsp\u011bvek m\u016f\u017ee registrovan\u00fd a&nbsp;p\u0159ihl\u00e1\u0161en\u00fd u\u017eivatel vytvo\u0159it bu\u010fto z&nbsp;administra\u010dn\u00ed li\u0161ty (nab\u00eddka se objev\u00ed pod <strong>+ Akce<\/strong>), nebo ve vyhrazen\u00e9 \u010d\u00e1sti webu v&nbsp;sekci <em>P\u0159\u00edsp\u011bvky<\/em> klikn\u011bte na <em>Vytvo\u0159it p\u0159\u00edsp\u011bvek<\/em>:<\/p>\n<p style=\"text-align: left;\"><a href=\"https:\/\/i0.wp.com\/sovamm.cz\/wordpress\/wp-content\/uploads\/2016\/10\/navod_prispevek_vytvvorit.jpg\"><img data-recalc-dims=\"1\" loading=\"lazy\" decoding=\"async\" data-attachment-id=\"328\" data-permalink=\"https:\/\/sovamm.cz\/wordpress\/navody\/blog-aneb-blok-sovpis\/jak-napsat-prispevek\/navod_prispevek_vytvvorit\/\" data-orig-file=\"https:\/\/i0.wp.com\/sovamm.cz\/wordpress\/wp-content\/uploads\/2016\/10\/navod_prispevek_vytvvorit.jpg?fit=1923%2C515&amp;ssl=1\" data-orig-size=\"1923,515\" data-comments-opened=\"1\" data-image-meta=\"{&quot;aperture&quot;:&quot;0&quot;,&quot;credit&quot;:&quot;&quot;,&quot;camera&quot;:&quot;&quot;,&quot;caption&quot;:&quot;&quot;,&quot;created_timestamp&quot;:&quot;0&quot;,&quot;copyright&quot;:&quot;&quot;,&quot;focal_length&quot;:&quot;0&quot;,&quot;iso&quot;:&quot;0&quot;,&quot;shutter_speed&quot;:&quot;0&quot;,&quot;title&quot;:&quot;&quot;,&quot;orientation&quot;:&quot;0&quot;}\" data-image-title=\"navod_prispevek_vytvvorit\" data-image-description=\"\" data-image-caption=\"\" data-large-file=\"https:\/\/i0.wp.com\/sovamm.cz\/wordpress\/wp-content\/uploads\/2016\/10\/navod_prispevek_vytvvorit.jpg?fit=474%2C127&amp;ssl=1\" class=\"alignnone wp-image-328\" src=\"https:\/\/i0.wp.com\/sovamm.cz\/wordpress\/wp-content\/uploads\/2016\/10\/navod_prispevek_vytvvorit-300x80.jpg?resize=474%2C127\" alt=\"navod_prispevek_vytvvorit\" width=\"474\" height=\"127\" srcset=\"https:\/\/i0.wp.com\/sovamm.cz\/wordpress\/wp-content\/uploads\/2016\/10\/navod_prispevek_vytvvorit.jpg?resize=300%2C80&amp;ssl=1 300w, https:\/\/i0.wp.com\/sovamm.cz\/wordpress\/wp-content\/uploads\/2016\/10\/navod_prispevek_vytvvorit.jpg?resize=768%2C206&amp;ssl=1 768w, https:\/\/i0.wp.com\/sovamm.cz\/wordpress\/wp-content\/uploads\/2016\/10\/navod_prispevek_vytvvorit.jpg?resize=1024%2C274&amp;ssl=1 1024w, https:\/\/i0.wp.com\/sovamm.cz\/wordpress\/wp-content\/uploads\/2016\/10\/navod_prispevek_vytvvorit.jpg?w=1923&amp;ssl=1 1923w, https:\/\/i0.wp.com\/sovamm.cz\/wordpress\/wp-content\/uploads\/2016\/10\/navod_prispevek_vytvvorit.jpg?w=948&amp;ssl=1 948w, https:\/\/i0.wp.com\/sovamm.cz\/wordpress\/wp-content\/uploads\/2016\/10\/navod_prispevek_vytvvorit.jpg?w=1422&amp;ssl=1 1422w\" sizes=\"auto, (max-width: 474px) 100vw, 474px\" \/><\/a><\/p>\n<p style=\"text-align: left;\">\u010cist\u00e1 str\u00e1nka str\u00e1nka p\u0159\u00edsp\u011bvku vypad\u00e1 takto:<\/p>\n<p style=\"text-align: left;\"><a href=\"https:\/\/i0.wp.com\/sovamm.cz\/wordpress\/wp-content\/uploads\/2016\/10\/navod_prispevek_vytvvorit01.jpg\"><img data-recalc-dims=\"1\" loading=\"lazy\" decoding=\"async\" data-attachment-id=\"329\" data-permalink=\"https:\/\/sovamm.cz\/wordpress\/navody\/blog-aneb-blok-sovpis\/jak-napsat-prispevek\/navod_prispevek_vytvvorit01\/\" data-orig-file=\"https:\/\/i0.wp.com\/sovamm.cz\/wordpress\/wp-content\/uploads\/2016\/10\/navod_prispevek_vytvvorit01.jpg?fit=1921%2C1079&amp;ssl=1\" data-orig-size=\"1921,1079\" data-comments-opened=\"1\" data-image-meta=\"{&quot;aperture&quot;:&quot;0&quot;,&quot;credit&quot;:&quot;&quot;,&quot;camera&quot;:&quot;&quot;,&quot;caption&quot;:&quot;&quot;,&quot;created_timestamp&quot;:&quot;0&quot;,&quot;copyright&quot;:&quot;&quot;,&quot;focal_length&quot;:&quot;0&quot;,&quot;iso&quot;:&quot;0&quot;,&quot;shutter_speed&quot;:&quot;0&quot;,&quot;title&quot;:&quot;&quot;,&quot;orientation&quot;:&quot;0&quot;}\" data-image-title=\"navod_prispevek_vytvvorit01\" data-image-description=\"\" data-image-caption=\"\" data-large-file=\"https:\/\/i0.wp.com\/sovamm.cz\/wordpress\/wp-content\/uploads\/2016\/10\/navod_prispevek_vytvvorit01.jpg?fit=474%2C266&amp;ssl=1\" class=\"alignnone wp-image-329\" src=\"https:\/\/i0.wp.com\/sovamm.cz\/wordpress\/wp-content\/uploads\/2016\/10\/navod_prispevek_vytvvorit01-300x169.jpg?resize=474%2C266\" alt=\"navod_prispevek_vytvvorit01\" width=\"474\" height=\"266\" srcset=\"https:\/\/i0.wp.com\/sovamm.cz\/wordpress\/wp-content\/uploads\/2016\/10\/navod_prispevek_vytvvorit01.jpg?resize=300%2C169&amp;ssl=1 300w, https:\/\/i0.wp.com\/sovamm.cz\/wordpress\/wp-content\/uploads\/2016\/10\/navod_prispevek_vytvvorit01.jpg?resize=768%2C431&amp;ssl=1 768w, https:\/\/i0.wp.com\/sovamm.cz\/wordpress\/wp-content\/uploads\/2016\/10\/navod_prispevek_vytvvorit01.jpg?resize=1024%2C575&amp;ssl=1 1024w, https:\/\/i0.wp.com\/sovamm.cz\/wordpress\/wp-content\/uploads\/2016\/10\/navod_prispevek_vytvvorit01.jpg?w=1921&amp;ssl=1 1921w, https:\/\/i0.wp.com\/sovamm.cz\/wordpress\/wp-content\/uploads\/2016\/10\/navod_prispevek_vytvvorit01.jpg?w=948&amp;ssl=1 948w, https:\/\/i0.wp.com\/sovamm.cz\/wordpress\/wp-content\/uploads\/2016\/10\/navod_prispevek_vytvvorit01.jpg?w=1422&amp;ssl=1 1422w\" sizes=\"auto, (max-width: 474px) 100vw, 474px\" \/><\/a><\/p>\n<p style=\"text-align: left;\">Zadejte n\u00e1zev p\u0159\u00edsp\u011bvku do pole <em>N\u00e1zev p\u0159\u00edsp\u011bvku<\/em> a&nbsp;ulo\u017ete ho tla\u010d\u00edtem <em>Ulo\u017eit koncept<\/em>, kter\u00e9 najdete v&nbsp;boxu <strong>Publikovat<\/strong>, um\u00edst\u011bn\u00e9m v&nbsp;prav\u00e9m horn\u00edm rohu str\u00e1nky.<\/p>\n<p style=\"text-align: left;\"><img data-recalc-dims=\"1\" loading=\"lazy\" decoding=\"async\" data-attachment-id=\"335\" data-permalink=\"https:\/\/sovamm.cz\/wordpress\/navody\/blog-aneb-blok-sovpis\/jak-napsat-prispevek\/navod_prispevek_publikovat\/\" data-orig-file=\"https:\/\/i0.wp.com\/sovamm.cz\/wordpress\/wp-content\/uploads\/2016\/10\/navod_prispevek_publikovat.jpg?fit=283%2C204&amp;ssl=1\" data-orig-size=\"283,204\" data-comments-opened=\"1\" data-image-meta=\"{&quot;aperture&quot;:&quot;0&quot;,&quot;credit&quot;:&quot;&quot;,&quot;camera&quot;:&quot;&quot;,&quot;caption&quot;:&quot;&quot;,&quot;created_timestamp&quot;:&quot;0&quot;,&quot;copyright&quot;:&quot;&quot;,&quot;focal_length&quot;:&quot;0&quot;,&quot;iso&quot;:&quot;0&quot;,&quot;shutter_speed&quot;:&quot;0&quot;,&quot;title&quot;:&quot;&quot;,&quot;orientation&quot;:&quot;0&quot;}\" data-image-title=\"navod_prispevek_publikovat\" data-image-description=\"\" data-image-caption=\"\" data-large-file=\"https:\/\/i0.wp.com\/sovamm.cz\/wordpress\/wp-content\/uploads\/2016\/10\/navod_prispevek_publikovat.jpg?fit=283%2C204&amp;ssl=1\" class=\"size-full wp-image-335 aligncenter\" src=\"https:\/\/i0.wp.com\/sovamm.cz\/wordpress\/wp-content\/uploads\/2016\/10\/navod_prispevek_publikovat.jpg?resize=283%2C204\" alt=\"navod_prispevek_publikovat\" width=\"283\" height=\"204\" \/><\/p>\n<p style=\"text-align: left;\">P\u0159i psan\u00ed nezapom\u00ednejte pr\u016fb\u011b\u017en\u011b ukl\u00e1dat koncept. Jak bude V\u00e1\u0161 p\u0159\u00edsp\u011bvek vypadat m\u016f\u017eete kontrolovat pomoc\u00ed tla\u010d\u00edtka <em>N\u00e1hled<\/em>. (Hotov\u00fd p\u0159\u00edsp\u011bvek nakonec p\u0159ed\u00e1te k&nbsp;publikov\u00e1n\u00ed pomoc\u00ed tla\u010d\u00edtka <em>Odeslat ke schv\u00e1len\u00ed<\/em>.)<\/p>\n<p style=\"text-align: left;\">V boxu <strong>Form\u00e1t<\/strong> m\u016f\u017eete zvolit jin\u00fd ne\u017e &#8222;Norm\u00e1ln\u00ed&#8220; form\u00e1t p\u0159\u00edsp\u011bvku. WordPress m\u016f\u017ee nab\u00edzet a\u017e <strong>8 typ\u016f p\u0159\u00edsp\u011bvk\u016f<\/strong>. Jedn\u00e1 se o&nbsp;Norm\u00e1ln\u00ed, Pozn\u00e1mka, Obr\u00e1zek, Video, Audio, Citace, Odkaz a&nbsp;Galerie. V\u00fdb\u011brem form\u00e1tu p\u0159\u00edsp\u011bvku ovlivn\u00edte jeho vzhled. Vyzkou\u0161ejte si tedy pomoc\u00ed n\u00e1hledu, jak bude V\u00e1\u0161 p\u0159\u00edsp\u011bvek vypadat. \u0160ablona WP, kterou aktu\u00e1ln\u011b pou\u017e\u00edv\u00e1me umo\u017e\u0148uje zobrazit v\u00fdb\u011br p\u0159\u00edsp\u011bvk\u016f podle zadan\u00e9ho form\u00e1tu v&nbsp;prav\u00e9m svisl\u00e9m sloupci str\u00e1nky. Aktu\u00e1ln\u011b zde takto vid\u00edte <em>Odkazy<\/em>. Obdobn\u011b m\u016f\u017eeme vyu\u017e\u00edt nap\u0159.&nbsp;form\u00e1t <em>Obr\u00e1zek<\/em><\/p>\n<p>Pomoc\u00ed boxu <strong>Rubriky<\/strong> m\u016f\u017eete za\u0159adit p\u0159\u00edsp\u011bvek do jedn\u00e9 nebo v\u00edce rubrik str\u00e1nek SOVPIS. Konkr\u00e9tn\u00ed podobu a&nbsp;pot\u0159ebu rubrik uk\u00e1\u017ee provoz. Nov\u00e9 rubriky m\u016f\u017ee vytv\u00e1\u0159et pouze u\u017eivatel s&nbsp;vy\u0161\u0161\u00edm opr\u00e1vn\u011bn\u00edm.<\/p>\n<p>Obdobn\u011b jako <em>Rubriky<\/em> pracuje i&nbsp;box <strong>\u0160t\u00edtky<\/strong>. M\u016f\u017eete zde k\u00a0p\u0159\u00edsp\u011bvku vytv\u00e1\u0159et \u0161t\u00edtky, p\u0159\u00edpadn\u011b vyb\u00edrat z\u00a0nejpou\u017e\u00edvan\u011bj\u0161\u00edch. \u0160t\u00edtky m\u016f\u017eete zad\u00e1vat po&nbsp;jednom, nebo po&nbsp;v\u00edce odd\u011blen\u00e9 \u010d\u00e1rkami. \u0160t\u00edtky nov\u00e9 m\u016f\u017ee vytv\u00e1\u0159et i&nbsp;Spolupracovn\u00edk, ale rovn\u011b\u017e bychom pro n\u011b je\u0161t\u011b m\u011bli dohodnour pravidla.<\/p>\n<p>Pro vlastn\u00ed vytvo\u0159en\u00ed obsahu p\u0159\u00edsp\u011bvku, jeho editaci a&nbsp;form\u00e1tov\u00e1n\u00ed, m\u00e1te k&nbsp;dispozici <strong>WYSIWYG editor<\/strong> (z&nbsp;anglick\u00e9ho <em>\u201eWhat you see is what you get\u201c<\/em> neboli <em>\u201eco vid\u00ed\u0161, to dostane\u0161\u201c<\/em>). Na doln\u00edm okraji boxu najdete informace o&nbsp;\u010dl\u00e1nku, jako nap\u0159\u00edklad po\u010det slov v\u00a0\u010dl\u00e1nku, datum posledn\u00edho ulo\u017een\u00ed konceptu \u010di&nbsp;datum a&nbsp;jm\u00e9no u\u017eivatele, kter\u00fd provedl posledn\u00ed \u00fapravy.<br \/>\nForm\u00e1tovac\u00ed tla\u010d\u00edtka (naho\u0159e vlevo) jsou obdobn\u00e1 jako ta, kter\u00e1 zn\u00e1te z&nbsp;jin\u00fdch program\u016f, t\u0159eba i&nbsp;z&nbsp;Microsoft Wordu. Po&nbsp;najet\u00ed na ka\u017ed\u00e9 tla\u010d\u00edtko se v\u00e1m v&nbsp;\u010dern\u00e9 bublin\u011b uk\u00e1\u017ee n\u00e1pov\u011bda, k&nbsp;\u010demu tla\u010d\u00edtko slou\u017e\u00ed. V&nbsp;z\u00e1kladn\u00ed podob\u011b m\u00e1 editor pouze jednu \u0159adu ikonek (tu horn\u00ed), ale lze zobrazit i&nbsp;druhou \u0159adu s&nbsp;m\u00e9n\u011b \u010dasto pou\u017e\u00edvan\u00fdmi tla\u010d\u00edtky \u2013 slou\u017e\u00ed k&nbsp;tomu p\u0159edposledn\u00ed tla\u010d\u00edtko v&nbsp;horn\u00ed \u0159ad\u011b, nazvan\u00e9 <em>Roz\u0161\u00ed\u0159en\u00e9 mo\u017enosti <\/em>(<em>Toolbar Toggle<\/em>).<\/p>\n<p style=\"text-align: left;\"><img data-recalc-dims=\"1\" loading=\"lazy\" decoding=\"async\" data-attachment-id=\"331\" data-permalink=\"https:\/\/sovamm.cz\/wordpress\/navody\/blog-aneb-blok-sovpis\/jak-napsat-prispevek\/navod_priispevky_toolbattoggle\/\" data-orig-file=\"https:\/\/i0.wp.com\/sovamm.cz\/wordpress\/wp-content\/uploads\/2016\/10\/navod_priispevky_ToolbatToggle.jpg?fit=502%2C109&amp;ssl=1\" data-orig-size=\"502,109\" data-comments-opened=\"1\" data-image-meta=\"{&quot;aperture&quot;:&quot;0&quot;,&quot;credit&quot;:&quot;&quot;,&quot;camera&quot;:&quot;&quot;,&quot;caption&quot;:&quot;&quot;,&quot;created_timestamp&quot;:&quot;0&quot;,&quot;copyright&quot;:&quot;&quot;,&quot;focal_length&quot;:&quot;0&quot;,&quot;iso&quot;:&quot;0&quot;,&quot;shutter_speed&quot;:&quot;0&quot;,&quot;title&quot;:&quot;&quot;,&quot;orientation&quot;:&quot;0&quot;}\" data-image-title=\"navod_priispevky_ToolbatToggle\" data-image-description=\"\" data-image-caption=\"\" data-large-file=\"https:\/\/i0.wp.com\/sovamm.cz\/wordpress\/wp-content\/uploads\/2016\/10\/navod_priispevky_ToolbatToggle.jpg?fit=474%2C103&amp;ssl=1\" class=\"alignnone wp-image-331\" src=\"https:\/\/i0.wp.com\/sovamm.cz\/wordpress\/wp-content\/uploads\/2016\/10\/navod_priispevky_ToolbatToggle-300x65.jpg?resize=474%2C103\" alt=\"navod_priispevky_ToolbatToggle\" width=\"474\" height=\"103\" srcset=\"https:\/\/i0.wp.com\/sovamm.cz\/wordpress\/wp-content\/uploads\/2016\/10\/navod_priispevky_ToolbatToggle.jpg?resize=300%2C65&amp;ssl=1 300w, https:\/\/i0.wp.com\/sovamm.cz\/wordpress\/wp-content\/uploads\/2016\/10\/navod_priispevky_ToolbatToggle.jpg?w=502&amp;ssl=1 502w\" sizes=\"auto, (max-width: 474px) 100vw, 474px\" \/><\/p>\n<p style=\"text-align: left;\">Tla\u010d\u00edtko nalevo od n\u011bj <em>Vlo\u017eit zna\u010dku pro pokra\u010dov\u00e1n\u00ed textu<\/em> <img data-recalc-dims=\"1\" loading=\"lazy\" decoding=\"async\" data-attachment-id=\"334\" data-permalink=\"https:\/\/sovamm.cz\/wordpress\/navody\/blog-aneb-blok-sovpis\/jak-napsat-prispevek\/navod_prispevek_read_more\/\" data-orig-file=\"https:\/\/i0.wp.com\/sovamm.cz\/wordpress\/wp-content\/uploads\/2016\/10\/navod_prispevek_read_more.jpg?fit=16%2C14&amp;ssl=1\" data-orig-size=\"16,14\" data-comments-opened=\"1\" data-image-meta=\"{&quot;aperture&quot;:&quot;0&quot;,&quot;credit&quot;:&quot;&quot;,&quot;camera&quot;:&quot;&quot;,&quot;caption&quot;:&quot;&quot;,&quot;created_timestamp&quot;:&quot;0&quot;,&quot;copyright&quot;:&quot;&quot;,&quot;focal_length&quot;:&quot;0&quot;,&quot;iso&quot;:&quot;0&quot;,&quot;shutter_speed&quot;:&quot;0&quot;,&quot;title&quot;:&quot;&quot;,&quot;orientation&quot;:&quot;0&quot;}\" data-image-title=\"navod_prispevek_read_more\" data-image-description=\"\" data-image-caption=\"\" data-large-file=\"https:\/\/i0.wp.com\/sovamm.cz\/wordpress\/wp-content\/uploads\/2016\/10\/navod_prispevek_read_more.jpg?fit=16%2C14&amp;ssl=1\" class=\"alignnone size-full wp-image-334\" src=\"https:\/\/i0.wp.com\/sovamm.cz\/wordpress\/wp-content\/uploads\/2016\/10\/navod_prispevek_read_more.jpg?resize=16%2C14\" alt=\"navod_prispevek_read_more\" width=\"16\" height=\"14\" \/> vlo\u017e\u00ed zna\u010dku, kter\u00e1 v&nbsp;editoru vypad\u00e1 takto:<br \/>\n&#8211; &#8211; &#8211; &#8211; &#8211; &#8211; &#8211; &#8211; &#8211; &#8211; &#8211; &#8211; &#8211; &#8211; MORE &#8211; &#8211; &#8211; &#8211; &#8211; &#8211; &#8211; &#8211; &#8211; &#8211; &#8211; &#8211; &#8211; &#8211; &#8211; &#8211;<br \/>\nV&nbsp;publikovan\u00e9m p\u0159\u00edsp\u011bvku se projev\u00ed jako odkaz (<span style=\"text-decoration: underline; color: #008000;\">Pokra\u010dov\u00e1n\u00ed textu\u2192<\/span> nebo <span style=\"text-decoration: underline; color: #008000;\">Cel\u00fd p\u0159\u00edsp\u011bvek\u2192<\/span>) za \u00favodn\u00ed \u010d\u00e1st\u00ed p\u0159\u00edsp\u011bvku, po&nbsp;jeho\u017e odkliknut\u00ed se n\u00e1v\u0161t\u011bvn\u00edkovi zobraz\u00ed cel\u00fd p\u0159\u00edsp\u011bvek od za\u010d\u00e1tku do konce.<br \/>\nK&nbsp;editoru je\u0161t\u011b jedna u\u017eite\u010dn\u00e1 rada k&nbsp;form\u00e1tov\u00e1n\u00ed. Pro vynucen\u00e9 zalomen\u00ed \u0159\u00e1dku (pokud nechcete m\u00edt velk\u00e9 mezery mezi jednotliv\u00fdmi odstavci) spole\u010dn\u011b s&nbsp;kl\u00e1vesou Enter stisknete i&nbsp;kl\u00e1vesu Shift.<\/p>\n<p style=\"text-align: left;\">WYSIWYG editor je mo\u017eno vypnout, resp. p\u0159ep\u00ednat mezi <em>Editor<\/em>em a&nbsp;<em>Text<\/em>em, resp. editac\u00ed v&nbsp;HTML re\u017eimu: <img data-recalc-dims=\"1\" loading=\"lazy\" decoding=\"async\" data-attachment-id=\"343\" data-permalink=\"https:\/\/sovamm.cz\/wordpress\/navody\/blog-aneb-blok-sovpis\/jak-napsat-prispevek\/navod_prispevek_editor\/\" data-orig-file=\"https:\/\/i0.wp.com\/sovamm.cz\/wordpress\/wp-content\/uploads\/2016\/10\/navod_prispevek_editor.jpg?fit=110%2C74&amp;ssl=1\" data-orig-size=\"110,74\" data-comments-opened=\"1\" data-image-meta=\"{&quot;aperture&quot;:&quot;0&quot;,&quot;credit&quot;:&quot;&quot;,&quot;camera&quot;:&quot;&quot;,&quot;caption&quot;:&quot;&quot;,&quot;created_timestamp&quot;:&quot;0&quot;,&quot;copyright&quot;:&quot;&quot;,&quot;focal_length&quot;:&quot;0&quot;,&quot;iso&quot;:&quot;0&quot;,&quot;shutter_speed&quot;:&quot;0&quot;,&quot;title&quot;:&quot;&quot;,&quot;orientation&quot;:&quot;0&quot;}\" data-image-title=\"navod_prispevek_editor\" data-image-description=\"\" data-image-caption=\"\" data-large-file=\"https:\/\/i0.wp.com\/sovamm.cz\/wordpress\/wp-content\/uploads\/2016\/10\/navod_prispevek_editor.jpg?fit=110%2C74&amp;ssl=1\" class=\"size-full wp-image-343 alignright\" src=\"https:\/\/i0.wp.com\/sovamm.cz\/wordpress\/wp-content\/uploads\/2016\/10\/navod_prispevek_editor.jpg?resize=110%2C74\" alt=\"navod_prispevek_editor\" width=\"110\" height=\"74\" \/><\/p>\n<p style=\"text-align: left;\">HTML znal\u00fd u\u017eivatel v&nbsp;n\u011bm m\u00e1 nepochybn\u011b v\u011bt\u0161\u00ed volnost p\u0159i&nbsp;tvorb\u011b obsahu.<\/p>\n<p style=\"text-align: left;\">O n\u00e1hledov\u00fdch obr\u00e1zc\u00edch a&nbsp;ilustrac\u00edch si pov\u00edme s&nbsp;ohledem na to, \u017ee m\u00e1te d\u00edky Photostation oproti standardn\u00edmu WP i&nbsp;n\u011bco nav\u00edc, v&nbsp;samostatn\u00e9 \u010d\u00e1sti n\u00e1vodu. Samostatnou kapitolu v\u011bnujeme tak\u00e9 vytv\u00e1\u0159en\u00ed odkaz\u016f.<\/p>\n<ul>\n<li style=\"text-align: right;\"><a href=\"http:\/\/sovamm.cz\/wordpress\/navody\/blog-aneb-blok-sovpis\/\">Hlavn\u00ed str\u00e1nka n\u00e1vod\u016f ke str\u00e1nk\u00e1m a&nbsp;blogu\/bloku SOVPIS \u2192<\/a><\/li>\n<\/ul>\n<p>&nbsp;<\/p>\n<p>Aktualizov\u00e1no: <span class=\"last-modified-timestamp\">30\/12\/2017 01:00<\/span><\/p>\n","protected":false},"excerpt":{"rendered":"<p>Spolupracovn\u00edci SOVPIS registrovan\u00ed na t\u011bchto str\u00e1nk\u00e1ch maj\u00ed jako jedno ze sv\u00fdch z\u00e1kladn\u00edch u\u017eivatelsk\u00fdch pr\u00e1v mo\u017enost napsat p\u0159\u00edsp\u011bvek. V&nbsp;t\u00e9to \u010d\u00e1sti n\u00e1vodu se nebudeme v\u011bnovat tomu o&nbsp;\u010dem ps\u00e1t, ale jak tento \u00fakol &hellip; <a href=\"https:\/\/sovamm.cz\/wordpress\/navody\/blog-aneb-blok-sovpis\/jak-napsat-prispevek\/\" class=\"more-link\">Pokra\u010dov\u00e1n\u00ed textu <span class=\"screen-reader-text\">Jak na(psat) p\u0159\u00edsp\u011bvek<\/span> <span class=\"meta-nav\">&rarr;<\/span><\/a><\/p>\n","protected":false},"author":1,"featured_media":0,"parent":267,"menu_order":0,"comment_status":"closed","ping_status":"closed","template":"","meta":{"jetpack_post_was_ever_published":false,"footnotes":""},"class_list":["post-319","page","type-page","status-publish","hentry"],"jetpack_shortlink":"https:\/\/wp.me\/P8dB8l-59","jetpack_sharing_enabled":true,"_links":{"self":[{"href":"https:\/\/sovamm.cz\/wordpress\/wp-json\/wp\/v2\/pages\/319","targetHints":{"allow":["GET"]}}],"collection":[{"href":"https:\/\/sovamm.cz\/wordpress\/wp-json\/wp\/v2\/pages"}],"about":[{"href":"https:\/\/sovamm.cz\/wordpress\/wp-json\/wp\/v2\/types\/page"}],"author":[{"embeddable":true,"href":"https:\/\/sovamm.cz\/wordpress\/wp-json\/wp\/v2\/users\/1"}],"replies":[{"embeddable":true,"href":"https:\/\/sovamm.cz\/wordpress\/wp-json\/wp\/v2\/comments?post=319"}],"version-history":[{"count":0,"href":"https:\/\/sovamm.cz\/wordpress\/wp-json\/wp\/v2\/pages\/319\/revisions"}],"up":[{"embeddable":true,"href":"https:\/\/sovamm.cz\/wordpress\/wp-json\/wp\/v2\/pages\/267"}],"wp:attachment":[{"href":"https:\/\/sovamm.cz\/wordpress\/wp-json\/wp\/v2\/media?parent=319"}],"curies":[{"name":"wp","href":"https:\/\/api.w.org\/{rel}","templated":true}]}}