{"id":3118,"date":"2020-01-26T15:33:45","date_gmt":"2020-01-26T14:33:45","guid":{"rendered":"https:\/\/www.sovamm.cz\/wordpress\/?page_id=3118"},"modified":"2025-11-08T16:52:36","modified_gmt":"2025-11-08T15:52:36","slug":"public-space","status":"publish","type":"page","link":"https:\/\/sovamm.cz\/wordpress\/en\/sovpis-2\/public-space\/","title":{"rendered":"Public space"},"content":{"rendered":"<p><span class=\"tlid-translation translation\" lang=\"en\"><span class=\"\" title=\"\">The public part of <\/span><\/span>the SOVPIS (Spatial Information System of Vernacular Architecture and Settlements) of the Association for the Renewal of the Village and the Small Town (Spole\u010dnost pro obnovu vesnice a&nbsp;mal\u00e9ho m\u011bsta, z. s. \u2013 SOVAMM) has two parts:<\/p>\n<ol>\n<li>SOVAMM archival documents are published step by step through the <a href=\"https:\/\/archiv.sovamm.cz\/photo\">Photo Station<\/a> app.<br \/>\n<span class=\"tlid-translation translation\" lang=\"en\"><span class=\"\" title=\"\">The files are organized into folders according to the CZ_Retro database.<\/span> <span class=\"\" title=\"\">The folder name contains the name of locality and its code (Kod_CZ), which is its unique identifier in the CZ_Retro database.<\/span> <span title=\"\">The base names of files are written in the format YYYYMMDD (date) &#8211; author code &#8211; media abbreviation (dia, neg, dig, kres, vid) &#8211; the original file name in the author&#8217;s&nbsp;archive.<br \/>\n<span class=\"\" title=\"\">Author codes can be found in the <a href=\"https:\/\/www.sovamm.cz\/wordpress\/en\/sovpis-2\/authors\/\">SOVPIS Authors<\/a> table.<\/span><br \/>\n<\/span><\/span><\/li>\n<li><span class=\"tlid-translation translation\" lang=\"en\"><span class=\"\" title=\"\">The document files get more detailed metadata when they are stored in the MIS, the so-called Metainformation System for the management of the digital and digitalized documentation, which is part of the Heritage integrated information system (<a href=\"https:\/\/iispp.npu.cz\/\" target=\"_blank\" rel=\"noopener noreferrer\">IISPP<\/a>). Documents stored here can be searched similarly as documents of NP\u00da [National Heritage Institute \u2013 NHI] and its regional services using the access to the central <a href=\"https:\/\/iispp.npu.cz\/mis\/public\/homepage.htm\" target=\"_blank\" rel=\"noopener noreferrer\">MIS<\/a> database.<br \/>\n<\/span><\/span><\/li>\n<\/ol>\n<p>A summary of localities and links to the map of Monument Catalogue, SOVPIS folders accessible through Photo Station, and SOVAMM documents stored in MIS is published in the table \u201c<a href=\"http:\/\/sovamm.cz\/wordpress\/lokality-sovpis\/\"><strong>SOVPIS Localities<\/strong><\/a>\u201d.<\/p>\n<ul>\n<li><a href=\"https:\/\/www.sovamm.cz\/wordpress\/en\/sovpis-localities\/\">Table with a\u00a0Summary of SOVPIS localities<\/a><\/li>\n<li><a href=\"https:\/\/www.sovamm.cz\/wordpress\/en\/map-of-sovpis-localities\/\">Map of SOVPIS localities<\/a><\/li>\n<\/ul>\n<ul>\n<li>More about the <span class=\"tlid-translation translation\" lang=\"en\"><span class=\"\" title=\"\">Heritage integrated information system (IISPP) <\/span><\/span>see <a href=\"https:\/\/www.npu.cz\/en\/heritage-conservation\/record-keeping-and-documentation-of-the-heritage-fund\/information-systems\" target=\"_blank\" rel=\"noopener noreferrer\">here<\/a>.<\/li>\n<\/ul>\n<p>Updated: <span class=\"last-modified-timestamp\">08\/11\/2025 16:52<\/span><\/p>\n<div>\n<p><a href=\"http:\/\/creativecommons.org\/licenses\/by-nc-nd\/4.0\/\" rel=\"license\"><img data-recalc-dims=\"1\" decoding=\"async\" src=\"https:\/\/i0.wp.com\/i.creativecommons.org\/l\/by-nc-nd\/4.0\/88x31.png?w=474&#038;ssl=1\" alt=\"Creative Commons License\" \/><\/a><\/p>\n<p>The SOVPIS is published under <a href=\"https:\/\/creativecommons.org\/licenses\/by-nc-nd\/4.0\/deed.en\" rel=\"license\">Creative Commons Attribution-NonCommercial-NoDerivatives 4.0 International<\/a> license.<\/p>\n<\/div>\n","protected":false},"excerpt":{"rendered":"<p>The public part of the SOVPIS (Spatial Information System of Vernacular Architecture and Settlements) of the Association for the Renewal of the Village and the Small Town (Spole\u010dnost pro obnovu &hellip; <a href=\"https:\/\/sovamm.cz\/wordpress\/en\/sovpis-2\/public-space\/\" class=\"more-link\">Pokra\u010dov\u00e1n\u00ed textu <span class=\"screen-reader-text\">Public space<\/span> <span class=\"meta-nav\">&rarr;<\/span><\/a><\/p>\n","protected":false},"author":2,"featured_media":1833,"parent":2948,"menu_order":1,"comment_status":"closed","ping_status":"closed","template":"","meta":{"jetpack_post_was_ever_published":false,"footnotes":""},"class_list":["post-3118","page","type-page","status-publish","has-post-thumbnail","hentry"],"jetpack_shortlink":"https:\/\/wp.me\/P8dB8l-Oi","jetpack_sharing_enabled":true,"_links":{"self":[{"href":"https:\/\/sovamm.cz\/wordpress\/wp-json\/wp\/v2\/pages\/3118","targetHints":{"allow":["GET"]}}],"collection":[{"href":"https:\/\/sovamm.cz\/wordpress\/wp-json\/wp\/v2\/pages"}],"about":[{"href":"https:\/\/sovamm.cz\/wordpress\/wp-json\/wp\/v2\/types\/page"}],"author":[{"embeddable":true,"href":"https:\/\/sovamm.cz\/wordpress\/wp-json\/wp\/v2\/users\/2"}],"replies":[{"embeddable":true,"href":"https:\/\/sovamm.cz\/wordpress\/wp-json\/wp\/v2\/comments?post=3118"}],"version-history":[{"count":7,"href":"https:\/\/sovamm.cz\/wordpress\/wp-json\/wp\/v2\/pages\/3118\/revisions"}],"predecessor-version":[{"id":7179,"href":"https:\/\/sovamm.cz\/wordpress\/wp-json\/wp\/v2\/pages\/3118\/revisions\/7179"}],"up":[{"embeddable":true,"href":"https:\/\/sovamm.cz\/wordpress\/wp-json\/wp\/v2\/pages\/2948"}],"wp:featuredmedia":[{"embeddable":true,"href":"https:\/\/sovamm.cz\/wordpress\/wp-json\/wp\/v2\/media\/1833"}],"wp:attachment":[{"href":"https:\/\/sovamm.cz\/wordpress\/wp-json\/wp\/v2\/media?parent=3118"}],"curies":[{"name":"wp","href":"https:\/\/api.w.org\/{rel}","templated":true}]}}