{"id":3116,"date":"2020-01-26T15:55:23","date_gmt":"2020-01-26T14:55:23","guid":{"rendered":"https:\/\/www.sovamm.cz\/wordpress\/?page_id=3116"},"modified":"2025-11-11T08:13:50","modified_gmt":"2025-11-11T07:13:50","slug":"iispp-2","status":"publish","type":"page","link":"https:\/\/sovamm.cz\/wordpress\/en\/sovpis-2\/iispp-2\/","title":{"rendered":"IISPP"},"content":{"rendered":"<p>Since the beginning of the project, we have counted upon the connection to <span class=\"tlid-translation translation\" lang=\"en\"><span class=\"\" title=\"\"><a href=\"https:\/\/iispp.npu.cz\/\" target=\"_blank\" rel=\"noopener noreferrer\">Heritage integrated information system<\/a> (IISPP)<\/span><\/span> to store and make the SOVPIS documentation and database available, namely through sharing of PaGIS spatial identification elements, which have been developed in mutual cooperation with the National Heritage Institute, as well as sharing of the central description database of <a href=\"https:\/\/iispp.npu.cz\/mis\/public\/homepage.htm\" target=\"_blank\" rel=\"noopener noreferrer\">MIS<\/a> documents with the development of the local data warehouse for the SOVAMM archives.<\/p>\n<ul>\n<li><a href=\"http:\/\/sovamm.cz\/PDFs\/SOVAMM\/SOVPIS\/SMLOUVA_NPU_ec172131012017.pdf\">The Agreement on Cooperation to Create IISPP and SOVPIS<\/a> was entered into on 14 July 2017. The local MIS \u2013 SOVAMM data warehouse was put into operation on 6 October 2017.<\/li>\n<\/ul>\n<p>&nbsp;<\/p>\n<p>Updated: <span class=\"last-modified-timestamp\">11\/11\/2025 08:13<\/span><\/p>\n","protected":false},"excerpt":{"rendered":"<p>Since the beginning of the project, we have counted upon the connection to Heritage integrated information system (IISPP) to store and make the SOVPIS documentation and database available, namely through &hellip; <a href=\"https:\/\/sovamm.cz\/wordpress\/en\/sovpis-2\/iispp-2\/\" class=\"more-link\">Pokra\u010dov\u00e1n\u00ed textu <span class=\"screen-reader-text\">IISPP<\/span> <span class=\"meta-nav\">&rarr;<\/span><\/a><\/p>\n","protected":false},"author":2,"featured_media":0,"parent":2948,"menu_order":3,"comment_status":"closed","ping_status":"closed","template":"","meta":{"jetpack_post_was_ever_published":false,"footnotes":""},"class_list":["post-3116","page","type-page","status-publish","hentry"],"jetpack_shortlink":"https:\/\/wp.me\/P8dB8l-Og","jetpack_sharing_enabled":true,"_links":{"self":[{"href":"https:\/\/sovamm.cz\/wordpress\/wp-json\/wp\/v2\/pages\/3116","targetHints":{"allow":["GET"]}}],"collection":[{"href":"https:\/\/sovamm.cz\/wordpress\/wp-json\/wp\/v2\/pages"}],"about":[{"href":"https:\/\/sovamm.cz\/wordpress\/wp-json\/wp\/v2\/types\/page"}],"author":[{"embeddable":true,"href":"https:\/\/sovamm.cz\/wordpress\/wp-json\/wp\/v2\/users\/2"}],"replies":[{"embeddable":true,"href":"https:\/\/sovamm.cz\/wordpress\/wp-json\/wp\/v2\/comments?post=3116"}],"version-history":[{"count":5,"href":"https:\/\/sovamm.cz\/wordpress\/wp-json\/wp\/v2\/pages\/3116\/revisions"}],"predecessor-version":[{"id":7209,"href":"https:\/\/sovamm.cz\/wordpress\/wp-json\/wp\/v2\/pages\/3116\/revisions\/7209"}],"up":[{"embeddable":true,"href":"https:\/\/sovamm.cz\/wordpress\/wp-json\/wp\/v2\/pages\/2948"}],"wp:attachment":[{"href":"https:\/\/sovamm.cz\/wordpress\/wp-json\/wp\/v2\/media?parent=3116"}],"curies":[{"name":"wp","href":"https:\/\/api.w.org\/{rel}","templated":true}]}}