{"id":3034,"date":"2020-01-15T15:00:53","date_gmt":"2020-01-15T14:00:53","guid":{"rendered":"https:\/\/www.sovamm.cz\/wordpress\/?page_id=3034"},"modified":"2025-02-05T17:30:26","modified_gmt":"2025-02-05T16:30:26","slug":"objednavky","status":"publish","type":"page","link":"https:\/\/sovamm.cz\/wordpress\/publikace-2\/publikovano-se-sovpis\/nejstarsi-venkovske-domy-ve-vychodnich-cechach\/objednavky\/","title":{"rendered":"Objedn\u00e1vky"},"content":{"rendered":"<p>S<span class=\"highlight\"> ohledem na ten\u010d\u00edc\u00ed se z\u00e1soby jsme byli nuceni pozastavit objedn\u00e1v\u00e1n\u00ed online. V&nbsp;p\u0159\u00edpad\u011b z\u00e1jmu o&nbsp;koupi se pros\u00edm obra\u0165te na <a href=\"https:\/\/www.sovamm.cz\/wordpress\/kontakt\/\">sekret\u00e1\u0159e SOVAMM<\/a><\/span>. D\u011bkujeme za pochopen\u00ed.<\/p>\n<p>Knihu <em><strong>Nejstar\u0161\u00ed venkovsk\u00e9 domy ve v\u00fdchodn\u00edch \u010cech\u00e1ch<\/strong><\/em> m\u016f\u017eete v<a href=\"https:\/\/eshop.upce.cz\/publikace\/9005367\/\" target=\"_blank\" rel=\"noopener noreferrer\"> prodejn\u011b spoluvydavatele, Univerzity Pradubice<\/a>.<\/p>\n<p>Za o&nbsp;n\u011bco vy\u0161\u0161\u00ed cenu ji m\u016f\u017eete z\u00edskat tak\u00e9 v&nbsp;e-shopech jako <a href=\"https:\/\/www.kosmas.cz\/knihy\/256379\/nejstarsi-venkovske-domy-ve-vychodnich-cechach\/\" target=\"_blank\" rel=\"noopener noreferrer\">kosmas.cz<\/a> a&nbsp;dal\u0161\u00edch. <strong>V p\u0159\u00edpad\u011b objedn\u00e1vky prost\u0159ednictv\u00edm e-shop\u016f n\u00e1s m\u016f\u017eete podpo\u0159it n\u00e1kupem v&nbsp;e-shopech zapojen\u00fdch do projektu GIVT.cz<\/strong>, kter\u00fd podporuje neziskov\u00e9 organizace a&nbsp;sportovn\u00ed kluby. Sta\u010d\u00ed, kdy\u017e n\u00e1kup provedete p\u0159es port\u00e1l <a href=\"https:\/\/givt.cz\/RAOSset.php?organizationId=4027\" target=\"_blank\" rel=\"noopener noreferrer\">GIVT<\/a> a&nbsp;vyberete v&nbsp;nab\u00eddce na\u0161i organizaci (<a href=\"https:\/\/givt.cz\/sovamm-spolecnost-pro-obnovu-vesnice-a-maleho-mesta-z-s\" target=\"_blank\" rel=\"noopener noreferrer\">SOVAMM \u2013 Spole\u010dnost pro obnovu vesnice a&nbsp;mal\u00e9ho m\u011bsta, z.s.<\/a>). \u010c\u00e1st pen\u011bz z&nbsp;va\u0161\u00ed \u00fatraty bude darov\u00e1na SOVAMM. P\u0159i&nbsp;n\u00e1kupu p\u0159itom nezaplat\u00edte ani korunu nav\u00edc. Podrobnosti najdete p\u0159\u00edmo na <a href=\"https:\/\/givt.cz\/caste-otazky\" target=\"_blank\" rel=\"noopener noreferrer\">GIVT.cz<\/a>.<\/p>\n<p>&nbsp;<\/p>\n<p>Aktualizov\u00e1no: <span class=\"last-modified-timestamp\">05\/02\/2025 17:30<\/span><\/p>\n<p>&nbsp;<\/p>\n<p>&nbsp;<\/p>\n","protected":false},"excerpt":{"rendered":"<p>S ohledem na ten\u010d\u00edc\u00ed se z\u00e1soby jsme byli nuceni pozastavit objedn\u00e1v\u00e1n\u00ed online. V&nbsp;p\u0159\u00edpad\u011b z\u00e1jmu o&nbsp;koupi se pros\u00edm obra\u0165te na sekret\u00e1\u0159e SOVAMM. D\u011bkujeme za pochopen\u00ed. Knihu Nejstar\u0161\u00ed venkovsk\u00e9 domy ve v\u00fdchodn\u00edch &hellip; <a href=\"https:\/\/sovamm.cz\/wordpress\/publikace-2\/publikovano-se-sovpis\/nejstarsi-venkovske-domy-ve-vychodnich-cechach\/objednavky\/\" class=\"more-link\">Pokra\u010dov\u00e1n\u00ed textu <span class=\"screen-reader-text\">Objedn\u00e1vky<\/span> <span class=\"meta-nav\">&rarr;<\/span><\/a><\/p>\n","protected":false},"author":2,"featured_media":0,"parent":2352,"menu_order":0,"comment_status":"closed","ping_status":"closed","template":"","meta":{"jetpack_post_was_ever_published":false,"footnotes":""},"class_list":["post-3034","page","type-page","status-publish","hentry"],"jetpack_shortlink":"https:\/\/wp.me\/P8dB8l-MW","jetpack_sharing_enabled":true,"_links":{"self":[{"href":"https:\/\/sovamm.cz\/wordpress\/wp-json\/wp\/v2\/pages\/3034","targetHints":{"allow":["GET"]}}],"collection":[{"href":"https:\/\/sovamm.cz\/wordpress\/wp-json\/wp\/v2\/pages"}],"about":[{"href":"https:\/\/sovamm.cz\/wordpress\/wp-json\/wp\/v2\/types\/page"}],"author":[{"embeddable":true,"href":"https:\/\/sovamm.cz\/wordpress\/wp-json\/wp\/v2\/users\/2"}],"replies":[{"embeddable":true,"href":"https:\/\/sovamm.cz\/wordpress\/wp-json\/wp\/v2\/comments?post=3034"}],"version-history":[{"count":11,"href":"https:\/\/sovamm.cz\/wordpress\/wp-json\/wp\/v2\/pages\/3034\/revisions"}],"predecessor-version":[{"id":6570,"href":"https:\/\/sovamm.cz\/wordpress\/wp-json\/wp\/v2\/pages\/3034\/revisions\/6570"}],"up":[{"embeddable":true,"href":"https:\/\/sovamm.cz\/wordpress\/wp-json\/wp\/v2\/pages\/2352"}],"wp:attachment":[{"href":"https:\/\/sovamm.cz\/wordpress\/wp-json\/wp\/v2\/media?parent=3034"}],"curies":[{"name":"wp","href":"https:\/\/api.w.org\/{rel}","templated":true}]}}