{"id":2981,"date":"2020-01-10T11:46:29","date_gmt":"2020-01-10T10:46:29","guid":{"rendered":"https:\/\/www.sovamm.cz\/wordpress\/?page_id=2981"},"modified":"2025-03-13T14:38:54","modified_gmt":"2025-03-13T13:38:54","slug":"about-sovpis-localities-table","status":"publish","type":"page","link":"https:\/\/sovamm.cz\/wordpress\/en\/sovpis-2\/about-sovpis-localities-table\/","title":{"rendered":"About SOVPIS localities tables"},"content":{"rendered":"<p>The tables \u201c<a href=\"https:\/\/www.sovamm.cz\/wordpress\/en\/sovpis-2\/sovpis-localities-a-z\/sovpis-localities-a\/\"><strong>SOVPIS Localities<\/strong><\/a>\u201d include a&nbsp;summary of localities for which the SOVAMM archival documents are published step by step through the <a href=\"https:\/\/archiv.sovamm.cz\/photo\" target=\"_blank\" rel=\"noopener\">Photo Station<\/a> app.<\/p>\n<p>The tables include for each locality, which has already been published in PhotoStation, an image of a&nbsp;chosen photo, the locality code (code_cz), the locality name with specifying data from the field Locality_G of the CZ_Retro database (<em>a historical region \/ a&nbsp;real type of locality, for example: a&nbsp;city, a&nbsp;village, an agglomerated village, a&nbsp;solitary settlement, a&nbsp;farmstead, a&nbsp;mill, an abandoned village, an abandoned mill<\/em> etc.)., a&nbsp;link to the map of the Heritage Catalogue, SOVPIS folders accessible through Photo Station, and SOVAMM documents stored in MIS.<\/p>\n<p>The table facilitates the full-text search \/ filtration by entering the text string in the field \u201c<em>Search<\/em>\u201d. The default setting is for ten records per page. The user can change the number of displayed records by his\/her selection in the roller \u201c<em>Displayed records\u201d. <\/em>If a&nbsp;higher number of records shall be displayed, then browsing is made possible by switching <em>&lt; Previous \u00a6 Next\u00a0&gt;<\/em> on the right-hand side under the table.<\/p>\n<p>&nbsp;<\/p>\n<p><img data-recalc-dims=\"1\" loading=\"lazy\" decoding=\"async\" data-attachment-id=\"3078\" data-permalink=\"https:\/\/sovamm.cz\/wordpress\/en\/sovpis-2\/about-sovpis-localities-table\/kanovice_eng\/\" data-orig-file=\"https:\/\/i0.wp.com\/sovamm.cz\/wordpress\/wp-content\/uploads\/2020\/01\/Kanovice_eng.jpg?fit=533%2C311&amp;ssl=1\" data-orig-size=\"533,311\" data-comments-opened=\"1\" data-image-meta=\"{&quot;aperture&quot;:&quot;0&quot;,&quot;credit&quot;:&quot;&quot;,&quot;camera&quot;:&quot;&quot;,&quot;caption&quot;:&quot;&quot;,&quot;created_timestamp&quot;:&quot;0&quot;,&quot;copyright&quot;:&quot;&quot;,&quot;focal_length&quot;:&quot;0&quot;,&quot;iso&quot;:&quot;0&quot;,&quot;shutter_speed&quot;:&quot;0&quot;,&quot;title&quot;:&quot;&quot;,&quot;orientation&quot;:&quot;1&quot;}\" data-image-title=\"Kanovice_eng\" data-image-description=\"\" data-image-caption=\"\" data-large-file=\"https:\/\/i0.wp.com\/sovamm.cz\/wordpress\/wp-content\/uploads\/2020\/01\/Kanovice_eng.jpg?fit=474%2C277&amp;ssl=1\" class=\"alignnone size-full wp-image-3078\" src=\"https:\/\/i0.wp.com\/www.sovamm.cz\/wordpress\/wp-content\/uploads\/2020\/01\/Kanovice_eng.jpg?resize=474%2C277&#038;ssl=1\" alt=\"\" width=\"474\" height=\"277\" srcset=\"https:\/\/i0.wp.com\/sovamm.cz\/wordpress\/wp-content\/uploads\/2020\/01\/Kanovice_eng.jpg?w=533&amp;ssl=1 533w, https:\/\/i0.wp.com\/sovamm.cz\/wordpress\/wp-content\/uploads\/2020\/01\/Kanovice_eng.jpg?resize=300%2C175&amp;ssl=1 300w, https:\/\/i0.wp.com\/sovamm.cz\/wordpress\/wp-content\/uploads\/2020\/01\/Kanovice_eng.jpg?resize=133%2C78&amp;ssl=1 133w\" sizes=\"auto, (max-width: 474px) 100vw, 474px\" \/><\/p>\n<p>&nbsp;<\/p>\n<ul>\n<li><a href=\"https:\/\/geoportal.npu.cz\/webappbuilder\/apps\/93\/?se=Prostorov%C4%9B%20identifika%C4%8Dn%C3%AD%20prvky%20IISPP&amp;la=2&amp;fk0=KOD_CZ&amp;fv0=6360&amp;zo=1\" target=\"_blank\" rel=\"noopener noreferrer\"><strong>The link to the map of Heritage Catalogue<\/strong><\/a> is directed to the definition point of locality in the basic map application of the <a href=\"https:\/\/geoportal.npu.cz\/web\/Geoportal\/Index_en\" target=\"_blank\" rel=\"noopener noreferrer\">Monument Care Geoportal<\/a> (<em>https:\/\/geoportal.npu.cz\/webappbuilder\/apps\/93\/?se=<br \/>\nProstorov%C4%9B%20identifika%C4%8Dn%C3%AD%20prvky<br \/>\n%20IISPP&amp;la=2&amp;fk0=KOD_CZ&amp;fv0=6360&amp;zo=1<\/em>), where 6360 is a&nbsp;code for the locality of Ka\u0148ovice (Ka\u0148ovice \/Luha\u010dovice\/ village)).<\/li>\n<li><a href=\"https:\/\/archiv.sovamm.cz\/photo\/?t=Albums\/album_534f56504953\/album_534f565049532f435a45\/album_534f565049532f435a452f4b616e6f766963655f3036333630#Albums\/album_534f56504953\/album_534f565049532f435a45\/album_534f565049532f435a452f4b616e6f766963655f3036333630\" target=\"_blank\" rel=\"noopener noreferrer\"><strong>The link to the SOVPIS folder<\/strong><\/a> in PhotoStation has been created using tools for sharing, which are available in this application.<\/li>\n<li><a href=\"https:\/\/geoportal.npu.cz\/webappbuilder\/apps\/93\/?se=Prostorov%C4%9B%20identifika%C4%8Dn%C3%AD%20prvky%20IISPP&amp;la=2&amp;fk0=KOD_CZ&amp;fv0=6360&amp;zo=1\" target=\"_blank\" rel=\"noopener noreferrer\"><strong>The link to MIS<\/strong><\/a> has been formulated based on the principle of results of full-text search by areas, which you can enter in the window for full-text search in the format: 6360 AND fond: SOVAMM Archives (<em>https:\/\/iispp.npu.cz\/mis_public\/searchDocument.htm?search=lokalita%3A+6360+AND+fond%3A+Archiv+SOVAMM<\/em>), where 6360 is the value of locality code (meaning Ka\u0148ovice in our example (Ka\u0148ovice \/Luha\u010dovice\/ village)).<\/li>\n<\/ul>\n<p>&nbsp;<\/p>\n<p>Updated: <span class=\"last-modified-timestamp\">13\/03\/2025 14:38<\/span><\/p>\n","protected":false},"excerpt":{"rendered":"<p>The tables \u201cSOVPIS Localities\u201d include a&nbsp;summary of localities for which the SOVAMM archival documents are published step by step through the Photo Station app. The tables include for each locality, &hellip; <a href=\"https:\/\/sovamm.cz\/wordpress\/en\/sovpis-2\/about-sovpis-localities-table\/\" class=\"more-link\">Pokra\u010dov\u00e1n\u00ed textu <span class=\"screen-reader-text\">About SOVPIS localities tables<\/span> <span class=\"meta-nav\">&rarr;<\/span><\/a><\/p>\n","protected":false},"author":24,"featured_media":0,"parent":2948,"menu_order":7,"comment_status":"closed","ping_status":"closed","template":"","meta":{"jetpack_post_was_ever_published":false,"footnotes":""},"class_list":["post-2981","page","type-page","status-publish","hentry"],"jetpack_shortlink":"https:\/\/wp.me\/P8dB8l-M5","jetpack_sharing_enabled":true,"_links":{"self":[{"href":"https:\/\/sovamm.cz\/wordpress\/wp-json\/wp\/v2\/pages\/2981","targetHints":{"allow":["GET"]}}],"collection":[{"href":"https:\/\/sovamm.cz\/wordpress\/wp-json\/wp\/v2\/pages"}],"about":[{"href":"https:\/\/sovamm.cz\/wordpress\/wp-json\/wp\/v2\/types\/page"}],"author":[{"embeddable":true,"href":"https:\/\/sovamm.cz\/wordpress\/wp-json\/wp\/v2\/users\/24"}],"replies":[{"embeddable":true,"href":"https:\/\/sovamm.cz\/wordpress\/wp-json\/wp\/v2\/comments?post=2981"}],"version-history":[{"count":20,"href":"https:\/\/sovamm.cz\/wordpress\/wp-json\/wp\/v2\/pages\/2981\/revisions"}],"predecessor-version":[{"id":6476,"href":"https:\/\/sovamm.cz\/wordpress\/wp-json\/wp\/v2\/pages\/2981\/revisions\/6476"}],"up":[{"embeddable":true,"href":"https:\/\/sovamm.cz\/wordpress\/wp-json\/wp\/v2\/pages\/2948"}],"wp:attachment":[{"href":"https:\/\/sovamm.cz\/wordpress\/wp-json\/wp\/v2\/media?parent=2981"}],"curies":[{"name":"wp","href":"https:\/\/api.w.org\/{rel}","templated":true}]}}