{"id":2976,"date":"2020-01-21T19:45:07","date_gmt":"2020-01-21T18:45:07","guid":{"rendered":"https:\/\/www.sovamm.cz\/wordpress\/?page_id=2976"},"modified":"2025-03-13T14:56:32","modified_gmt":"2025-03-13T13:56:32","slug":"map-of-sovpis-localities","status":"publish","type":"page","link":"https:\/\/sovamm.cz\/wordpress\/en\/sovpis-2\/map-of-sovpis-localities\/","title":{"rendered":"Map of SOVPIS Localities"},"content":{"rendered":"<p><iframe loading=\"lazy\" title=\"Lokality SOVPIS\" src=\"\/\/sovamm.maps.arcgis.com\/apps\/Embed\/index.html?webmap=0e02a0df8d7c4edfb43adc09de61a4c2&amp;extent=12.5327,48.3548,19.2783,51.5859&amp;zoom=true&amp;previewImage=false&amp;scale=false&amp;search=false&amp;searchextent=true&amp;basemap_toggle=false&amp;alt_basemap=topo&amp;disable_scroll=true&amp;theme=dark\" width=\"810\" height=\"480\" frameborder=\"1\" marginwidth=\"1\" marginheight=\"1\" scrolling=\"no\"><span data-mce-type=\"bookmark\" style=\"display: inline-block; width: 0px; overflow: hidden; line-height: 0;\" class=\"mce_SELRES_start\">\ufeff<\/span><\/iframe><\/p>\n<p>You can open the map in a&nbsp;new window with control elements using the link <a href=\"http:\/\/sovamm.maps.arcgis.com\/apps\/webappviewer\/index.html?id=fb68ef7ead0044b099962feabf7bceac\">\u00a0Display the map application<\/a>. By clicking on the locality point you will produce a&nbsp;pop-up window with links to the map of Monument Catalogue, SOVPIS folders accessible through Photo Station, and SOVAMM documents stored in MIS; a&nbsp;click on the indicative photo will display the corresponding picture in MIS.<\/p>\n<p>The map using the definition points for localities in <a href=\"https:\/\/sovamm.wordpress.com\/projekty\/aktualni-projekty-sovamm\/cz_retro\/\">CZ_Retro<\/a> spatial database was made by \u0160imon Eismann.<\/p>\n<p>Map content was updated on 26.2.2020.<\/p>\n<p>&nbsp;<\/p>\n<ul>\n<li><a href=\"https:\/\/www.sovamm.cz\/wordpress\/en\/sovpis-2\/sovpis-localities-a-z\/sovpis-localities-a\/\">Table with a&nbsp;Summary of SOVPIS localities<\/a><\/li>\n<\/ul>\n<p><a href=\"https:\/\/creativecommons.org\/licenses\/by-nc-nd\/4.0\/\" target=\"_blank\" rel=\"license noopener noreferrer\"><img data-recalc-dims=\"1\" decoding=\"async\" style=\"border-width: 0;\" src=\"https:\/\/i0.wp.com\/i.creativecommons.org\/l\/by-nc-nd\/4.0\/88x31.png?w=474&#038;ssl=1\" alt=\"Creative Commons License\" \/><\/a><\/p>\n<p>The SOVPIS is published under <a href=\"https:\/\/creativecommons.org\/licenses\/by-nc-nd\/4.0\/deed.en\" rel=\"license\">Creative Commons Attribution-NonCommercial-NoDerivatives 4.0 International<\/a> license.<\/p>\n","protected":false},"excerpt":{"rendered":"<p>\ufeff You can open the map in a&nbsp;new window with control elements using the link \u00a0Display the map application. By clicking on the locality point you will produce a&nbsp;pop-up window &hellip; <a href=\"https:\/\/sovamm.cz\/wordpress\/en\/sovpis-2\/map-of-sovpis-localities\/\" class=\"more-link\">Pokra\u010dov\u00e1n\u00ed textu <span class=\"screen-reader-text\">Map of SOVPIS Localities<\/span> <span class=\"meta-nav\">&rarr;<\/span><\/a><\/p>\n","protected":false},"author":2,"featured_media":0,"parent":2948,"menu_order":8,"comment_status":"closed","ping_status":"closed","template":"","meta":{"jetpack_post_was_ever_published":false,"footnotes":""},"class_list":["post-2976","page","type-page","status-publish","hentry"],"jetpack_shortlink":"https:\/\/wp.me\/P8dB8l-M0","jetpack_sharing_enabled":true,"_links":{"self":[{"href":"https:\/\/sovamm.cz\/wordpress\/wp-json\/wp\/v2\/pages\/2976","targetHints":{"allow":["GET"]}}],"collection":[{"href":"https:\/\/sovamm.cz\/wordpress\/wp-json\/wp\/v2\/pages"}],"about":[{"href":"https:\/\/sovamm.cz\/wordpress\/wp-json\/wp\/v2\/types\/page"}],"author":[{"embeddable":true,"href":"https:\/\/sovamm.cz\/wordpress\/wp-json\/wp\/v2\/users\/2"}],"replies":[{"embeddable":true,"href":"https:\/\/sovamm.cz\/wordpress\/wp-json\/wp\/v2\/comments?post=2976"}],"version-history":[{"count":7,"href":"https:\/\/sovamm.cz\/wordpress\/wp-json\/wp\/v2\/pages\/2976\/revisions"}],"predecessor-version":[{"id":6807,"href":"https:\/\/sovamm.cz\/wordpress\/wp-json\/wp\/v2\/pages\/2976\/revisions\/6807"}],"up":[{"embeddable":true,"href":"https:\/\/sovamm.cz\/wordpress\/wp-json\/wp\/v2\/pages\/2948"}],"wp:attachment":[{"href":"https:\/\/sovamm.cz\/wordpress\/wp-json\/wp\/v2\/media?parent=2976"}],"curies":[{"name":"wp","href":"https:\/\/api.w.org\/{rel}","templated":true}]}}